{"id":23,"date":"2021-05-07T15:54:07","date_gmt":"2021-05-07T13:54:07","guid":{"rendered":"https:\/\/sites.ffkarate.fr\/cotedor\/?page_id=23"},"modified":"2026-02-11T21:26:46","modified_gmt":"2026-02-11T20:26:46","slug":"grades","status":"publish","type":"page","link":"https:\/\/sites.ffkarate.fr\/cotedor\/grades\/","title":{"rendered":"Grades"},"content":{"rendered":"<div class=\"wpb-content-wrapper\"><p>[vc_row][vc_column][vc_single_image image=\u00a0\u00bb4108&Prime;][\/vc_column][\/vc_row][vc_row gap=\u00a0\u00bb15&Prime;][vc_column][vc_column_text]<\/p>\n<h2>Inscriptions aux examens de grades<\/h2>\n<h4>Envoi des dossiers<\/h4>\n<p>Le dossier de candidature devra \u00eatre complet et retourn\u00e9 <strong>en courrier simple non recommand\u00e9 au moins 30 jours avant la date de l\u2019examen<\/strong> (cachet poste faisant foi) au Comit\u00e9 D\u00e9partemental Karat\u00e9 et Disciplines Associ\u00e9es de C\u00f4te-d&rsquo;Or .<\/p>\n<p>Adresse :<br \/>\n<strong>Comit\u00e9 D\u00e9partemental Karat\u00e9 et Disciplines Associ\u00e9es de C\u00f4te-d&rsquo;Or<\/strong><br \/>\nDOJO R\u00e9gional Alain LE HETET<br \/>\nRue Sacha Distel &#8211; 21800 Chevigny-Saint-Sauveur<\/p>\n<p>&nbsp;<\/p>\n<h4>Contenu du dossier<\/h4>\n<ul>\n<li><a href=\"https:\/\/sites.ffkarate.fr\/cotedor\/wp-content\/uploads\/sites\/34\/2021\/09\/CDK21-FICHE-INSCRIPTION-PASSAGE-DE-GRADE-1-2-3-4-DAN.pdf\"><strong>La fiche d\u2019inscription<\/strong><\/a> compl\u00e9t\u00e9e et sign\u00e9e avec la photo du candidat.<\/li>\n<li>Une enveloppe courrier affranchie au tarif lettre 20 gr \u00e0 votre adresse et \u00e0 votre nom pour l\u2019envoi de la convocation.<\/li>\n<li>Une attestation historique des licences que vous obtenez sur votre page du site f\u00e9d\u00e9ral<\/li>\n<li>Les photocopies des pages suivantes de votre passeport sportif :\n<ul>\n<li>Page d\u2019identit\u00e9<\/li>\n<li>Page du certificat m\u00e9dical d\u2019aptitude au Karat\u00e9 (Sinon \u00e0 fournir sur papier libre)<\/li>\n<li>Page d\u2019authentification des grades d\u00e9j\u00e0 obtenus<\/li>\n<li>Le cas \u00e9ch\u00e9ant, page des UV d\u00e9j\u00e0 obtenues avec les notes pour l\u2019examen concern\u00e9<\/li>\n<li>Le cas \u00e9ch\u00e9ant la page des points de bonifications acquis lors des stages d\u2019experts f\u00e9d\u00e9raux<\/li>\n<\/ul>\n<\/li>\n<li><a href=\"#\"><strong>L\u2019autorisation parentale pour les candidats mineurs<\/strong><\/a><\/li>\n<li>Le courrier de la CSDGE en cas de d\u00e9rogation sp\u00e9ciale<\/li>\n<li>Un ch\u00e8que de 50 \u20ac \u00e0 l\u2019ordre du Comit\u00e9 D\u00e9partemental Karat\u00e9 et Disciplines Associ\u00e9es de C\u00f4te d&rsquo;Or (Non remboursable en cas de non pr\u00e9sentation \u00e0 l\u2019examen).<\/li>\n<\/ul>\n<p>[\/vc_column_text][ffk_button link=\u00a0\u00bburl:https%3A%2F%2Fsites.ffkarate.fr%2Fcotedor%2Fwp-content%2Fuploads%2Fsites%2F34%2F2021%2F09%2FCDK21-FICHE-INSCRIPTION-PASSAGE-DE-GRADE-1-2-3-4-DAN.pdf|title:Formulaire%20d&rsquo;inscription|target:_blank\u00a0\u00bb][vc_column_text]<\/p>\n<h4>Le jour de l\u2019examen<\/h4>\n<p>Vous devez vous pr\u00e9senter au moins 15 minutes avant l\u2019heure de convocation avec :<\/p>\n<ul>\n<li>Votre karategi<\/li>\n<li>Votre passeport sportif<\/li>\n<li>Une pi\u00e8ce d\u2019identit\u00e9<\/li>\n<li>La lettre de convocation qui vous aura \u00e9t\u00e9 adress\u00e9e par la CODG au moyen de votre enveloppe timbr\u00e9e<\/li>\n<li>Vos cibles si vous avez \u00e0 pr\u00e9senter l\u2019UV Kihon.<\/li>\n<li>Une enveloppe format A4 (21\u00d729,7 cm) affranchie minimum \u00e0 250 gr, \u00e0 votre adresse et \u00e0 votre nom en vue du retour de votre passeport, carte et dipl\u00f4me. Elle vous sera demand\u00e9 en cas de r\u00e9ussite \u00e0 l\u2019examen.<\/li>\n<\/ul>\n<p>[\/vc_column_text][vc_column_text]<\/p>\n<h2>Explications compl\u00e9mentaires<\/h2>\n<p>Avant d\u2019aborder les examens, nous invitons tous les candidats mais aussi professeurs et membres des jurys \u00e0 participer aux stages qui auront lieu le 24\/09\/2020 \u00e0 Chevigny-Saint-Sauveur<\/p>\n<p>Les examens de grade du 1er au 4\u00e8me DAN auront lieu le :<\/p>\n<ul>\n<li>1er passage : <strong>14\/02\/2025<\/strong><\/li>\n<li>2\u00e8me passage : <strong>06\/06<\/strong><strong> \u2013 07\/06\/2025<\/strong><\/li>\n<\/ul>\n<p>Toutes demandes de d\u00e9rogation devront \u00eatre justifi\u00e9es et pr\u00e9sent\u00e9es directement \u00e0 la F\u00e9d\u00e9ration dans les temps imparties par la r\u00e8glementation : concernant les articles 205, 206, 207, 209 et 2016.<\/p>\n<ul>\n<li>Article 205 \u2013 Conditions d\u2019\u00e2ge pour les passages de Dans et grades \u00e9quivalents<\/li>\n<li>Article 206 \u2013 Temps de pratique entre chaque passage de Dans et Grades \u00e9quivalents<\/li>\n<li>Article 207 \u2013 Fr\u00e9quence des pages de Dans et Grades \u00e9quivalents<\/li>\n<li>Article 209 \u2013 Bonifications en temps de Pratique<\/li>\n<li>Article 216 \u2013 Reconnaissance des Dans et Grades \u00e9quivalents obtenus \u00e0 l\u2019\u00e9tranger<\/li>\n<\/ul>\n<p>[\/vc_column_text][\/vc_column][\/vc_row][vc_row bg_grey=\u00a0\u00bb1&Prime;][vc_column][vc_column_text]<\/p>\n<h3>Suivez-nous sur nos R\u00e9seaux Sociaux !<\/h3>\n<p style=\"text-align: left\"><a href=\"https:\/\/www.facebook.com\/cdkarate21\" target=\"_blank\" rel=\"noopener\"><img decoding=\"async\" class=\"alignnone size-full wp-image-3655\" src=\"https:\/\/sites.ffkarate.fr\/cotedor\/wp-content\/uploads\/sites\/34\/2021\/05\/icone-facebook.png\" alt=\"\" width=\"40\" height=\"40\" \/><\/a> \u00a0<a href=\"https:\/\/www.instagram.com\/cdkarate21\/\" target=\"_blank\" rel=\"noopener\"><img decoding=\"async\" class=\"alignnone size-full wp-image-3656\" src=\"https:\/\/sites.ffkarate.fr\/cotedor\/wp-content\/uploads\/sites\/34\/2021\/05\/icone-instagram.png\" alt=\"\" width=\"40\" height=\"40\" \/><\/a> \u00a0<a href=\"https:\/\/twitter.com\/cdkarate21\" target=\"_blank\" rel=\"noopener\"><img decoding=\"async\" class=\"alignnone size-full wp-image-3656\" src=\"https:\/\/sites.ffkarate.fr\/cotedor\/wp-content\/uploads\/sites\/34\/2021\/05\/icone-twitter.png\" alt=\"\" width=\"40\" height=\"40\" \/><\/a> \u00a0<a href=\"https:\/\/www.linkedin.com\/company\/71505895\/admin\/\" target=\"_blank\" rel=\"noopener\"><img decoding=\"async\" class=\"alignnone size-full wp-image-3657\" src=\"https:\/\/sites.ffkarate.fr\/cotedor\/wp-content\/uploads\/sites\/34\/2021\/05\/icone-linkedin.png\" alt=\"\" width=\"40\" height=\"40\" \/><\/a>\u00a0 <a href=\"https:\/\/www.youtube.com\/channel\/UCxM6xMngU_qSPKXYC8mYErQ\" target=\"_blank\" rel=\"noopener\"><img decoding=\"async\" class=\"alignnone size-full wp-image-3658\" src=\"https:\/\/sites.ffkarate.fr\/cotedor\/wp-content\/uploads\/sites\/34\/2021\/05\/icone-youtube.png\" alt=\"\" width=\"40\" height=\"40\" \/><\/a><\/p>\n<p>[\/vc_column_text][\/vc_column][\/vc_row]<\/p>\n<\/div>","protected":false},"excerpt":{"rendered":"<p>Le dossier de candidature devra \u00eatre complet et retourn\u00e9 en courrier simple non recommand\u00e9 au moins 30 jours avant la date de l\u2019examen (cachet poste faisant foi) au Comit\u00e9 D\u00e9partemental de Karat\u00e9 De La Gironde.<\/p>\n","protected":false},"author":47,"featured_media":4108,"parent":0,"menu_order":0,"comment_status":"closed","ping_status":"closed","template":"","meta":{"footnotes":""},"class_list":["post-23","page","type-page","status-publish","hentry"],"_links":{"self":[{"href":"https:\/\/sites.ffkarate.fr\/cotedor\/wp-json\/wp\/v2\/pages\/23","targetHints":{"allow":["GET"]}}],"collection":[{"href":"https:\/\/sites.ffkarate.fr\/cotedor\/wp-json\/wp\/v2\/pages"}],"about":[{"href":"https:\/\/sites.ffkarate.fr\/cotedor\/wp-json\/wp\/v2\/types\/page"}],"author":[{"embeddable":true,"href":"https:\/\/sites.ffkarate.fr\/cotedor\/wp-json\/wp\/v2\/users\/47"}],"replies":[{"embeddable":true,"href":"https:\/\/sites.ffkarate.fr\/cotedor\/wp-json\/wp\/v2\/comments?post=23"}],"version-history":[{"count":11,"href":"https:\/\/sites.ffkarate.fr\/cotedor\/wp-json\/wp\/v2\/pages\/23\/revisions"}],"predecessor-version":[{"id":7036,"href":"https:\/\/sites.ffkarate.fr\/cotedor\/wp-json\/wp\/v2\/pages\/23\/revisions\/7036"}],"wp:featuredmedia":[{"embeddable":true,"href":"https:\/\/sites.ffkarate.fr\/cotedor\/wp-json\/wp\/v2\/media\/4108"}],"wp:attachment":[{"href":"https:\/\/sites.ffkarate.fr\/cotedor\/wp-json\/wp\/v2\/media?parent=23"}],"curies":[{"name":"wp","href":"https:\/\/api.w.org\/{rel}","templated":true}]}}