{"id":4,"date":"2021-05-23T20:00:17","date_gmt":"2021-05-23T18:00:17","guid":{"rendered":"https:\/\/sites.ffkarate.fr\/cotedor\/?page_id=4"},"modified":"2025-09-30T19:18:20","modified_gmt":"2025-09-30T17:18:20","slug":"comite","status":"publish","type":"page","link":"https:\/\/sites.ffkarate.fr\/cotedor\/comite\/","title":{"rendered":"Pr\u00e9sentation"},"content":{"rendered":"<div class=\"wpb-content-wrapper\"><p>[vc_row full_width=\u00a0\u00bbstretch_row_content_no_spaces\u00a0\u00bb equal_height=\u00a0\u00bbyes\u00a0\u00bb content_placement=\u00a0\u00bbmiddle\u00a0\u00bb][vc_column][vc_column_text]<\/p>\n<h2 style=\"color: #ffffff;background: #dc2d5a;text-align: center\">Irasshai !<\/h2>\n<p>[\/vc_column_text][\/vc_column][\/vc_row][vc_row][vc_column][vc_column_text]<\/p>\n<h3><strong>Bienvenue sur le site officiel du Comit\u00e9 D\u00e9partemental de C\u00f4te-d&rsquo;Or !<\/strong><\/h3>\n<p>[\/vc_column_text][vc_column_text]<\/p>\n<blockquote><p><em>Exemple de diversit\u00e9, homme, femme, enfant, petit ou grand. Vous \u00eates les bienvenus sur le site du <strong><span style=\"color: #1423a0\">Comit\u00e9 D\u00e9partemental de C\u00f4te d&rsquo;Or<\/span><\/strong>.<\/em><\/p><\/blockquote>\n<p>[\/vc_column_text][vc_empty_space height=\u00a0\u00bb12px\u00a0\u00bb][\/vc_column][\/vc_row][vc_row content_placement=\u00a0\u00bbmiddle\u00a0\u00bb][vc_column bg_grey=\u00a0\u00bb1&Prime;][vc_row_inner content_placement=\u00a0\u00bbtop\u00a0\u00bb][vc_column_inner width=\u00a0\u00bb1\/3&Prime;][vc_single_image image=\u00a0\u00bb6552&Prime;][\/vc_column_inner][vc_column_inner width=\u00a0\u00bb2\/3&Prime;][vc_empty_space height=\u00a0\u00bb30px\u00a0\u00bb][vc_column_text]<\/p>\n<blockquote><p><em>Vous trouverez sur ce site toute l\u2019actualit\u00e9 du karat\u00e9 et de ses disciplines associ\u00e9es :<\/em><br \/>\n<em>le calendrier des diff\u00e9rentes comp\u00e9titions, les passages de grade, stages et autres manifestations, mais aussi toutes les informations et documents n\u00e9cessaires aux dirigeants de club ainsi qu\u2019aux licenci\u00e9s.<br \/>\n<\/em><em>Bonne visite.<\/em><\/p><\/blockquote>\n<p>[\/vc_column_text][vc_column_text]<strong>Franck PICARD<\/strong><br \/>\n<em>Pr\u00e9sident du Comit\u00e9 D\u00e9partemental de C\u00f4te-d&rsquo;Or<\/em>[\/vc_column_text][ffk_button link=\u00a0\u00bburl:https%3A%2F%2Fsites.ffkarate.fr%2Fcotedor%2Fcomite-directeur-2025_2028%2F|title:D%C3%A9couvrez%20le%20Comit%C3%A9%20Directeur\u00a0\u00bb][\/vc_column_inner][\/vc_row_inner][\/vc_column][\/vc_row][vc_row content_placement=\u00a0\u00bbmiddle\u00a0\u00bb][vc_column][vc_empty_space height=\u00a0\u00bb20px\u00a0\u00bb][\/vc_column][\/vc_row][vc_row content_placement=\u00a0\u00bbmiddle\u00a0\u00bb][vc_column bg_grey=\u00a0\u00bb1&Prime;][vc_row_inner content_placement=\u00a0\u00bbmiddle\u00a0\u00bb][vc_column_inner width=\u00a0\u00bb1\/2&Prime;][vc_column_text]<\/p>\n<h3>Le Comit\u00e9 C\u00f4te-d&rsquo;Or FFK<\/h3>\n<p>Riche de plus de 2000 adh\u00e9rents dans notre d\u00e9partement, membre du Comit\u00e9 D\u00e9partemental Olympique et Sportif, le Karat\u00e9 et ses Disciplines Associ\u00e9es sont inscrits pleinement dans le mouvement sportif C\u00f4te-d&rsquo;Orien.<\/p>\n<p>Plus de 30 clubs affili\u00e9s \u00e0 la F\u00e9d\u00e9ration Fran\u00e7aise de Karat\u00e9 vous attendent en C\u00f4te d&rsquo;Or et auront le plaisir de vous\u00a0accueillir dans les meilleures conditions.[\/vc_column_text][ffk_button link=\u00a0\u00bburl:https%3A%2F%2Fsites.ffkarate.fr%2Fcotedor%2Ftrouver-un-club%2F|title:Voir%20les%20clubs\u00a0\u00bb][vc_empty_space height=\u00a0\u00bb12px\u00a0\u00bb][\/vc_column_inner][vc_column_inner width=\u00a0\u00bb1\/2&Prime;][vc_single_image image=\u00a0\u00bb4399&Prime;][vc_empty_space height=\u00a0\u00bb5px\u00a0\u00bb][\/vc_column_inner][\/vc_row_inner][\/vc_column][\/vc_row][vc_row content_placement=\u00a0\u00bbmiddle\u00a0\u00bb][vc_column][vc_empty_space height=\u00a0\u00bb20px\u00a0\u00bb][\/vc_column][\/vc_row][vc_row][vc_column bg_grey=\u00a0\u00bb1&Prime;][vc_row_inner equal_height=\u00a0\u00bbyes\u00a0\u00bb content_placement=\u00a0\u00bbmiddle\u00a0\u00bb][vc_column_inner width=\u00a0\u00bb3\/4&Prime;][vc_column_text]<\/p>\n<h3>Suivez-nous sur nos R\u00e9seaux Sociaux !<\/h3>\n<p>[\/vc_column_text][\/vc_column_inner][vc_column_inner width=\u00a0\u00bb1\/4&Prime;][vc_empty_space height=\u00a0\u00bb3px\u00a0\u00bb][vc_column_text]<\/p>\n<p style=\"text-align: left\"><a href=\"https:\/\/www.facebook.com\/cdkarate21\" target=\"_blank\" rel=\"noopener\"><img decoding=\"async\" class=\"alignnone size-full wp-image-3655\" src=\"https:\/\/sites.ffkarate.fr\/cotedor\/wp-content\/uploads\/sites\/34\/2021\/05\/icone-facebook.png\" alt=\"\" width=\"40\" height=\"40\" \/><\/a> \u00a0<a href=\"https:\/\/www.instagram.com\/cdkarate21\/\" target=\"_blank\" rel=\"noopener\"><img decoding=\"async\" class=\"alignnone size-full wp-image-3656\" src=\"https:\/\/sites.ffkarate.fr\/cotedor\/wp-content\/uploads\/sites\/34\/2021\/05\/icone-instagram.png\" alt=\"\" width=\"40\" height=\"40\" \/><\/a> \u00a0<a href=\"https:\/\/twitter.com\/cdkarate21\" target=\"_blank\" rel=\"noopener\"><img decoding=\"async\" class=\"alignnone size-full wp-image-3656\" src=\"https:\/\/sites.ffkarate.fr\/cotedor\/wp-content\/uploads\/sites\/34\/2021\/05\/icone-twitter.png\" alt=\"\" width=\"40\" height=\"40\" \/><\/a> \u00a0<a href=\"https:\/\/www.linkedin.com\/company\/71505895\/admin\/\" target=\"_blank\" rel=\"noopener\"><img decoding=\"async\" class=\"alignnone size-full wp-image-3657\" src=\"https:\/\/sites.ffkarate.fr\/cotedor\/wp-content\/uploads\/sites\/34\/2021\/05\/icone-linkedin.png\" alt=\"\" width=\"40\" height=\"40\" \/><\/a>\u00a0 <a href=\"https:\/\/www.youtube.com\/channel\/UCxM6xMngU_qSPKXYC8mYErQ\" target=\"_blank\" rel=\"noopener\"><img decoding=\"async\" class=\"alignnone size-full wp-image-3658\" src=\"https:\/\/sites.ffkarate.fr\/cotedor\/wp-content\/uploads\/sites\/34\/2021\/05\/icone-youtube.png\" alt=\"\" width=\"40\" height=\"40\" \/><\/a><\/p>\n<p>[\/vc_column_text][\/vc_column_inner][\/vc_row_inner][\/vc_column][\/vc_row]<\/p>\n<\/div>","protected":false},"excerpt":{"rendered":"<p>Le Comit\u00e9, riche de plus de 2000 adh\u00e9rents et de plus de 30 clubs vous attendent dans le d\u00e9partement.<\/p>\n","protected":false},"author":47,"featured_media":3337,"parent":0,"menu_order":0,"comment_status":"closed","ping_status":"closed","template":"page-fullwidth.php","meta":{"footnotes":""},"class_list":["post-4","page","type-page","status-publish","hentry"],"_links":{"self":[{"href":"https:\/\/sites.ffkarate.fr\/cotedor\/wp-json\/wp\/v2\/pages\/4","targetHints":{"allow":["GET"]}}],"collection":[{"href":"https:\/\/sites.ffkarate.fr\/cotedor\/wp-json\/wp\/v2\/pages"}],"about":[{"href":"https:\/\/sites.ffkarate.fr\/cotedor\/wp-json\/wp\/v2\/types\/page"}],"author":[{"embeddable":true,"href":"https:\/\/sites.ffkarate.fr\/cotedor\/wp-json\/wp\/v2\/users\/47"}],"replies":[{"embeddable":true,"href":"https:\/\/sites.ffkarate.fr\/cotedor\/wp-json\/wp\/v2\/comments?post=4"}],"version-history":[{"count":14,"href":"https:\/\/sites.ffkarate.fr\/cotedor\/wp-json\/wp\/v2\/pages\/4\/revisions"}],"predecessor-version":[{"id":6932,"href":"https:\/\/sites.ffkarate.fr\/cotedor\/wp-json\/wp\/v2\/pages\/4\/revisions\/6932"}],"wp:featuredmedia":[{"embeddable":true,"href":"https:\/\/sites.ffkarate.fr\/cotedor\/wp-json\/wp\/v2\/media\/3337"}],"wp:attachment":[{"href":"https:\/\/sites.ffkarate.fr\/cotedor\/wp-json\/wp\/v2\/media?parent=4"}],"curies":[{"name":"wp","href":"https:\/\/api.w.org\/{rel}","templated":true}]}}