{"id":56,"date":"2015-01-08T11:32:52","date_gmt":"2015-01-08T11:32:52","guid":{"rendered":"https:\/\/sites.ffkarate.fr\/testclone\/?page_id=56"},"modified":"2025-10-09T07:18:46","modified_gmt":"2025-10-09T05:18:46","slug":"formations-2","status":"publish","type":"page","link":"https:\/\/sites.ffkarate.fr\/dordogne\/formations-2\/","title":{"rendered":"Formations"},"content":{"rendered":"<div class=\"wpb-content-wrapper\"><p>[vc_row][vc_column][vc_column_text]Les formations AFA\/DAF\/DIF sont organis\u00e9es par le comit\u00e9 d\u00e9partemental<\/p>\n<p><strong>Conditions d\u2019inscription\u00a0:<\/strong><\/p>\n<p><strong>AFA &#8211; Attestation F\u00e9d\u00e9rale d&rsquo;Assistant<\/strong> : uniquement pour les mineurs entre 14\/18 ans\u00a0 \u2013 ceinture marron minium \u2013 2 timbres de licence + licence de l\u2019ann\u00e9e en cours.\u00a0 Co\u00fbt de la formation 30\u20ac<\/p>\n<p><strong>DAF &#8211; Dipl\u00f4me d&rsquo;Animateur F\u00e9d\u00e9ral<\/strong> : \u00e0 partir de 18 ans &#8211; 1er Dan minimum &#8211; Dipl\u00f4me de secourisme\u00a0 \u2013 Licence de l\u2019ann\u00e9e en cours &#8211; Co\u00fbt de la formation 100\u20ac<\/p>\n<p><strong>DIF &#8211; Dipl\u00f4me d&rsquo;Instructeur F\u00e9d\u00e9ral<\/strong> : \u00e0 partir de 18 ans &#8211; 1er Dan minimum &#8211; Dipl\u00f4me de secourisme\u00a0 \u2013 Licence de l\u2019ann\u00e9e en cours &#8211; Co\u00fbt de la formation 250\u20ac ou 150\u20ac pour les titulaires du DAF.<\/p>\n<p><b>Les dates de formations sont disponibles sur le <a href=\"https:\/\/sites.ffkarate.fr\/dordogne\/calendrier\/\">calendrier du site<\/a>.<\/b><\/p>\n<p>Contact Responsable de formation Luc CIRON : 06 95 10 33 71[\/vc_column_text][\/vc_column][\/vc_row]<\/p>\n<\/div>","protected":false},"excerpt":{"rendered":"<p>[vc_row][vc_column][vc_column_text]Les formations AFA\/DAF\/DIF sont organis\u00e9es par le comit\u00e9 d\u00e9partemental Conditions d\u2019inscription\u00a0: AFA &#8211; Attestation F\u00e9d\u00e9rale d&rsquo;Assistant : uniquement pour les mineurs entre 14\/18 ans\u00a0 \u2013 ceinture marron minium \u2013 2 timbres de licence + licence de l\u2019ann\u00e9e en cours.\u00a0 Co\u00fbt de la formation 30\u20ac DAF &#8211; Dipl\u00f4me d&rsquo;Animateur F\u00e9d\u00e9ral : \u00e0 partir de 18 ans [&hellip;]<\/p>\n","protected":false},"author":20,"featured_media":0,"parent":0,"menu_order":0,"comment_status":"closed","ping_status":"closed","template":"","meta":{"footnotes":""},"class_list":["post-56","page","type-page","status-publish","hentry"],"_links":{"self":[{"href":"https:\/\/sites.ffkarate.fr\/dordogne\/wp-json\/wp\/v2\/pages\/56","targetHints":{"allow":["GET"]}}],"collection":[{"href":"https:\/\/sites.ffkarate.fr\/dordogne\/wp-json\/wp\/v2\/pages"}],"about":[{"href":"https:\/\/sites.ffkarate.fr\/dordogne\/wp-json\/wp\/v2\/types\/page"}],"author":[{"embeddable":true,"href":"https:\/\/sites.ffkarate.fr\/dordogne\/wp-json\/wp\/v2\/users\/20"}],"replies":[{"embeddable":true,"href":"https:\/\/sites.ffkarate.fr\/dordogne\/wp-json\/wp\/v2\/comments?post=56"}],"version-history":[{"count":11,"href":"https:\/\/sites.ffkarate.fr\/dordogne\/wp-json\/wp\/v2\/pages\/56\/revisions"}],"predecessor-version":[{"id":1348,"href":"https:\/\/sites.ffkarate.fr\/dordogne\/wp-json\/wp\/v2\/pages\/56\/revisions\/1348"}],"wp:attachment":[{"href":"https:\/\/sites.ffkarate.fr\/dordogne\/wp-json\/wp\/v2\/media?parent=56"}],"curies":[{"name":"wp","href":"https:\/\/api.w.org\/{rel}","templated":true}]}}