{"id":1601,"date":"2021-07-06T10:36:01","date_gmt":"2021-07-06T08:36:01","guid":{"rendered":"https:\/\/sites.ffkarate.fr\/doubs\/?page_id=1601"},"modified":"2021-07-06T10:59:53","modified_gmt":"2021-07-06T08:59:53","slug":"resultats-grades-2021-07-03","status":"publish","type":"page","link":"https:\/\/sites.ffkarate.fr\/doubs\/resultats-grades-2021-07-03\/","title":{"rendered":"R\u00e9sultats Grades 2021-07-03"},"content":{"rendered":"<div class=\"wpb-content-wrapper\"><p>[vc_row][vc_column][vc_column_text]<\/p>\n<h2>Candidats re\u00e7us aux grades le 03\/07\/2021<\/h2>\n<h3>2\u00e8me DAN SHOT<\/h3>\n<ul>\n<li>Ga\u00ebtan CACHOT<\/li>\n<li>Jean-Louis GRENOT<\/li>\n<li>Robin JAILLOT<\/li>\n<li>Dzejlena KADERIC<\/li>\n<li>Eric LIEVRE<\/li>\n<li>Paul LOYE<\/li>\n<li>Kenza NOUI<\/li>\n<li>Julien STREHL<\/li>\n<\/ul>\n<p>&nbsp;<\/p>\n<h3>1er DAN SHOT<\/h3>\n<ul>\n<li>Dou\u00e2a BERGOUG<\/li>\n<li>Catherine BULLOZ<\/li>\n<li>Shayma ECHAMAA<\/li>\n<li>Che\u00efma HADJADJI<\/li>\n<li>Ilyes M&rsquo;HA\u00cfA<\/li>\n<li>Julien NAMPONT<\/li>\n<li>Sirine NOUI<\/li>\n<li>Kyan PEYRACHE<\/li>\n<\/ul>\n<p>&nbsp;<\/p>\n<h3>2\u00e8me DAN FULL<\/h3>\n<ul>\n<li>Sofiane BENABBAS<\/li>\n<\/ul>\n<p>&nbsp;<\/p>\n<h3>1er DAN FULL<\/h3>\n<ul>\n<li>Rachel JEANBLANC<\/li>\n<li>Ludovic MARTIN<\/li>\n<li>Thomas ROUSSET<\/li>\n<\/ul>\n<p>[\/vc_column_text][\/vc_column][\/vc_row]<\/p>\n<\/div>","protected":false},"excerpt":{"rendered":"<p>[vc_row][vc_column][vc_column_text] Candidats re\u00e7us aux grades le 03\/07\/2021 2\u00e8me DAN SHOT Ga\u00ebtan CACHOT Jean-Louis GRENOT Robin JAILLOT Dzejlena KADERIC Eric LIEVRE Paul LOYE Kenza NOUI Julien STREHL &nbsp; 1er DAN SHOT Dou\u00e2a BERGOUG Catherine BULLOZ Shayma ECHAMAA Che\u00efma HADJADJI Ilyes M&rsquo;HA\u00cfA Julien NAMPONT Sirine NOUI Kyan PEYRACHE &nbsp; 2\u00e8me DAN FULL Sofiane BENABBAS &nbsp; 1er DAN [&hellip;]<\/p>\n","protected":false},"author":83,"featured_media":0,"parent":0,"menu_order":0,"comment_status":"closed","ping_status":"closed","template":"","meta":{"footnotes":""},"class_list":["post-1601","page","type-page","status-publish","hentry"],"_links":{"self":[{"href":"https:\/\/sites.ffkarate.fr\/doubs\/wp-json\/wp\/v2\/pages\/1601","targetHints":{"allow":["GET"]}}],"collection":[{"href":"https:\/\/sites.ffkarate.fr\/doubs\/wp-json\/wp\/v2\/pages"}],"about":[{"href":"https:\/\/sites.ffkarate.fr\/doubs\/wp-json\/wp\/v2\/types\/page"}],"author":[{"embeddable":true,"href":"https:\/\/sites.ffkarate.fr\/doubs\/wp-json\/wp\/v2\/users\/83"}],"replies":[{"embeddable":true,"href":"https:\/\/sites.ffkarate.fr\/doubs\/wp-json\/wp\/v2\/comments?post=1601"}],"version-history":[{"count":4,"href":"https:\/\/sites.ffkarate.fr\/doubs\/wp-json\/wp\/v2\/pages\/1601\/revisions"}],"predecessor-version":[{"id":1606,"href":"https:\/\/sites.ffkarate.fr\/doubs\/wp-json\/wp\/v2\/pages\/1601\/revisions\/1606"}],"wp:attachment":[{"href":"https:\/\/sites.ffkarate.fr\/doubs\/wp-json\/wp\/v2\/media?parent=1601"}],"curies":[{"name":"wp","href":"https:\/\/api.w.org\/{rel}","templated":true}]}}