{"id":1609,"date":"2023-10-30T12:11:40","date_gmt":"2023-10-30T11:11:40","guid":{"rendered":"https:\/\/sites.ffkarate.fr\/doubs\/?page_id=1609"},"modified":"2024-01-14T16:03:25","modified_gmt":"2024-01-14T15:03:25","slug":"liens-cdk25","status":"publish","type":"page","link":"https:\/\/sites.ffkarate.fr\/doubs\/liens-cdk25\/","title":{"rendered":"Liens CDK25"},"content":{"rendered":"<div class=\"wpb-content-wrapper\"><p>[vc_row][vc_column][vc_single_image image=\u00a0\u00bb1856&Prime;][vc_column_text]<\/p>\n<h1 style=\"text-align: center\">Comptes du CDK 25<\/h1>\n<p>[\/vc_column_text][vc_empty_space height=\u00a0\u00bb64px\u00a0\u00bb][\/vc_column][\/vc_row][vc_row equal_height=\u00a0\u00bbyes\u00a0\u00bb content_placement=\u00a0\u00bbmiddle\u00a0\u00bb][vc_column width=\u00a0\u00bb1\/12&Prime;][vc_single_image image=\u00a0\u00bb3777&Prime; link=\u00a0\u00bbhttps:\/\/www.facebook.com\/CDKDA25&Prime; onclick=\u00a0\u00bbcustom_link\u00a0\u00bb][\/vc_column][vc_column width=\u00a0\u00bb3\/4&Prime;][vc_column_text]<\/p>\n<h4 style=\"text-align: left\">Compte Facebook<\/h4>\n<p>[\/vc_column_text][\/vc_column][\/vc_row][vc_row equal_height=\u00a0\u00bbyes\u00a0\u00bb content_placement=\u00a0\u00bbmiddle\u00a0\u00bb][vc_column width=\u00a0\u00bb1\/12&Prime;][vc_single_image image=\u00a0\u00bb3778&Prime; link=\u00a0\u00bbhttps:\/\/www.instagram.com\/cdkarate25&Prime; onclick=\u00a0\u00bbcustom_link\u00a0\u00bb][\/vc_column][vc_column width=\u00a0\u00bb3\/4&Prime;][vc_column_text]<\/p>\n<h4 style=\"text-align: left\">Compte Instagram<\/h4>\n<p>[\/vc_column_text][\/vc_column][\/vc_row][vc_row equal_height=\u00a0\u00bbyes\u00a0\u00bb content_placement=\u00a0\u00bbmiddle\u00a0\u00bb][vc_column width=\u00a0\u00bb1\/12&Prime;][vc_single_image image=\u00a0\u00bb3779&Prime; link=\u00a0\u00bbhttps:\/\/www.youtube.com\/@CDKarate_Du_Doubs\/videos\u00a0\u00bb onclick=\u00a0\u00bbcustom_link\u00a0\u00bb][\/vc_column][vc_column width=\u00a0\u00bb3\/4&Prime;][vc_column_text]<\/p>\n<h4 style=\"text-align: left\">Compte Youtube<\/h4>\n<p>[\/vc_column_text][\/vc_column][\/vc_row][vc_row][vc_column][vc_single_image image=\u00a0\u00bb1856&Prime;][vc_column_text]<\/p>\n<h1 style=\"text-align: center\">Comit\u00e9s d\u00e9partementaux voisins<\/h1>\n<p>[\/vc_column_text][vc_empty_space height=\u00a0\u00bb64px\u00a0\u00bb][\/vc_column][\/vc_row][vc_row equal_height=\u00a0\u00bbyes\u00a0\u00bb content_placement=\u00a0\u00bbmiddle\u00a0\u00bb][vc_column width=\u00a0\u00bb1\/4&Prime;][vc_single_image image=\u00a0\u00bb2114&Prime; link=\u00a0\u00bbhttps:\/\/sites.ffkarate.fr\/jura\/\u00a0\u00bb onclick=\u00a0\u00bbcustom_link\u00a0\u00bb][\/vc_column][vc_column width=\u00a0\u00bb3\/4&Prime;][vc_column_text]<\/p>\n<h4 style=\"text-align: center\">Comit\u00e9 D\u00e9partemental du Jura<\/h4>\n<h4 style=\"text-align: center\">CDK39<\/h4>\n<p>[\/vc_column_text][\/vc_column][\/vc_row][vc_row equal_height=\u00a0\u00bbyes\u00a0\u00bb content_placement=\u00a0\u00bbmiddle\u00a0\u00bb][vc_column width=\u00a0\u00bb1\/4&Prime;][vc_single_image image=\u00a0\u00bb2112&Prime; link=\u00a0\u00bbhttps:\/\/sites.ffkarate.fr\/hautesaone\/\u00a0\u00bb onclick=\u00a0\u00bbcustom_link\u00a0\u00bb][\/vc_column][vc_column width=\u00a0\u00bb3\/4&Prime;][vc_column_text]<\/p>\n<h4 style=\"text-align: center\">Comit\u00e9 D\u00e9partemental de Haute Sa\u00f4ne<\/h4>\n<h4 style=\"text-align: center\">CDK70<\/h4>\n<p>[\/vc_column_text][\/vc_column][\/vc_row][vc_row equal_height=\u00a0\u00bbyes\u00a0\u00bb content_placement=\u00a0\u00bbmiddle\u00a0\u00bb][vc_column width=\u00a0\u00bb1\/4&Prime;][vc_single_image image=\u00a0\u00bb2113&Prime; link=\u00a0\u00bbhttps:\/\/sites.ffkarate.fr\/territoiredebelfort\/\u00a0\u00bb onclick=\u00a0\u00bbcustom_link\u00a0\u00bb][\/vc_column][vc_column width=\u00a0\u00bb3\/4&Prime;][vc_column_text]<\/p>\n<h4 style=\"text-align: center\">Comit\u00e9 D\u00e9partemental du Territoire de Belfort<\/h4>\n<h4 style=\"text-align: center\">CDK90<\/h4>\n<p>[\/vc_column_text][\/vc_column][\/vc_row][vc_row][vc_column][vc_single_image image=\u00a0\u00bb1856&Prime;][vc_column_text]<\/p>\n<h1 style=\"text-align: center\">Organismes hi\u00e9rarchiques<\/h1>\n<p>[\/vc_column_text][vc_empty_space height=\u00a0\u00bb64px\u00a0\u00bb][\/vc_column][\/vc_row][vc_row equal_height=\u00a0\u00bbyes\u00a0\u00bb content_placement=\u00a0\u00bbmiddle\u00a0\u00bb][vc_column width=\u00a0\u00bb1\/4&Prime;][vc_single_image image=\u00a0\u00bb1840&Prime; link=\u00a0\u00bbhttps:\/\/sites.ffkarate.fr\/bourgognefranchecomte\/\u00a0\u00bb onclick=\u00a0\u00bbcustom_link\u00a0\u00bb][\/vc_column][vc_column width=\u00a0\u00bb3\/4&Prime;][vc_column_text]<\/p>\n<h4 style=\"text-align: center\">Ligue<\/h4>\n<h4 style=\"text-align: center\">Bourgogne Franche-Comt\u00e9<\/h4>\n<p>[\/vc_column_text][\/vc_column][\/vc_row][vc_row equal_height=\u00a0\u00bbyes\u00a0\u00bb content_placement=\u00a0\u00bbmiddle\u00a0\u00bb][vc_column width=\u00a0\u00bb1\/4&Prime;][vc_single_image image=\u00a0\u00bb202&Prime; link=\u00a0\u00bbhttps:\/\/www.ffkarate.fr\/\u00a0\u00bb onclick=\u00a0\u00bbcustom_link\u00a0\u00bb][\/vc_column][vc_column width=\u00a0\u00bb3\/4&Prime;][vc_column_text]<\/p>\n<h4 style=\"text-align: center\">F\u00e9d\u00e9ration Fran\u00e7aise<\/h4>\n<h4 style=\"text-align: center\">Karat\u00e9 &amp; Disciplines Associ\u00e9es<\/h4>\n<p>[\/vc_column_text][\/vc_column][\/vc_row][vc_row][vc_column][vc_single_image image=\u00a0\u00bb1856&Prime;][vc_column_text]<\/p>\n<h1 style=\"text-align: center\">Liens utiles<\/h1>\n<p>[\/vc_column_text][vc_empty_space height=\u00a0\u00bb64px\u00a0\u00bb][\/vc_column][\/vc_row][vc_row equal_height=\u00a0\u00bbyes\u00a0\u00bb content_placement=\u00a0\u00bbmiddle\u00a0\u00bb][vc_column width=\u00a0\u00bb1\/4&Prime;][vc_single_image image=\u00a0\u00bb2394&Prime; link=\u00a0\u00bbhttps:\/\/www.facebook.com\/ffkarate\u00a0\u00bb onclick=\u00a0\u00bbcustom_link\u00a0\u00bb][\/vc_column][vc_column width=\u00a0\u00bb3\/4&Prime;][vc_column_text]<\/p>\n<h4 style=\"text-align: center\">FFKDA<\/h4>\n<h4 style=\"text-align: center\">Compte facebook<\/h4>\n<p>[\/vc_column_text][\/vc_column][\/vc_row][vc_row equal_height=\u00a0\u00bbyes\u00a0\u00bb content_placement=\u00a0\u00bbmiddle\u00a0\u00bb][vc_column width=\u00a0\u00bb1\/4&Prime;][vc_single_image image=\u00a0\u00bb2391&Prime; link=\u00a0\u00bbhttps:\/\/www.instagram.com\/ffkarate_\/?msclkid=d1cf22cbcf8011ec9ea074661f533b49&Prime; onclick=\u00a0\u00bbcustom_link\u00a0\u00bb][\/vc_column][vc_column width=\u00a0\u00bb3\/4&Prime;][vc_column_text]<\/p>\n<h4 style=\"text-align: center\">FFKDA<\/h4>\n<h4 style=\"text-align: center\">Compte instagram<\/h4>\n<p>[\/vc_column_text][\/vc_column][\/vc_row][vc_row equal_height=\u00a0\u00bbyes\u00a0\u00bb content_placement=\u00a0\u00bbmiddle\u00a0\u00bb][vc_column width=\u00a0\u00bb1\/4&Prime;][vc_single_image image=\u00a0\u00bb2387&Prime; link=\u00a0\u00bbhttps:\/\/www.youtube.com\/c\/ffkda\/featured\u00a0\u00bb onclick=\u00a0\u00bbcustom_link\u00a0\u00bb][\/vc_column][vc_column width=\u00a0\u00bb3\/4&Prime;][vc_column_text]<\/p>\n<h4 style=\"text-align: center\">FFKDA<\/h4>\n<h4 style=\"text-align: center\">Compte youtube<\/h4>\n<p>[\/vc_column_text][\/vc_column][\/vc_row][vc_row equal_height=\u00a0\u00bbyes\u00a0\u00bb content_placement=\u00a0\u00bbmiddle\u00a0\u00bb][vc_column width=\u00a0\u00bb1\/4&Prime;][vc_single_image image=\u00a0\u00bb1168&Prime; link=\u00a0\u00bbhttps:\/\/ffkda-goal.multimediabs.com\/login\u00a0\u00bb onclick=\u00a0\u00bbcustom_link\u00a0\u00bb][\/vc_column][vc_column width=\u00a0\u00bb3\/4&Prime;][vc_column_text]<\/p>\n<h4 style=\"text-align: center\">Administration<\/h4>\n<h4 style=\"text-align: center\">Espace licenci\u00e9s \/ Dirigeants<\/h4>\n<p>[\/vc_column_text][\/vc_column][\/vc_row][vc_row equal_height=\u00a0\u00bbyes\u00a0\u00bb content_placement=\u00a0\u00bbmiddle\u00a0\u00bb][vc_column width=\u00a0\u00bb1\/4&Prime;][vc_single_image image=\u00a0\u00bb1851&Prime; link=\u00a0\u00bbhttps:\/\/www.ffkcompetition.fr\/\u00a0\u00bb onclick=\u00a0\u00bbcustom_link\u00a0\u00bb][\/vc_column][vc_column width=\u00a0\u00bb3\/4&Prime;][vc_column_text]<\/p>\n<h4 style=\"text-align: center\">Comp\u00e9titions<\/h4>\n<h4 style=\"text-align: center\">Inscription en ligne<\/h4>\n<p>[\/vc_column_text][\/vc_column][\/vc_row][vc_row][vc_column][vc_single_image image=\u00a0\u00bb1856&Prime;][vc_column_text]<\/p>\n<h1 style=\"text-align: center\">Liste compl\u00e8te des organismes d\u00e9centralis\u00e9s affili\u00e9s \u00e0 la FFKDA<\/h1>\n<h1 style=\"text-align: center\"><em><a href=\"https:\/\/sites.ffkarate.fr\/\">(sources)<\/a><\/em><\/h1>\n<p>[\/vc_column_text][vc_empty_space height=\u00a0\u00bb64px\u00a0\u00bb][\/vc_column][\/vc_row][vc_row equal_height=\u00a0\u00bbyes\u00a0\u00bb content_placement=\u00a0\u00bbmiddle\u00a0\u00bb][vc_column][vc_column_text]<\/p>\n<h2 id=\"line1\" style=\"text-align: center\">Comit\u00e9s D\u00e9partementaux<\/h2>\n<ol>\n<li><a href=\"https:\/\/sites.ffkarate.fr\/ain\">CDK01 &#8211; Comit\u00e9 d\u00e9partemental de l&rsquo;Ain<\/a><\/li>\n<li><a href=\"https:\/\/sites.ffkarate.fr\/allier\">CDK03 &#8211; Comit\u00e9 d\u00e9partemental de l&rsquo;Allier<\/a><\/li>\n<li><a href=\"https:\/\/sites.ffkarate.fr\/alpeshauteprovence\">CDK04 &#8211; Comit\u00e9 d\u00e9partemental des Alpes de Haute Provence<\/a><\/li>\n<li><a href=\"https:\/\/sites.ffkarate.fr\/hautesalpes\">CDK05 &#8211; Comit\u00e9 d\u00e9partemental des Hautes-Alpes<\/a><\/li>\n<li><a href=\"https:\/\/sites.ffkarate.fr\/alpesmaritimes\">CDK06 &#8211; Comit\u00e9 d\u00e9partemental des Alpes Maritimes<\/a><\/li>\n<li><a href=\"https:\/\/sites.ffkarate.fr\/ardennes\">CDK08 &#8211; Comit\u00e9 d\u00e9partemental des Ardennes<\/a><\/li>\n<li><a href=\"https:\/\/sites.ffkarate.fr\/ariege\">CDK09 &#8211; Comit\u00e9 d\u00e9partemental de l&rsquo;Ari\u00e8ge<\/a><\/li>\n<li><a href=\"https:\/\/sites.ffkarate.fr\/aube\">CDK10 &#8211; Comit\u00e9 d\u00e9partemental de l&rsquo;Aube<\/a><\/li>\n<li><a href=\"https:\/\/sites.ffkarate.fr\/aude\">CDK11 &#8211; Comit\u00e9 d\u00e9partemental de l&rsquo;Aude<\/a><\/li>\n<li><a href=\"https:\/\/sites.ffkarate.fr\/aveyron\">CDK12 &#8211; Comit\u00e9 d\u00e9partemental de l&rsquo;Aveyron<\/a><\/li>\n<li><a href=\"https:\/\/sites.ffkarate.fr\/bouchesdurhone\">CDK13 &#8211; Comit\u00e9 d\u00e9partemental des Bouches-du-Rh\u00f4ne<\/a><\/li>\n<li><a href=\"https:\/\/sites.ffkarate.fr\/calvados\">CDK14 &#8211; Comit\u00e9 d\u00e9partemental du Calvados<\/a><\/li>\n<li><a href=\"https:\/\/sites.ffkarate.fr\/charente\">CDK16 &#8211; Comit\u00e9 d\u00e9partemental de Charente<\/a><\/li>\n<li><a href=\"https:\/\/sites.ffkarate.fr\/charentemaritime\">CDK17 &#8211; Comit\u00e9 d\u00e9partemental de la Charente Maritime<\/a><\/li>\n<li><a href=\"https:\/\/sites.ffkarate.fr\/cher\">CDK18 &#8211; Comit\u00e9 d\u00e9partemental du Cher<\/a><\/li>\n<li><a href=\"https:\/\/sites.ffkarate.fr\/correze\">CDK19 &#8211; Comit\u00e9 d\u00e9partemental de la Corr\u00e8ze<\/a><\/li>\n<li><a href=\"https:\/\/sites.ffkarate.fr\/cotedor\">CDK21 &#8211; Comit\u00e9 d\u00e9partemental de C\u00f4te d&rsquo;Or<\/a><\/li>\n<li><a href=\"https:\/\/sites.ffkarate.fr\/cdkcotesdarmor\">CDK22 &#8211; Comit\u00e9 d\u00e9partemental des C\u00f4tes d&rsquo;Armor<\/a><\/li>\n<li><a href=\"https:\/\/sites.ffkarate.fr\/dordogne\">CDK24 &#8211; Comit\u00e9 d\u00e9partemental de la Dordogne<\/a><\/li>\n<li><a href=\"https:\/\/sites.ffkarate.fr\/doubs\">CDK25 &#8211; Comit\u00e9 d\u00e9partemental du Doubs<\/a><\/li>\n<li><a href=\"https:\/\/sites.ffkarate.fr\/dromeardeche\">CDK26 &#8211; Comit\u00e9 d\u00e9partemental de Dr\u00f4me Ard\u00e8che<\/a><\/li>\n<li><a href=\"https:\/\/sites.ffkarate.fr\/eure\">CDK27 &#8211; Comit\u00e9 d\u00e9partemental de l&rsquo;Eure<\/a><\/li>\n<li><a href=\"https:\/\/sites.ffkarate.fr\/eureetloir\">CDK28 &#8211; Comit\u00e9 d\u00e9partemental d&rsquo;Eure et Loir<\/a><\/li>\n<li><a href=\"https:\/\/sites.ffkarate.fr\/cdkdafinistere29\">CDK29 &#8211; Comit\u00e9 d\u00e9partemental du Finist\u00e8re<\/a><\/li>\n<li><a href=\"https:\/\/sites.ffkarate.fr\/gard\">CDK30 &#8211; Comit\u00e9 d\u00e9partemental du Gard<\/a><\/li>\n<li><a href=\"https:\/\/sites.ffkarate.fr\/hautegaronne\">CDK31 &#8211; Comit\u00e9 d\u00e9partemental de la Haute-Garonne<\/a><\/li>\n<li><a href=\"https:\/\/sites.ffkarate.fr\/gers\">CDK32 &#8211; Comit\u00e9 d\u00e9partemental du Gers<\/a><\/li>\n<li><a href=\"https:\/\/sites.ffkarate.fr\/gironde\">CDK33 &#8211; Comit\u00e9 d\u00e9partemental de la Gironde<\/a><\/li>\n<li><a href=\"https:\/\/sites.ffkarate.fr\/herault\">CDK34 &#8211; Comit\u00e9 d\u00e9partemental de L&rsquo;H\u00e9rault<\/a><\/li>\n<li><a href=\"https:\/\/sites.ffkarate.fr\/illeetvilaine\">CDK35 &#8211; Comit\u00e9 d\u00e9partemental d&rsquo;Ille-et-Vilaine<\/a><\/li>\n<li><a href=\"https:\/\/sites.ffkarate.fr\/indre\">CDK36 &#8211; Comit\u00e9 d\u00e9partemental de l&rsquo;Indre<\/a><\/li>\n<li><a href=\"https:\/\/sites.ffkarate.fr\/indreetloire\">CDK37 &#8211; Comit\u00e9 d\u00e9partemental d&rsquo;Indre et Loire<\/a><\/li>\n<li><a href=\"https:\/\/sites.ffkarate.fr\/isere\">CDK38 &#8211; Comit\u00e9 d\u00e9partemental de l&rsquo;Is\u00e8re<\/a><\/li>\n<li><a href=\"https:\/\/sites.ffkarate.fr\/jura\">CDK39 &#8211; Comit\u00e9 d\u00e9partemental du Jura<\/a><\/li>\n<li><a href=\"https:\/\/sites.ffkarate.fr\/landes\">CDK40 &#8211; Comit\u00e9 d\u00e9partemental des Landes<\/a><\/li>\n<li><a href=\"https:\/\/sites.ffkarate.fr\/loiretcher\">CDK41 &#8211; Comit\u00e9 d\u00e9partemental du Loir-et-Cher<\/a><\/li>\n<li><a href=\"https:\/\/sites.ffkarate.fr\/loire\">CDK42 &#8211; Comit\u00e9 d\u00e9partemental de la Loire<\/a><\/li>\n<li><a href=\"https:\/\/sites.ffkarate.fr\/hauteloire\">CDK43 &#8211; Comit\u00e9 d\u00e9partemental de la Haute Loire<\/a><\/li>\n<li><a href=\"https:\/\/sites.ffkarate.fr\/loireatlantique\">CDK44 &#8211; Comit\u00e9 d\u00e9partemental de Loire-Atlantique<\/a><\/li>\n<li><a href=\"https:\/\/sites.ffkarate.fr\/loiret\">CDK45 &#8211; Comit\u00e9 d\u00e9partemental du Loiret<\/a><\/li>\n<li><a href=\"https:\/\/sites.ffkarate.fr\/lot\">CDK46 &#8211; Comit\u00e9 d\u00e9partemental du Lot<\/a><\/li>\n<li><a href=\"https:\/\/sites.ffkarate.fr\/lotetgaronne\">CDK47 &#8211; Comit\u00e9 d\u00e9partemental de Lot et Garonne<\/a><\/li>\n<li><a href=\"https:\/\/sites.ffkarate.fr\/lozere\">CDK48 &#8211; Comit\u00e9 d\u00e9partemental de la Loz\u00e8re<\/a><\/li>\n<li><a href=\"https:\/\/sites.ffkarate.fr\/maineetloire\">CDK49 &#8211; Comit\u00e9 d\u00e9partemental de Maine et Loire<\/a><\/li>\n<li><a href=\"https:\/\/sites.ffkarate.fr\/marne\">CDK51 &#8211; Comit\u00e9 d\u00e9partemental de la Marne<\/a><\/li>\n<li><a href=\"https:\/\/sites.ffkarate.fr\/hautemarne\">CDK52 &#8211; Comit\u00e9 d\u00e9partemental de Haute-Marne<\/a><\/li>\n<li><a href=\"https:\/\/sites.ffkarate.fr\/mayenne\">CDK53 &#8211; Comit\u00e9 d\u00e9partemental de la Mayenne<\/a><\/li>\n<li><a href=\"https:\/\/sites.ffkarate.fr\/meurtheetmoselle\">CDK54 &#8211; Comit\u00e9 d\u00e9partemental de Meurthe-et-Moselle<\/a><\/li>\n<li><a href=\"https:\/\/sites.ffkarate.fr\/meuse\">CDK55 &#8211; Comit\u00e9 d\u00e9partemental de Meuse<\/a><\/li>\n<li><a href=\"https:\/\/sites.ffkarate.fr\/morbihan\">CDK56 &#8211; Comit\u00e9 d\u00e9partemental du Morbihan<\/a><\/li>\n<li><a href=\"https:\/\/sites.ffkarate.fr\/comitemoselle\">CDK57 &#8211; Comit\u00e9 d\u00e9partemental de Moselle<\/a><\/li>\n<li><a href=\"https:\/\/sites.ffkarate.fr\/nievre\">CDK58 &#8211; Comit\u00e9 D\u00e9partemental de La Ni\u00e8vre<\/a><\/li>\n<li><a href=\"https:\/\/sites.ffkarate.fr\/nord\">CDK59 &#8211; Comit\u00e9 d\u00e9partemental du Nord<\/a><\/li>\n<li><a href=\"https:\/\/sites.ffkarate.fr\/oise\">CDK60 &#8211; Comit\u00e9 d\u00e9partemental de l\u2019Oise<\/a><\/li>\n<li><a href=\"https:\/\/sites.ffkarate.fr\/orne\">CDK61 &#8211; Comit\u00e9 d\u00e9partemental de l&rsquo;Orne<\/a><\/li>\n<li><a href=\"https:\/\/sites.ffkarate.fr\/pasdecalais\">CDK62 &#8211; Comit\u00e9 d\u00e9partemental du Pas-de-Calais<\/a><\/li>\n<li><a href=\"https:\/\/sites.ffkarate.fr\/puydedome\">CDK63 &#8211; Comit\u00e9 d\u00e9partemental du Puy-de-D\u00f4me<\/a><\/li>\n<li><a href=\"https:\/\/sites.ffkarate.fr\/pyreneesatlantiques\">CDK64 &#8211; Comit\u00e9 d\u00e9partemental des Pyr\u00e9n\u00e9es Atlantiques<\/a><\/li>\n<li><a href=\"https:\/\/sites.ffkarate.fr\/hautespyrenees\">CDK65 &#8211; Comit\u00e9 d\u00e9partemental des Hautes-Pyr\u00e9n\u00e9es<\/a><\/li>\n<li><a href=\"https:\/\/sites.ffkarate.fr\/pyreneesorientales\">CDK66 &#8211; Comit\u00e9 d\u00e9partemental des Pyr\u00e9n\u00e9es Orientales<\/a><\/li>\n<li><a href=\"https:\/\/sites.ffkarate.fr\/basrhin\">CDK67 &#8211; Comit\u00e9 d\u00e9partemental du Bas-Rhin<\/a><\/li>\n<li><a href=\"https:\/\/sites.ffkarate.fr\/hautrhin\">CDK68 &#8211; Comit\u00e9 d\u00e9partemental du Haut-Rhin<\/a><\/li>\n<li><a href=\"https:\/\/sites.ffkarate.fr\/rhonemetropoledelyon\">CDK69 &#8211; Comit\u00e9 d\u00e9partemental du Rh\u00f4ne<\/a><\/li>\n<li><a href=\"https:\/\/sites.ffkarate.fr\/hautesaone\">CDK70 &#8211; Comit\u00e9 d\u00e9partemental de la Haute-Sa\u00f4ne<\/a><\/li>\n<li><a href=\"https:\/\/sites.ffkarate.fr\/saoneetloire\">CDK71 &#8211; Comit\u00e9 d\u00e9partemental de Sa\u00f4ne-et-Loire<\/a><\/li>\n<li><a href=\"https:\/\/sites.ffkarate.fr\/sarthe\">CDK72 &#8211; Comit\u00e9 d\u00e9partemental de la Sarthe<\/a><\/li>\n<li><a href=\"https:\/\/sites.ffkarate.fr\/savoie\">CDK73 &#8211; Comit\u00e9 d\u00e9partemental de la Savoie<\/a><\/li>\n<li><a href=\"https:\/\/sites.ffkarate.fr\/hautesavoie\">CDK74 &#8211; Comit\u00e9 d\u00e9partemental de Haute-Savoie<\/a><\/li>\n<li><a href=\"https:\/\/sites.ffkarate.fr\/liguepariskarate\">CDK75 &#8211; Comit\u00e9 d\u00e9partemental de Paris<\/a><\/li>\n<li><a href=\"https:\/\/sites.ffkarate.fr\/seinemaritime\">CDK76 &#8211; Comit\u00e9 d\u00e9partemental de Seine-Maritime<\/a><\/li>\n<li><a href=\"https:\/\/sites.ffkarate.fr\/seineetmarne\">CDK77 &#8211; Comit\u00e9 d\u00e9partemental de Seine-et-Marne<\/a><\/li>\n<li><a href=\"https:\/\/sites.ffkarate.fr\/yvelines78\">CDK78 &#8211; Comit\u00e9 d\u00e9partemental des Yvelines<\/a><\/li>\n<li><a href=\"https:\/\/sites.ffkarate.fr\/deuxsevres\">CDK79 &#8211; Comit\u00e9 d\u00e9partemental des Deux S\u00e8vres<\/a><\/li>\n<li><a href=\"https:\/\/sites.ffkarate.fr\/somme\">CDK80 &#8211; Comit\u00e9 d\u00e9partemental de la Somme<\/a><\/li>\n<li><a href=\"https:\/\/sites.ffkarate.fr\/tarn\">CDK81 &#8211; Comit\u00e9 d\u00e9partemental du Tarn<\/a><\/li>\n<li><a href=\"https:\/\/sites.ffkarate.fr\/tarnetgaronne\">CDK82 &#8211; Comit\u00e9 d\u00e9partemental du Tarn-et-Garonne<\/a><\/li>\n<li><a href=\"https:\/\/sites.ffkarate.fr\/cdkvar83\">CDK83 &#8211; Comit\u00e9 d\u00e9partemental du Var<\/a><\/li>\n<li><a href=\"https:\/\/sites.ffkarate.fr\/vaucluse\">CDK84 &#8211; Comit\u00e9 d\u00e9partemental de Vaucluse<\/a><\/li>\n<li><a href=\"https:\/\/sites.ffkarate.fr\/vendee\">CDK85 &#8211; Comit\u00e9 d\u00e9partemental de Vend\u00e9e<\/a><\/li>\n<li><a href=\"https:\/\/sites.ffkarate.fr\/vienne\">CDK86 &#8211; Comit\u00e9 d\u00e9partemental de la Vienne<\/a><\/li>\n<li><a href=\"https:\/\/sites.ffkarate.fr\/hautevienne\">CDK87 &#8211; Comit\u00e9 d\u00e9partemental de la Haute-Vienne<\/a><\/li>\n<li><a href=\"https:\/\/sites.ffkarate.fr\/vosges\">CDK88 &#8211; Comit\u00e9 d\u00e9partemental des Vosges<\/a><\/li>\n<li><a href=\"https:\/\/sites.ffkarate.fr\/yonne\">CDK89 &#8211; Comit\u00e9 d\u00e9partemental de l&rsquo;Yonne<\/a><\/li>\n<li><a href=\"https:\/\/sites.ffkarate.fr\/territoiredebelfort\">CDK90 &#8211; Comit\u00e9 d\u00e9partemental du Territoire de Belfort<\/a><\/li>\n<li><a href=\"https:\/\/sites.ffkarate.fr\/essonne\">CDK91 &#8211; Comit\u00e9 d\u00e9partemental de l&rsquo;Essonne<\/a><\/li>\n<li><a href=\"https:\/\/sites.ffkarate.fr\/hautsdeseine\">CDK92 &#8211; Comit\u00e9 d\u00e9partemental des Hauts-de-Seine<\/a><\/li>\n<li><a href=\"https:\/\/sites.ffkarate.fr\/seinesaintdenis\">CDK93 &#8211; Comit\u00e9 d\u00e9partemental de Seine-Saint-Denis<\/a><\/li>\n<li><a href=\"https:\/\/sites.ffkarate.fr\/valdemarne\">CDK94 &#8211; Comit\u00e9 d\u00e9partemental du Val-de-Marne<\/a><\/li>\n<li><a href=\"https:\/\/sites.ffkarate.fr\/valdoise\">CDK95 &#8211; Comit\u00e9 d\u00e9partemental du Val d&rsquo;Oise<\/a><\/li>\n<li><a href=\"https:\/\/sites.ffkarate.fr\/mayotte\">CDK976 &#8211; Comit\u00e9 d\u00e9partemental de Mayotte<\/a><\/li>\n<\/ol>\n<p>&nbsp;<\/p>\n<p>&nbsp;<\/p>\n<h2 style=\"text-align: center\">Z.I.D.<\/h2>\n<ol>\n<li><a href=\"https:\/\/sites.ffkarate.fr\/alsace\">Zone interd\u00e9partementale d&rsquo;Alsace<\/a><\/li>\n<li><a href=\"https:\/\/sites.ffkarate.fr\/auvergne\">Zone interd\u00e9partementale d&rsquo;Auvergne<\/a><\/li>\n<li><a href=\"https:\/\/sites.ffkarate.fr\/bourgogne\">Zone interd\u00e9partementale de Bourgogne<\/a><\/li>\n<li><a href=\"https:\/\/sites.ffkarate.fr\/cotedazur\">Zone interd\u00e9partementale de C\u00f4te d&rsquo;Azur<\/a><\/li>\n<li><a href=\"https:\/\/sites.ffkarate.fr\/dauphinesavoie\">Zone interd\u00e9partementale du Dauphin\u00e9 Savoie<\/a><\/li>\n<li><a href=\"https:\/\/sites.ffkarate.fr\/franchecomte\">Zone interd\u00e9partementale de Franche-Comt\u00e9<\/a><\/li>\n<li><a href=\"https:\/\/sites.ffkarate.fr\/liguechampagneardenne\">Zone interd\u00e9partementale de Champagne-Ardenne<\/a><\/li>\n<li><a href=\"https:\/\/sites.ffkarate.fr\/liguelanguedocroussillon\">Zone interd\u00e9partementale du Languedoc-Roussillon<\/a><\/li>\n<li><a href=\"https:\/\/sites.ffkarate.fr\/limousin\">Zone interd\u00e9partementale du Limousin<\/a><\/li>\n<li><a href=\"https:\/\/sites.ffkarate.fr\/lorraine\">Zone interd\u00e9partementale de la Lorraine<\/a><\/li>\n<li><a href=\"https:\/\/sites.ffkarate.fr\/lyonnais\">Zone interd\u00e9partementale du Lyonnais<\/a><\/li>\n<li><a href=\"https:\/\/sites.ffkarate.fr\/midipyrenees\">Zone interd\u00e9partementale du Midi-Pyr\u00e9n\u00e9es<\/a><\/li>\n<li><a href=\"https:\/\/sites.ffkarate.fr\/nordpasdecalais\">Zone interd\u00e9partementale du Nord-Pas-de-Calais<\/a><\/li>\n<li><a href=\"https:\/\/sites.ffkarate.fr\/picardie\">Zone interd\u00e9partementale de Picardie<\/a><\/li>\n<li><a href=\"https:\/\/sites.ffkarate.fr\/poitoucharentes\">Zone interd\u00e9partementale du Poitou-Charentes<\/a><\/li>\n<li><a href=\"https:\/\/sites.ffkarate.fr\/provence\">Zone interd\u00e9partementale de Provence<\/a><\/li>\n<\/ol>\n<p>&nbsp;<\/p>\n<p>&nbsp;<\/p>\n<h2 style=\"text-align: center\">Ligues R\u00e9gionales<\/h2>\n<ol>\n<li><a href=\"https:\/\/sites.ffkarate.fr\/auvergnerhonealpes\">Ligue r\u00e9gionale d&rsquo;Auvergne &#8211; Rh\u00f4ne-Alpes<\/a><\/li>\n<li><a href=\"https:\/\/sites.ffkarate.fr\/bourgognefranchecomte\">Ligue r\u00e9gionale de Bourgogne &#8211; Franche Comt\u00e9 <\/a><\/li>\n<li><a href=\"https:\/\/sites.ffkarate.fr\/centrevaldeloire\">Ligue r\u00e9gionale du Centre &#8211; Val de Loire<\/a><\/li>\n<li><a href=\"https:\/\/sites.ffkarate.fr\/grandest\">Ligue r\u00e9gionale du Grand Est<\/a><\/li>\n<li><a href=\"https:\/\/sites.ffkarate.fr\/hautsdefrance\">Ligue r\u00e9gionale des Hauts-de-France<\/a><\/li>\n<li><a href=\"https:\/\/sites.ffkarate.fr\/iledefrance\">Ligue r\u00e9gionale d&rsquo;Ile-de-France<\/a><\/li>\n<li><a href=\"https:\/\/sites.ffkarate.fr\/liguebretagne\">Ligue r\u00e9gionale de Bretagne<\/a><\/li>\n<li><a href=\"https:\/\/sites.ffkarate.fr\/liguecorse\">Ligue r\u00e9gionale de Corse<\/a><\/li>\n<li><a href=\"https:\/\/sites.ffkarate.fr\/ligueguadeloupe\">Ligue r\u00e9gionale de Guadeloupe<\/a><\/li>\n<li><a href=\"https:\/\/sites.ffkarate.fr\/liguemartinique\">Ligue r\u00e9gionale de Martinique<\/a><\/li>\n<li><a href=\"https:\/\/sites.ffkarate.fr\/liguereunion\">Ligue r\u00e9gionale de la R\u00e9union<\/a><\/li>\n<li><a href=\"https:\/\/sites.ffkarate.fr\/normandie\">Ligue r\u00e9gionale de Normandie<\/a><\/li>\n<li><a href=\"https:\/\/sites.ffkarate.fr\/nouvelleaquitaine\">Ligue r\u00e9gionale de Nouvelle Aquitaine<\/a><\/li>\n<li><a href=\"https:\/\/sites.ffkarate.fr\/occitanie\">Ligue r\u00e9gionale d&rsquo;Occitanie<\/a><\/li>\n<li><a href=\"https:\/\/sites.ffkarate.fr\/paca\">Ligue r\u00e9gionale de Provence Alpes C\u00f4te d&rsquo;Azur<\/a><\/li>\n<li><a href=\"https:\/\/sites.ffkarate.fr\/paysdelaloire\">Ligue r\u00e9gionale du Pays-de-la-Loire<\/a><\/li>\n<\/ol>\n<p>[\/vc_column_text][\/vc_column][\/vc_row][vc_row][vc_column][vc_single_image image=\u00a0\u00bb1856&Prime;][\/vc_column][\/vc_row]<\/p>\n<\/div>","protected":false},"excerpt":{"rendered":"<p>[vc_row][vc_column][vc_single_image image=\u00a0\u00bb1856&Prime;][vc_column_text] Comptes du CDK 25 [\/vc_column_text][vc_empty_space height=\u00a0\u00bb64px\u00a0\u00bb][\/vc_column][\/vc_row][vc_row equal_height=\u00a0\u00bbyes\u00a0\u00bb content_placement=\u00a0\u00bbmiddle\u00a0\u00bb][vc_column width=\u00a0\u00bb1\/12&Prime;][vc_single_image image=\u00a0\u00bb3777&Prime; link=\u00a0\u00bbhttps:\/\/www.facebook.com\/CDKDA25&Prime; onclick=\u00a0\u00bbcustom_link\u00a0\u00bb][\/vc_column][vc_column width=\u00a0\u00bb3\/4&Prime;][vc_column_text] Compte Facebook [\/vc_column_text][\/vc_column][\/vc_row][vc_row equal_height=\u00a0\u00bbyes\u00a0\u00bb content_placement=\u00a0\u00bbmiddle\u00a0\u00bb][vc_column width=\u00a0\u00bb1\/12&Prime;][vc_single_image image=\u00a0\u00bb3778&Prime; link=\u00a0\u00bbhttps:\/\/www.instagram.com\/cdkarate25&Prime; onclick=\u00a0\u00bbcustom_link\u00a0\u00bb][\/vc_column][vc_column width=\u00a0\u00bb3\/4&Prime;][vc_column_text] Compte Instagram [\/vc_column_text][\/vc_column][\/vc_row][vc_row equal_height=\u00a0\u00bbyes\u00a0\u00bb content_placement=\u00a0\u00bbmiddle\u00a0\u00bb][vc_column width=\u00a0\u00bb1\/12&Prime;][vc_single_image image=\u00a0\u00bb3779&Prime; link=\u00a0\u00bbhttps:\/\/www.youtube.com\/@CDKarate_Du_Doubs\/videos\u00a0\u00bb onclick=\u00a0\u00bbcustom_link\u00a0\u00bb][\/vc_column][vc_column width=\u00a0\u00bb3\/4&Prime;][vc_column_text] Compte Youtube [\/vc_column_text][\/vc_column][\/vc_row][vc_row][vc_column][vc_single_image image=\u00a0\u00bb1856&Prime;][vc_column_text] Comit\u00e9s d\u00e9partementaux voisins [\/vc_column_text][vc_empty_space height=\u00a0\u00bb64px\u00a0\u00bb][\/vc_column][\/vc_row][vc_row equal_height=\u00a0\u00bbyes\u00a0\u00bb content_placement=\u00a0\u00bbmiddle\u00a0\u00bb][vc_column width=\u00a0\u00bb1\/4&Prime;][vc_single_image image=\u00a0\u00bb2114&Prime; link=\u00a0\u00bbhttps:\/\/sites.ffkarate.fr\/jura\/\u00a0\u00bb onclick=\u00a0\u00bbcustom_link\u00a0\u00bb][\/vc_column][vc_column width=\u00a0\u00bb3\/4&Prime;][vc_column_text] Comit\u00e9 D\u00e9partemental du Jura [&hellip;]<\/p>\n","protected":false},"author":83,"featured_media":0,"parent":0,"menu_order":0,"comment_status":"closed","ping_status":"closed","template":"","meta":{"footnotes":""},"class_list":["post-1609","page","type-page","status-publish","hentry"],"_links":{"self":[{"href":"https:\/\/sites.ffkarate.fr\/doubs\/wp-json\/wp\/v2\/pages\/1609","targetHints":{"allow":["GET"]}}],"collection":[{"href":"https:\/\/sites.ffkarate.fr\/doubs\/wp-json\/wp\/v2\/pages"}],"about":[{"href":"https:\/\/sites.ffkarate.fr\/doubs\/wp-json\/wp\/v2\/types\/page"}],"author":[{"embeddable":true,"href":"https:\/\/sites.ffkarate.fr\/doubs\/wp-json\/wp\/v2\/users\/83"}],"replies":[{"embeddable":true,"href":"https:\/\/sites.ffkarate.fr\/doubs\/wp-json\/wp\/v2\/comments?post=1609"}],"version-history":[{"count":10,"href":"https:\/\/sites.ffkarate.fr\/doubs\/wp-json\/wp\/v2\/pages\/1609\/revisions"}],"predecessor-version":[{"id":3805,"href":"https:\/\/sites.ffkarate.fr\/doubs\/wp-json\/wp\/v2\/pages\/1609\/revisions\/3805"}],"wp:attachment":[{"href":"https:\/\/sites.ffkarate.fr\/doubs\/wp-json\/wp\/v2\/media?parent=1609"}],"curies":[{"name":"wp","href":"https:\/\/api.w.org\/{rel}","templated":true}]}}