{"id":1693,"date":"2021-07-07T13:13:13","date_gmt":"2021-07-07T11:13:13","guid":{"rendered":"https:\/\/sites.ffkarate.fr\/doubs\/?page_id=1693"},"modified":"2025-12-09T19:53:40","modified_gmt":"2025-12-09T18:53:40","slug":"medias","status":"publish","type":"page","link":"https:\/\/sites.ffkarate.fr\/doubs\/medias\/","title":{"rendered":"M\u00e9dias"},"content":{"rendered":"<div class=\"wpb-content-wrapper\"><p>[vc_row][vc_column][vc_column_text]<\/p>\n<ul>\n<li>Hiver\u00a0 2020 : <a href=\"https:\/\/sites.ffkarate.fr\/doubs\/photos-2020-entrainement-hiver\/\">entra\u00eenement au Karat\u00e9 Club B\u00e9thoncourt<\/a><\/li>\n<li>04\/07\/2021 : <a href=\"https:\/\/sites.ffkarate.fr\/doubs\/photos-2021-07-04\/\">podiums de la comp\u00e9tition open jeunes<\/a><\/li>\n<li>16\/01\/2022 : <a href=\"https:\/\/sites.ffkarate.fr\/doubs\/photos-2022-01-16\/\">podiums kata des comp\u00e9titions du Doubs<\/a><\/li>\n<li>09\/04\/2022 : <a href=\"https:\/\/sites.ffkarate.fr\/doubs\/resultats-competitions-2022-04-09-championnat-de-france-senior\/\">Podiums championnat de France S\u00e9nior<\/a><\/li>\n<li>22\/05\/2022 : <a href=\"https:\/\/sites.ffkarate.fr\/doubs\/photos-2022-05-22-stage-axone\/\">Stage Karat\u00e9 D\u00e9fense et Karat\u00e9 Mix<\/a><\/li>\n<li>12\/01\/2023 : <a href=\"https:\/\/sites.ffkarate.fr\/doubs\/photos-2023-01-12-valdahon\/\">Valdahon, Fabrice BOICHOT, 7\u00e8me DAN<\/a><\/li>\n<li>xx\/xx\/xxxx : &#8230;<\/li>\n<\/ul>\n<p>[\/vc_column_text][\/vc_column][\/vc_row]<\/p>\n<\/div>","protected":false},"excerpt":{"rendered":"<p>[vc_row][vc_column][vc_column_text] Hiver\u00a0 2020 : entra\u00eenement au Karat\u00e9 Club B\u00e9thoncourt 04\/07\/2021 : podiums de la comp\u00e9tition open jeunes 16\/01\/2022 : podiums kata des comp\u00e9titions du Doubs 09\/04\/2022 : Podiums championnat de France S\u00e9nior 22\/05\/2022 : Stage Karat\u00e9 D\u00e9fense et Karat\u00e9 Mix 12\/01\/2023 : Valdahon, Fabrice BOICHOT, 7\u00e8me DAN xx\/xx\/xxxx : &#8230; [\/vc_column_text][\/vc_column][\/vc_row]<\/p>\n","protected":false},"author":83,"featured_media":0,"parent":0,"menu_order":0,"comment_status":"closed","ping_status":"closed","template":"","meta":{"footnotes":""},"class_list":["post-1693","page","type-page","status-publish","hentry"],"_links":{"self":[{"href":"https:\/\/sites.ffkarate.fr\/doubs\/wp-json\/wp\/v2\/pages\/1693","targetHints":{"allow":["GET"]}}],"collection":[{"href":"https:\/\/sites.ffkarate.fr\/doubs\/wp-json\/wp\/v2\/pages"}],"about":[{"href":"https:\/\/sites.ffkarate.fr\/doubs\/wp-json\/wp\/v2\/types\/page"}],"author":[{"embeddable":true,"href":"https:\/\/sites.ffkarate.fr\/doubs\/wp-json\/wp\/v2\/users\/83"}],"replies":[{"embeddable":true,"href":"https:\/\/sites.ffkarate.fr\/doubs\/wp-json\/wp\/v2\/comments?post=1693"}],"version-history":[{"count":13,"href":"https:\/\/sites.ffkarate.fr\/doubs\/wp-json\/wp\/v2\/pages\/1693\/revisions"}],"predecessor-version":[{"id":4709,"href":"https:\/\/sites.ffkarate.fr\/doubs\/wp-json\/wp\/v2\/pages\/1693\/revisions\/4709"}],"wp:attachment":[{"href":"https:\/\/sites.ffkarate.fr\/doubs\/wp-json\/wp\/v2\/media?parent=1693"}],"curies":[{"name":"wp","href":"https:\/\/api.w.org\/{rel}","templated":true}]}}