{"id":2025,"date":"2022-01-17T08:41:53","date_gmt":"2022-01-17T07:41:53","guid":{"rendered":"https:\/\/sites.ffkarate.fr\/doubs\/?page_id=2025"},"modified":"2022-01-21T13:14:43","modified_gmt":"2022-01-21T12:14:43","slug":"resultats-competitions-2022-01-16","status":"publish","type":"page","link":"https:\/\/sites.ffkarate.fr\/doubs\/resultats-competitions-2022-01-16\/","title":{"rendered":"R\u00e9sultats Comp\u00e9titions 2022-01-16"},"content":{"rendered":"<div class=\"wpb-content-wrapper\"><p>[vc_row][vc_column][vc_column_text]<\/p>\n<h1>Podiums des comp\u00e9titions du 16\/01\/2022<\/h1>\n<h1 style=\"text-align: center\"><a href=\"https:\/\/sites.ffkarate.fr\/doubs\/photos-2022-01-16\/\"><img decoding=\"async\" class=\"alignnone wp-image-1371 aligncenter\" src=\"https:\/\/sites.ffkarate.fr\/doubs\/wp-content\/uploads\/sites\/41\/2021\/03\/Bande-Film.jpg\" alt=\"\" width=\"174\" height=\"98\" \/><\/a><\/h1>\n<p>&nbsp;<\/p>\n<p>&nbsp;<\/p>\n<p>&nbsp;<\/p>\n<h1 style=\"text-align: center\"><img decoding=\"async\" class=\"wp-image-1641 aligncenter\" src=\"https:\/\/sites.ffkarate.fr\/doubs\/wp-content\/uploads\/sites\/41\/2021\/07\/Karate-dessin-2-300x300.png\" alt=\"\" width=\"110\" height=\"110\" srcset=\"https:\/\/sites.ffkarate.fr\/doubs\/wp-content\/uploads\/sites\/41\/2021\/07\/Karate-dessin-2-300x300.png 300w, https:\/\/sites.ffkarate.fr\/doubs\/wp-content\/uploads\/sites\/41\/2021\/07\/Karate-dessin-2-176x176.png 176w, https:\/\/sites.ffkarate.fr\/doubs\/wp-content\/uploads\/sites\/41\/2021\/07\/Karate-dessin-2-768x768.png 768w, https:\/\/sites.ffkarate.fr\/doubs\/wp-content\/uploads\/sites\/41\/2021\/07\/Karate-dessin-2-150x150.png 150w, https:\/\/sites.ffkarate.fr\/doubs\/wp-content\/uploads\/sites\/41\/2021\/07\/Karate-dessin-2.png 800w\" sizes=\"(max-width: 110px) 100vw, 110px\" \/><\/h1>\n<h2><\/h2>\n<h1 style=\"text-align: center\">Coupe du Doubs KATA<\/h1>\n<p>&nbsp;<\/p>\n<h3>KATA f\u00e9minin pupille<\/h3>\n<ul>\n<li>1\u00e8re : Manuela LOCHE<\/li>\n<\/ul>\n<p>&nbsp;<\/p>\n<h3>KATA masculin pupille<\/h3>\n<ul>\n<li>1er : Alexy BONOUVRIER<\/li>\n<\/ul>\n<p>&nbsp;<\/p>\n<h3>KATA masculin benjamin<\/h3>\n<ul>\n<li>1er : Ali OUCHACHE<\/li>\n<li>2\u00e8me : Maxence NOEL<\/li>\n<\/ul>\n<p>&nbsp;<\/p>\n<h1 style=\"text-align: center\">Championnat du Doubs KATA<\/h1>\n<p>&nbsp;<\/p>\n<h3>KATA f\u00e9minin minime<\/h3>\n<ul>\n<li>1\u00e8re : Anaelle BIZE<\/li>\n<li>2\u00e8me : Derya KURT<\/li>\n<\/ul>\n<p>&nbsp;<\/p>\n<h3>KATA f\u00e9minin cadet<\/h3>\n<ul>\n<li>1\u00e8re : Maya CHARLIER<\/li>\n<li>2\u00e8me : Ana\u00efs DONZE<\/li>\n<\/ul>\n<p>&nbsp;<\/p>\n<h3>KATA f\u00e9minin senior<\/h3>\n<ul>\n<li>1\u00e8re : Anita CECCON<\/li>\n<\/ul>\n<p>&nbsp;<\/p>\n<h3>KATA masculin junior<\/h3>\n<ul>\n<li>1er : Robin JAILLOT<\/li>\n<\/ul>\n<p>&nbsp;<\/p>\n<h3>KATA masculin senior<\/h3>\n<ul>\n<li>1er : Matias DOMON MORENO<\/li>\n<li>2\u00e8me : Th\u00e9o SAYASENG<\/li>\n<\/ul>\n<p>&nbsp;<\/p>\n<h1 style=\"text-align: center\">Open du Doubs KATA<\/h1>\n<p>&nbsp;<\/p>\n<h3>KATA mixte pupille-benjamin<\/h3>\n<ul>\n<li>1er : Ali OUCHACHE<\/li>\n<li>2\u00e8me : Alexy BONOUVRIER<\/li>\n<li>3\u00e8me : Manuela LOCHE<\/li>\n<li>3\u00e8me : Maxence NOEL<\/li>\n<\/ul>\n<p>&nbsp;<\/p>\n<h3>KATA mixte minime-cadet<\/h3>\n<ul>\n<li>1er : Anaelle BIZE<\/li>\n<li>2\u00e8me : Ana\u00efs DONZE<\/li>\n<li>3\u00e8me : Maya CHARLIER<\/li>\n<li>3\u00e8me : Derya KURT<\/li>\n<\/ul>\n<h3><\/h3>\n<h3>KATA mixte junior-senior<\/h3>\n<ul>\n<li>1er : Matias DOMON MORENO<\/li>\n<li>2\u00e8me : Th\u00e9o SAYASENG<\/li>\n<li>3\u00e8me : Anita CECCON<\/li>\n<li>3\u00e8me : Robin JAILLOT<\/li>\n<\/ul>\n<p>&nbsp;<\/p>\n<p>&nbsp;<\/p>\n<p>&nbsp;<\/p>\n<h1 style=\"text-align: center\"><img decoding=\"async\" class=\"wp-image-1530 aligncenter\" src=\"https:\/\/sites.ffkarate.fr\/doubs\/wp-content\/uploads\/sites\/41\/2021\/05\/Karate-dessin-300x150.png\" alt=\"\" width=\"300\" height=\"150\" srcset=\"https:\/\/sites.ffkarate.fr\/doubs\/wp-content\/uploads\/sites\/41\/2021\/05\/Karate-dessin-300x150.png 300w, https:\/\/sites.ffkarate.fr\/doubs\/wp-content\/uploads\/sites\/41\/2021\/05\/Karate-dessin-768x384.png 768w, https:\/\/sites.ffkarate.fr\/doubs\/wp-content\/uploads\/sites\/41\/2021\/05\/Karate-dessin.png 960w\" sizes=\"(max-width: 300px) 100vw, 300px\" \/><\/h1>\n<h3><\/h3>\n<h1 style=\"text-align: center\">Coupe du Doubs KUMITE<\/h1>\n<p>&nbsp;<\/p>\n<h3>KUMITE f\u00e9minin pupille -30 kg<\/h3>\n<ul>\n<li>1\u00e8re : Inaya TOUZANI<\/li>\n<li>2\u00e8me : Manuela LOCHE<\/li>\n<\/ul>\n<p>&nbsp;<\/p>\n<h3>KUMITE f\u00e9minin pupille -35 kg<\/h3>\n<ul>\n<li>1\u00e8re : Ines MACHET<\/li>\n<\/ul>\n<p>&nbsp;<\/p>\n<h3>KUMITE f\u00e9minin benjamin -30 kg<\/h3>\n<ul>\n<li>1\u00e8re : Nada SIOUANE<\/li>\n<\/ul>\n<p>&nbsp;<\/p>\n<h3>KUMITE f\u00e9minin benjamin -40 kg<\/h3>\n<ul>\n<li>1\u00e8re : Maryam ECHAMAA<\/li>\n<li>2\u00e8me : Manel TAIATI<\/li>\n<\/ul>\n<p>&nbsp;<\/p>\n<h3>KUMITE f\u00e9minin benjamin -45 kg<\/h3>\n<ul>\n<li>1\u00e8re : Ashley PORQUET<\/li>\n<li>2\u00e8me : Secil CIFCI<\/li>\n<\/ul>\n<p>&nbsp;<\/p>\n<h3>KUMITE masculin pupille -25 kg<\/h3>\n<ul>\n<li>1er : Dany FARINHA DIAS<\/li>\n<\/ul>\n<p>&nbsp;<\/p>\n<h3>KUMITE masculin pupille -30 kg<\/h3>\n<ul>\n<li>1er : Zackaria TAGUIA<\/li>\n<li>2\u00e8me : Enes CIFCI<\/li>\n<li>3\u00e8me : Alexy BONOUVRIER<\/li>\n<\/ul>\n<p>&nbsp;<\/p>\n<h3>KUMITE masculin pupille -35 kg<\/h3>\n<ul>\n<li>1er : Sabri HAIDAR<\/li>\n<li>2\u00e8me : Adam ECHAMAA<\/li>\n<li>3\u00e8me : Diyaeddine MECHAI<\/li>\n<\/ul>\n<p>&nbsp;<\/p>\n<h3>KUMITE masculin pupille -40 kg<\/h3>\n<ul>\n<li>1er : Bilal ARKAB<\/li>\n<li>2\u00e8me : Marley LIMANE<\/li>\n<\/ul>\n<p>&nbsp;<\/p>\n<h3>KUMITE masculin pupille -45 kg<\/h3>\n<ul>\n<li>1er : Lihwan GRANDJEAN<\/li>\n<li>2\u00e8me : Alfred PERRETTE<\/li>\n<\/ul>\n<p>&nbsp;<\/p>\n<h3>KUMITE masculin benjamin -30 kg<\/h3>\n<ul>\n<li>1er : Khalil Moussa YUGO<\/li>\n<\/ul>\n<p>&nbsp;<\/p>\n<h3>KUMITE masculin benjamin -35 kg<\/h3>\n<ul>\n<li>1er : Mohamed EL HAMMADI<\/li>\n<\/ul>\n<p>&nbsp;<\/p>\n<h3>KUMITE masculin benjamin -40 kg<\/h3>\n<ul>\n<li>1er : Amine CHRAIBI<\/li>\n<li>2\u00e8me : Ebubekir CAKICI<\/li>\n<li>3\u00e8me : Timoth\u00e9e CREPIN<\/li>\n<\/ul>\n<p>&nbsp;<\/p>\n<h3>KUMITE masculin benjamin -45 kg<\/h3>\n<ul>\n<li>1er : Ali OUCHACHE<\/li>\n<li>2\u00e8me : Nazim BOUADJEHINE<\/li>\n<li>3\u00e8me : Bilal BOUKERCHE<\/li>\n<li>3\u00e8me : Bilal BENDIFALLAH<\/li>\n<\/ul>\n<p>&nbsp;<\/p>\n<h3>KUMITE masculin benjamin -50 kg<\/h3>\n<ul>\n<li>1er : Nahim QABALI<\/li>\n<li>2\u00e8me : Selim ELMAS<\/li>\n<\/ul>\n<p>&nbsp;<\/p>\n<h3>KUMITE masculin benjamin 55+ kg<\/h3>\n<ul>\n<li>1er : Malik SYLL<\/li>\n<li>2\u00e8me : Nazim BOUADJEHINE<\/li>\n<li>3\u00e8me : Bilal BOUKERCHE<\/li>\n<li>3\u00e8me : Bilal BENDIFALLAH<\/li>\n<\/ul>\n<p>&nbsp;<\/p>\n<h1 style=\"text-align: center\">Championnat du Doubs KUMITE<\/h1>\n<p>&nbsp;<\/p>\n<h3>KUMITE f\u00e9minin minime -35 kg<\/h3>\n<ul>\n<li>1\u00e8re : Youssra ALLOUCH<\/li>\n<\/ul>\n<p>&nbsp;<\/p>\n<h3>KUMITE f\u00e9minin minime -50 kg<\/h3>\n<ul>\n<li>1\u00e8re : Sarra ELBASRAOUI<\/li>\n<\/ul>\n<p>&nbsp;<\/p>\n<h3>KUMITE f\u00e9minin minime -55 kg<\/h3>\n<ul>\n<li>1\u00e8re : Kenza BOUKERCHE<\/li>\n<\/ul>\n<p>&nbsp;<\/p>\n<h3>KUMITE f\u00e9minin minime 55+ kg<\/h3>\n<ul>\n<li>1\u00e8re : Souhaila BELLAFKIH<\/li>\n<\/ul>\n<p>&nbsp;<\/p>\n<h3>KUMITE f\u00e9minin cadet -47 kg<\/h3>\n<ul>\n<li>1\u00e8re : Siham YUGO<\/li>\n<li>2\u00e8me : Maya CHARLIER<\/li>\n<\/ul>\n<p>&nbsp;<\/p>\n<h3>KUMITE f\u00e9minin cadet -54 kg<\/h3>\n<ul>\n<li>1\u00e8re : Jihan BOUMAAZA<\/li>\n<li>2\u00e8me : Sarra ELBASRAOUI<\/li>\n<li>3\u00e8me : Shayma ECHAMAA<\/li>\n<\/ul>\n<p>&nbsp;<\/p>\n<h3>KUMITE f\u00e9minin cadet -60 kg<\/h3>\n<ul>\n<li>1\u00e8re : Leyina MECHAI<\/li>\n<\/ul>\n<p>&nbsp;<\/p>\n<h3>KUMITE f\u00e9minin cadet 60+ kg<\/h3>\n<ul>\n<li>1\u00e8re : Faith PORQUET<\/li>\n<li>2\u00e8me : Malak ZAROUEL<\/li>\n<li>3\u00e8me : Amina MESSALI<\/li>\n<li>3\u00e8me : Claire PERSONENI<\/li>\n<\/ul>\n<p>&nbsp;<\/p>\n<h3>KUMITE f\u00e9minin junior -48 kg<\/h3>\n<ul>\n<li>1\u00e8re : Jina DELSART<\/li>\n<\/ul>\n<p>&nbsp;<\/p>\n<h3>KUMITE f\u00e9minin junior -53 kg<\/h3>\n<ul>\n<li>1\u00e8re : Halima BOUMAAZA<\/li>\n<li>2\u00e8me : Sirine NOUI<\/li>\n<\/ul>\n<p>&nbsp;<\/p>\n<h3>KUMITE f\u00e9minin junior -59 kg<\/h3>\n<ul>\n<li>1\u00e8re : Nailla\u00a0 AICHOUCH<\/li>\n<li>2\u00e8me : Imane Kotim YUGO<\/li>\n<li>3\u00e8me : Juliette CECCON<\/li>\n<li>3\u00e8me : Lucie MICHEL<\/li>\n<\/ul>\n<p>&nbsp;<\/p>\n<h3>KUMITE f\u00e9minin junior 59+ kg<\/h3>\n<ul>\n<li>1\u00e8re : Faith PORQUET<\/li>\n<li>2\u00e8me : Laure HERRGOTT<\/li>\n<li>3\u00e8me : Lison ANDRY<\/li>\n<\/ul>\n<p>&nbsp;<\/p>\n<h3>KUMITE f\u00e9minin senior -55 kg<\/h3>\n<ul>\n<li>1\u00e8re : Halima BOUMAAZA<\/li>\n<li>2\u00e8me : Sirine NOUI<\/li>\n<\/ul>\n<p>&nbsp;<\/p>\n<h3>KUMITE f\u00e9minin senior -61 kg<\/h3>\n<ul>\n<li>1\u00e8re : Nailla AICHOUCH<\/li>\n<li>2\u00e8me : Imane Kotim YUGO<\/li>\n<\/ul>\n<p>&nbsp;<\/p>\n<h3>KUMITE f\u00e9minin senior -68 kg<\/h3>\n<ul>\n<li>1\u00e8re : Carla BELBACHIR<\/li>\n<\/ul>\n<p>&nbsp;<\/p>\n<h3>KUMITE f\u00e9minin senior 68+ kg<\/h3>\n<ul>\n<li>1\u00e8re : Laure HERRGOTT<\/li>\n<li>2\u00e8me : Katia MEDDOUR<\/li>\n<\/ul>\n<p>&nbsp;<\/p>\n<h3>KUMITE masculin minime -40 kg<\/h3>\n<ul>\n<li>1er : Ilias GHAZALI<\/li>\n<\/ul>\n<p>&nbsp;<\/p>\n<h3>KUMITE masculin minime -45 kg<\/h3>\n<ul>\n<li>1er : Younes CHARAD<\/li>\n<\/ul>\n<p>&nbsp;<\/p>\n<h3>KUMITE masculin minime -50 kg<\/h3>\n<ul>\n<li>1er : Haceyne MECHAI<\/li>\n<li>2\u00e8me : Yesri HAIDAR<\/li>\n<\/ul>\n<p>&nbsp;<\/p>\n<h3>KUMITE masculin minime -55 kg<\/h3>\n<ul>\n<li>1er : Issa KADIRIC<\/li>\n<li>2\u00e8me : Dawoud TAGUIA<\/li>\n<li>3\u00e8me : Reda SAKHRI<\/li>\n<li>3\u00e8me : Joseph BOMPANGUE<\/li>\n<\/ul>\n<p>&nbsp;<\/p>\n<h3>KUMITE masculin minime -65 kg<\/h3>\n<ul>\n<li>1er : Muhamed HRUSTIC<\/li>\n<li>2\u00e8me : Lazhar BOUADJEHINE<\/li>\n<li>3\u00e8me : Mohamed AOUNI<\/li>\n<\/ul>\n<p>&nbsp;<\/p>\n<h3>KUMITE masculin cadet -45 kg<\/h3>\n<ul>\n<li>1er : Zakariya NOUI<\/li>\n<li>2\u00e8me : Zakaria ZAKNOUNE<\/li>\n<\/ul>\n<p>&nbsp;<\/p>\n<h3>KUMITE masculin cadet -52 kg<\/h3>\n<ul>\n<li>1er : Ilies EL ASRAOUI<\/li>\n<li>2\u00e8me : Yesri HAIDAR<\/li>\n<\/ul>\n<p>&nbsp;<\/p>\n<h3>KUMITE masculin cadet -57 kg<\/h3>\n<ul>\n<li>1er : Issa KADIRIC<\/li>\n<li>2\u00e8me : Muhamed HRUSTIC<\/li>\n<\/ul>\n<p>&nbsp;<\/p>\n<h3>KUMITE masculin cadet -63 kg<\/h3>\n<ul>\n<li>1er : Massinissa TITOUAH<\/li>\n<li>2\u00e8me : Mehdi BERGOUG<\/li>\n<\/ul>\n<p>&nbsp;<\/p>\n<h3>KUMITE masculin cadet -70 kg<\/h3>\n<ul>\n<li>1er : Walid ARKAB<\/li>\n<\/ul>\n<p>&nbsp;<\/p>\n<h3>KUMITE masculin cadet 70+ kg<\/h3>\n<ul>\n<li>1er : Sa\u00efd BOUDAA<\/li>\n<li>2\u00e8me : R\u00e9mi PERRETTE<\/li>\n<\/ul>\n<p>&nbsp;<\/p>\n<h3>KUMITE masculin junior -55 kg<\/h3>\n<ul>\n<li>1er : Zakariya NOUI<\/li>\n<li>2\u00e8me : Evan CHAMEROY<\/li>\n<\/ul>\n<p>&nbsp;<\/p>\n<h3>KUMITE masculin junior -68 kg<\/h3>\n<ul>\n<li>1er : Ayoub EL AADI<\/li>\n<li>2\u00e8me : Mehdi BERGOUG<\/li>\n<li>3\u00e8me : Massinissa TITOUAH<\/li>\n<li>3\u00e8me : Kemi NDAO<\/li>\n<\/ul>\n<p>&nbsp;<\/p>\n<h3>KUMITE masculin junior -76 kg<\/h3>\n<ul>\n<li>1er : Sassy NDAO<\/li>\n<li>2\u00e8me : Anas GHAZALI<\/li>\n<li>3\u00e8me : Matt\u00e9o PETITJEAN<\/li>\n<\/ul>\n<p>&nbsp;<\/p>\n<h3>KUMITE masculin junior 76+ kg<\/h3>\n<ul>\n<li>1er : Ryless BOUDAA<\/li>\n<li>2\u00e8me : Sa\u00efd BOUDAA<\/li>\n<li>3\u00e8me : Robin JAILLOT<\/li>\n<\/ul>\n<p>&nbsp;<\/p>\n<h3>KUMITE masculin senior -67 kg<\/h3>\n<ul>\n<li>1er : Ayoub EL AADI<\/li>\n<li>2\u00e8me : Kemi NDAO<\/li>\n<li>3\u00e8me : Yacine MEDDOUR<\/li>\n<\/ul>\n<p>&nbsp;<\/p>\n<h3>KUMITE masculin senior -75 kg<\/h3>\n<ul>\n<li>1er : Sassy NDAO<\/li>\n<li>2\u00e8me : Anas GHAZALI<\/li>\n<li>3\u00e8me : Thomas GIGOUT<\/li>\n<\/ul>\n<p>&nbsp;<\/p>\n<h3>KUMITE masculin senior -84 kg<\/h3>\n<ul>\n<li>1er : Edge MEHIZ<\/li>\n<\/ul>\n<p>[\/vc_column_text][\/vc_column][\/vc_row]<\/p>\n<\/div>","protected":false},"excerpt":{"rendered":"<p>[vc_row][vc_column][vc_column_text] Podiums des comp\u00e9titions du 16\/01\/2022 &nbsp; &nbsp; &nbsp; Coupe du Doubs KATA &nbsp; KATA f\u00e9minin pupille 1\u00e8re : Manuela LOCHE &nbsp; KATA masculin pupille 1er : Alexy BONOUVRIER &nbsp; KATA masculin benjamin 1er : Ali OUCHACHE 2\u00e8me : Maxence NOEL &nbsp; Championnat du Doubs KATA &nbsp; KATA f\u00e9minin minime 1\u00e8re : Anaelle BIZE 2\u00e8me [&hellip;]<\/p>\n","protected":false},"author":83,"featured_media":0,"parent":0,"menu_order":0,"comment_status":"closed","ping_status":"closed","template":"","meta":{"footnotes":""},"class_list":["post-2025","page","type-page","status-publish","hentry"],"_links":{"self":[{"href":"https:\/\/sites.ffkarate.fr\/doubs\/wp-json\/wp\/v2\/pages\/2025","targetHints":{"allow":["GET"]}}],"collection":[{"href":"https:\/\/sites.ffkarate.fr\/doubs\/wp-json\/wp\/v2\/pages"}],"about":[{"href":"https:\/\/sites.ffkarate.fr\/doubs\/wp-json\/wp\/v2\/types\/page"}],"author":[{"embeddable":true,"href":"https:\/\/sites.ffkarate.fr\/doubs\/wp-json\/wp\/v2\/users\/83"}],"replies":[{"embeddable":true,"href":"https:\/\/sites.ffkarate.fr\/doubs\/wp-json\/wp\/v2\/comments?post=2025"}],"version-history":[{"count":10,"href":"https:\/\/sites.ffkarate.fr\/doubs\/wp-json\/wp\/v2\/pages\/2025\/revisions"}],"predecessor-version":[{"id":2050,"href":"https:\/\/sites.ffkarate.fr\/doubs\/wp-json\/wp\/v2\/pages\/2025\/revisions\/2050"}],"wp:attachment":[{"href":"https:\/\/sites.ffkarate.fr\/doubs\/wp-json\/wp\/v2\/media?parent=2025"}],"curies":[{"name":"wp","href":"https:\/\/api.w.org\/{rel}","templated":true}]}}