{"id":2284,"date":"2022-04-22T10:10:45","date_gmt":"2022-04-22T08:10:45","guid":{"rendered":"https:\/\/sites.ffkarate.fr\/doubs\/?page_id=2284"},"modified":"2022-04-22T11:03:51","modified_gmt":"2022-04-22T09:03:51","slug":"resultats-competitions-2022-04-16","status":"publish","type":"page","link":"https:\/\/sites.ffkarate.fr\/doubs\/resultats-competitions-2022-04-16\/","title":{"rendered":"R\u00e9sultats comp\u00e9titions 2022-04-16"},"content":{"rendered":"<div class=\"wpb-content-wrapper\"><p>[vc_row][vc_column][vc_column_text]<\/p>\n<h4>Champion de France :<\/h4>\n<ul>\n<li>1er [-45 kg] : Zakariya NOUI (Karat\u00e9 Club B\u00e9thoncourt) [<a href=\"https:\/\/sites.ffkarate.fr\/doubs\/wp-content\/uploads\/sites\/41\/2022\/04\/2022-04-16-NOUI.jpg\">photo podium<\/a>]<\/li>\n<\/ul>\n<h4><\/h4>\n<h4>Vice champion de France :<\/h4>\n<ul>\n<li>2\u00e8me [-57 kg] : Hairiss HIERSO (Club Sauvegarde de Besan\u00e7on) [<a href=\"https:\/\/sites.ffkarate.fr\/doubs\/wp-content\/uploads\/sites\/41\/2022\/04\/2022-04-16-HIERSO.jpg\">photo podium<\/a>]<\/li>\n<\/ul>\n<h4><\/h4>\n<h4>Class\u00e9s au tableau :<\/h4>\n<ul>\n<li>5\u00e8me [60+ kg] : Faith PORQUET (Club Sauvegarde de Besan\u00e7on)<\/li>\n<li>7\u00e8me [-54 kg]\u00a0 : Emeni BOUDRIGA (Club Sauvegarde de Besan\u00e7on)<\/li>\n<\/ul>\n<p>[\/vc_column_text][\/vc_column][\/vc_row]<\/p>\n<\/div>","protected":false},"excerpt":{"rendered":"<p>[vc_row][vc_column][vc_column_text] Champion de France : 1er [-45 kg] : Zakariya NOUI (Karat\u00e9 Club B\u00e9thoncourt) [photo podium] Vice champion de France : 2\u00e8me [-57 kg] : Hairiss HIERSO (Club Sauvegarde de Besan\u00e7on) [photo podium] Class\u00e9s au tableau : 5\u00e8me [60+ kg] : Faith PORQUET (Club Sauvegarde de Besan\u00e7on) 7\u00e8me [-54 kg]\u00a0 : Emeni BOUDRIGA (Club Sauvegarde [&hellip;]<\/p>\n","protected":false},"author":83,"featured_media":0,"parent":0,"menu_order":0,"comment_status":"closed","ping_status":"closed","template":"","meta":{"footnotes":""},"class_list":["post-2284","page","type-page","status-publish","hentry"],"_links":{"self":[{"href":"https:\/\/sites.ffkarate.fr\/doubs\/wp-json\/wp\/v2\/pages\/2284","targetHints":{"allow":["GET"]}}],"collection":[{"href":"https:\/\/sites.ffkarate.fr\/doubs\/wp-json\/wp\/v2\/pages"}],"about":[{"href":"https:\/\/sites.ffkarate.fr\/doubs\/wp-json\/wp\/v2\/types\/page"}],"author":[{"embeddable":true,"href":"https:\/\/sites.ffkarate.fr\/doubs\/wp-json\/wp\/v2\/users\/83"}],"replies":[{"embeddable":true,"href":"https:\/\/sites.ffkarate.fr\/doubs\/wp-json\/wp\/v2\/comments?post=2284"}],"version-history":[{"count":7,"href":"https:\/\/sites.ffkarate.fr\/doubs\/wp-json\/wp\/v2\/pages\/2284\/revisions"}],"predecessor-version":[{"id":2320,"href":"https:\/\/sites.ffkarate.fr\/doubs\/wp-json\/wp\/v2\/pages\/2284\/revisions\/2320"}],"wp:attachment":[{"href":"https:\/\/sites.ffkarate.fr\/doubs\/wp-json\/wp\/v2\/media?parent=2284"}],"curies":[{"name":"wp","href":"https:\/\/api.w.org\/{rel}","templated":true}]}}