{"id":23,"date":"2021-05-07T15:54:07","date_gmt":"2021-05-07T13:54:07","guid":{"rendered":"https:\/\/sites.ffkarate.fr\/doubs\/?page_id=23"},"modified":"2024-11-26T16:10:20","modified_gmt":"2024-11-26T15:10:20","slug":"grades","status":"publish","type":"page","link":"https:\/\/sites.ffkarate.fr\/doubs\/grades\/","title":{"rendered":"Grades"},"content":{"rendered":"<div class=\"wpb-content-wrapper\"><p>[vc_row gap=\u00a0\u00bb15&Prime;][vc_column][vc_column_text]<\/p>\n<h2 style=\"text-align: center\">Responsable Grades<\/h2>\n<p>[\/vc_column_text][ffk_peoplecard image=\u00a0\u00bb4188&Prime; title=\u00a0\u00bbFabrice BOICHOT\u00a0\u00bb description=\u00a0\u00bbT\u00e9l : 06-07-60-51-77<br \/>\nMail : fabrice.boichot@gmail.com\u00a0\u00bb][vc_column_text]<\/p>\n<h2>Inscriptions aux examens de grades<\/h2>\n<h4>Envoi des dossiers<\/h4>\n<p>Le dossier de candidature devra \u00eatre complet et retourn\u00e9 <strong>en courrier simple non recommand\u00e9 au moins 30 jours avant la date de l\u2019examen<\/strong> (cachet poste faisant foi) au Comit\u00e9 D\u00e9partemental de Karat\u00e9 du Doubs.<\/p>\n<p><strong>Adresse :<\/strong><\/p>\n<p>Patrick GARCIA<br \/>\nComit\u00e9 D\u00e9partemental de Karat\u00e9 du Doubs<br \/>\n39 rue de la 2\u00e8me cit\u00e9<br \/>\n25250 L&rsquo;Isle sur le Doubs<\/p>\n<h4><\/h4>\n<h4>Contenu du dossier<\/h4>\n<ul>\n<li><a href=\"https:\/\/sites.ffkarate.fr\/doubs\/wp-content\/uploads\/sites\/41\/2024\/01\/Fiche-Inscription-Grades.docx\"><strong>La fiche d\u2019inscription<\/strong><\/a> compl\u00e9t\u00e9e et sign\u00e9e avec la photo du candidat.<\/li>\n<li>Une attestation historique des licences que vous obtenez sur votre page du site f\u00e9d\u00e9ral<\/li>\n<li>L\u2019autorisation parentale pour les candidats mineurs<\/li>\n<li>Le courrier de la CSDGE en cas de d\u00e9rogation sp\u00e9ciale<\/li>\n<li>Un ch\u00e8que de 50 \u20ac \u00e0 l\u2019ordre du Comit\u00e9 D\u00e9partemental de Karat\u00e9 du Doubs (Non remboursable en cas de non pr\u00e9sentation \u00e0 l\u2019examen).<\/li>\n<\/ul>\n<h4><\/h4>\n<h4>Le jour de l\u2019examen<\/h4>\n<p>Vous devez vous pr\u00e9senter au moins 15 minutes avant l\u2019heure de convocation avec :<\/p>\n<ul>\n<li>Votre karategi<\/li>\n<li>Votre passeport sportif en cours de validit\u00e9<\/li>\n<li>Une pi\u00e8ce d\u2019identit\u00e9<\/li>\n<li>La convocation qui vous aura \u00e9t\u00e9 adress\u00e9e par la CODG<\/li>\n<li>Vos cibles si vous avez \u00e0 pr\u00e9senter l\u2019UV Kihon.<\/li>\n<\/ul>\n<p>&nbsp;<\/p>\n<p><strong>Recommandations<\/strong><\/p>\n<p>Avant d\u2019aborder les examens, nous invitons tous les candidats mais aussi professeurs et membres des jurys \u00e0 participer pr\u00e9alablement aux r\u00e9unions d\u2019informations. Les dates des r\u00e9unions et des examens de passage de grades seront not\u00e9s dans le <a href=\"https:\/\/sites.ffkarate.fr\/doubs\/calendrier\/\">calendrier<\/a>.[\/vc_column_text][\/vc_column][\/vc_row]<\/p>\n<\/div>","protected":false},"excerpt":{"rendered":"<p>Le dossier de candidature devra \u00eatre complet et retourn\u00e9 en courrier simple non recommand\u00e9 au moins 30 jours avant la date de l\u2019examen (cachet poste faisant foi) au Comit\u00e9 D\u00e9partemental de Karat\u00e9 De La Gironde.<\/p>\n","protected":false},"author":1,"featured_media":0,"parent":0,"menu_order":0,"comment_status":"closed","ping_status":"closed","template":"","meta":{"footnotes":""},"class_list":["post-23","page","type-page","status-publish","hentry"],"_links":{"self":[{"href":"https:\/\/sites.ffkarate.fr\/doubs\/wp-json\/wp\/v2\/pages\/23","targetHints":{"allow":["GET"]}}],"collection":[{"href":"https:\/\/sites.ffkarate.fr\/doubs\/wp-json\/wp\/v2\/pages"}],"about":[{"href":"https:\/\/sites.ffkarate.fr\/doubs\/wp-json\/wp\/v2\/types\/page"}],"author":[{"embeddable":true,"href":"https:\/\/sites.ffkarate.fr\/doubs\/wp-json\/wp\/v2\/users\/1"}],"replies":[{"embeddable":true,"href":"https:\/\/sites.ffkarate.fr\/doubs\/wp-json\/wp\/v2\/comments?post=23"}],"version-history":[{"count":11,"href":"https:\/\/sites.ffkarate.fr\/doubs\/wp-json\/wp\/v2\/pages\/23\/revisions"}],"predecessor-version":[{"id":4207,"href":"https:\/\/sites.ffkarate.fr\/doubs\/wp-json\/wp\/v2\/pages\/23\/revisions\/4207"}],"wp:attachment":[{"href":"https:\/\/sites.ffkarate.fr\/doubs\/wp-json\/wp\/v2\/media?parent=23"}],"curies":[{"name":"wp","href":"https:\/\/api.w.org\/{rel}","templated":true}]}}