{"id":2483,"date":"2022-05-31T16:08:34","date_gmt":"2022-05-31T14:08:34","guid":{"rendered":"https:\/\/sites.ffkarate.fr\/doubs\/?page_id=2483"},"modified":"2022-05-31T16:23:46","modified_gmt":"2022-05-31T14:23:46","slug":"championnats-deurope-2022-05-25","status":"publish","type":"page","link":"https:\/\/sites.ffkarate.fr\/doubs\/championnats-deurope-2022-05-25\/","title":{"rendered":"Championnats d&rsquo;Europe 2022-05-25"},"content":{"rendered":"<div class=\"wpb-content-wrapper\"><p>[vc_row][vc_column][vc_column_text]<\/p>\n<h3 style=\"text-align: center\">\u00c0 Gaziantep (Turquie), du Mercredi 25 au Dimanche 29 Mai 2022, se d\u00e9roulaient les championnats d&rsquo;Europe de Karat\u00e9. Bravo \u00e0 Laura Sivert (licenci\u00e9e au club Sauvegarde Besan\u00e7on) qui revient avec deux m\u00e9dailles de Bronze (en combat individuel et par \u00e9quipe).<\/h3>\n<p>[\/vc_column_text][\/vc_column][\/vc_row][vc_row][vc_column width=\u00a0\u00bb1\/2&Prime;][vc_single_image image=\u00a0\u00bb2475&Prime; link=\u00a0\u00bbhttps:\/\/sites.ffkarate.fr\/doubs\/wp-content\/uploads\/sites\/41\/2022\/05\/Championnat-Europe-Laura-Sivert-Individuel.png\u00a0\u00bb onclick=\u00a0\u00bbcustom_link\u00a0\u00bb][\/vc_column][vc_column width=\u00a0\u00bb1\/2&Prime;][vc_single_image image=\u00a0\u00bb2476&Prime; link=\u00a0\u00bbhttps:\/\/sites.ffkarate.fr\/doubs\/wp-content\/uploads\/sites\/41\/2022\/05\/Championnat-Europe-Laura-Sivert-equipe.png\u00a0\u00bb onclick=\u00a0\u00bbcustom_link\u00a0\u00bb][\/vc_column][\/vc_row]<\/p>\n<\/div>","protected":false},"excerpt":{"rendered":"<p>[vc_row][vc_column][vc_column_text] \u00c0 Gaziantep (Turquie), du Mercredi 25 au Dimanche 29 Mai 2022, se d\u00e9roulaient les championnats d&rsquo;Europe de Karat\u00e9. Bravo \u00e0 Laura Sivert (licenci\u00e9e au club Sauvegarde Besan\u00e7on) qui revient avec deux m\u00e9dailles de Bronze (en combat individuel et par \u00e9quipe). [\/vc_column_text][\/vc_column][\/vc_row][vc_row][vc_column width=\u00a0\u00bb1\/2&Prime;][vc_single_image image=\u00a0\u00bb2475&Prime; link=\u00a0\u00bbhttps:\/\/sites.ffkarate.fr\/doubs\/wp-content\/uploads\/sites\/41\/2022\/05\/Championnat-Europe-Laura-Sivert-Individuel.png\u00a0\u00bb onclick=\u00a0\u00bbcustom_link\u00a0\u00bb][\/vc_column][vc_column width=\u00a0\u00bb1\/2&Prime;][vc_single_image image=\u00a0\u00bb2476&Prime; link=\u00a0\u00bbhttps:\/\/sites.ffkarate.fr\/doubs\/wp-content\/uploads\/sites\/41\/2022\/05\/Championnat-Europe-Laura-Sivert-equipe.png\u00a0\u00bb onclick=\u00a0\u00bbcustom_link\u00a0\u00bb][\/vc_column][\/vc_row]<\/p>\n","protected":false},"author":83,"featured_media":0,"parent":0,"menu_order":0,"comment_status":"closed","ping_status":"closed","template":"page-fullwidth.php","meta":{"footnotes":""},"class_list":["post-2483","page","type-page","status-publish","hentry"],"_links":{"self":[{"href":"https:\/\/sites.ffkarate.fr\/doubs\/wp-json\/wp\/v2\/pages\/2483","targetHints":{"allow":["GET"]}}],"collection":[{"href":"https:\/\/sites.ffkarate.fr\/doubs\/wp-json\/wp\/v2\/pages"}],"about":[{"href":"https:\/\/sites.ffkarate.fr\/doubs\/wp-json\/wp\/v2\/types\/page"}],"author":[{"embeddable":true,"href":"https:\/\/sites.ffkarate.fr\/doubs\/wp-json\/wp\/v2\/users\/83"}],"replies":[{"embeddable":true,"href":"https:\/\/sites.ffkarate.fr\/doubs\/wp-json\/wp\/v2\/comments?post=2483"}],"version-history":[{"count":6,"href":"https:\/\/sites.ffkarate.fr\/doubs\/wp-json\/wp\/v2\/pages\/2483\/revisions"}],"predecessor-version":[{"id":2493,"href":"https:\/\/sites.ffkarate.fr\/doubs\/wp-json\/wp\/v2\/pages\/2483\/revisions\/2493"}],"wp:attachment":[{"href":"https:\/\/sites.ffkarate.fr\/doubs\/wp-json\/wp\/v2\/media?parent=2483"}],"curies":[{"name":"wp","href":"https:\/\/api.w.org\/{rel}","templated":true}]}}