{"id":2496,"date":"2022-05-31T16:34:59","date_gmt":"2022-05-31T14:34:59","guid":{"rendered":"https:\/\/sites.ffkarate.fr\/doubs\/?page_id=2496"},"modified":"2022-05-31T16:37:49","modified_gmt":"2022-05-31T14:37:49","slug":"championnat-de-france-2022-05-28","status":"publish","type":"page","link":"https:\/\/sites.ffkarate.fr\/doubs\/championnat-de-france-2022-05-28\/","title":{"rendered":"Championnat de France 2022-05-28"},"content":{"rendered":"<div class=\"wpb-content-wrapper\"><p>[vc_row][vc_column][vc_column_text]<\/p>\n<h3 style=\"text-align: center\">Le 28 Mai 2022 se d\u00e9roulait, \u00e0 l&rsquo;INJ (Paris) le Championnat de France V\u00e9t\u00e9rans combat individuel, Marien Akambo (licenci\u00e9 au club Elite Karat\u00e9 Rochois \u00e0 Roche Lez Beaupr\u00e9) a empoch\u00e9 la m\u00e9daille d&rsquo;or lors d&rsquo;une comp\u00e9tition qu&rsquo;il affectionne particuli\u00e8rement. Un bel exemple de long\u00e9vit\u00e9 en comp\u00e9tition. Marien est un ancien membre de l&rsquo;\u00e9quipe de France combat : champion du monde en combat par \u00e9quipe en 2012 (Paris &#8211; Bercy).<\/h3>\n<p>[\/vc_column_text][\/vc_column][\/vc_row][vc_row][vc_column width=\u00a0\u00bb1\/3&Prime;][\/vc_column][vc_column width=\u00a0\u00bb1\/3&Prime;][vc_single_image image=\u00a0\u00bb2492&Prime; link=\u00a0\u00bbhttps:\/\/sites.ffkarate.fr\/doubs\/wp-content\/uploads\/sites\/41\/2022\/05\/Marien-Akambo.jpeg\u00a0\u00bb onclick=\u00a0\u00bbcustom_link\u00a0\u00bb][\/vc_column][vc_column width=\u00a0\u00bb1\/3&Prime;][\/vc_column][\/vc_row]<\/p>\n<\/div>","protected":false},"excerpt":{"rendered":"<p>[vc_row][vc_column][vc_column_text] Le 28 Mai 2022 se d\u00e9roulait, \u00e0 l&rsquo;INJ (Paris) le Championnat de France V\u00e9t\u00e9rans combat individuel, Marien Akambo (licenci\u00e9 au club Elite Karat\u00e9 Rochois \u00e0 Roche Lez Beaupr\u00e9) a empoch\u00e9 la m\u00e9daille d&rsquo;or lors d&rsquo;une comp\u00e9tition qu&rsquo;il affectionne particuli\u00e8rement. Un bel exemple de long\u00e9vit\u00e9 en comp\u00e9tition. Marien est un ancien membre de l&rsquo;\u00e9quipe de [&hellip;]<\/p>\n","protected":false},"author":83,"featured_media":0,"parent":0,"menu_order":0,"comment_status":"closed","ping_status":"closed","template":"page-fullwidth.php","meta":{"footnotes":""},"class_list":["post-2496","page","type-page","status-publish","hentry"],"_links":{"self":[{"href":"https:\/\/sites.ffkarate.fr\/doubs\/wp-json\/wp\/v2\/pages\/2496","targetHints":{"allow":["GET"]}}],"collection":[{"href":"https:\/\/sites.ffkarate.fr\/doubs\/wp-json\/wp\/v2\/pages"}],"about":[{"href":"https:\/\/sites.ffkarate.fr\/doubs\/wp-json\/wp\/v2\/types\/page"}],"author":[{"embeddable":true,"href":"https:\/\/sites.ffkarate.fr\/doubs\/wp-json\/wp\/v2\/users\/83"}],"replies":[{"embeddable":true,"href":"https:\/\/sites.ffkarate.fr\/doubs\/wp-json\/wp\/v2\/comments?post=2496"}],"version-history":[{"count":5,"href":"https:\/\/sites.ffkarate.fr\/doubs\/wp-json\/wp\/v2\/pages\/2496\/revisions"}],"predecessor-version":[{"id":2501,"href":"https:\/\/sites.ffkarate.fr\/doubs\/wp-json\/wp\/v2\/pages\/2496\/revisions\/2501"}],"wp:attachment":[{"href":"https:\/\/sites.ffkarate.fr\/doubs\/wp-json\/wp\/v2\/media?parent=2496"}],"curies":[{"name":"wp","href":"https:\/\/api.w.org\/{rel}","templated":true}]}}