{"id":3198,"date":"2023-06-13T14:53:13","date_gmt":"2023-06-13T12:53:13","guid":{"rendered":"https:\/\/sites.ffkarate.fr\/doubs\/?page_id=3198"},"modified":"2023-06-13T15:59:47","modified_gmt":"2023-06-13T13:59:47","slug":"resultats-grades-2023-06-10","status":"publish","type":"page","link":"https:\/\/sites.ffkarate.fr\/doubs\/resultats-grades-2023-06-10\/","title":{"rendered":"R\u00e9sultats grades 2023-06-10"},"content":{"rendered":"<div class=\"wpb-content-wrapper\"><p>[vc_row][vc_column][vc_tta_tabs][vc_tta_section title=\u00a0\u00bbR\u00e9sultats\u00a0\u00bb tab_id=\u00a0\u00bb1686661490029-b67e43cb-baa7&Prime;][vc_row_inner equal_height=\u00a0\u00bbyes\u00a0\u00bb content_placement=\u00a0\u00bbmiddle\u00a0\u00bb][vc_column_inner width=\u00a0\u00bb1\/4&Prime;][vc_single_image image=\u00a0\u00bb1326&Prime;][\/vc_column_inner][vc_column_inner width=\u00a0\u00bb3\/4&Prime;][vc_single_image image=\u00a0\u00bb1856&Prime;][vc_column_text]<\/p>\n<p style=\"text-align: center\">Le samedi 10 juin 2023, \u00e0 Clerval, s&rsquo;est tenue une session d&rsquo;examen de grade. La liste des candidats, ayant r\u00e9ussi leur examen, a \u00e9t\u00e9 tri\u00e9e par grade. Retrouvez la liste dans les diff\u00e9rents onglets \u00e0 droite.<\/p>\n<p style=\"text-align: center\">F\u00e9licitations aux candidats.<\/p>\n<p>[\/vc_column_text][vc_single_image image=\u00a0\u00bb1856&Prime;][\/vc_column_inner][\/vc_row_inner][\/vc_tta_section][vc_tta_section title=\u00a0\u00bb1er DAN\u00a0\u00bb tab_id=\u00a0\u00bb1686660840445-8bffad36-09ec\u00a0\u00bb][vc_column_text]<strong>SHOT<\/strong><\/p>\n<ul>\n<li>PIERRET ROBIN<\/li>\n<\/ul>\n<p><strong>TAI<\/strong><\/p>\n<ul>\n<li>MARC STEPHANE<\/li>\n<li>MOREY FRANCIS<\/li>\n<li>STENZEL JEAN<\/li>\n<\/ul>\n<p>[\/vc_column_text][\/vc_tta_section][vc_tta_section title=\u00a0\u00bb2\u00e8me DAN\u00a0\u00bb tab_id=\u00a0\u00bb1686660840451-5523606a-5487&Prime;][vc_column_text]<strong>SHOT<\/strong><\/p>\n<ul>\n<li>ALAIN BERTHAUD<\/li>\n<li>LAURENT VUILLEMIN<\/li>\n<li>MOHAMMED RHALOUCH<\/li>\n<li>ALAIN STEFFEN<\/li>\n<li>ESTHER GUAZZETTI<\/li>\n<li>YASSIN ZAKNOUNE<\/li>\n<li>CHLOE SYLVESTRE<\/li>\n<li>EMMANUELLE AGUSSOL-SYLVESTRE<\/li>\n<li>STEPHANIE ROSSI<\/li>\n<li>JOEL GIGON<\/li>\n<\/ul>\n<p><strong>KDEF<\/strong><\/p>\n<ul>\n<li>VINCENT CAPICOTTO<\/li>\n<li>MAXIME LAVOYE<\/li>\n<li>FLORENT VOYNNET<\/li>\n<li>RONNIE MUTHADA POTTAYYA<\/li>\n<li>BRICE CHATELAIN<\/li>\n<\/ul>\n<p><strong>KMIX<\/strong><\/p>\n<ul>\n<li>ANTHONY ARBEY<\/li>\n<\/ul>\n<p><strong>NUNCH<\/strong><\/p>\n<ul>\n<li>MARCEL STIUBEI<\/li>\n<li>GILLES CHAON<\/li>\n<\/ul>\n<p><strong>KFC<\/strong><\/p>\n<ul>\n<li>ANAELLE SEGARD<\/li>\n<\/ul>\n<p><strong>SHIT<\/strong><\/p>\n<ul>\n<li>HERVE LACHAT STILL<\/li>\n<\/ul>\n<p>[\/vc_column_text][\/vc_tta_section][vc_tta_section title=\u00a0\u00bb3\u00e8me DAN\u00a0\u00bb tab_id=\u00a0\u00bb1686660917281-c02d6fff-2f57&Prime;][vc_column_text]<strong>SHOT<\/strong><\/p>\n<ul>\n<li>JEAN-BERNARD MIRABAUD<\/li>\n<li>CARLOS FONTES<\/li>\n<li>JEROME REGNIER<\/li>\n<li>HAKIM AGOUNE<\/li>\n<\/ul>\n<p><strong>KRAV<\/strong><\/p>\n<ul>\n<li>RACHID BOUSSAAD<\/li>\n<li>MARC BERTIN<\/li>\n<\/ul>\n<p><strong>KDEF<\/strong><\/p>\n<ul>\n<li>ERIC VALDENAIRE<\/li>\n<\/ul>\n<p>[\/vc_column_text][\/vc_tta_section][vc_tta_section title=\u00a0\u00bb4\u00e8me DAN\u00a0\u00bb tab_id=\u00a0\u00bb1686660918670-9ac67b49-afbb\u00a0\u00bb][vc_column_text]<strong>SHOT<\/strong><\/p>\n<ul>\n<li>LAURENT JACQUEZ<\/li>\n<li>SAMUEL RAVOT<\/li>\n<li>FRANCOIS CHATELET<\/li>\n<li>LAURENT FAHEM<\/li>\n<\/ul>\n<p><strong>TAI<\/strong><\/p>\n<ul>\n<li>SERGE VAUGIER<\/li>\n<\/ul>\n<p>[\/vc_column_text][\/vc_tta_section][\/vc_tta_tabs][\/vc_column][\/vc_row]<\/p>\n<\/div>","protected":false},"excerpt":{"rendered":"<p>[vc_row][vc_column][vc_tta_tabs][vc_tta_section title=\u00a0\u00bbR\u00e9sultats\u00a0\u00bb tab_id=\u00a0\u00bb1686661490029-b67e43cb-baa7&Prime;][vc_row_inner equal_height=\u00a0\u00bbyes\u00a0\u00bb content_placement=\u00a0\u00bbmiddle\u00a0\u00bb][vc_column_inner width=\u00a0\u00bb1\/4&Prime;][vc_single_image image=\u00a0\u00bb1326&Prime;][\/vc_column_inner][vc_column_inner width=\u00a0\u00bb3\/4&Prime;][vc_single_image image=\u00a0\u00bb1856&Prime;][vc_column_text] Le samedi 10 juin 2023, \u00e0 Clerval, s&rsquo;est tenue une session d&rsquo;examen de grade. La liste des candidats, ayant r\u00e9ussi leur examen, a \u00e9t\u00e9 tri\u00e9e par grade. Retrouvez la liste dans les diff\u00e9rents onglets \u00e0 droite. F\u00e9licitations aux candidats. [\/vc_column_text][vc_single_image image=\u00a0\u00bb1856&Prime;][\/vc_column_inner][\/vc_row_inner][\/vc_tta_section][vc_tta_section title=\u00a0\u00bb1er DAN\u00a0\u00bb tab_id=\u00a0\u00bb1686660840445-8bffad36-09ec\u00a0\u00bb][vc_column_text]SHOT PIERRET ROBIN [&hellip;]<\/p>\n","protected":false},"author":83,"featured_media":0,"parent":0,"menu_order":0,"comment_status":"closed","ping_status":"closed","template":"page-fullwidth.php","meta":{"footnotes":""},"class_list":["post-3198","page","type-page","status-publish","hentry"],"_links":{"self":[{"href":"https:\/\/sites.ffkarate.fr\/doubs\/wp-json\/wp\/v2\/pages\/3198","targetHints":{"allow":["GET"]}}],"collection":[{"href":"https:\/\/sites.ffkarate.fr\/doubs\/wp-json\/wp\/v2\/pages"}],"about":[{"href":"https:\/\/sites.ffkarate.fr\/doubs\/wp-json\/wp\/v2\/types\/page"}],"author":[{"embeddable":true,"href":"https:\/\/sites.ffkarate.fr\/doubs\/wp-json\/wp\/v2\/users\/83"}],"replies":[{"embeddable":true,"href":"https:\/\/sites.ffkarate.fr\/doubs\/wp-json\/wp\/v2\/comments?post=3198"}],"version-history":[{"count":10,"href":"https:\/\/sites.ffkarate.fr\/doubs\/wp-json\/wp\/v2\/pages\/3198\/revisions"}],"predecessor-version":[{"id":3223,"href":"https:\/\/sites.ffkarate.fr\/doubs\/wp-json\/wp\/v2\/pages\/3198\/revisions\/3223"}],"wp:attachment":[{"href":"https:\/\/sites.ffkarate.fr\/doubs\/wp-json\/wp\/v2\/media?parent=3198"}],"curies":[{"name":"wp","href":"https:\/\/api.w.org\/{rel}","templated":true}]}}