{"id":4246,"date":"2024-11-28T16:10:03","date_gmt":"2024-11-28T15:10:03","guid":{"rendered":"https:\/\/sites.ffkarate.fr\/doubs\/?page_id=4246"},"modified":"2024-11-28T16:35:15","modified_gmt":"2024-11-28T15:35:15","slug":"resultats-grades-2022-06-11","status":"publish","type":"page","link":"https:\/\/sites.ffkarate.fr\/doubs\/resultats-grades-2022-06-11\/","title":{"rendered":"R\u00e9sultats grades 2022-06-11"},"content":{"rendered":"<div class=\"wpb-content-wrapper\"><p>[vc_row][vc_column][vc_tta_tabs][vc_tta_section title=\u00a0\u00bbR\u00e9sultats\u00a0\u00bb tab_id=\u00a0\u00bb1686661490029-b67e43cb-baa7&Prime;][vc_row_inner equal_height=\u00a0\u00bbyes\u00a0\u00bb content_placement=\u00a0\u00bbmiddle\u00a0\u00bb][vc_column_inner width=\u00a0\u00bb1\/4&Prime;][vc_single_image image=\u00a0\u00bb1326&Prime;][\/vc_column_inner][vc_column_inner width=\u00a0\u00bb3\/4&Prime;][vc_single_image image=\u00a0\u00bb1856&Prime;][vc_column_text]<\/p>\n<p style=\"text-align: center\">Le samedi 11 juin 2022, \u00e0 B\u00e9thoncourt, s&rsquo;est tenue une session d&rsquo;examen de grade. La liste des candidats, ayant r\u00e9ussi leur examen, a \u00e9t\u00e9 tri\u00e9e par grade. Retrouvez la liste dans les diff\u00e9rents onglets \u00e0 droite.<\/p>\n<p style=\"text-align: center\">F\u00e9licitations aux candidats.<\/p>\n<p>[\/vc_column_text][vc_single_image image=\u00a0\u00bb1856&Prime;][\/vc_column_inner][\/vc_row_inner][\/vc_tta_section][vc_tta_section title=\u00a0\u00bb1er DAN\u00a0\u00bb tab_id=\u00a0\u00bb1686660840445-8bffad36-09ec\u00a0\u00bb][vc_column_text]<strong>SHOT<\/strong><\/p>\n<ul>\n<li>JEREMY BORGES<\/li>\n<li>MAYA CHARLIER<\/li>\n<li>EMILE PETIT<\/li>\n<\/ul>\n<p><strong>KFC<\/strong><\/p>\n<ul>\n<li>SYLVAIN CAZIN<\/li>\n<\/ul>\n<p><strong>KRAV-MAGA<\/strong><\/p>\n<ul>\n<li>CHARLES-LOUIS ELOT<\/li>\n<li>BRUNO MARTIN<\/li>\n<\/ul>\n<p>[\/vc_column_text][\/vc_tta_section][vc_tta_section title=\u00a0\u00bb2\u00e8me DAN\u00a0\u00bb tab_id=\u00a0\u00bb1686660840451-5523606a-5487&Prime;][vc_column_text]<strong>SHOT<\/strong><\/p>\n<ul>\n<li>ALAIN CHAGUE<\/li>\n<li>GERARD VERCEY<\/li>\n<li>VINCENT SARREY<\/li>\n<li>BEATRICE SEVERIN GAIGNER<\/li>\n<li>BERNARD PITON<\/li>\n<li>MARYSE PITON<\/li>\n<li>LEAN-LUC MAYER<\/li>\n<li>FREDERIC TOURNIER<\/li>\n<li>ALAIN GHIRARDI<\/li>\n<li>GAETAN JEANNIN<\/li>\n<li>LYSELINE FOLLET<\/li>\n<li>THOMAS GIGOUT<\/li>\n<li>THEO SAYASENG<\/li>\n<\/ul>\n<p><strong>KFC<\/strong><\/p>\n<ul>\n<li>MOHAND AIT-HATRIT<\/li>\n<li>THIERRY BELOT<\/li>\n<li>KEVIN LAPORTE<\/li>\n<li>THAIS FRELIN-ROULOFF<\/li>\n<\/ul>\n<p><strong>KRAV-MAGA<\/strong><\/p>\n<ul>\n<li>DAVID TORNIER<\/li>\n<li>DAMIEN BRUGERE<\/li>\n<li>ALAIN MYOTTE DUQUET<\/li>\n<\/ul>\n<p>[\/vc_column_text][\/vc_tta_section][vc_tta_section title=\u00a0\u00bb3\u00e8me DAN\u00a0\u00bb tab_id=\u00a0\u00bb1686660917281-c02d6fff-2f57&Prime;][vc_column_text]<strong>SHOT<\/strong><\/p>\n<ul>\n<li>MOHAMED BELFAQUIH<\/li>\n<li>BERNARD DUGHER<\/li>\n<li>ALEXANDRE BERNARD<\/li>\n<li>PATRICK GARCIA<\/li>\n<li>SIMON DECRAENE<\/li>\n<li>ALINE EGLIN<\/li>\n<li>PHILIPPE LARDERET<\/li>\n<li>ERIC PERROTEY<\/li>\n<li>NASSIMA GRAIDIA<\/li>\n<li>YOUNES KADMIRI<\/li>\n<\/ul>\n<p><strong>KFC<\/strong><\/p>\n<ul>\n<li>IBRAHIM SID<\/li>\n<\/ul>\n<p><strong>KMIX<\/strong><\/p>\n<ul>\n<li>GILLES FUMEY<\/li>\n<\/ul>\n<p>[\/vc_column_text][\/vc_tta_section][vc_tta_section title=\u00a0\u00bb4\u00e8me DAN\u00a0\u00bb tab_id=\u00a0\u00bb1686660918670-9ac67b49-afbb\u00a0\u00bb][vc_column_text]<strong>SHOT<\/strong><\/p>\n<ul>\n<li>GILLES GORNISKI<\/li>\n<li>CHRISTINE PALATIN<\/li>\n<li>ANDRE MATHEY<\/li>\n<li>LUC MENYOMO<\/li>\n<li>LAURENT MONTERRAT<\/li>\n<\/ul>\n<p><strong>KDEF<\/strong><\/p>\n<ul>\n<li>GILLES BRIQUEZ<\/li>\n<\/ul>\n<p><strong>KFC<\/strong><\/p>\n<ul>\n<li>ESTELLE STEHLY<\/li>\n<li>GILLES SANCHEZ<\/li>\n<\/ul>\n<p><strong>KRAV-MAGA<\/strong><\/p>\n<ul>\n<li>FABIEN PAUMIER<\/li>\n<\/ul>\n<p>[\/vc_column_text][\/vc_tta_section][\/vc_tta_tabs][\/vc_column][\/vc_row]<\/p>\n<\/div>","protected":false},"excerpt":{"rendered":"<p>[vc_row][vc_column][vc_tta_tabs][vc_tta_section title=\u00a0\u00bbR\u00e9sultats\u00a0\u00bb tab_id=\u00a0\u00bb1686661490029-b67e43cb-baa7&Prime;][vc_row_inner equal_height=\u00a0\u00bbyes\u00a0\u00bb content_placement=\u00a0\u00bbmiddle\u00a0\u00bb][vc_column_inner width=\u00a0\u00bb1\/4&Prime;][vc_single_image image=\u00a0\u00bb1326&Prime;][\/vc_column_inner][vc_column_inner width=\u00a0\u00bb3\/4&Prime;][vc_single_image image=\u00a0\u00bb1856&Prime;][vc_column_text] Le samedi 11 juin 2022, \u00e0 B\u00e9thoncourt, s&rsquo;est tenue une session d&rsquo;examen de grade. La liste des candidats, ayant r\u00e9ussi leur examen, a \u00e9t\u00e9 tri\u00e9e par grade. Retrouvez la liste dans les diff\u00e9rents onglets \u00e0 droite. F\u00e9licitations aux candidats. [\/vc_column_text][vc_single_image image=\u00a0\u00bb1856&Prime;][\/vc_column_inner][\/vc_row_inner][\/vc_tta_section][vc_tta_section title=\u00a0\u00bb1er DAN\u00a0\u00bb tab_id=\u00a0\u00bb1686660840445-8bffad36-09ec\u00a0\u00bb][vc_column_text]SHOT JEREMY BORGES [&hellip;]<\/p>\n","protected":false},"author":83,"featured_media":0,"parent":0,"menu_order":0,"comment_status":"closed","ping_status":"closed","template":"page-fullwidth.php","meta":{"footnotes":""},"class_list":["post-4246","page","type-page","status-publish","hentry"],"_links":{"self":[{"href":"https:\/\/sites.ffkarate.fr\/doubs\/wp-json\/wp\/v2\/pages\/4246","targetHints":{"allow":["GET"]}}],"collection":[{"href":"https:\/\/sites.ffkarate.fr\/doubs\/wp-json\/wp\/v2\/pages"}],"about":[{"href":"https:\/\/sites.ffkarate.fr\/doubs\/wp-json\/wp\/v2\/types\/page"}],"author":[{"embeddable":true,"href":"https:\/\/sites.ffkarate.fr\/doubs\/wp-json\/wp\/v2\/users\/83"}],"replies":[{"embeddable":true,"href":"https:\/\/sites.ffkarate.fr\/doubs\/wp-json\/wp\/v2\/comments?post=4246"}],"version-history":[{"count":5,"href":"https:\/\/sites.ffkarate.fr\/doubs\/wp-json\/wp\/v2\/pages\/4246\/revisions"}],"predecessor-version":[{"id":4253,"href":"https:\/\/sites.ffkarate.fr\/doubs\/wp-json\/wp\/v2\/pages\/4246\/revisions\/4253"}],"wp:attachment":[{"href":"https:\/\/sites.ffkarate.fr\/doubs\/wp-json\/wp\/v2\/media?parent=4246"}],"curies":[{"name":"wp","href":"https:\/\/api.w.org\/{rel}","templated":true}]}}