{"id":676,"date":"2020-12-04T08:38:47","date_gmt":"2020-12-04T07:38:47","guid":{"rendered":"https:\/\/sites.ffkarate.fr\/doubs\/?page_id=676"},"modified":"2020-12-04T08:38:47","modified_gmt":"2020-12-04T07:38:47","slug":"club-0250014","status":"publish","type":"page","link":"https:\/\/sites.ffkarate.fr\/doubs\/club-0250014\/","title":{"rendered":"Club 0250014"},"content":{"rendered":"<div class=\"wpb-content-wrapper\"><p>[vc_row][vc_column][vc_column_text]<\/p>\n<table>\n<colgroup>\n<col span=\"1\" style=\"width:140px\">\n<col span=\"2\">\n  <\/colgroup>\n<tbody>\n<tr>\n<td>N\u00b0 du club :           <\/td>\n<td>0250014<\/td>\n<\/tr>\n<tr>\n<td>Nom du club :          <\/td>\n<td>K.C. BAVANS<\/td>\n<\/tr>\n<tr style=\"height:16px\">\n<td><\/td>\n<td><\/td>\n<\/tr>\n<tr>\n<td>Correspondant :        <\/td>\n<td>F\u00e9lix DOLCI<\/td>\n<\/tr>\n<tr>\n<td>Adresse :              <\/td>\n<td>68 bis rue de la 5\u00e8me DB, 25750 Arcey<\/td>\n<\/tr>\n<tr>\n<td>eMail :                <\/td>\n<td><a href=\"mailto:dolci.felix@orange.fr\">dolci.felix@orange.fr<\/a><\/td>\n<\/tr>\n<tr>\n<td>T\u00e9l :                  <\/td>\n<td>06 74 28 22 86<\/td>\n<\/tr>\n<tr style=\"height:16px\">\n<td><\/td>\n<td><\/td>\n<\/tr>\n<tr>\n<td>Site Internet :        <\/td>\n<td><a href=\"https:\/\/sites.google.com\/site\/karateclubbavans\/\" target=\"_blank\" rel=\"noopener\">https:\/\/sites.google.com\/site\/karateclubbavans\/<\/a><\/td>\n<\/tr>\n<\/tbody>\n<\/table>\n<p><a href=\"https:\/\/sites.ffkarate.fr\/doubs\/liste-des-clubs\/\">Retour \u00e0 la liste des clubs<\/a>[\/vc_column_text][\/vc_column][\/vc_row]<\/p>\n<\/div>","protected":false},"excerpt":{"rendered":"<p>[vc_row][vc_column][vc_column_text] N\u00b0 du club : 0250014 Nom du club : K.C. BAVANS Correspondant : F\u00e9lix DOLCI Adresse : 68 bis rue de la 5\u00e8me DB, 25750 Arcey eMail : dolci.felix@orange.fr T\u00e9l : 06 74 28 22 86 Site Internet : https:\/\/sites.google.com\/site\/karateclubbavans\/ Retour \u00e0 la liste des clubs[\/vc_column_text][\/vc_column][\/vc_row]<\/p>\n","protected":false},"author":83,"featured_media":0,"parent":0,"menu_order":0,"comment_status":"closed","ping_status":"closed","template":"","meta":{"footnotes":""},"class_list":["post-676","page","type-page","status-publish","hentry"],"_links":{"self":[{"href":"https:\/\/sites.ffkarate.fr\/doubs\/wp-json\/wp\/v2\/pages\/676","targetHints":{"allow":["GET"]}}],"collection":[{"href":"https:\/\/sites.ffkarate.fr\/doubs\/wp-json\/wp\/v2\/pages"}],"about":[{"href":"https:\/\/sites.ffkarate.fr\/doubs\/wp-json\/wp\/v2\/types\/page"}],"author":[{"embeddable":true,"href":"https:\/\/sites.ffkarate.fr\/doubs\/wp-json\/wp\/v2\/users\/83"}],"replies":[{"embeddable":true,"href":"https:\/\/sites.ffkarate.fr\/doubs\/wp-json\/wp\/v2\/comments?post=676"}],"version-history":[{"count":0,"href":"https:\/\/sites.ffkarate.fr\/doubs\/wp-json\/wp\/v2\/pages\/676\/revisions"}],"wp:attachment":[{"href":"https:\/\/sites.ffkarate.fr\/doubs\/wp-json\/wp\/v2\/media?parent=676"}],"curies":[{"name":"wp","href":"https:\/\/api.w.org\/{rel}","templated":true}]}}