{"id":57,"date":"2015-01-08T11:32:57","date_gmt":"2015-01-08T11:32:57","guid":{"rendered":"https:\/\/sites.ffkarate.fr\/testclone\/?page_id=57"},"modified":"2026-03-03T19:05:02","modified_gmt":"2026-03-03T18:05:02","slug":"grades-2","status":"publish","type":"page","link":"https:\/\/sites.ffkarate.fr\/dromeardeche\/grades-2\/","title":{"rendered":"Grades"},"content":{"rendered":"<div class=\"wpb-content-wrapper\"><p>[vc_row][vc_column][vc_column_text]Pour am\u00e9liorer un service de proximit\u00e9\u00a0 aux candidats, le comit\u00e9 d\u00e9partemental Dr\u00f4me Ard\u00e8che a obtenu la subd\u00e9l\u00e9gation pour assurer les passages de grades du 1er\/2\u00e8me\/3\u00e8me\/4\u00e8me dan au niveau du d\u00e9partement. La mise en place est effective d\u00e8s la saison 2013 &#8211; 2014 et tout candidat au grade de 1er\/2\u00e8me\/3\u00e8me\/4\u00e8me dan devra dor\u00e9navant se pr\u00e9senter en Dr\u00f4me Ard\u00e8che pour les disciplines suivantes :<\/p>\n<p>&nbsp;<\/p>\n<p class=\"ox-1844c0fb33-MsoNormal\"><b><u>Les responsables des grades 1er et 2\u00e8me 3\u00e8me 4\u00e8me Dan dans chaque discipline<\/u><\/b><\/p>\n<p class=\"ox-1844c0fb33-MsoNormal\"><b><u>Karat\u00e9, karat\u00e9 Jitsu, Nanbudo, Wado-Ryu, <\/u><\/b><\/p>\n<p class=\"ox-1844c0fb33-MsoNormal\"><b><i>Mr J\u00e9r\u00f4me GARDIER<\/i><\/b><\/p>\n<p class=\"ox-1844c0fb33-MsoNormal\">Mail : grades2607@gmail.com<\/p>\n<p class=\"ox-1844c0fb33-MsoNormal\">T\u00e9l :\u00a0 \u00a0 06 86 02 43 98<\/p>\n<p>&nbsp;<\/p>\n<p><strong><img decoding=\"async\" class=\"alignnone size-medium wp-image-3297\" src=\"https:\/\/sites.ffkarate.fr\/dromeardeche\/wp-content\/uploads\/sites\/40\/2024\/07\/Jerome-285x300.png\" alt=\"\" width=\"285\" height=\"300\" srcset=\"https:\/\/sites.ffkarate.fr\/dromeardeche\/wp-content\/uploads\/sites\/40\/2024\/07\/Jerome-285x300.png 285w, https:\/\/sites.ffkarate.fr\/dromeardeche\/wp-content\/uploads\/sites\/40\/2024\/07\/Jerome.png 371w\" sizes=\"(max-width: 285px) 100vw, 285px\" \/><\/strong><\/p>\n<p><strong>ADJOINT AU RESPONSABLE DES GRADES :<\/strong><\/p>\n<p>M. Nicolas MOULIN<\/p>\n<p>Mail : contact@oikazekan.fr<\/p>\n<p>Tel : 06 80 63 47 56<\/p>\n<p><img decoding=\"async\" class=\"alignnone wp-image-2745 size-full\" src=\"https:\/\/sites.ffkarate.fr\/dromeardeche\/wp-content\/uploads\/sites\/40\/2023\/09\/Portrait-Nicolas-Moulin.png\" alt=\"\" width=\"293\" height=\"250\" \/><\/p>\n<p>&nbsp;<\/p>\n<p class=\"ox-1844c0fb33-MsoNormal\"><b><u>ARTS MARTIAUX VIETNAMIEN<\/u><\/b><\/p>\n<p class=\"ox-1844c0fb33-MsoNormal\"><b><i>M. Borivoj MILOVANOVIC<\/i><\/b><\/p>\n<p class=\"ox-1844c0fb33-MsoNormal\">Mail : \u00a0 <a class=\"mailto-link\" href=\"mailto:borivoj@hotmail.com\" target=\"_blank\" rel=\"noopener\">borivoj@hotmail.com<\/a><\/p>\n<p class=\"ox-1844c0fb33-MsoNormal\">T\u00e9l : \u00a0\u00a0\u00a0 06 68 76 81 91<\/p>\n<p class=\"ox-1844c0fb33-MsoNormal\"><img decoding=\"async\" class=\"alignnone wp-image-2746 size-full\" src=\"https:\/\/sites.ffkarate.fr\/dromeardeche\/wp-content\/uploads\/sites\/40\/2023\/09\/Portrait-Borivoj.png\" alt=\"\" width=\"242\" height=\"233\" \/><\/p>\n<p>[\/vc_column_text][vc_column_text]KRAV-MAGA<\/p>\n<p>Wilfrid BRAVAIS<\/p>\n<p>Mail :wyllob@wanadoo.fr<\/p>\n<p>T\u00e9l : <span class=\"c0P5Q\" data-is-tooltip-wrapper=\"true\"><a class=\"W7Nbnf\" href=\"tel:+33632208344\" target=\"_blank\" rel=\"noopener\" aria-label=\"T\u00e9l\u00e9phone: 06 32 20 83 44\" aria-describedby=\"ttid-c1497\">06 32 20 83 44<\/a><\/span><\/p>\n<div class=\"wqOuQ\">\n<div id=\"ttid-c1497\" class=\"ne2Ple-oshW8e-V67aGc\" role=\"tooltip\" aria-hidden=\"true\"><\/div>\n<\/div>\n<div id=\"ttid-c1495\" class=\"ne2Ple-oshW8e-V67aGc\" role=\"tooltip\" aria-hidden=\"true\"><\/div>\n<p><img decoding=\"async\" class=\"alignnone size-full wp-image-3299\" src=\"https:\/\/sites.ffkarate.fr\/dromeardeche\/wp-content\/uploads\/sites\/40\/2024\/07\/Portrait-Wilfrid.png\" alt=\"\" width=\"188\" height=\"230\" \/>[\/vc_column_text][\/vc_column][\/vc_row]<\/p>\n<\/div>","protected":false},"excerpt":{"rendered":"<p>[vc_row][vc_column][vc_column_text]Pour am\u00e9liorer un service de proximit\u00e9\u00a0 aux candidats, le comit\u00e9 d\u00e9partemental Dr\u00f4me Ard\u00e8che a obtenu la subd\u00e9l\u00e9gation pour assurer les passages de grades du 1er\/2\u00e8me\/3\u00e8me\/4\u00e8me dan au niveau du d\u00e9partement. La mise en place est effective d\u00e8s la saison 2013 &#8211; 2014 et tout candidat au grade de 1er\/2\u00e8me\/3\u00e8me\/4\u00e8me dan devra dor\u00e9navant se pr\u00e9senter en [&hellip;]<\/p>\n","protected":false},"author":20,"featured_media":0,"parent":0,"menu_order":0,"comment_status":"closed","ping_status":"closed","template":"","meta":{"footnotes":""},"class_list":["post-57","page","type-page","status-publish","hentry"],"_links":{"self":[{"href":"https:\/\/sites.ffkarate.fr\/dromeardeche\/wp-json\/wp\/v2\/pages\/57","targetHints":{"allow":["GET"]}}],"collection":[{"href":"https:\/\/sites.ffkarate.fr\/dromeardeche\/wp-json\/wp\/v2\/pages"}],"about":[{"href":"https:\/\/sites.ffkarate.fr\/dromeardeche\/wp-json\/wp\/v2\/types\/page"}],"author":[{"embeddable":true,"href":"https:\/\/sites.ffkarate.fr\/dromeardeche\/wp-json\/wp\/v2\/users\/20"}],"replies":[{"embeddable":true,"href":"https:\/\/sites.ffkarate.fr\/dromeardeche\/wp-json\/wp\/v2\/comments?post=57"}],"version-history":[{"count":8,"href":"https:\/\/sites.ffkarate.fr\/dromeardeche\/wp-json\/wp\/v2\/pages\/57\/revisions"}],"predecessor-version":[{"id":4138,"href":"https:\/\/sites.ffkarate.fr\/dromeardeche\/wp-json\/wp\/v2\/pages\/57\/revisions\/4138"}],"wp:attachment":[{"href":"https:\/\/sites.ffkarate.fr\/dromeardeche\/wp-json\/wp\/v2\/media?parent=57"}],"curies":[{"name":"wp","href":"https:\/\/api.w.org\/{rel}","templated":true}]}}