{"id":23,"date":"2021-05-07T15:54:07","date_gmt":"2021-05-07T13:54:07","guid":{"rendered":"https:\/\/sites.ffkarate.fr\/essonne\/?page_id=23"},"modified":"2025-11-12T21:10:08","modified_gmt":"2025-11-12T20:10:08","slug":"grades","status":"publish","type":"page","link":"https:\/\/sites.ffkarate.fr\/essonne\/grades\/","title":{"rendered":"Grades"},"content":{"rendered":"<div class=\"wpb-content-wrapper\"><p>[vc_row gap=\u00a0\u00bb15&Prime;][vc_column][vc_column_text]<\/p>\n<h3 style=\"text-align: center\">Inscription aux examens des grades<\/h3>\n<p>[\/vc_column_text][vc_column_text]Les inscriptions aux examens de grades se font uniquement par mail \u00e0 : <span style=\"color: #0000ff\"><strong>cd91grades@free.fr<\/strong><\/span>[\/vc_column_text][vc_column_text]<\/p>\n<h3>Dossier d&rsquo;inscription<\/h3>\n<p><strong>Le candidat doit<\/strong> :<\/p>\n<ul>\n<li>T\u00e9l\u00e9charger la fiche d&rsquo;inscription en fonction du grade \u00e0 passer : <a href=\"https:\/\/sites.ffkarate.fr\/essonne\/wp-content\/uploads\/sites\/43\/2025\/09\/FInscr1er-2e-3e-4eDan20252026.doc\">Fiche d&rsquo;inscription grade 1 \u00e0 4<\/a><\/li>\n<li>Remplir le dossier et joindre tous les documents demand\u00e9s<\/li>\n<li>Transmettre le<strong> dossier complet<\/strong> par mail (adresse ci-dessus) <strong>au plus tard 30 jours avant la date<\/strong> <strong>de l&rsquo;examen<\/strong> (voir calendrier sur notre site)<\/li>\n<\/ul>\n<p><strong>Le dossier comprends les documents suivants<\/strong> :<\/p>\n<ul>\n<li>La fiche d&rsquo;inscription<\/li>\n<li>L&rsquo;historique des licences (dont celle de la saison en cours)<\/li>\n<li>Le cas \u00e9ch\u00e9ant, la page des UV d\u00e9j\u00e0 obtenues avec les notes pour l&rsquo;examen concern\u00e9<\/li>\n<li>Le cas \u00e9ch\u00e9ant, la page des points de bonifications acquis lors des stages d&rsquo;experts f\u00e9d\u00e9raux<\/li>\n<li>Pour les candidats \u00e0 la Voie Comp\u00e9tition : copie des participations en comp\u00e9titions (maximum 5 en Individuel : soit en kata, soit en kumit\u00e9)<\/li>\n<li>Documents administratifs f\u00e9d\u00e9raux (Ex. bonification de temps, &#8230;)<\/li>\n<\/ul>\n<p>[\/vc_column_text][\/vc_column][\/vc_row][vc_row][vc_column width=\u00a0\u00bb1\/4&Prime;][\/vc_column][vc_column width=\u00a0\u00bb1\/2&Prime;][ffk_buttons buttons=\u00a0\u00bb%5B%7B%22link%22%3A%22url%3Ahttps%253A%252F%252Fwww.ffkarate.fr%252Fespace-licencies%252Fpasser-un-grade%252F%7Ctitle%3APasser%2520un%2520grade%22%7D%5D\u00a0\u00bb][\/vc_column][vc_column width=\u00a0\u00bb1\/4&Prime;][\/vc_column][vc_column bg_grey=\u00a0\u00bb1&Prime;][vc_column_text]<\/p>\n<h4><strong>Pour les clubs<\/strong><\/h4>\n<p>Documents utiles pour le passage du 1er Dan\/Dang\/Duong en club :<\/p>\n<ul>\n<li><a href=\"https:\/\/www.ffkarate.fr\/wp-content\/uploads\/2024\/09\/Resume-de-la-reglementation-concernant-le-1er-DAN-en-club-2024-2025.pdf\" target=\"_blank\" rel=\"noopener\">R\u00e9sum\u00e9 de la r\u00e8glementation<\/a> du 1er Dan<\/li>\n<li><a href=\"https:\/\/sites.ffkarate.fr\/essonne\/wp-content\/uploads\/sites\/43\/2024\/09\/Examens1erDanEnClub.docx\">Confirmation examen<\/a>\u00a01er Dan club<\/li>\n<li><a href=\"https:\/\/www.ffkarate.fr\/wp-content\/uploads\/2024\/09\/Liste-Bordereau-dadmission-1er-dan-1-modifiable.pdf\" target=\"_blank\" rel=\"noopener\">Bordereau d&rsquo;admission<\/a> au grade de 1er Dan<\/li>\n<\/ul>\n<p>[\/vc_column_text][\/vc_column][\/vc_row][vc_row gap=\u00a0\u00bb15&Prime;][vc_column][vc_column_text]<\/p>\n<h3><strong>D\u00e9rogations<\/strong><\/h3>\n<p>Toute demande de d\u00e9rogation devra \u00eatre justifi\u00e9e par la transmission du document rev\u00eatu de l&rsquo;accord du Pr\u00e9sident de la CSDGE.<\/p>\n<p>Ceci concerne les articles suivants :<\/p>\n<ul>\n<li><strong>Article 206<\/strong> &#8211; Temps de pratique entre chaque passage de Dans et Grades \u00e9quivalents<\/li>\n<li><strong>Article 209<\/strong> &#8211; <a href=\"https:\/\/sites.ffkarate.fr\/essonne\/wp-content\/uploads\/sites\/43\/2021\/07\/DEMANDE-DE-BONIFICATION-EN-TEMPS-DE-PRATIQUE-ART-209-CSDGE-.pdf\">Bonification en temps de pratique<\/a><\/li>\n<li><strong>Article 212<\/strong> &#8211; <a href=\"https:\/\/www.ffkarate.fr\/wp-content\/uploads\/2024\/09\/ART-212-FORMULAIRE-GRADE-ADAPTE_MODIFIABLE-V2.pdf\" target=\"_blank\" rel=\"noopener\">Grade adapt\u00e9<\/a><\/li>\n<li><strong>Article 215<\/strong> &#8211; <a href=\"https:\/\/sites.ffkarate.fr\/essonne\/wp-content\/uploads\/sites\/43\/2021\/07\/FORMULAIRE-GRADE-EXCEPTIONNEL.pdf\">Demande de grade exceptionnel<\/a><\/li>\n<li><strong>Article 217<\/strong>\u00a0&#8211; <a href=\"https:\/\/www.ffkarate.fr\/wp-content\/uploads\/2024\/09\/ART-217-FORMULAIRE-EQUIVALENCE-ETRANGERE_MODIFIABLE.pdf\" target=\"_blank\" rel=\"noopener\">Reconnaissance des Dans et Grades \u00e9quivalents obtenus \u00e0 l&rsquo;\u00e9tranger<\/a><\/li>\n<\/ul>\n<p>[\/vc_column_text][vc_column_text]<\/p>\n<h3><strong>Validation de l&rsquo;inscription<\/strong><\/h3>\n<p>L\u2019inscription au passage de grade sera valid\u00e9e apr\u00e8s r\u00e9ceptions du r\u00e8glement de 50\u20ac (ch\u00e8que \u00e0 l\u2019ordre de CDK 91) <strong>au plus tard 7 jours apr\u00e8s la cl\u00f4ture des inscriptions<\/strong>.<\/p>\n<p>ADRESSE pour transmettre le r\u00e8glement\u00a0:<\/p>\n<p style=\"text-align: center\">CDK91 \u2013 CODG91<\/p>\n<p style=\"text-align: center\">9, rue Danielle Casanova<\/p>\n<p style=\"text-align: center\">91240 Saint-Michel-Sur-Orge<\/p>\n<p style=\"text-align: center\"><strong><span style=\"color: #ff0000\">PAS D&rsquo;ENVOI EN RECOMMANDE A\/R<\/span><\/strong><\/p>\n<p>[\/vc_column_text][vc_column_text]<\/p>\n<h3><strong>Le jour de l\u2019examen<\/strong><\/h3>\n<p>Le candidat devra venir avec :<\/p>\n<ul>\n<li>Son passeport sportif <strong>valide<\/strong> (v\u00e9rifiez sa validit\u00e9 \u2013 6 ans)<\/li>\n<li>Son mat\u00e9riel (Ex.\u00a0: karat\u00e9ka\u00a0: 2 cibles, Aito\u00a0: b\u00e2ton court\u2026)<\/li>\n<\/ul>\n<p>[\/vc_column_text][vc_column_text]<\/p>\n<h3><strong>La r\u00e9cup\u00e9ration des documents<\/strong><\/h3>\n<p>Apr\u00e8s l\u2019homologation de son Dan\/Dang\/Duan, le candidat peut soit :<\/p>\n<ul>\n<li>R\u00e9cup\u00e9rer ses documents en venant les chercher au CODG91,<\/li>\n<li>Apporter, le jour de son examen, une enveloppe format A4 (21\u00d729,7 cm) affranchie pour 100g, \u00e0 l\u2019adresse du candidat en vue du retour du passeport, du dipl\u00f4me et de la carte.<\/li>\n<\/ul>\n<p>[\/vc_column_text][vc_column_text]<\/p>\n<h3><strong>Autres documents utiles<\/strong><\/h3>\n<ul>\n<li><a href=\"https:\/\/www.ffkarate.fr\/wp-content\/uploads\/2024\/09\/REGLEMENTATION-GENERAL-2024-2025.pdf\" target=\"_blank\" rel=\"noopener\">R\u00e8glement g\u00e9n\u00e9ral CSDGE<\/a><\/li>\n<li><a href=\"https:\/\/sites.ffkarate.fr\/essonne\/wp-content\/uploads\/sites\/43\/2025\/09\/FicheCandidatureJuryDan-2526.docx\">Fiche Jury Dan<\/a><\/li>\n<\/ul>\n<p>[\/vc_column_text][\/vc_column][\/vc_row]<\/p>\n<\/div>","protected":false},"excerpt":{"rendered":"<p>Le dossier de candidature devra \u00eatre complet et retourn\u00e9 en courrier simple non recommand\u00e9 au moins 30 jours avant la date de l\u2019examen (cachet poste faisant foi) au Comit\u00e9 D\u00e9partemental de Karat\u00e9 De La Gironde.<\/p>\n","protected":false},"author":1,"featured_media":0,"parent":0,"menu_order":0,"comment_status":"closed","ping_status":"closed","template":"","meta":{"footnotes":""},"class_list":["post-23","page","type-page","status-publish","hentry"],"_links":{"self":[{"href":"https:\/\/sites.ffkarate.fr\/essonne\/wp-json\/wp\/v2\/pages\/23","targetHints":{"allow":["GET"]}}],"collection":[{"href":"https:\/\/sites.ffkarate.fr\/essonne\/wp-json\/wp\/v2\/pages"}],"about":[{"href":"https:\/\/sites.ffkarate.fr\/essonne\/wp-json\/wp\/v2\/types\/page"}],"author":[{"embeddable":true,"href":"https:\/\/sites.ffkarate.fr\/essonne\/wp-json\/wp\/v2\/users\/1"}],"replies":[{"embeddable":true,"href":"https:\/\/sites.ffkarate.fr\/essonne\/wp-json\/wp\/v2\/comments?post=23"}],"version-history":[{"count":13,"href":"https:\/\/sites.ffkarate.fr\/essonne\/wp-json\/wp\/v2\/pages\/23\/revisions"}],"predecessor-version":[{"id":5406,"href":"https:\/\/sites.ffkarate.fr\/essonne\/wp-json\/wp\/v2\/pages\/23\/revisions\/5406"}],"wp:attachment":[{"href":"https:\/\/sites.ffkarate.fr\/essonne\/wp-json\/wp\/v2\/media?parent=23"}],"curies":[{"name":"wp","href":"https:\/\/api.w.org\/{rel}","templated":true}]}}