{"id":248,"date":"2015-09-16T15:54:02","date_gmt":"2015-09-16T13:54:02","guid":{"rendered":"https:\/\/sites.ffkarate.fr\/essonne\/?page_id=248"},"modified":"2025-11-26T10:47:28","modified_gmt":"2025-11-26T09:47:28","slug":"informations","status":"publish","type":"page","link":"https:\/\/sites.ffkarate.fr\/essonne\/la-ligue\/informations\/","title":{"rendered":"Informations"},"content":{"rendered":"<div class=\"wpb-content-wrapper\"><p>[vc_row][vc_column][vc_column_text]<\/p>\n<h2>\u00a0Correspondance<\/h2>\n<p><strong><a href=\"https:\/\/sites.ffkarate.fr\/essonne\/wp-content\/uploads\/sites\/43\/2023\/09\/FicheCoordonneesClubs2023-2024.pdf\">Fiche renseignements clubs \u00e0 t\u00e9l\u00e9charger<\/a><\/strong><\/p>\n<p>&nbsp;<\/p>\n<h2>Ventes et Homologations de Passeports Sportifs : AUCUN ENVOI par la poste<\/h2>\n<p>a) Soit au CDK91 : Le Comit\u00e9 est ouvert le mardi, mercredi, jeudi et le vendredi de 8H30 \u00e0 12H00 &#8211; T\u00e9l\u00e9phone : 01 69 23 44 35<\/p>\n<p>Tarifs :<br \/>\n* Passeport Karat\u00e9 BLEU \/ Passeport Krav Maga \/ Passeport Arts Martiaux Vietnamiens : 25 \u20ac<\/p>\n<p>P.S. : pour l&rsquo;homologation d&rsquo;un passeport, il faut : 1 photo d&rsquo;identit\u00e9 et \u00ab l&rsquo;\u00e9tiquette d&rsquo;identification passeport \u00bb qui figure sur la page o\u00f9 se trouve le timbre de licence.<\/p>\n<p>b) Lors des manifestations de karat\u00e9 (voir calendrier) ou lors des examens Dan organis\u00e9s par la Ligue.<\/p>\n<h2>Les contacts<\/h2>\n<ul>\n<li>Pr\u00e9sident CDK91 : M. Francis DALLERAC : 06 13 75 94 49<\/li>\n<li>Secr\u00e9taire G\u00e9n\u00e9rale CDK91 : Mme H\u00e9l\u00e8ne CLAUDE : 06 21 27 08 97 <a href=\"mailto:cd.karateessonne@orange.fr\" target=\"_blank\" rel=\"noopener\">cd.karateessonne@orange.fr<\/a><\/li>\n<li>Conseiller Technique de D\u00e9partement\u00a0: M. Jean-Sylvain RENAUD : 06 14 45 10 08 \/ <a href=\"mailto:jsrenaud1956@gmail.com\">jsrenaud1956@gmail.com<\/a><\/li>\n<li>Responsable de l&rsquo;Arbitrage : M. Guillaume SOUMENAT : 06 30 37 77 53<\/li>\n<\/ul>\n<p>[\/vc_column_text][\/vc_column][\/vc_row]<\/p>\n<\/div>","protected":false},"excerpt":{"rendered":"<p>[vc_row][vc_column][vc_column_text] \u00a0Correspondance Fiche renseignements clubs \u00e0 t\u00e9l\u00e9charger &nbsp; Ventes et Homologations de Passeports Sportifs : AUCUN ENVOI par la poste a) Soit au CDK91 : Le Comit\u00e9 est ouvert le mardi, mercredi, jeudi et le vendredi de 8H30 \u00e0 12H00 &#8211; T\u00e9l\u00e9phone : 01 69 23 44 35 Tarifs : * Passeport Karat\u00e9 BLEU \/ [&hellip;]<\/p>\n","protected":false},"author":71,"featured_media":0,"parent":50,"menu_order":0,"comment_status":"closed","ping_status":"closed","template":"","meta":{"footnotes":""},"class_list":["post-248","page","type-page","status-publish","hentry"],"_links":{"self":[{"href":"https:\/\/sites.ffkarate.fr\/essonne\/wp-json\/wp\/v2\/pages\/248","targetHints":{"allow":["GET"]}}],"collection":[{"href":"https:\/\/sites.ffkarate.fr\/essonne\/wp-json\/wp\/v2\/pages"}],"about":[{"href":"https:\/\/sites.ffkarate.fr\/essonne\/wp-json\/wp\/v2\/types\/page"}],"author":[{"embeddable":true,"href":"https:\/\/sites.ffkarate.fr\/essonne\/wp-json\/wp\/v2\/users\/71"}],"replies":[{"embeddable":true,"href":"https:\/\/sites.ffkarate.fr\/essonne\/wp-json\/wp\/v2\/comments?post=248"}],"version-history":[{"count":12,"href":"https:\/\/sites.ffkarate.fr\/essonne\/wp-json\/wp\/v2\/pages\/248\/revisions"}],"predecessor-version":[{"id":5425,"href":"https:\/\/sites.ffkarate.fr\/essonne\/wp-json\/wp\/v2\/pages\/248\/revisions\/5425"}],"up":[{"embeddable":true,"href":"https:\/\/sites.ffkarate.fr\/essonne\/wp-json\/wp\/v2\/pages\/50"}],"wp:attachment":[{"href":"https:\/\/sites.ffkarate.fr\/essonne\/wp-json\/wp\/v2\/media?parent=248"}],"curies":[{"name":"wp","href":"https:\/\/api.w.org\/{rel}","templated":true}]}}