{"id":27,"date":"2021-05-07T15:56:14","date_gmt":"2021-05-07T13:56:14","guid":{"rendered":"https:\/\/sites.ffkarate.fr\/essonne\/?page_id=27"},"modified":"2025-10-01T22:23:58","modified_gmt":"2025-10-01T20:23:58","slug":"formations","status":"publish","type":"page","link":"https:\/\/sites.ffkarate.fr\/essonne\/formations\/","title":{"rendered":"Formations"},"content":{"rendered":"<div class=\"wpb-content-wrapper\"><p>[vc_row][vc_column][ffk_peoplecard image=\u00a0\u00bb130&Prime; title=\u00a0\u00bbSANTONI Fran\u00e7ois\u00a0\u00bb subtitle=\u00a0\u00bbResponsable d\u00e9partemental de formation\u00a0\u00bb][vc_column_text]<\/p>\n<p style=\"text-align: center\"><strong>06 08 31 22 37<\/strong><\/p>\n<p style=\"text-align: center\"><a href=\"mailto:fsantoni4@gmail.com\">fsantoni4@gmail.com<\/a><\/p>\n<p>[\/vc_column_text][vc_empty_space][\/vc_column][\/vc_row][vc_row][vc_column][vc_row_inner][vc_column_inner][vc_column_text][\/vc_column_text][vc_column_text]<\/p>\n<h2 style=\"text-align: center\">Formations FFKDA dispens\u00e9es au niveau du D\u00e9partement de l&rsquo;Essonne<\/h2>\n<h3 style=\"text-align: center\">Saison 2025 &#8211; 2026<\/h3>\n<p>[\/vc_column_text][vc_column_text]Horaires des formations : <strong>09 h00 \/ 12h00<\/strong> et <strong>13h30 \/ 18h00<\/strong><\/p>\n<p>Les formations ont lieu les <strong>samedis en salle<\/strong> et les <strong>dimanches en dojo<\/strong>.[\/vc_column_text][ffk_button link=\u00a0\u00bburl:https%3A%2F%2Fsites.ffkarate.fr%2Fessonne%2Fwp-content%2Fuploads%2Fsites%2F43%2F2022%2F08%2FReglement-des-formations-2021-2022-licencies_v4.pdf|title:R%C3%A8glement%20des%20formations\u00a0\u00bb][vc_empty_space][vc_column_text]<\/p>\n<h3 style=\"text-align: center\">Les formations<\/h3>\n<p>[\/vc_column_text][\/vc_column_inner][\/vc_row_inner][vc_tta_tabs][vc_tta_section title=\u00a0\u00bbAFA\u00a0\u00bb tab_id=\u00a0\u00bb1732264646832-d4e3add8-a195&Prime;][vc_column_text]<\/p>\n<h4 style=\"text-align: center\">Attestation F\u00e9d\u00e9rale d&rsquo;Assistant<\/h4>\n<p><span style=\"text-decoration: underline\">1\u00e8re session<\/span><\/p>\n<p>Dimanche <strong>30 novembre<\/strong> 2025 en dojo<\/p>\n<p><span style=\"text-decoration: underline\">2\u00e8me session<\/span><\/p>\n<p>Dimanche <strong>15 mars <\/strong>2026 en dojo[\/vc_column_text][ffk_buttons buttons=\u00a0\u00bb%5B%7B%22link%22%3A%22url%3Ahttps%253A%252F%252Fsites.ffkarate.fr%252Fessonne%252Fwp-content%252Fuploads%252Fsites%252F43%252F2024%252F09%252FAFA-Synthese.pdf%7Ctitle%3ADescription%2520de%2520formation%22%7D%2C%7B%22link%22%3A%22url%3Ahttps%253A%252F%252Fsites.ffkarate.fr%252Fessonne%252Fwp-content%252Fuploads%252Fsites%252F43%252F2025%252F10%252FFiche-Inscription-AFA-2025.pdf%7Ctitle%3AFormulaire%2520d&rsquo;inscription%22%2C%22color%22%3A%22primary%22%7D%5D\u00a0\u00bb][\/vc_tta_section][vc_tta_section title=\u00a0\u00bbDAF\u00a0\u00bb tab_id=\u00a0\u00bb1732264646853-9d50125c-a408&Prime;][vc_column_text]<\/p>\n<h4 style=\"text-align: center\">Dipl\u00f4me d&rsquo;Assistant F\u00e9d\u00e9ral<\/h4>\n<p><span style=\"text-decoration: underline\">1\u00e8re session<\/span> :<\/p>\n<p>Samedi <strong>29 novembre<\/strong> 2025 en salle et\u00a0Dimanche <strong>30 novembre<\/strong>\u00a02025 en dojo<\/p>\n<p><span style=\"text-decoration: underline\">2\u00e8me session<\/span> :<\/p>\n<p>Samedi <strong>28 f\u00e9vrier <\/strong>2026 en salle et Dimanche <strong>1er mars <\/strong>2026 en dojo[\/vc_column_text][ffk_buttons buttons=\u00a0\u00bb%5B%7B%22link%22%3A%22url%3Ahttps%253A%252F%252Fsites.ffkarate.fr%252Fessonne%252Fwp-content%252Fuploads%252Fsites%252F43%252F2024%252F09%252FFiche-Inscription-DAF.pdf%7Ctitle%3ADescription%2520de%2520formation%22%7D%2C%7B%22link%22%3A%22url%3Ahttps%253A%252F%252Fsites.ffkarate.fr%252Fessonne%252Fwp-content%252Fuploads%252Fsites%252F43%252F2025%252F10%252FFiche-Inscription-DAF-2025.pdf%7Ctitle%3AFormulaire%2520d&rsquo;inscription%22%2C%22color%22%3A%22primary%22%7D%5D\u00a0\u00bb][\/vc_tta_section][vc_tta_section title=\u00a0\u00bbDIF\u00a0\u00bb tab_id=\u00a0\u00bb1732264971765-9e4b6235-cc3e\u00a0\u00bb][vc_column_text]<\/p>\n<h4 style=\"text-align: center\">Dipl\u00f4me d&rsquo;Instructeur F\u00e9d\u00e9ral<\/h4>\n<h4><\/h4>\n<h4><em>Pour les stagiaires non titulaires du DAF<\/em><\/h4>\n<p><em>\u00a0 \u00a0 \u00a0<span style=\"text-decoration: underline\">1\u00e8re session<\/span><\/em><\/p>\n<p>Samedis <strong>29 novembre<\/strong> 2025 et <strong>24 janvier<\/strong> 2026 en salle<\/p>\n<p>Dimanche <strong>30 novembre<\/strong> 2025 et <strong>25 janvier<\/strong> 2026 en dojo<\/p>\n<p><em>\u00a0 \u00a0 \u00a0<span style=\"text-decoration: underline\">2\u00e8me session<\/span><\/em><\/p>\n<p>Samedis <strong>28 f\u00e9vrier <\/strong>et <strong>1er mars <\/strong>2026 en salle<\/p>\n<p>Dimanche <strong>14 mars<\/strong> 2025 et <strong>15 mars<\/strong> 2026 en dojo<\/p>\n<h4><\/h4>\n<h4><em>Pour les stagiaires titulaires du DAF<\/em><\/h4>\n<p><em>\u00a0 \u00a0 \u00a0<span style=\"text-decoration: underline\">1\u00e8re session<\/span><\/em><\/p>\n<p>Samedis <strong>24 janvier<\/strong> 2026 en salle et Dimanche <b>25 janvier <\/b>2026 en dojo<\/p>\n<p><em>\u00a0 \u00a0 <span style=\"text-decoration: underline\">2\u00e8me session<\/span><\/em><\/p>\n<p>Samedis 1<strong>4 mars <\/strong>2026 en salle et Dimanche <b>15 mars <\/b>2026 en dojo<\/p>\n<h4><\/h4>\n<h4><em>Evaluation<\/em><\/h4>\n<p>Samedi <strong>25 avril 2026<\/strong>\u00a0en visioconf\u00e9rence[\/vc_column_text][ffk_buttons buttons=\u00a0\u00bb%5B%7B%22link%22%3A%22url%3Ahttps%253A%252F%252Fsites.ffkarate.fr%252Fessonne%252Fwp-content%252Fuploads%252Fsites%252F43%252F2024%252F09%252FDIF-Synthese.pdf%7Ctitle%3ADescription%2520de%2520formation%2520%22%7D%2C%7B%22link%22%3A%22url%3Ahttps%253A%252F%252Fsites.ffkarate.fr%252Fessonne%252Fwp-content%252Fuploads%252Fsites%252F43%252F2025%252F10%252FFiche-Inscription-DIF-2025.pdf%7Ctitle%3AFormulaire%2520d&rsquo;inscription%22%2C%22color%22%3A%22primary%22%7D%5D\u00a0\u00bb][\/vc_tta_section][\/vc_tta_tabs][vc_empty_space][vc_column_text]<\/p>\n<h3 style=\"text-align: center\">Dossier d&rsquo;inscription<\/h3>\n<p>[\/vc_column_text][vc_row_inner][vc_column_inner width=\u00a0\u00bb2\/3&Prime;][vc_column_text][\/vc_column_text][vc_column_text]<\/p>\n<h4><em>Adresse d&rsquo;envoi<\/em><\/h4>\n<p>CDK91 &#8211; Ecole des Cadres<\/p>\n<p>M. SANTONI Fran\u00e7ois<\/p>\n<p>1 rue de la Croix Saint Simon<\/p>\n<p>75020 Paris[\/vc_column_text][\/vc_column_inner][vc_column_inner width=\u00a0\u00bb1\/3&Prime;][vc_empty_space][vc_column_text]<\/p>\n<h4 style=\"text-align: center\"><em>Attestations<\/em><\/h4>\n<p>[\/vc_column_text][ffk_buttons buttons=\u00a0\u00bb%5B%7B%22link%22%3A%22url%3Ahttps%253A%252F%252Fsites.ffkarate.fr%252Fessonne%252Fwp-content%252Fuploads%252Fsites%252F43%252F2021%252F11%252FAttestation-de-formation-en-club.pdf%7Ctitle%3AAttestation%2520de%2520formation%2520en%2520club%22%7D%2C%7B%22link%22%3A%22url%3Ahttps%253A%252F%252Fsites.ffkarate.fr%252Fessonne%252Fwp-content%252Fuploads%252Fsites%252F43%252F2021%252F11%252FAttestation-de-participation-Federale.pdf%7Ctitle%3AAttestation%2520de%2520participation%2520F%25C3%25A9d%25C3%25A9rale%22%7D%5D\u00a0\u00bb][\/vc_column_inner][\/vc_row_inner][vc_empty_space][\/vc_column][\/vc_row]<\/p>\n<\/div>","protected":false},"excerpt":{"rendered":"<p>La formation AFA\/DAF pour le d\u00e9partement de la Gironde se d\u00e9roulera les 09 et 10\/01\/2021 au Gymnase \u00e0 VERAC (33).<\/p>\n","protected":false},"author":1,"featured_media":0,"parent":0,"menu_order":0,"comment_status":"closed","ping_status":"closed","template":"","meta":{"footnotes":""},"class_list":["post-27","page","type-page","status-publish","hentry"],"_links":{"self":[{"href":"https:\/\/sites.ffkarate.fr\/essonne\/wp-json\/wp\/v2\/pages\/27","targetHints":{"allow":["GET"]}}],"collection":[{"href":"https:\/\/sites.ffkarate.fr\/essonne\/wp-json\/wp\/v2\/pages"}],"about":[{"href":"https:\/\/sites.ffkarate.fr\/essonne\/wp-json\/wp\/v2\/types\/page"}],"author":[{"embeddable":true,"href":"https:\/\/sites.ffkarate.fr\/essonne\/wp-json\/wp\/v2\/users\/1"}],"replies":[{"embeddable":true,"href":"https:\/\/sites.ffkarate.fr\/essonne\/wp-json\/wp\/v2\/comments?post=27"}],"version-history":[{"count":15,"href":"https:\/\/sites.ffkarate.fr\/essonne\/wp-json\/wp\/v2\/pages\/27\/revisions"}],"predecessor-version":[{"id":5362,"href":"https:\/\/sites.ffkarate.fr\/essonne\/wp-json\/wp\/v2\/pages\/27\/revisions\/5362"}],"wp:attachment":[{"href":"https:\/\/sites.ffkarate.fr\/essonne\/wp-json\/wp\/v2\/media?parent=27"}],"curies":[{"name":"wp","href":"https:\/\/api.w.org\/{rel}","templated":true}]}}