{"id":1450,"date":"2022-01-18T00:01:33","date_gmt":"2022-01-17T23:01:33","guid":{"rendered":"https:\/\/sites.ffkarate.fr\/eure\/?page_id=1450"},"modified":"2025-10-28T01:19:40","modified_gmt":"2025-10-28T00:19:40","slug":"d-i-f","status":"publish","type":"page","link":"https:\/\/sites.ffkarate.fr\/eure\/d-i-f\/","title":{"rendered":"D.I.F."},"content":{"rendered":"<div class=\"wpb-content-wrapper\"><p>[vc_row][vc_column][vc_column_text]<strong>Informations sur le DIPL\u00d4ME D\u2019INSTRUCTEUR F\u00c9D\u00c9RAL<br \/>\n<\/strong><\/p>\n<p>Le DIF est le niveau avanc\u00e9 de qualification pour l\u2019enseignement b\u00e9n\u00e9vole du karat\u00e9 et des disciplines associ\u00e9es, dans tout club affili\u00e9 \u00e0 la FFK. Il permet de diversifier les activit\u00e9s par rapport aux diff\u00e9rents publics d\u2019un club (Enfants, adolescents, adultes et seniors) et de mieux leur assurer le d\u00e9veloppement \u00e0 long terme.<br \/>\nLe DIF est directement accessible, sans pour autant passer par le DAF.<br \/>\nLe DIF permet l\u2019acquisition de points de bonification de grades et au coach A n\u2019ayant pas les pr\u00e9requis mais n\u00e9anmoins engag\u00e9 dans le processus de formation du DIF et participant au meeting et formation nationale des coaches peut \u00eatre dispens\u00e9 d\u2019un stage au choix de la partie sp\u00e9cifique du DIF.<\/p>\n<p><u>D\u00e9roulement de la formation<\/u><\/p>\n<p>La formation est construite autour de <strong>3 blocs de comp\u00e9tences<\/strong> :<\/p>\n<ul>\n<li>BC1 : Enseignement et animation ;<\/li>\n<li>BC2 : Environnement associatif et f\u00e9d\u00e9ral ;<\/li>\n<li>BC3 : Participation \u00e0 la vie f\u00e9d\u00e9rale et citoyenne.<\/li>\n<\/ul>\n<p>Le seul mode d\u2019acc\u00e8s possible est la participation en pr\u00e9sentiel \u00e0 la formation.<\/p>\n<p>La formation s\u2019articule 4 temps :<\/p>\n<ul>\n<li>Une pr\u00e9formation de 12h (travaux en amont \u00e0 partir de fiches th\u00e9matiques impos\u00e9es par le Responsable D\u00e9partemental de Formation) ; <strong><em>A noter<\/em> \u00a0:<\/strong> <em>votre inscription termin\u00e9e, vous recevrez ces divers documents de cours que vous travaillerez chez vous<\/em><\/li>\n<li>Un pr\u00e9sentiel en Ecole D\u00e9partementale de Formation de 28h ;<\/li>\n<li>Un pr\u00e9sentiel lors des participations f\u00e9d\u00e9rales de 15h ;<\/li>\n<li>Une formation en club de 30 heures.<\/li>\n<\/ul>\n<p><strong><em>Dur\u00e9e :<\/em><\/strong> 85h<\/p>\n<p><strong>L\u2019obtention du DAF permet un all\u00e8gement de 41 heures <\/strong>d\u00e9clin\u00e9e\u00a0comme suit :<\/p>\n<ul>\n<li>dispense de la pr\u00e9formation de 12h (travaux en amont \u00e0 partir de fiches th\u00e9matiques impos\u00e9es par le Responsable D\u00e9partemental de Formation) ;<\/li>\n<li>r\u00e9duction du pr\u00e9sentiel en Ecole D\u00e9partementale de Formation de 14h ;<\/li>\n<li>dispense du pr\u00e9sentiel lors des participations f\u00e9d\u00e9rales de 15h.<\/li>\n<\/ul>\n<p><em><strong>Soit une dur\u00e9e :<\/strong><\/em> 44h (pour les stagiaires en possession du DAF)<\/p>\n<p><em>Le DIF ne peut \u00eatre obtenu par la Validation des Acquis de l\u2019Exp\u00e9rience.<\/em><\/p>\n<p><span lang=\"fr-FR\"><i>A noter que la participation associative peut \u00eatre commenc\u00e9e avant le d\u00e9but des cours (<em>\u00e0 voir sur le <a href=\"https:\/\/sites.ffkarate.fr\/eure\/calendrier\/\">calendrier du CDK27<\/a>).<\/em> Il est pr\u00e9conis\u00e9 d\u2019anticiper ses heures de participation associative le plus t\u00f4t possible pour \u00e9viter le report du dipl\u00f4me \u00e0 l\u2019ann\u00e9e suivante. )<\/i><\/span><\/p>\n<p><i><u>Inscription<br \/>\n<\/u>Pour s\u2019inscrire \u00e0 la formation, le candidat doit :<br \/>\n\u2013 \u00eatre \u00e2g\u00e9 de <b>18 ans au moins<br \/>\n<\/b>\u2013 \u00eatre ceinture noire <b>1er Dan, Duan ou Dang minimum\u00a0<\/b><b><br \/>\n<\/b>\u2013 avoir la <b>licence FFKDA<\/b> de la saison sportive en cours<br \/>\n\u2013 poss\u00e9der un <b>dipl\u00f4me ou une attestation de secourisme<\/b> (de moins de 2 ans recommand\u00e9) ;<br \/>\n<\/i><i>\u2013 joindre l&rsquo;<b>autorisation de d\u00e9rogation<\/b> de la DTN si besoin;<\/i><\/p>\n<p><strong>Co\u00fbt : 250 \u20ac (pour les titulaires du DAF 150 \u20ac)<\/strong><\/p>\n<p><em><strong><span style=\"color: #ff0000;text-decoration: underline\">Nouveau<\/span> : <\/strong><\/em><strong>Les inscriptions se font directement en ligne avec un paiement par CB en cliquant sur le bouton LIEN INSCRIPTION au niveau de la date de formation choisie. Elles se terminent 1 mois avant la date de la session.<\/strong><\/p>\n<p><a href=\"https:\/\/www.ffkarate.fr\/espace-licencies\/formations\/diplome-instructeur-federal-dif\/\" target=\"_blank\" rel=\"noopener\">Infos compl\u00e9mentaires DIF site f\u00e9d\u00e9ral<\/a>[\/vc_column_text][\/vc_column][\/vc_row]<\/p>\n<\/div>","protected":false},"excerpt":{"rendered":"<p>[vc_row][vc_column][vc_column_text]Informations sur le DIPL\u00d4ME D\u2019INSTRUCTEUR F\u00c9D\u00c9RAL Le DIF est le niveau avanc\u00e9 de qualification pour l\u2019enseignement b\u00e9n\u00e9vole du karat\u00e9 et des disciplines associ\u00e9es, dans tout club affili\u00e9 \u00e0 la FFK. Il permet de diversifier les activit\u00e9s par rapport aux diff\u00e9rents publics d\u2019un club (Enfants, adolescents, adultes et seniors) et de mieux leur assurer le d\u00e9veloppement [&hellip;]<\/p>\n","protected":false},"author":158,"featured_media":0,"parent":0,"menu_order":0,"comment_status":"closed","ping_status":"closed","template":"","meta":{"footnotes":""},"class_list":["post-1450","page","type-page","status-publish","hentry"],"_links":{"self":[{"href":"https:\/\/sites.ffkarate.fr\/eure\/wp-json\/wp\/v2\/pages\/1450","targetHints":{"allow":["GET"]}}],"collection":[{"href":"https:\/\/sites.ffkarate.fr\/eure\/wp-json\/wp\/v2\/pages"}],"about":[{"href":"https:\/\/sites.ffkarate.fr\/eure\/wp-json\/wp\/v2\/types\/page"}],"author":[{"embeddable":true,"href":"https:\/\/sites.ffkarate.fr\/eure\/wp-json\/wp\/v2\/users\/158"}],"replies":[{"embeddable":true,"href":"https:\/\/sites.ffkarate.fr\/eure\/wp-json\/wp\/v2\/comments?post=1450"}],"version-history":[{"count":9,"href":"https:\/\/sites.ffkarate.fr\/eure\/wp-json\/wp\/v2\/pages\/1450\/revisions"}],"predecessor-version":[{"id":3480,"href":"https:\/\/sites.ffkarate.fr\/eure\/wp-json\/wp\/v2\/pages\/1450\/revisions\/3480"}],"wp:attachment":[{"href":"https:\/\/sites.ffkarate.fr\/eure\/wp-json\/wp\/v2\/media?parent=1450"}],"curies":[{"name":"wp","href":"https:\/\/api.w.org\/{rel}","templated":true}]}}