{"id":3471,"date":"2025-10-28T01:53:51","date_gmt":"2025-10-28T00:53:51","guid":{"rendered":"https:\/\/sites.ffkarate.fr\/eure\/?page_id=3471"},"modified":"2025-11-20T02:50:04","modified_gmt":"2025-11-20T01:50:04","slug":"passeports","status":"publish","type":"page","link":"https:\/\/sites.ffkarate.fr\/eure\/passeports\/","title":{"rendered":"Passeports"},"content":{"rendered":"<div class=\"wpb-content-wrapper\"><p>[vc_row][vc_column width=\u00a0\u00bb2\/3&Prime;][vc_column_text]<\/p>\n<h3>Demandes de passeports<\/h3>\n<p>[\/vc_column_text][\/vc_column][vc_column width=\u00a0\u00bb1\/3&Prime;][ffk_button size=\u00a0\u00bbsmall\u00a0\u00bb link=\u00a0\u00bburl:https%3A%2F%2Fsites.ffkarate.fr%2Feure%2Fwp-content%2Fuploads%2Fsites%2F42%2F2025%2F11%2F2025-10-05_Formulaire_Demande_Passeport_CdK27.pdf|title:Fiche%20commande%20passeports|target:_blank\u00a0\u00bb][\/vc_column][\/vc_row][vc_row][vc_column][vc_column_text]<\/p>\n<h2 style=\"text-align: left\"><span style=\"color: #ff0000\"><strong>Aucun passeport n&rsquo;est d\u00e9livr\u00e9 sans bordereau de commande.<\/strong><\/span><\/h2>\n<p>Les passeports sont vendus <strong><span style=\"color: #ff0000\">UNIQUEMENT PAR LE COMIT\u00c9 D\u00c9PARTEMENTAL\u00a0<\/span><\/strong> au prix de <strong><span style=\"color: #ff0000\">25\u20ac<\/span><\/strong>, tarif unique qui s\u2019applique aux adultes et aux enfants (ni la F\u00e9d\u00e9ration, ni la Ligue R\u00e9gionale ne d\u00e9livrent plus de passeports en direct).<\/p>\n<p><span style=\"color: #ff0000\">Les <a href=\"http:\/\/ffkama27.free.fr\/file\/File2022\/2022-09_Formulaire_Demande_Passeport_CdK27_def.pdf\" target=\"_blank\" rel=\"noopener\"><strong><span style=\"color: #000000\">commandes de passeports<\/span><\/strong><\/a> sont faites <strong>uniquement par les clubs<\/strong><\/span>.<\/p>\n<p>Vous devez <strong>adresser votre commande au moyen du formulaire<\/strong>\u00a0 ci-joint, <strong>apr\u00e8s avoir proc\u00e9der au virement du montant total <\/strong>frais de port inclus<strong>. <\/strong>A r\u00e9ception du virement , un envoi vous sera adress\u00e9 sous huitaine <strong>avec un sticker de suivi <\/strong>pour vous permettre de vous assurer du suivi et la tra\u00e7abilit\u00e9 du retour command\u00e9.<\/p>\n<p><span style=\"color: #000080\"><strong>Les <span style=\"color: #ff0000\">enl\u00e8vements sur place<\/span> sont <span style=\"color: #ff0000\">exceptionnels <\/span>et se font <span style=\"color: #ff0000\">seulement sur rendez-vous <span style=\"color: #000080\">valid\u00e9s par courriel<\/span><\/span>.<\/strong><\/span>[\/vc_column_text][\/vc_column][\/vc_row]<\/p>\n<\/div>","protected":false},"excerpt":{"rendered":"<p>L\u2019inscription de vos licenci\u00e9s aux Comp\u00e9titions D\u00e9partementales est soumise \u00e0 un droit d\u2019inscription.<\/p>\n","protected":false},"author":158,"featured_media":0,"parent":0,"menu_order":0,"comment_status":"closed","ping_status":"closed","template":"","meta":{"footnotes":""},"class_list":["post-3471","page","type-page","status-publish","hentry"],"_links":{"self":[{"href":"https:\/\/sites.ffkarate.fr\/eure\/wp-json\/wp\/v2\/pages\/3471","targetHints":{"allow":["GET"]}}],"collection":[{"href":"https:\/\/sites.ffkarate.fr\/eure\/wp-json\/wp\/v2\/pages"}],"about":[{"href":"https:\/\/sites.ffkarate.fr\/eure\/wp-json\/wp\/v2\/types\/page"}],"author":[{"embeddable":true,"href":"https:\/\/sites.ffkarate.fr\/eure\/wp-json\/wp\/v2\/users\/158"}],"replies":[{"embeddable":true,"href":"https:\/\/sites.ffkarate.fr\/eure\/wp-json\/wp\/v2\/comments?post=3471"}],"version-history":[{"count":4,"href":"https:\/\/sites.ffkarate.fr\/eure\/wp-json\/wp\/v2\/pages\/3471\/revisions"}],"predecessor-version":[{"id":3515,"href":"https:\/\/sites.ffkarate.fr\/eure\/wp-json\/wp\/v2\/pages\/3471\/revisions\/3515"}],"wp:attachment":[{"href":"https:\/\/sites.ffkarate.fr\/eure\/wp-json\/wp\/v2\/media?parent=3471"}],"curies":[{"name":"wp","href":"https:\/\/api.w.org\/{rel}","templated":true}]}}