{"id":56,"date":"2015-01-08T11:32:52","date_gmt":"2015-01-08T11:32:52","guid":{"rendered":"https:\/\/sites.ffkarate.fr\/testclone\/?page_id=56"},"modified":"2025-11-05T15:36:23","modified_gmt":"2025-11-05T14:36:23","slug":"formations-2","status":"publish","type":"page","link":"https:\/\/sites.ffkarate.fr\/eure\/formations-2\/","title":{"rendered":"Formation"},"content":{"rendered":"<div class=\"wpb-content-wrapper\"><p>[vc_row][vc_column][ffk_peoplecard image=\u00a0\u00bb1662&Prime; title=\u00a0\u00bbFado LE BRIAND\u00a0\u00bb subtitle=\u00a0\u00bbResponsable D\u00e9partementale des Formations\u00a0\u00bb description=\u00a0\u00bbT\u00e9l : 06.13.91.65.97&Prime;][vc_column_text]<\/p>\n<h2><strong>R\u00d4LE ET MISSIONS<\/strong><\/h2>\n<p>Le responsable d\u00e9partemental des formations accomplit ses missions en liaison avec le DTD.<br \/>\nIl assure la planification des sessions de formation, en assure la promotion et organise lui m\u00eame\u00a0\u00a0:<\/p>\n<p>&#8211; les formations pr\u00e9parant \u00e0 l\u2019<a href=\"https:\/\/www.ffkarate.fr\/espace-licencies\/formations\/attestation-federale-assistant-afa\/\" target=\"_blank\" rel=\"noopener\">Attestation F\u00e9d\u00e9rale d\u2019Assistant (AFA)<\/a>.<br \/>\n&#8211; les formations pr\u00e9parant au <a href=\"https:\/\/www.ffkarate.fr\/espace-licencies\/formations\/diplome-animateur-federal-daf\/\" target=\"_blank\" rel=\"noopener\">Dipl\u00f4me d\u2019Animateur F\u00e9d\u00e9ral (DAF)<\/a> ;<br \/>\n&#8211; les formations pr\u00e9parant au <a href=\"https:\/\/www.ffkarate.fr\/espace-licencies\/formations\/diplome-instructeur-federal-dif\/\" target=\"_blank\" rel=\"noopener\">Dipl\u00f4me d\u2019Animateur F\u00e9d\u00e9ral (DIF)<\/a> ;<\/p>\n<p>Le cas \u00e9ch\u00e9ant, il peut se faire assister par un second formateur \u00e9galement comp\u00e9tent.<\/p>\n<p>En conformit\u00e9 avec la r\u00e9glementation :<\/p>\n<ul>\n<li style=\"list-style-type: none\">\n<ul>\n<li>Il proc\u00e8de \u00e0 l\u2019\u00e9valuation finale de ces formations.<\/li>\n<li>Il transmet, dans les meilleurs d\u00e9lais, par l\u2019interm\u00e9diaire du secr\u00e9tariat du comit\u00e9\u00a0d\u00e9partemental, les r\u00e9sultats \u00e0 la direction technique nationale.<\/li>\n<li>Il\u00a0encourage les titulaires du DAF \u00e0 s\u2019inscrire\u00a0aux formations du DIF mises en oeuvre au niveau r\u00e9gional.<\/li>\n<li>Il pr\u00e9sente \u00e0 la fin de chaque saison sportive au DTN et au DTD, le rapport g\u00e9n\u00e9ral de ses\u00a0activit\u00e9s et le cas \u00e9ch\u00e9ant les difficult\u00e9s rencontr\u00e9es dans l\u2019accomplissement de ses\u00a0missions.<\/li>\n<\/ul>\n<\/li>\n<\/ul>\n<p>[\/vc_column_text][\/vc_column][\/vc_row][vc_row][vc_column][vc_column_text]<\/p>\n<h2><strong>Attestation &amp; Dipl\u00f4me f\u00e9d\u00e9raux en D\u00e9partement<\/strong><\/h2>\n<p><strong>AFA \/ DAF \/ DIF<\/strong><\/p>\n<p>Ils sont organis\u00e9s par les \u00c9coles D\u00e9partementales de Formation (contactez votre Comit\u00e9 D\u00e9partemental)<\/p>\n<p><span style=\"color: #ff0000\">Chaque candidat passe son dipl\u00f4me dans son comit\u00e9 d\u00e9partemental d\u2019appartenance. Sinon, il doit proc\u00e9der \u00e0 une demande de d\u00e9rogation (voir son responsable de formation)<\/span><\/p>\n<p><em><strong><span style=\"color: #ff0000;text-decoration: underline\">RAPPEL<\/span> : <\/strong><\/em><strong>A partir de cette saison 2025\/2026 l<\/strong><strong>es inscriptions se font directement en ligne avec un paiement par CB en cliquant sur le bouton <span style=\"color: #ff0000\">LIEN INSCRIPTION<\/span> au niveau de la date de formation choisie. Elles se terminent 1 mois avant la date de la session.<\/strong><\/p>\n<h2><\/h2>\n<h2><strong>Dipl\u00f4mes f\u00e9d\u00e9raux en Ligue R\u00e9gionale<\/strong><\/h2>\n<p><strong>CBK<\/strong><\/p>\n<p>Il est organis\u00e9 par le responsable technique r\u00e9gional body karat\u00e9 (contactez votre Ligue R\u00e9gionale)<\/p>\n<p>&nbsp;<\/p>\n<h2><strong>Dipl\u00f4mes professionnels<\/strong><\/h2>\n<p><strong>BPJEPS, DEJEPS, DESJEPS<\/strong><br \/>\nIl s\u2019agit de dipl\u00f4mes d\u2019Etat organis\u00e9s sous la direction de la DRJSCS.<\/p>\n<p style=\"text-align: center\">+++++++++++++++++++++++++++++++++++<\/p>\n<p><i><u><\/u><\/i><em><strong><span style=\"color: #ff0000;text-decoration: underline\">Attention<\/span> : <\/strong><\/em><strong>Toutes l<\/strong><strong>es inscriptions se font directement en ligne avec un paiement par CB en cliquant sur le bouton <span style=\"color: #ff0000\">LIEN INSCRIPTION<\/span> au niveau de la date de formation choisie. Elles se terminent 1 mois avant la date de la session.<\/strong>[\/vc_column_text][\/vc_column][\/vc_row]<\/p>\n<\/div>","protected":false},"excerpt":{"rendered":"<p>[vc_row][vc_column][ffk_peoplecard image=\u00a0\u00bb1662&Prime; title=\u00a0\u00bbFado LE BRIAND\u00a0\u00bb subtitle=\u00a0\u00bbResponsable D\u00e9partementale des Formations\u00a0\u00bb description=\u00a0\u00bbT\u00e9l : 06.13.91.65.97&Prime;][vc_column_text] R\u00d4LE ET MISSIONS Le responsable d\u00e9partemental des formations accomplit ses missions en liaison avec le DTD. Il assure la planification des sessions de formation, en assure la promotion et organise lui m\u00eame\u00a0\u00a0: &#8211; les formations pr\u00e9parant \u00e0 l\u2019Attestation F\u00e9d\u00e9rale d\u2019Assistant (AFA). &#8211; les [&hellip;]<\/p>\n","protected":false},"author":158,"featured_media":0,"parent":0,"menu_order":0,"comment_status":"closed","ping_status":"closed","template":"","meta":{"footnotes":""},"class_list":["post-56","page","type-page","status-publish","hentry"],"_links":{"self":[{"href":"https:\/\/sites.ffkarate.fr\/eure\/wp-json\/wp\/v2\/pages\/56","targetHints":{"allow":["GET"]}}],"collection":[{"href":"https:\/\/sites.ffkarate.fr\/eure\/wp-json\/wp\/v2\/pages"}],"about":[{"href":"https:\/\/sites.ffkarate.fr\/eure\/wp-json\/wp\/v2\/types\/page"}],"author":[{"embeddable":true,"href":"https:\/\/sites.ffkarate.fr\/eure\/wp-json\/wp\/v2\/users\/158"}],"replies":[{"embeddable":true,"href":"https:\/\/sites.ffkarate.fr\/eure\/wp-json\/wp\/v2\/comments?post=56"}],"version-history":[{"count":12,"href":"https:\/\/sites.ffkarate.fr\/eure\/wp-json\/wp\/v2\/pages\/56\/revisions"}],"predecessor-version":[{"id":3506,"href":"https:\/\/sites.ffkarate.fr\/eure\/wp-json\/wp\/v2\/pages\/56\/revisions\/3506"}],"wp:attachment":[{"href":"https:\/\/sites.ffkarate.fr\/eure\/wp-json\/wp\/v2\/media?parent=56"}],"curies":[{"name":"wp","href":"https:\/\/api.w.org\/{rel}","templated":true}]}}