{"id":907,"date":"2021-03-05T17:19:57","date_gmt":"2021-03-05T16:19:57","guid":{"rendered":"https:\/\/sites.ffkarate.fr\/eure\/?page_id=907"},"modified":"2025-10-28T01:15:06","modified_gmt":"2025-10-28T00:15:06","slug":"afa","status":"publish","type":"page","link":"https:\/\/sites.ffkarate.fr\/eure\/formations-2\/afa\/","title":{"rendered":"A.F.A."},"content":{"rendered":"<div class=\"wpb-content-wrapper\"><p>[vc_row][vc_column][vc_column_text]<strong>Informations sur l\u2019ATTESTATION F\u00c9D\u00c9RALE D\u2019ASSISTANT<\/strong><\/p>\n<p align=\"LEFT\">Le titulaire de l\u2019AFA assiste un enseignant dipl\u00f4m\u00e9 du club dans lequel il est licenci\u00e9. En aucun cas, le titulaire de l\u2019AFA ne peut enseigner en pleine autonomie.<\/p>\n<p><u>D\u00e9roulement de la formation<\/u><\/p>\n<p>Elle est organis\u00e9e par le Comit\u00e9 D\u00e9partemental. Plusieurs formations AFA peuvent \u00eatre organis\u00e9es dans la m\u00eame saison sportive par l\u2019\u00e9quipe de formation de l\u2019Ecole D\u00e9partementale de Formation (<a href=\"https:\/\/sites.ffkarate.fr\/eure\/calendrier\/\">voir calendrier CdK27<\/a>).<\/p>\n<p>La formation est construite autour de\u00a0<strong>3 blocs de comp\u00e9tences<\/strong>\u00a0:<\/p>\n<ul>\n<li>BC1 \u2013 Enseignement et animation ;<\/li>\n<li>BC2 \u2013 Environnement associatif et f\u00e9d\u00e9ral ;<\/li>\n<li>BC3 \u2013 Participation \u00e0 la vie f\u00e9d\u00e9rale et citoyenne.<\/li>\n<\/ul>\n<p>Dur\u00e9e : <strong>1 journ\u00e9e (8 heures)<\/strong><\/p>\n<p><em><u>Inscription<br \/>\n<\/u>Pour s\u2019inscrire \u00e0 la formation, le candidat doit :<\/em><\/p>\n<p>\u2013 \u00eatre au moins <b>ceinture marron<\/b> ;<br \/>\n\u2013 avoir <b>au moins 14 ans <span style=\"color: #ff0000\">et plus <em>(changement \u00e0 partir de la saison 2022\/2023)<\/em><\/span><br \/>\n<\/b>\u2013 poss\u00e9der au moins <b>deux licences<\/b> f\u00e9d\u00e9rales dont celle de l\u2019ann\u00e9e en cours.<\/p>\n<p><strong>Co\u00fbt : 30 \u20ac<\/strong><b> <\/b><\/p>\n<p><em><strong><span style=\"color: #ff0000;text-decoration: underline\">Nouveau<\/span> : <\/strong><\/em><strong>Les inscriptions se font directement en ligne avec un paiement par CB en cliquant sur le bouton LIEN INSCRIPTION au niveau de la date de formation choisie. Elles se terminent 1 mois avant la date de la session.<\/strong><\/p>\n<p><a href=\"https:\/\/www.ffkarate.fr\/espace-licencies\/formations\/attestation-federale-assistant-afa\/\" target=\"_blank\" rel=\"noopener\">Infos compl\u00e9mentaires pour L\u2019AFA sur le site f\u00e9d\u00e9ral<\/a>[\/vc_column_text][\/vc_column][\/vc_row]<\/p>\n<\/div>","protected":false},"excerpt":{"rendered":"<p>[vc_row][vc_column][vc_column_text]Informations sur l\u2019ATTESTATION F\u00c9D\u00c9RALE D\u2019ASSISTANT Le titulaire de l\u2019AFA assiste un enseignant dipl\u00f4m\u00e9 du club dans lequel il est licenci\u00e9. En aucun cas, le titulaire de l\u2019AFA ne peut enseigner en pleine autonomie. D\u00e9roulement de la formation Elle est organis\u00e9e par le Comit\u00e9 D\u00e9partemental. Plusieurs formations AFA peuvent \u00eatre organis\u00e9es dans la m\u00eame saison sportive [&hellip;]<\/p>\n","protected":false},"author":158,"featured_media":0,"parent":56,"menu_order":0,"comment_status":"closed","ping_status":"closed","template":"","meta":{"footnotes":""},"class_list":["post-907","page","type-page","status-publish","hentry"],"_links":{"self":[{"href":"https:\/\/sites.ffkarate.fr\/eure\/wp-json\/wp\/v2\/pages\/907","targetHints":{"allow":["GET"]}}],"collection":[{"href":"https:\/\/sites.ffkarate.fr\/eure\/wp-json\/wp\/v2\/pages"}],"about":[{"href":"https:\/\/sites.ffkarate.fr\/eure\/wp-json\/wp\/v2\/types\/page"}],"author":[{"embeddable":true,"href":"https:\/\/sites.ffkarate.fr\/eure\/wp-json\/wp\/v2\/users\/158"}],"replies":[{"embeddable":true,"href":"https:\/\/sites.ffkarate.fr\/eure\/wp-json\/wp\/v2\/comments?post=907"}],"version-history":[{"count":8,"href":"https:\/\/sites.ffkarate.fr\/eure\/wp-json\/wp\/v2\/pages\/907\/revisions"}],"predecessor-version":[{"id":3478,"href":"https:\/\/sites.ffkarate.fr\/eure\/wp-json\/wp\/v2\/pages\/907\/revisions\/3478"}],"up":[{"embeddable":true,"href":"https:\/\/sites.ffkarate.fr\/eure\/wp-json\/wp\/v2\/pages\/56"}],"wp:attachment":[{"href":"https:\/\/sites.ffkarate.fr\/eure\/wp-json\/wp\/v2\/media?parent=907"}],"curies":[{"name":"wp","href":"https:\/\/api.w.org\/{rel}","templated":true}]}}