{"id":2460,"date":"2025-01-27T21:37:29","date_gmt":"2025-01-27T20:37:29","guid":{"rendered":"https:\/\/sites.ffkarate.fr\/eureetloir\/?page_id=2460"},"modified":"2025-01-27T21:41:15","modified_gmt":"2025-01-27T20:41:15","slug":"resultats-des-examens-de-daf-du-17-11-18","status":"publish","type":"page","link":"https:\/\/sites.ffkarate.fr\/eureetloir\/resultats-des-examens-de-daf-du-17-11-18\/","title":{"rendered":"R\u00e9sultats des examens de DAF du 17\/11\/18"},"content":{"rendered":"<div class=\"wpb-content-wrapper\"><p>[vc_row][vc_column][vc_single_image image=\u00a0\u00bb2465&Prime;][vc_column_text]<\/p>\n<div>Samedi 17 novembre, s&rsquo;est d\u00e9roul\u00e9 la premi\u00e8re session d&rsquo;examen du DAF dans le d\u00e9partement (Dojo de LEVES).<\/div>\n<div><\/div>\n<div>L&rsquo;op\u00e9ration a eu lieu en pr\u00e9sence du Pr\u00e9sident du CODEP Andr\u00e9 VAYER.<\/div>\n<div>Le responsable D\u00e9partemental de Formation Jean-christophe DESSONET (7e dan-BE2) avait constitu\u00e9 pour l&rsquo;\u00e9v\u00e9nement un Jury d&rsquo;excellence:<\/div>\n<div>\u00a0&#8211; Didier BEAUJEAN , 6e dan, DESJEPS\u00a0Directeur Technique D\u00e9partemental et arbitre national<br \/>\n&#8211; Christan SORTANT,\u00a0 6e dan, DESJEPS\u00a0\u00a05e dan Aikido, 4e dan judo, 3e dan Iaido<br \/>\n&#8211; Christan BALBIN ,\u00a0 3e dan, DESJEPS\u00a0plus ancien 2e dan et premier dipl\u00f4m\u00e9 d&rsquo;Etat du d\u00e9partement<br \/>\n&#8211; Blaise LUBA , 5e dan DEJEPS\u00a0ancien membre de l&rsquo;\u00e9quipe national du Congo<\/div>\n<div><\/div>\n<div>Les candidats suivants ont \u00e9t\u00e9 admis au QCM et \u00e0 l&rsquo;\u00e9preuve p\u00e9dagogique du DAF:<\/div>\n<div>\u00a0 \u00a0 \u00a0 \u00a0 \u00a0 \u00a0 \u00a0 \u00a0 \u00a0 \u00a0 \u00a0 \u00a0 \u00a0\u00a0 (par ordre alphab\u00e9tique du patronyme)<\/div>\n<div>&#8211; Yvonnick BREMAUD ( Chateuneuf-en &#8211; thymerais)<br \/>\n&#8211; Estelle HART DE KEATING (Auneau)<br \/>\n&#8211; Pierre HRYC ( B\u00db)<br \/>\n&#8211; Roger HUYNH QUAN DAT ( Asptt Chartres)<br \/>\n&#8211;\u00a0Jos\u00e9 Manuel MAGALHAES (Chateaudun)<br \/>\n&#8211; Mickael PORTE ( Courville)<br \/>\n&#8211; C\u00e9cile WOHLSCHEGEL ( B\u00db)<\/div>\n<div><\/div>\n<div>Le dipl\u00f4me sera finalis\u00e9 apr\u00e8s la participation au stage d&rsquo;arbitrage et \u00e0 l&rsquo;encadrement d&rsquo;une comp\u00e9tition.<\/div>\n<p>[\/vc_column_text][\/vc_column][\/vc_row]<\/p>\n<\/div>","protected":false},"excerpt":{"rendered":"<p>[vc_row][vc_column][vc_single_image image=\u00a0\u00bb2465&Prime;][vc_column_text] Samedi 17 novembre, s&rsquo;est d\u00e9roul\u00e9 la premi\u00e8re session d&rsquo;examen du DAF dans le d\u00e9partement (Dojo de LEVES). L&rsquo;op\u00e9ration a eu lieu en pr\u00e9sence du Pr\u00e9sident du CODEP Andr\u00e9 VAYER. Le responsable D\u00e9partemental de Formation Jean-christophe DESSONET (7e dan-BE2) avait constitu\u00e9 pour l&rsquo;\u00e9v\u00e9nement un Jury d&rsquo;excellence: \u00a0&#8211; Didier BEAUJEAN , 6e dan, DESJEPS\u00a0Directeur Technique [&hellip;]<\/p>\n","protected":false},"author":72,"featured_media":0,"parent":0,"menu_order":0,"comment_status":"closed","ping_status":"closed","template":"","meta":{"footnotes":""},"class_list":["post-2460","page","type-page","status-publish","hentry"],"_links":{"self":[{"href":"https:\/\/sites.ffkarate.fr\/eureetloir\/wp-json\/wp\/v2\/pages\/2460","targetHints":{"allow":["GET"]}}],"collection":[{"href":"https:\/\/sites.ffkarate.fr\/eureetloir\/wp-json\/wp\/v2\/pages"}],"about":[{"href":"https:\/\/sites.ffkarate.fr\/eureetloir\/wp-json\/wp\/v2\/types\/page"}],"author":[{"embeddable":true,"href":"https:\/\/sites.ffkarate.fr\/eureetloir\/wp-json\/wp\/v2\/users\/72"}],"replies":[{"embeddable":true,"href":"https:\/\/sites.ffkarate.fr\/eureetloir\/wp-json\/wp\/v2\/comments?post=2460"}],"version-history":[{"count":3,"href":"https:\/\/sites.ffkarate.fr\/eureetloir\/wp-json\/wp\/v2\/pages\/2460\/revisions"}],"predecessor-version":[{"id":2466,"href":"https:\/\/sites.ffkarate.fr\/eureetloir\/wp-json\/wp\/v2\/pages\/2460\/revisions\/2466"}],"wp:attachment":[{"href":"https:\/\/sites.ffkarate.fr\/eureetloir\/wp-json\/wp\/v2\/media?parent=2460"}],"curies":[{"name":"wp","href":"https:\/\/api.w.org\/{rel}","templated":true}]}}