{"id":80,"date":"2021-05-10T10:55:31","date_gmt":"2021-05-10T08:55:31","guid":{"rendered":"https:\/\/sites.ffkarate.fr\/gard\/?page_id=80"},"modified":"2025-09-04T11:53:31","modified_gmt":"2025-09-04T09:53:31","slug":"krav-maga","status":"publish","type":"page","link":"https:\/\/sites.ffkarate.fr\/gard\/disciplines\/krav-maga\/","title":{"rendered":"Krav Maga"},"content":{"rendered":"<div class=\"wpb-content-wrapper\"><p>[vc_row][vc_column width=\u00a0\u00bb1\/4&Prime;][vc_single_image image=\u00a0\u00bb68&Prime; img_size=\u00a0\u00bbfull\u00a0\u00bb][\/vc_column][vc_column width=\u00a0\u00bb3\/4&Prime;][vc_column_text]<\/p>\n<h3>Le Krav Maga est une discipline de combat simple, directe, efficace, et accessible \u00e0 toutes les cat\u00e9gories de population.<\/h3>\n<p>Elle met l\u2019accent sur la gestion du combat, l\u2019analyse de l\u2019environnement, et la pr\u00e9servation de soi en toute circonstance et se compose de deux parties principales :<\/p>\n<ul>\n<li>le <strong>self-d\u00e9fense<\/strong> qui en est la charpente, et qui rassemble des techniques vari\u00e9es permettant de se d\u00e9fendre contre une grande vari\u00e9t\u00e9 d\u2019attaques, arm\u00e9es ou non et de venir rapidement \u00e0 bout d\u2019un ou plusieurs assaillants.<\/li>\n<li>le <strong>combat corps \u00e0 corps<\/strong> qui constitue une phase plus avanc\u00e9e du Krav Maga, et inclut la dimension psychologique du combat (g\u00e9rer le stress, travail \u00e0 plusieurs, les armes\u2026)<\/li>\n<\/ul>\n<p>Elle conna\u00eet aujourd\u2019hui sur la sc\u00e8ne internationale un vif engouement aupr\u00e8s du grand public dans sa version civile.<\/p>\n<p><em>En France, l\u2019arr\u00eat\u00e9 minist\u00e9riel du 15 d\u00e9cembre 2008 accorde \u00e0 la F\u00e9d\u00e9ration Fran\u00e7aise de Karat\u00e9 et Disciplines Associ\u00e9es la d\u00e9l\u00e9gation pour l\u2019organisation et le d\u00e9veloppement du Krav-Maga. En cons\u00e9quence l\u2019article L.212-5 du Code du Sport est applicable.<\/em>[\/vc_column_text][\/vc_column][\/vc_row][vc_row][vc_column][vc_column_text]<\/p>\n<div dir=\"auto\">Fin de saison intense au club de KRAV MAGA de Saint Bauzely.<\/div>\n<div dir=\"auto\"><\/div>\n<div dir=\"auto\">Une ann\u00e9e de combativit\u00e9, de progr\u00e8s et de solidarit\u00e9 chez KMSB<\/div>\n<div dir=\"auto\"><\/div>\n<div dir=\"auto\">Alors que la saison sportive touche \u00e0 sa fin, le club de KRAV MAGA\u00a0 orient\u00e9 vers la boxe tha\u00eflandaise cl\u00f4ture une ann\u00e9e riche en \u00e9motions, en sueur\u2026 et en progr\u00e8s. Entre techniques de self-d\u00e9fense, esprit martial et d\u00e9passement de soi, les 120 adh\u00e9rents ont v\u00e9cu une saison intense, marqu\u00e9e par la passion et la coh\u00e9sion du groupe.<\/div>\n<div dir=\"auto\"><\/div>\n<div dir=\"auto\">De septembre \u00e0 juin, les entra\u00eenements se sont encha\u00een\u00e9s avec r\u00e9gularit\u00e9 et exigence, encadr\u00e9s par Johann LOPEZ instructeur qualifi\u00e9 et passionn\u00e9. Le Krav Maga, discipline de self-d\u00e9fense issue de l\u2019arm\u00e9e isra\u00e9lienne, a permis aux pratiquants de tous niveaux d\u2019acqu\u00e9rir des r\u00e9flexes efficaces face aux situations de danger. En parall\u00e8le, les cours de Boxe Thailandaise ont permis de d\u00e9velopper endurance, pr\u00e9cision et combat.<\/div>\n<div dir=\"auto\"><\/div>\n<div dir=\"auto\">La saison a \u00e9galement \u00e9t\u00e9 ponctu\u00e9e de stages intensifs et des passages de grade offrant aux adh\u00e9rents l\u2019opportunit\u00e9 de se mesurer, d\u2019\u00e9changer et de progresser dans une ambiance toujours bienveillante.<\/div>\n<div dir=\"auto\"><\/div>\n<div dir=\"auto\">Une ambiance familiale et inclusive<\/div>\n<div dir=\"auto\"><\/div>\n<div dir=\"auto\">Ce qui fait la force du club, c\u2019est avant tout l\u2019esprit de groupe. Ouvert \u00e0 toutes et tous, d\u00e8s 8 ans, le club accueille aussi bien des d\u00e9butants que des pratiquants confirm\u00e9s, avec un seul mot d\u2019ordre : entraide et respect.<\/div>\n<div dir=\"auto\"><\/div>\n<div dir=\"auto\">Vers une nouvelle saison pleine d\u2019ambitions<\/div>\n<div dir=\"auto\"><\/div>\n<div dir=\"auto\">Avant de se retrouver en septembre pour une nouvelle saison, les membres du club ont c\u00e9l\u00e9br\u00e9 cette fin d\u2019ann\u00e9e lors d\u2019un pot de l\u2019amiti\u00e9. L\u2019\u00e9quipe encadrante travaille d\u00e9j\u00e0 sur le programme de la rentr\u00e9e, avec en ligne de mire de nouveaux stages, des intervenants ext\u00e9rieurs et toujours la m\u00eame dynamique !<\/div>\n<div dir=\"auto\"><\/div>\n<div dir=\"auto\">En attendant, place \u00e0 un repos bien m\u00e9rit\u00e9\u2026 tout en gardant la forme pendant l\u2019\u00e9t\u00e9 !<img decoding=\"async\" class=\"alignnone size-medium wp-image-7096\" src=\"https:\/\/sites.ffkarate.fr\/gard\/wp-content\/uploads\/sites\/46\/2025\/09\/1000018889-278x300.jpg\" alt=\"\" width=\"278\" height=\"300\" srcset=\"https:\/\/sites.ffkarate.fr\/gard\/wp-content\/uploads\/sites\/46\/2025\/09\/1000018889-278x300.jpg 278w, https:\/\/sites.ffkarate.fr\/gard\/wp-content\/uploads\/sites\/46\/2025\/09\/1000018889-948x1024.jpg 948w, https:\/\/sites.ffkarate.fr\/gard\/wp-content\/uploads\/sites\/46\/2025\/09\/1000018889-768x829.jpg 768w, https:\/\/sites.ffkarate.fr\/gard\/wp-content\/uploads\/sites\/46\/2025\/09\/1000018889.jpg 1016w\" sizes=\"(max-width: 278px) 100vw, 278px\" \/><\/div>\n<p>[\/vc_column_text][\/vc_column][\/vc_row]<\/p>\n<\/div>","protected":false},"excerpt":{"rendered":"<p>Le Krav Maga est une discipline de combat simple, directe, efficace, et accessible \u00e0 toutes les cat\u00e9gories de population.<\/p>\n","protected":false},"author":1,"featured_media":68,"parent":63,"menu_order":0,"comment_status":"closed","ping_status":"closed","template":"","meta":{"footnotes":""},"class_list":["post-80","page","type-page","status-publish","hentry"],"_links":{"self":[{"href":"https:\/\/sites.ffkarate.fr\/gard\/wp-json\/wp\/v2\/pages\/80","targetHints":{"allow":["GET"]}}],"collection":[{"href":"https:\/\/sites.ffkarate.fr\/gard\/wp-json\/wp\/v2\/pages"}],"about":[{"href":"https:\/\/sites.ffkarate.fr\/gard\/wp-json\/wp\/v2\/types\/page"}],"author":[{"embeddable":true,"href":"https:\/\/sites.ffkarate.fr\/gard\/wp-json\/wp\/v2\/users\/1"}],"replies":[{"embeddable":true,"href":"https:\/\/sites.ffkarate.fr\/gard\/wp-json\/wp\/v2\/comments?post=80"}],"version-history":[{"count":4,"href":"https:\/\/sites.ffkarate.fr\/gard\/wp-json\/wp\/v2\/pages\/80\/revisions"}],"predecessor-version":[{"id":7097,"href":"https:\/\/sites.ffkarate.fr\/gard\/wp-json\/wp\/v2\/pages\/80\/revisions\/7097"}],"up":[{"embeddable":true,"href":"https:\/\/sites.ffkarate.fr\/gard\/wp-json\/wp\/v2\/pages\/63"}],"wp:featuredmedia":[{"embeddable":true,"href":"https:\/\/sites.ffkarate.fr\/gard\/wp-json\/wp\/v2\/media\/68"}],"wp:attachment":[{"href":"https:\/\/sites.ffkarate.fr\/gard\/wp-json\/wp\/v2\/media?parent=80"}],"curies":[{"name":"wp","href":"https:\/\/api.w.org\/{rel}","templated":true}]}}