{"id":1294,"date":"2015-01-16T15:03:41","date_gmt":"2015-01-16T14:03:41","guid":{"rendered":"https:\/\/sites.ffkarate.fr\/testclone\/?page_id=133"},"modified":"2015-01-16T15:03:41","modified_gmt":"2015-01-16T14:03:41","slug":"comite-directeur","status":"publish","type":"page","link":"https:\/\/sites.ffkarate.fr\/gers\/comite\/comite-directeur\/","title":{"rendered":"Comit\u00e9 directeur"},"content":{"rendered":"<div class=\"wpb-content-wrapper\"><p>[vc_row][vc_column][vc_column_text]<\/p>\n<h2>Comit\u00e9 directeur &#8211; Olympiade 2020\/2021<\/h2>\n<ul class=\"trombi-list-top\">\n<li><img decoding=\"async\" src=\"https:\/\/sites.ffkarate.fr\/gers\/wp-content\/uploads\/sites\/47\/2015\/02\/bloc_photo_160x160.png\" alt=\"Elu\" \/>\n<div class=\"title\">Pascal \u00a0<b>LEZE<\/b><\/div>\n<div class=\"function\">Pr\u00e9sident<\/div>\n<div class=\"function\"><\/div>\n<div class=\"desc\"><\/div>\n<\/li>\n<\/ul>\n<ul class=\"trombi-list-top\">\n<li><img decoding=\"async\" src=\"https:\/\/sites.ffkarate.fr\/gers\/wp-content\/uploads\/sites\/47\/2015\/02\/bloc_photo_160x160.png\" alt=\"Elu\" \/>\n<div class=\"title\">Catherine<b> ESTINGOY<\/b><\/div>\n<div class=\"function\">Secr\u00e9taire g\u00e9n\u00e9ral<\/div>\n<div class=\"desc\"><\/div>\n<\/li>\n<li><img decoding=\"async\" src=\"https:\/\/sites.ffkarate.fr\/gers\/wp-content\/uploads\/sites\/47\/2015\/02\/bloc_photo_160x160.png\" alt=\"Elu\" \/>\n<div class=\"title\">Marie-Claude\u00a0<b>CARREAU<\/b><\/div>\n<div class=\"function\">Secr\u00e9taire g\u00e9n\u00e9ral adjoint<\/div>\n<div class=\"desc\"><\/div>\n<\/li>\n<li><img decoding=\"async\" src=\"https:\/\/sites.ffkarate.fr\/gers\/wp-content\/uploads\/sites\/47\/2015\/02\/bloc_photo_160x160.png\" alt=\"Elu\" \/>\n<div class=\"title\"><\/div>\n<div class=\"function\">Tr\u00e9sorier g\u00e9n\u00e9ral<\/div>\n<div class=\"desc\"><\/div>\n<\/li>\n<\/ul>\n<p><!-- --><\/p>\n<h2>Autres membres du Conseil d&rsquo;Administration<\/h2>\n<h2><img decoding=\"async\" style=\"width: 80px;height: 80px\" src=\"https:\/\/sites.ffkarate.fr\/gers\/wp-content\/uploads\/sites\/47\/2015\/02\/bloc_photo_80x80.png\" alt=\"Elu\" \/><\/h2>\n<p>Philippe <strong>BERGERON<\/strong><\/p>\n<p><a href=\"https:\/\/sites.ffkarate.fr\/gers\/wp-content\/uploads\/sites\/47\/2015\/01\/Photo-Nadalutti-150x150-1.jpg\"><img decoding=\"async\" class=\"  wp-image-1173 alignleft\" src=\"https:\/\/sites.ffkarate.fr\/gers\/wp-content\/uploads\/sites\/47\/2015\/01\/Photo-Nadalutti-150x150-1.jpg\" alt=\"Photo-Nadalutti-150x150\" width=\"160\" height=\"160\" \/><\/a><\/p>\n<p>&nbsp;<\/p>\n<p>&nbsp;<\/p>\n<p>&nbsp;<\/p>\n<p>David <strong>NADALUTTI<\/strong><\/p>\n<p>&nbsp;<\/p>\n<p><img decoding=\"async\" style=\"width: 80px;height: 80px\" src=\"https:\/\/sites.ffkarate.fr\/gers\/wp-content\/uploads\/sites\/47\/2015\/02\/bloc_photo_80x80.png\" alt=\"Elu\" \/><\/p>\n<p>Arnaud\u00a0 <b>CATTELOTTE<\/b><\/p>\n<p>&nbsp;<\/p>\n<p><a href=\"https:\/\/sites.ffkarate.fr\/gers\/wp-content\/uploads\/sites\/47\/2015\/01\/cdos-karate-2.jpg\">\u00a0<\/a>[\/vc_column_text][\/vc_column][\/vc_row]<\/p>\n<\/div>","protected":false},"excerpt":{"rendered":"<p>[vc_row][vc_column][vc_column_text] Comit\u00e9 directeur &#8211; Olympiade 2020\/2021 Pascal \u00a0LEZE Pr\u00e9sident Catherine ESTINGOY Secr\u00e9taire g\u00e9n\u00e9ral Marie-Claude\u00a0CARREAU Secr\u00e9taire g\u00e9n\u00e9ral adjoint Tr\u00e9sorier g\u00e9n\u00e9ral Autres membres du Conseil d&rsquo;Administration Philippe BERGERON &nbsp; &nbsp; &nbsp; David NADALUTTI &nbsp; Arnaud\u00a0 CATTELOTTE &nbsp; \u00a0[\/vc_column_text][\/vc_column][\/vc_row]<\/p>\n","protected":false},"author":20,"featured_media":0,"parent":50,"menu_order":0,"comment_status":"closed","ping_status":"open","template":"","meta":{"footnotes":""},"class_list":["post-1294","page","type-page","status-publish","hentry"],"_links":{"self":[{"href":"https:\/\/sites.ffkarate.fr\/gers\/wp-json\/wp\/v2\/pages\/1294","targetHints":{"allow":["GET"]}}],"collection":[{"href":"https:\/\/sites.ffkarate.fr\/gers\/wp-json\/wp\/v2\/pages"}],"about":[{"href":"https:\/\/sites.ffkarate.fr\/gers\/wp-json\/wp\/v2\/types\/page"}],"author":[{"embeddable":true,"href":"https:\/\/sites.ffkarate.fr\/gers\/wp-json\/wp\/v2\/users\/20"}],"replies":[{"embeddable":true,"href":"https:\/\/sites.ffkarate.fr\/gers\/wp-json\/wp\/v2\/comments?post=1294"}],"version-history":[{"count":0,"href":"https:\/\/sites.ffkarate.fr\/gers\/wp-json\/wp\/v2\/pages\/1294\/revisions"}],"up":[{"embeddable":true,"href":"https:\/\/sites.ffkarate.fr\/gers\/wp-json\/wp\/v2\/pages\/50"}],"wp:attachment":[{"href":"https:\/\/sites.ffkarate.fr\/gers\/wp-json\/wp\/v2\/media?parent=1294"}],"curies":[{"name":"wp","href":"https:\/\/api.w.org\/{rel}","templated":true}]}}