{"id":40,"date":"2021-05-10T09:45:12","date_gmt":"2021-05-10T07:45:12","guid":{"rendered":"https:\/\/sites.ffkarate.fr\/gers\/?page_id=40"},"modified":"2024-10-30T09:05:28","modified_gmt":"2024-10-30T08:05:28","slug":"commission-sportive","status":"publish","type":"page","link":"https:\/\/sites.ffkarate.fr\/gers\/commission-sportive\/","title":{"rendered":"Commission Sportive &#8211; Katas\/Combats"},"content":{"rendered":"<div class=\"wpb-content-wrapper\"><p>[vc_row][vc_column][vc_row_inner][vc_column_inner][ffk_peoplecard title=\u00a0\u00bbPascal LEZE (Poste \u00e0 pourvoir)\u00a0\u00bb subtitle=\u00a0\u00bbResponsable Commission Sportive\u00a0\u00bb image=\u00a0\u00bb1394&Prime;][\/vc_column_inner][\/vc_row_inner][\/vc_column][\/vc_row][vc_row][vc_column][vc_empty_space][vc_column_text]<\/p>\n<h2>Organisation des comp\u00e9titions<\/h2>\n<p>Les comit\u00e9s d\u00e9partementaux organisent :<\/p>\n<ul>\n<li>les championnats d\u00e9partementaux individuels kata et combat des cat\u00e9gories MINIME, CADET, JUNIOR, SENIOR et VETERAN.<\/li>\n<\/ul>\n<p>La participation \u00e0 ces comp\u00e9titions est qualificative pour les championnats r\u00e9gionaux :<\/p>\n<ul>\n<li>les coupes d\u00e9partementales individuelles kata et combat des cat\u00e9gories, PUPILLE et BENJAMIN.<\/li>\n<\/ul>\n<p>La participation \u00e0 ces comp\u00e9titions est qualificative pour les coupes de ligue enfants. Ils organisent le cas \u00e9ch\u00e9ant des comp\u00e9titions par \u00e9quipes.<\/p>\n<p>&nbsp;<\/p>\n<p><strong>Pour ces \u00e9v\u00e8nements puissent se tenir, il est imp\u00e9ratif que tout comp\u00e9titeur soit accompagn\u00e9 d&rsquo;un COACH (dispensant de son accr\u00e9ditation pour la saison en cours qu&rsquo;il postera autour du cours pour \u00eatre reconnu par les autorit\u00e9s).<\/strong><\/p>\n<p><em><strong>NB: Dans cet esprit, et que pour que tous les pratiquants puissent prendrent du plaisir dans leurs disciplines, je sollicite l&rsquo;int\u00e9r\u00eat des responsables de clubs a former dans les meilleurs d\u00e9lais au moins 1 Coach. Toutefois vu le peu d&rsquo;implication pour le coaching, une carte \u00ab\u00a0ACCOMPAGNANT-CLUB xxx\u00a0\u00bb sera d\u00e9livr\u00e9e au nombre d&rsquo;une seule par club de mani\u00e8re \u00e0 suivre le pratiquant du vestiaire jusqu&rsquo;\u00e0 l&rsquo;\u00e9chauffement. En aucun cas l&rsquo;accompagnant ne pourra coacher.<\/strong><\/em><\/p>\n<p>&nbsp;<\/p>\n<p><em><strong>TOUTE INSCRIPTION DEVRA ETRE PROPOSEE, INSCRITE ET VALIDEE VIA SIKADA.<\/strong><\/em><\/p>\n<p>&nbsp;<\/p>\n<p>&nbsp;<\/p>\n<p>[\/vc_column_text][\/vc_column][\/vc_row][vc_row][vc_column][vc_column_text]<\/p>\n<h2>Administration des comp\u00e9titions<\/h2>\n<p>Se r\u00e9f\u00e9rer aux indications suivantes : <a href=\"https:\/\/www.ffkarate.fr\/competitions\/s-inscrire-en-ligne\/\" target=\"_blank\" rel=\"noopener\">https:\/\/www.ffkarate.fr\/competitions\/s-inscrire-en-ligne\/<\/a><\/p>\n<p>&nbsp;<\/p>\n<p><strong>D\u00e8s connaissance des dates de comp\u00e9titions<\/strong>, <strong>chaque club doit enregistrer ses comp\u00e9titeurs en \u00ab\u00a0pr\u00e9-s\u00e9lection\u00a0\u00bb<\/strong> via l&rsquo;application, cela permet de retirer un comp\u00e9titeur s&rsquo;il ne peut se pr\u00e9senter pour quelque raison que se soit.<\/p>\n<p>Dans le cas o\u00f9 il n&rsquo;y a aucun d\u00e9sistement <strong>le club doit VALIDER la pr\u00e9-s\u00e9lection<\/strong> <strong>12 JOURS AVANT LA DATE DE COMPETITION<\/strong> et uniquement \u00e0 cette \u00e9tape le paiement doit \u00eatre effectu\u00e9 (3\u20ac par Individu \/ 8\u20ac par Equipe). C&rsquo;est donc une fois l&rsquo;\u00e9tape de paiement termin\u00e9e que l&rsquo;inscription est faite.<\/p>\n<p>Aucun rattrapage ne sera permis pour la saison donc respectez le d\u00e9lai pour l&rsquo;inscription de vos comp\u00e9titeurs.<\/p>\n<p><em><strong>TOUTE INSCRIPTION DEVRA ETRE PROPOSEE, INSCRITE ET VALIDEE VIA SIKADA.<\/strong><\/em>[\/vc_column_text][\/vc_column][\/vc_row]<\/p>\n<\/div>","protected":false},"excerpt":{"rendered":"<p>[vc_row][vc_column][vc_row_inner][vc_column_inner][ffk_peoplecard title=\u00a0\u00bbPascal LEZE (Poste \u00e0 pourvoir)\u00a0\u00bb subtitle=\u00a0\u00bbResponsable Commission Sportive\u00a0\u00bb image=\u00a0\u00bb1394&Prime;][\/vc_column_inner][\/vc_row_inner][\/vc_column][\/vc_row][vc_row][vc_column][vc_empty_space][vc_column_text] Organisation des comp\u00e9titions Les comit\u00e9s d\u00e9partementaux organisent : les championnats d\u00e9partementaux individuels kata et combat des cat\u00e9gories MINIME, CADET, JUNIOR, SENIOR et VETERAN. La participation \u00e0 ces comp\u00e9titions est qualificative pour les championnats r\u00e9gionaux : les coupes d\u00e9partementales individuelles kata et combat des cat\u00e9gories, PUPILLE [&hellip;]<\/p>\n","protected":false},"author":1,"featured_media":0,"parent":0,"menu_order":0,"comment_status":"closed","ping_status":"closed","template":"","meta":{"footnotes":""},"class_list":["post-40","page","type-page","status-publish","hentry"],"_links":{"self":[{"href":"https:\/\/sites.ffkarate.fr\/gers\/wp-json\/wp\/v2\/pages\/40","targetHints":{"allow":["GET"]}}],"collection":[{"href":"https:\/\/sites.ffkarate.fr\/gers\/wp-json\/wp\/v2\/pages"}],"about":[{"href":"https:\/\/sites.ffkarate.fr\/gers\/wp-json\/wp\/v2\/types\/page"}],"author":[{"embeddable":true,"href":"https:\/\/sites.ffkarate.fr\/gers\/wp-json\/wp\/v2\/users\/1"}],"replies":[{"embeddable":true,"href":"https:\/\/sites.ffkarate.fr\/gers\/wp-json\/wp\/v2\/comments?post=40"}],"version-history":[{"count":11,"href":"https:\/\/sites.ffkarate.fr\/gers\/wp-json\/wp\/v2\/pages\/40\/revisions"}],"predecessor-version":[{"id":3458,"href":"https:\/\/sites.ffkarate.fr\/gers\/wp-json\/wp\/v2\/pages\/40\/revisions\/3458"}],"wp:attachment":[{"href":"https:\/\/sites.ffkarate.fr\/gers\/wp-json\/wp\/v2\/media?parent=40"}],"curies":[{"name":"wp","href":"https:\/\/api.w.org\/{rel}","templated":true}]}}