{"id":53,"date":"2015-01-08T11:32:22","date_gmt":"2015-01-08T11:32:22","guid":{"rendered":"https:\/\/sites.ffkarate.fr\/testclone\/?page_id=53"},"modified":"2015-01-08T11:32:22","modified_gmt":"2015-01-08T11:32:22","slug":"karate","status":"publish","type":"page","link":"https:\/\/sites.ffkarate.fr\/gers\/karate\/","title":{"rendered":"Karat\u00e9"},"content":{"rendered":"<div class=\"wpb-content-wrapper\"><p>[vc_row][vc_column][vc_column_text]<strong>Le Karat\u00e9 est un\u00a0art martial japonais qui tient son origine de l\u2019\u00eele d\u2019Okinawa.<\/strong><\/p>\n<p>Il\u00a0consiste en l\u2019utilisation de techniques \u00e0 la fois offensives et d\u00e9fensives\u00a0faisant\u00a0appel \u00e0 toutes les parties du corps : mains, pieds, etc.<\/p>\n<div class=\"mise-en-avant\">Signification des mots : kara = vide ; te = main ; do = la voie, soit : \u00ab la voie de la main vide \u00bb.<\/div>\n<div class=\"mise-en-avant\"><\/div>\n<div class=\"mise-en-avant\">\n<p><img decoding=\"async\" class=\"alignnone size-full wp-image-402 aligncenter\" src=\"https:\/\/sites.ffkarate.fr\/hautespyrenees\/wp-content\/uploads\/sites\/56\/2015\/01\/Karatedo.png\" alt=\"Karatedo\" width=\"113\" height=\"250\" \/><\/p>\n<p>Le terme\u00a0<i>karate-d\u014d<\/i>\u00a0\u00e9crit en\u00a0<a title=\"Kanji\" href=\"https:\/\/fr.wikipedia.org\/wiki\/Kanji\" target=\"_blank\" rel=\"noopener\">kanjis<\/a>.<\/p>\n<p>&nbsp;<\/p>\n<\/div>\n<p>Les comp\u00e9titions de karat\u00e9 se font sous deux formes :<\/p>\n<ul>\n<li><strong>Combat :<\/strong> En japonais, on le nomme \u00ab <em>Kumite<\/em> \u00bb. Le combat de comp\u00e9tition oppose deux athl\u00e8tes durant un temps donn\u00e9 sur un tatami. Chaque athl\u00e8te est \u00e9quip\u00e9 de protections et d\u2019une ceinture de couleur (rouge ou bleue) afin de bien les diff\u00e9rencier. (<em>Voir la vid\u00e9o <a href=\"http:\/\/www.dailymotion.com\/video\/xowwf2_qu-est-ce-que-le-karate-combat_sport\" target=\"_blank\" rel=\"noopener\">\u00ab\u00a0Qu\u2019est ce que la Karat\u00e9 Combat ?\u00a0\u00bb<\/a><\/em>)<\/li>\n<li><strong>Kata :<\/strong>\u00a0Il s\u2019agit d\u2019un encha\u00eenement de mouvements qui suit un diagramme bien d\u00e9fini. Son origine forme un corps de techniques qui est immuable et qui traverse le temps de mani\u00e8re inchang\u00e9e. L\u2019athl\u00e8te effectue un encha\u00eenement de mouvements contre plusieurs adversaires qui est not\u00e9 selon des crit\u00e8res pr\u00e9cis (pr\u00e9cision, vitesse, etc.). Il existe deux types de comp\u00e9titions en kata : individuel et par \u00e9quipe (3 athl\u00e8tes repr\u00e9sentent une m\u00eame \u00e9quipe et effectuent le kata simultan\u00e9ment). (<em>Voir la vid\u00e9o <a href=\"http:\/\/www.dailymotion.com\/video\/xookur_qu-est-ce-que-le-karate-kata_sport\" target=\"_blank\" rel=\"noopener\">\u00ab\u00a0Qu\u2019est ce que le Karat\u00e9 Kata ?\u00a0\u00bb<\/a><\/em>)<\/li>\n<\/ul>\n<p>&nbsp;<\/p>\n<p>&nbsp;<\/p>\n<p>&nbsp;<\/p>\n<p>HIROKAZU\u00a0KANAZAWA<b>,<\/b>\u00a0n\u00e9 le 3\u00a0mai 1931\u00a0dans la pr\u00e9fecture d&rsquo;<a class=\"mw-redirect\" title=\"Iwate\" href=\"https:\/\/fr.wikipedia.org\/wiki\/Iwate\" target=\"_blank\" rel=\"noopener\">Iwate<\/a>\u00a0(<a title=\"Japon\" href=\"https:\/\/fr.wikipedia.org\/wiki\/Japon\" target=\"_blank\" rel=\"noopener\">Japon<\/a>) et d\u00e9c\u00e9d\u00e9 le 8 d\u00e9cembre 2019.<\/p>\n<p>Il \u00e9tait un expert de\u00a0Karat\u00e9 Shotokan\u00a0de renomm\u00e9e mondiale.<\/p>\n<p>Il a \u00e9t\u00e9 le pr\u00e9sident (<i>kancho<\/i>) jusqu&rsquo;en 2013 et chef instructeur de la\u00a0<i>Shotokan Karate-do International\u00a0F\u00e9d\u00e9ration<\/i>\u00a0(SKIF), une organisation qu&rsquo;il a lui-m\u00eame fond\u00e9e en 1978 apr\u00e8s avoir quitt\u00e9 la\u00a0<a title=\"Japan Karate Association\" href=\"https:\/\/fr.wikipedia.org\/wiki\/Japan_Karate_Association\" target=\"_blank\" rel=\"noopener\">Japan Karate Association<\/a>\u00a0(JKA).<\/p>\n<p>Kanazawa a \u00e9t\u00e9\u00a0l&rsquo;un des rares ma\u00eetres \u00e0 avoir obtenu un\u00a0<abbr class=\"abbr\" title=\"Dixi\u00e8me\">10<sup>e<\/sup><\/abbr>\u00a0dan (le grade le plus \u00e9lev\u00e9 qui puisse \u00eatre attribu\u00e9 en Shotokan).<a href=\"https:\/\/sites.ffkarate.fr\/gers\/wp-content\/uploads\/sites\/47\/2014\/12\/Kanazawa.jpg\"><img decoding=\"async\" class=\"aligncenter size-full wp-image-577\" src=\"https:\/\/sites.ffkarate.fr\/gers\/wp-content\/uploads\/sites\/47\/2014\/12\/Kanazawa.jpg\" alt=\"Kanazawa\" width=\"216\" height=\"323\" \/><\/a><\/p>\n<h1 class=\"post-title\"><\/h1>\n<p>Fils a\u00een\u00e9 de Soke Hirokazu KANAZAWA,\u00a0<strong>Nobuaki KANAZAWA<\/strong>\u00a0(8\u00e8me Dan)\u00a0a \u00e9t\u00e9 d\u00e9sign\u00e9 en 2013 \u00ab\u00a0<strong>Kancho<\/strong>\u00a0\u00bb de la\u00a0<strong>Shotokan Karate-Do International Federation (S.K.I.F).<\/strong><\/p>\n<p><a href=\"https:\/\/sites.ffkarate.fr\/gers\/wp-content\/uploads\/sites\/47\/2014\/12\/151025-KANAZAWA-010-1170x781-1.jpg\"><img decoding=\"async\" class=\"aligncenter size-large wp-image-578\" src=\"https:\/\/sites.ffkarate.fr\/gers\/wp-content\/uploads\/sites\/47\/2014\/12\/151025-KANAZAWA-010-1170x781-1-1024x684.jpg\" alt=\"151025-KANAZAWA-010-1170x781\" width=\"640\" height=\"428\" \/><\/a><\/p>\n<p>&nbsp;<\/p>\n<p><strong>Le Karat\u00e9 est un\u00a0art martial japonais qui est r\u00e9git par un code moral :<\/strong><\/p>\n<p><a href=\"https:\/\/sites.ffkarate.fr\/gers\/wp-content\/uploads\/sites\/47\/2020\/04\/code-karate.jpg\"><img decoding=\"async\" class=\"aligncenter size-full wp-image-841\" src=\"https:\/\/sites.ffkarate.fr\/gers\/wp-content\/uploads\/sites\/47\/2020\/04\/code-karate.jpg\" alt=\"code-karate\" width=\"550\" height=\"860\" \/><\/a>[\/vc_column_text][\/vc_column][\/vc_row]<\/p>\n<\/div>","protected":false},"excerpt":{"rendered":"<p>[vc_row][vc_column][vc_column_text]Le Karat\u00e9 est un\u00a0art martial japonais qui tient son origine de l\u2019\u00eele d\u2019Okinawa. Il\u00a0consiste en l\u2019utilisation de techniques \u00e0 la fois offensives et d\u00e9fensives\u00a0faisant\u00a0appel \u00e0 toutes les parties du corps : mains, pieds, etc. Signification des mots : kara = vide ; te = main ; do = la voie, soit : \u00ab la voie [&hellip;]<\/p>\n","protected":false},"author":20,"featured_media":841,"parent":0,"menu_order":0,"comment_status":"closed","ping_status":"open","template":"","meta":{"footnotes":""},"class_list":["post-53","page","type-page","status-publish","hentry"],"_links":{"self":[{"href":"https:\/\/sites.ffkarate.fr\/gers\/wp-json\/wp\/v2\/pages\/53","targetHints":{"allow":["GET"]}}],"collection":[{"href":"https:\/\/sites.ffkarate.fr\/gers\/wp-json\/wp\/v2\/pages"}],"about":[{"href":"https:\/\/sites.ffkarate.fr\/gers\/wp-json\/wp\/v2\/types\/page"}],"author":[{"embeddable":true,"href":"https:\/\/sites.ffkarate.fr\/gers\/wp-json\/wp\/v2\/users\/20"}],"replies":[{"embeddable":true,"href":"https:\/\/sites.ffkarate.fr\/gers\/wp-json\/wp\/v2\/comments?post=53"}],"version-history":[{"count":0,"href":"https:\/\/sites.ffkarate.fr\/gers\/wp-json\/wp\/v2\/pages\/53\/revisions"}],"wp:featuredmedia":[{"embeddable":true,"href":"https:\/\/sites.ffkarate.fr\/gers\/wp-json\/wp\/v2\/media\/841"}],"wp:attachment":[{"href":"https:\/\/sites.ffkarate.fr\/gers\/wp-json\/wp\/v2\/media?parent=53"}],"curies":[{"name":"wp","href":"https:\/\/api.w.org\/{rel}","templated":true}]}}