{"id":76,"date":"2021-05-10T10:51:30","date_gmt":"2021-05-10T08:51:30","guid":{"rendered":"https:\/\/sites.ffkarate.fr\/gers\/?page_id=76"},"modified":"2024-05-24T13:59:24","modified_gmt":"2024-05-24T11:59:24","slug":"karate","status":"publish","type":"page","link":"https:\/\/sites.ffkarate.fr\/gers\/disciplines\/karate\/","title":{"rendered":"Karat\u00e9"},"content":{"rendered":"<div class=\"wpb-content-wrapper\"><p>[vc_row][vc_column][vc_video link=\u00a0\u00bbhttps:\/\/www.youtube.com\/watch?v=Vk8ie9_x-K4&Prime; align=\u00a0\u00bbcenter\u00a0\u00bb][\/vc_column][vc_column width=\u00a0\u00bb1\/4&Prime;][vc_single_image image=\u00a0\u00bb65&Prime; img_size=\u00a0\u00bbfull\u00a0\u00bb][\/vc_column][vc_column width=\u00a0\u00bb3\/4&Prime;][vc_column_text]Le karat\u00e9 est le produit d\u2019une histoire riche, avec de tr\u00e8s nombreuses variations li\u00e9es aux diverses cultures et \u00e9poques. Sa sp\u00e9cificit\u00e9, parmi les grands budo, est d\u2019avoir gard\u00e9 toutes les traces de son histoire dans une forme plurielle. Il existe ainsi une grande vari\u00e9t\u00e9 de styles et d\u2019\u00e9coles qui en font sa richesse.<\/p>\n<p>&nbsp;<\/p>\n<p><iframe loading=\"lazy\" title=\"#D\u00e9couvreKiTuEs avec le Karat\u00e9 !\" width=\"500\" height=\"281\" src=\"https:\/\/www.youtube.com\/embed\/W4so8wHRnOE?feature=oembed\" frameborder=\"0\" allow=\"accelerometer; autoplay; clipboard-write; encrypted-media; gyroscope; picture-in-picture; web-share\" referrerpolicy=\"strict-origin-when-cross-origin\" allowfullscreen><\/iframe><\/p>\n<blockquote>\n<h3 style=\"padding-left: 40px\">\u00ab La voie de la main vide \u00bb<\/h3>\n<\/blockquote>\n<p>&nbsp;<\/p>\n<p><strong>Le Karat\u00e9<\/strong> consiste en l\u2019utilisation de techniques \u00e0 la fois offensives et d\u00e9fensives faisant appel \u00e0 toutes les parties du corps : mains, pieds, etc.<\/p>\n<p>Le karat\u00e9 est le produit d\u2019une histoire riche, avec de tr\u00e8s nombreuses variations li\u00e9es aux diverses cultures et \u00e9poques. Sa sp\u00e9cificit\u00e9, parmi les grands budo, est d\u2019avoir gard\u00e9 toutes les traces de son histoire dans une forme plurielle. Il existe ainsi une grande vari\u00e9t\u00e9 de styles et d\u2019\u00e9coles qui en font sa richesse.<\/p>\n<p>Au sein de la FFK, ils sont class\u00e9s en 2 grandes familles : karat\u00e9-do et karat\u00e9-jutsu.<\/p>\n<p>&nbsp;<\/p>\n<p>HIROKAZU\u00a0KANAZAWA<b>,<\/b>\u00a0n\u00e9 le 3\u00a0mai 1931\u00a0dans la pr\u00e9fecture d&rsquo;<a class=\"mw-redirect\" title=\"Iwate\" href=\"https:\/\/fr.wikipedia.org\/wiki\/Iwate\" target=\"_blank\" rel=\"noopener\">Iwate<\/a>\u00a0(<a title=\"Japon\" href=\"https:\/\/fr.wikipedia.org\/wiki\/Japon\" target=\"_blank\" rel=\"noopener\">Japon<\/a>) et d\u00e9c\u00e9d\u00e9 le 8 d\u00e9cembre 2019.<\/p>\n<p>Il \u00e9tait un expert de\u00a0Karat\u00e9 Shotokan\u00a0de renomm\u00e9e mondiale.<\/p>\n<p>Il a \u00e9t\u00e9 le pr\u00e9sident (<i>kancho<\/i>) jusqu&rsquo;en 2013 et chef instructeur de la\u00a0<i>Shotokan Karate-do International Federation<\/i>\u00a0(SKIF), une organisation qu&rsquo;il a lui-m\u00eame fond\u00e9e en 1978 apr\u00e8s avoir quitt\u00e9 la\u00a0<a title=\"Japan Karate Association\" href=\"https:\/\/fr.wikipedia.org\/wiki\/Japan_Karate_Association\" target=\"_blank\" rel=\"noopener\">Japan Karate Association<\/a>\u00a0(JKA).<\/p>\n<p>Kanazawa a \u00e9t\u00e9\u00a0l&rsquo;un des rares ma\u00eetres \u00e0 avoir obtenu un\u00a0<abbr class=\"abbr\" title=\"Dixi\u00e8me\">10<sup>e<\/sup><\/abbr>\u00a0dan (le grade le plus \u00e9lev\u00e9 qui puisse \u00eatre attribu\u00e9 en Shotokan).<a href=\"https:\/\/sites.ffkarate.fr\/gers\/wp-content\/uploads\/sites\/47\/2014\/12\/Kanazawa.jpg\"><img decoding=\"async\" class=\"aligncenter size-full wp-image-577\" src=\"https:\/\/sites.ffkarate.fr\/gers\/wp-content\/uploads\/sites\/47\/2014\/12\/Kanazawa.jpg\" alt=\"Kanazawa\" width=\"216\" height=\"323\" \/><\/a><\/p>\n<p>Fils a\u00een\u00e9 de Soke Hirokazu KANAZAWA,\u00a0<strong>Nobuaki KANAZAWA<\/strong>\u00a0(8\u00e8me Dan)\u00a0a \u00e9t\u00e9 d\u00e9sign\u00e9 en 2013 \u00ab\u00a0<strong>Kancho<\/strong>\u00a0\u00bb de la\u00a0<strong>Shotokan Karate-Do International Federation (S.K.I.F).<\/strong><\/p>\n<p><a href=\"https:\/\/sites.ffkarate.fr\/gers\/wp-content\/uploads\/sites\/47\/2014\/12\/151025-KANAZAWA-010-1170x781-1.jpg\"><img decoding=\"async\" class=\"aligncenter size-large wp-image-578\" src=\"https:\/\/sites.ffkarate.fr\/gers\/wp-content\/uploads\/sites\/47\/2014\/12\/151025-KANAZAWA-010-1170x781-1-1024x684.jpg\" alt=\"151025-KANAZAWA-010-1170x781\" width=\"640\" height=\"428\" \/><\/a>[\/vc_column_text][\/vc_column][\/vc_row][vc_row][vc_column][vc_empty_space][vc_column_text]<\/p>\n<h4 style=\"text-align: center\">Tous les articles Karat\u00e9<\/h4>\n<p>[\/vc_column_text][ffk_postgrid category=\u00a0\u00bb1&Prime;][\/vc_column][\/vc_row]<\/p>\n<\/div>","protected":false},"excerpt":{"rendered":"<p>Le karat\u00e9 est le produit d\u2019une histoire riche, avec de tr\u00e8s nombreuses variations li\u00e9es aux diverses cultures et \u00e9poques. Sa sp\u00e9cificit\u00e9, parmi les grands budo, est d\u2019avoir gard\u00e9 toutes les traces de son histoire dans une forme plurielle. Il existe ainsi une grande vari\u00e9t\u00e9 de styles et d\u2019\u00e9coles qui en font sa richesse.<\/p>\n","protected":false},"author":1,"featured_media":65,"parent":63,"menu_order":0,"comment_status":"closed","ping_status":"closed","template":"","meta":{"footnotes":""},"class_list":["post-76","page","type-page","status-publish","hentry"],"_links":{"self":[{"href":"https:\/\/sites.ffkarate.fr\/gers\/wp-json\/wp\/v2\/pages\/76","targetHints":{"allow":["GET"]}}],"collection":[{"href":"https:\/\/sites.ffkarate.fr\/gers\/wp-json\/wp\/v2\/pages"}],"about":[{"href":"https:\/\/sites.ffkarate.fr\/gers\/wp-json\/wp\/v2\/types\/page"}],"author":[{"embeddable":true,"href":"https:\/\/sites.ffkarate.fr\/gers\/wp-json\/wp\/v2\/users\/1"}],"replies":[{"embeddable":true,"href":"https:\/\/sites.ffkarate.fr\/gers\/wp-json\/wp\/v2\/comments?post=76"}],"version-history":[{"count":2,"href":"https:\/\/sites.ffkarate.fr\/gers\/wp-json\/wp\/v2\/pages\/76\/revisions"}],"predecessor-version":[{"id":3319,"href":"https:\/\/sites.ffkarate.fr\/gers\/wp-json\/wp\/v2\/pages\/76\/revisions\/3319"}],"up":[{"embeddable":true,"href":"https:\/\/sites.ffkarate.fr\/gers\/wp-json\/wp\/v2\/pages\/63"}],"wp:featuredmedia":[{"embeddable":true,"href":"https:\/\/sites.ffkarate.fr\/gers\/wp-json\/wp\/v2\/media\/65"}],"wp:attachment":[{"href":"https:\/\/sites.ffkarate.fr\/gers\/wp-json\/wp\/v2\/media?parent=76"}],"curies":[{"name":"wp","href":"https:\/\/api.w.org\/{rel}","templated":true}]}}