{"id":1803,"date":"2019-12-06T09:34:47","date_gmt":"2019-12-06T08:34:47","guid":{"rendered":"https:\/\/sites.ffkarate.fr\/gironde\/?page_id=1803"},"modified":"2025-12-26T15:48:02","modified_gmt":"2025-12-26T14:48:02","slug":"deroulement-des-competitions","status":"publish","type":"page","link":"https:\/\/sites.ffkarate.fr\/gironde\/deroulement-des-competitions\/","title":{"rendered":"Les comp\u00e9titions"},"content":{"rendered":"<div class=\"wpb-content-wrapper\"><p>[vc_row][vc_column][vc_column_text]<\/p>\n<h2>Inscriptions<\/h2>\n<p>Toutes les inscriptions se font en ligne :<\/p>\n<p><a href=\"http:\/\/www.ffkcompetition.fr\/\" target=\"_blank\" rel=\"noopener\"><img decoding=\"async\" class=\"alignnone size-full wp-image-2329\" src=\"https:\/\/sites.ffkarate.fr\/gironde\/wp-content\/uploads\/sites\/48\/2020\/11\/bouton-inscription-competition.jpg\" alt=\"bouton-inscription-competition\" width=\"230\" height=\"40\" \/><\/a><\/p>\n<p>&nbsp;<\/p>\n<div>Une fiche annexe au calendrier fixe les modalit\u00e9s horaires des convocations et pes\u00e9es pour toutes les comp\u00e9titions de la saison.<\/div>\n<p><strong>L\u2019inscription de vos licenci\u00e9s aux Comp\u00e9titions D\u00e9partementales<\/strong>\u00a0<strong>est soumise \u00e0 un droit d\u2019inscription de :<\/strong><\/p>\n<ul>\n<li><strong>3 \u20acuros en individuel<\/strong><\/li>\n<li><strong>6 \u20acuros par \u00e9quipe.<\/strong><\/li>\n<\/ul>\n<div dir=\"ltr\">Le r\u00e8glement par ch\u00e8que devra\u00a0<strong>imp\u00e9rativement<\/strong>\u00a0<strong>\u00eatre\u00a0re\u00e7u<\/strong>\u00a0par le COMITE DEPARTEMENTAL , <strong>7\u00a0JOURS avant la comp\u00e9tition<\/strong>.<\/div>\n<p>Si le r\u00e8glement n\u2019est pas re\u00e7u \u00e0 temps , le comp\u00e9titeur se verra refuser l\u2019acc\u00e8s \u00e0 la comp\u00e9tition.<\/p>\n<div>Tous les comp\u00e9titeurs <strong>Minimes, Cadets, Juniors, S\u00e9niors<\/strong>, quelque soit leur r\u00e9sultat, ayant particip\u00e9 au Championnat du D\u00e9partement pourront participer au Championnat de Ligue.<\/div>\n<div><strong>Toutefois, une confirmation par inscription en ligne devra \u00eatre faite par les responsables des Clubs, au moins 8 jours avant la comp\u00e9tition.<\/strong><\/div>\n<div><\/div>\n<p>&nbsp;<\/p>\n<div>Pour les <strong>Pupilles et Benjamins<\/strong>, reconduite du syst\u00e8me Elite\/Honneur (Combat\/Kata). Les enfants doivent avoir effectu\u00e9 la coupe d\u00e9partementale pour pouvoir participer \u00e0 la Coupe Elite.<\/div>\n<div><b>La liste des participants sera transmise \u00e0 la ZID\u00a0par le d\u00e9partement pour v\u00e9rifications, mais une confirmation d\u2019 inscription doit \u00eatre faite en ligne par les clubs<\/b><\/div>\n<p>&nbsp;<\/p>\n<h2>Le calendrier<\/h2>\n<p>Le calendrier est mis \u00e0 jour r\u00e9guli\u00e8rement.\u00a0<strong><em>La version publi\u00e9e sur Internet prime sur le calendrier papier.<\/em><\/strong><\/p>\n<p><a href=\"https:\/\/sites.ffkarate.fr\/gironde\/calendrier\/\" target=\"_blank\" rel=\"noopener\">Pour le consulter, cliquez ici<\/a>.<\/p>\n<p>&nbsp;<\/p>\n<h2>Demandes de passeports<\/h2>\n<p>Les passeports sont vendus par les comit\u00e9s d\u00e9partementaux au prix de 25\u20ac, tarif unique qui s\u2019applique aux adultes et aux enfants (la\u00a0f\u00e9d\u00e9ration ne d\u00e9livre plus de passeports enfants).<\/p>\n<p>Les commandes de passeports sont faites <strong>uniquement par les clubs<\/strong>.<\/p>\n<p>Vous devez adresser votre commande au moyen du formulaire ci-dessous, avec un ch\u00e8que correspondant \u00e0 25 \u20ac X nombre de passeports, frais de port non offert.<\/p>\n<p><a href=\"https:\/\/sites.ffkarate.fr\/gironde\/wp-content\/uploads\/sites\/48\/2023\/09\/DEMANDE_PASSEPORT_SPORTIF-1-word.doc.pdf\">DEMANDE-DE-PASSEPORTS-SPORTIFS <\/a><\/p>\n<h2><\/h2>\n<p>[\/vc_column_text][\/vc_column][\/vc_row]<\/p>\n<\/div>","protected":false},"excerpt":{"rendered":"<p>[vc_row][vc_column][vc_column_text] Inscriptions Toutes les inscriptions se font en ligne : &nbsp; Une fiche annexe au calendrier fixe les modalit\u00e9s horaires des convocations et pes\u00e9es pour toutes les comp\u00e9titions de la saison. L\u2019inscription de vos licenci\u00e9s aux Comp\u00e9titions D\u00e9partementales\u00a0est soumise \u00e0 un droit d\u2019inscription de : 3 \u20acuros en individuel 6 \u20acuros par \u00e9quipe. Le r\u00e8glement [&hellip;]<\/p>\n","protected":false},"author":20,"featured_media":0,"parent":0,"menu_order":0,"comment_status":"closed","ping_status":"closed","template":"","meta":{"footnotes":""},"class_list":["post-1803","page","type-page","status-publish","hentry"],"_links":{"self":[{"href":"https:\/\/sites.ffkarate.fr\/gironde\/wp-json\/wp\/v2\/pages\/1803","targetHints":{"allow":["GET"]}}],"collection":[{"href":"https:\/\/sites.ffkarate.fr\/gironde\/wp-json\/wp\/v2\/pages"}],"about":[{"href":"https:\/\/sites.ffkarate.fr\/gironde\/wp-json\/wp\/v2\/types\/page"}],"author":[{"embeddable":true,"href":"https:\/\/sites.ffkarate.fr\/gironde\/wp-json\/wp\/v2\/users\/20"}],"replies":[{"embeddable":true,"href":"https:\/\/sites.ffkarate.fr\/gironde\/wp-json\/wp\/v2\/comments?post=1803"}],"version-history":[{"count":7,"href":"https:\/\/sites.ffkarate.fr\/gironde\/wp-json\/wp\/v2\/pages\/1803\/revisions"}],"predecessor-version":[{"id":3522,"href":"https:\/\/sites.ffkarate.fr\/gironde\/wp-json\/wp\/v2\/pages\/1803\/revisions\/3522"}],"wp:attachment":[{"href":"https:\/\/sites.ffkarate.fr\/gironde\/wp-json\/wp\/v2\/media?parent=1803"}],"curies":[{"name":"wp","href":"https:\/\/api.w.org\/{rel}","templated":true}]}}