{"id":27,"date":"2021-05-07T15:56:14","date_gmt":"2021-05-07T13:56:14","guid":{"rendered":"https:\/\/sites.ffkarate.fr\/gironde\/?page_id=27"},"modified":"2025-09-06T21:21:09","modified_gmt":"2025-09-06T19:21:09","slug":"formations","status":"publish","type":"page","link":"https:\/\/sites.ffkarate.fr\/gironde\/formations\/","title":{"rendered":"Formations"},"content":{"rendered":"<div class=\"wpb-content-wrapper\"><p>[vc_row][vc_column][ffk_peoplecard subtitle=\u00a0\u00bbResponsable D\u00e9partemental Formation\u00a0\u00bb][\/vc_column][\/vc_row][vc_row gap=\u00a0\u00bb15&Prime;][vc_column css_animation=\u00a0\u00bbnone\u00a0\u00bb][vc_column_text]<\/p>\n<h3>L&rsquo;attestation f\u00e9d\u00e9rale d&rsquo;assistant (AFA)<\/h3>\n<p>L\u2019AFA permet de donner une reconnaissance \u00e0 un intervenant b\u00e9n\u00e9vole qui aide occasionnellement un enseignant dipl\u00f4m\u00e9 minimum du DAF, \u00e0 encadrer des s\u00e9ances de karat\u00e9 ou d\u2019une discipline associ\u00e9e dans un club affili\u00e9 FFKDA. Il ne s\u2019agit pas d\u2019un dipl\u00f4me d\u2019enseignant autonome. Le responsable de la s\u00e9ance doit \u00eatre titulaire au minimum du DAF et \u00eatre pr\u00e9sent dans la salle pendant l\u2019intervention d\u2019un assistant titulaire de l\u2019AFA. En incitant des jeunes pratiquants \u00e0 s\u2019impliquer dans la vie associative, cette attestation accessible \u00e0 partir de la ceinture marron et de 14 \u00e0 18 ans, s\u2019int\u00e8gre donc dans la formation sportive citoyenne. Il permet \u00e9galement de coacher jusqu&rsquo;au niveau r\u00e9gional inclue<\/p>\n<p><a href=\"https:\/\/www.ffkarate.fr\/espace-licencies\/formations\/attestation-federale-assistant-afa\/\" target=\"_blank\" rel=\"noopener\">L\u2019AFA sur le site f\u00e9d\u00e9ral<\/a>[\/vc_column_text][\/vc_column][\/vc_row][vc_row gap=\u00a0\u00bb15&Prime;][vc_column css_animation=\u00a0\u00bbnone\u00a0\u00bb][vc_column_text]<\/p>\n<h3>Le dipl\u00f4me d&rsquo;animateur f\u00e9d\u00e9ral (DAF)<\/h3>\n<p>Le DAF permet l\u2019animation b\u00e9n\u00e9vole en pleine autonomie. Le DAF est la porte d\u2019acc\u00e8s \u00e0 l\u2019enseignement b\u00e9n\u00e9vole autonome du karat\u00e9 et de ses disciplines associ\u00e9es, dans tout club affili\u00e9 \u00e0 la FFKDA. Il est adapt\u00e9 \u00e0 l\u2019enseignement dans des petites structures associatives limit\u00e9es en nombre d\u2019adh\u00e9rents avec des niveaux de pratique allant de l\u2019initiation jusqu\u2019\u00e0 la ceinture noire 1er dan et favorisant la pr\u00e9paration sportive de comp\u00e9titeurs d\u00e9butants.<\/p>\n<p><a href=\"https:\/\/www.ffkarate.fr\/espace-licencies\/formations\/diplome-animateur-federal-daf\/\" target=\"_blank\" rel=\"noopener\">Le DAF sur le site f\u00e9d\u00e9ral<\/a>[\/vc_column_text][vc_column_text]<\/p>\n<h2><strong>Le DIF (Dipl\u00f4me d\u2019Instructeur F\u00e9d\u00e9ral)<\/strong><\/h2>\n<p><strong>Le Dipl\u00f4me d\u2019Instructeur F\u00e9d\u00e9ral (DIF) est le dipl\u00f4me de r\u00e9f\u00e9rence pour un enseignant de karat\u00e9, wushu et disciplines associ\u00e9es dans un club affili\u00e9 \u00e0 la FFK. Il permet de diversifier les activit\u00e9s par rapport aux diff\u00e9rents publics d\u2019un club (enfants, adolescents, adultes et seniors) et de mieux leur assurer le d\u00e9veloppement \u00e0 long terme.<\/strong><\/p>\n<p>A l\u2019issue de la formation, le stagiaire pourra notamment\u00a0:<\/p>\n<ul>\n<li>Ouvrir un club ;<\/li>\n<li>Planifier des cours pour diff\u00e9rents publics sp\u00e9cifiques (enfants, ados, adultes, seniors, para, etc.) ;<\/li>\n<li>Acc\u00e9der aux stages de formation continue ;<\/li>\n<li>Apporter des comp\u00e9tences pour la progression et le perfectionnement des pratiquants ;<\/li>\n<li>Animer des cours en toute s\u00e9curit\u00e9 et en pleine autonomie ;<\/li>\n<li>Elargir son enseignement au-del\u00e0 du club.<\/li>\n<\/ul>\n<p><a href=\"https:\/\/www.ffkarate.fr\/wp-content\/uploads\/2023\/10\/DIF-fiche-action01.pdf\" target=\"_blank\" rel=\"noopener\">Le DIF sur le site f\u00e9d\u00e9ral<\/a>[\/vc_column_text][vc_empty_space height=\u00a0\u00bb40px\u00a0\u00bb][vc_row_inner][vc_column_inner][vc_column_text]<\/p>\n<h3>Dates de formation 2025\/2026<\/h3>\n<p>[\/vc_column_text][vc_column_text]La formation AFA\/DAF pour le d\u00e9partement de la Gironde se d\u00e9roulera les<\/p>\n<p>17 et 18\/01\/2026\u00a0 ARRET DES INSCRIPTIONS LE 18\/12\/2026<\/p>\n<p>La formation DIF se d\u00e9roulera le 13 et 14 D\u00e9cembre 2025 et les 10 et 11 Janvier 2025. ARRET DES INSCRIPTIONS LE 14\/11\/2025<\/p>\n<p>[\/vc_column_text][\/vc_column_inner][\/vc_row_inner][vc_empty_space][vc_single_image image=\u00a0\u00bb3670&Prime;][\/vc_column][\/vc_row][vc_row gap=\u00a0\u00bb15&Prime;][vc_column css_animation=\u00a0\u00bbnone\u00a0\u00bb][vc_empty_space height=\u00a0\u00bb40px\u00a0\u00bb][vc_empty_space][\/vc_column][\/vc_row]<\/p>\n<\/div>","protected":false},"excerpt":{"rendered":"<p>[vc_row][vc_column][ffk_peoplecard subtitle=\u00a0\u00bbResponsable D\u00e9partemental Formation\u00a0\u00bb][\/vc_column][\/vc_row][vc_row gap=\u00a0\u00bb15&Prime;][vc_column css_animation=\u00a0\u00bbnone\u00a0\u00bb][vc_column_text] L&rsquo;attestation f\u00e9d\u00e9rale d&rsquo;assistant (AFA) L\u2019AFA permet de donner une reconnaissance \u00e0 un intervenant b\u00e9n\u00e9vole qui aide occasionnellement un enseignant dipl\u00f4m\u00e9 minimum du DAF, \u00e0 encadrer des s\u00e9ances de karat\u00e9 ou d\u2019une discipline associ\u00e9e dans un club affili\u00e9 FFKDA. Il ne s\u2019agit pas d\u2019un dipl\u00f4me d\u2019enseignant autonome. Le responsable de [&hellip;]<\/p>\n","protected":false},"author":1,"featured_media":0,"parent":0,"menu_order":0,"comment_status":"closed","ping_status":"closed","template":"","meta":{"footnotes":""},"class_list":["post-27","page","type-page","status-publish","hentry"],"_links":{"self":[{"href":"https:\/\/sites.ffkarate.fr\/gironde\/wp-json\/wp\/v2\/pages\/27","targetHints":{"allow":["GET"]}}],"collection":[{"href":"https:\/\/sites.ffkarate.fr\/gironde\/wp-json\/wp\/v2\/pages"}],"about":[{"href":"https:\/\/sites.ffkarate.fr\/gironde\/wp-json\/wp\/v2\/types\/page"}],"author":[{"embeddable":true,"href":"https:\/\/sites.ffkarate.fr\/gironde\/wp-json\/wp\/v2\/users\/1"}],"replies":[{"embeddable":true,"href":"https:\/\/sites.ffkarate.fr\/gironde\/wp-json\/wp\/v2\/comments?post=27"}],"version-history":[{"count":11,"href":"https:\/\/sites.ffkarate.fr\/gironde\/wp-json\/wp\/v2\/pages\/27\/revisions"}],"predecessor-version":[{"id":3854,"href":"https:\/\/sites.ffkarate.fr\/gironde\/wp-json\/wp\/v2\/pages\/27\/revisions\/3854"}],"wp:attachment":[{"href":"https:\/\/sites.ffkarate.fr\/gironde\/wp-json\/wp\/v2\/media?parent=27"}],"curies":[{"name":"wp","href":"https:\/\/api.w.org\/{rel}","templated":true}]}}