{"id":23,"date":"2021-05-07T15:54:07","date_gmt":"2021-05-07T13:54:07","guid":{"rendered":"https:\/\/sites.ffkarate.fr\/grandest\/?page_id=23"},"modified":"2026-01-28T18:57:35","modified_gmt":"2026-01-28T17:57:35","slug":"grades","status":"publish","type":"page","link":"https:\/\/sites.ffkarate.fr\/grandest\/grades\/","title":{"rendered":"Grades"},"content":{"rendered":"<div class=\"wpb-content-wrapper\"><p>[vc_row gap=\u00a0\u00bb15&Prime;][vc_column][vc_column_text]<\/p>\n<h2>Les Grades<\/h2>\n<p>Les diff\u00e9rents grades de Karat\u00e9 et Disciplines Associ\u00e9es forment un ensemble dans la progression des connaissances en Karat\u00e9 et Disciplines Associ\u00e9es.<br \/>\nL\u2019acquisition des valeurs morales, la progression technique et sportive sont l\u2019aboutissement de l\u2019enseignement du professeur et de l\u2019entra\u00eenement.<br \/>\nL\u2019\u00e9chelle des grades valide cette progression. Conform\u00e9ment \u00e0 l\u2019article L. 212-5 du code du sport, dans les disciplines relevant des arts martiaux, nul ne peut se pr\u00e9valoir d\u2019un Dan ou d\u2019un grade \u00e9quivalent sanctionnant les qualit\u00e9s sportives et les connaissances techniques, et, le cas \u00e9ch\u00e9ant, les performances en comp\u00e9tition s\u2019il n\u2019a pas \u00e9t\u00e9 d\u00e9livr\u00e9 par la commission sp\u00e9cialis\u00e9e des Dans et grades \u00e9quivalents de la f\u00e9d\u00e9ration d\u00e9l\u00e9gataire.<br \/>\nLes grades appel\u00e9s \u00ab\u00a0Kyu\u00a0\u00bb, d\u00e9livr\u00e9s par le professeur, sont repr\u00e9sent\u00e9s par la couleur de la ceinture jusqu\u2019\u00e0 la ceinture marron.<br \/>\nL\u2019\u00e9chelle de couleur est le plus souvent\u00a0: blanc, jaune, orange, vert, bleu et marron. \u00c0 partir de la ceinture noire, les grades appel\u00e9s \u00ab\u00a0Dan\u00a0\u00bb sont d\u00e9livr\u00e9s par la CSDGE et sont reconnus par l\u2019Etat[\/vc_column_text][vc_column_text]<\/p>\n<h2>Inscriptions aux examens de grades<\/h2>\n<h4><span style=\"color: #ff00ff\">Envoi des dossiers<\/span><\/h4>\n<p>Le dossier de candidature devra \u00eatre complet et retourn\u00e9 <strong>par mail au moins 30 jours avant la date de l\u2019examen <\/strong>\u00e0 la ligue r\u00e9gionale Grand Est. Adresse mentionn\u00e9e dans le dossier d&rsquo;inscription.<\/p>\n<p>&nbsp;<\/p>\n<h5><strong><a href=\"https:\/\/sites.ffkarate.fr\/grandest\/wp-content\/uploads\/sites\/112\/2026\/01\/FICHE-D-INSCRIPTION-EXAMENS-DE-GRADES-k-mix.pdf\">Fiche inscription Examen grades Karat\u00e9 Mix<\/a><\/strong><\/h5>\n<h4><span style=\"color: #ff00ff\">Contenu du dossier<\/span><\/h4>\n<ul>\n<li>La fiche d\u2019inscription compl\u00e9t\u00e9e et sign\u00e9e avec la photo du candidat.<\/li>\n<li>L&rsquo;attestation historique des licences que vous obtenez sur votre espace personnel du site f\u00e9d\u00e9ral<\/li>\n<li>L\u2019autorisation parentale pour les candidats mineurs<\/li>\n<li>Frais d\u2019inscription d\u2019un montant de 50 \u20ac virement \u00e0 la Ligue r\u00e9gionale Grand Est Karat\u00e9 et D.A.<br \/>\nIBAN: FR76 1470 7000 2831 9214 2578 629 CODE BIC: CCBPFRPPMTZ<\/li>\n<li>Les photocopies des pages suivantes de votre passeport sportif :\n<ul>\n<li style=\"list-style-type: none\">\n<ul>\n<li>Page d\u2019identit\u00e9<\/li>\n<li>Page d\u2019authentification des grades d\u00e9j\u00e0 obtenus<\/li>\n<li>Le cas \u00e9ch\u00e9ant, page des UV d\u00e9j\u00e0 obtenues avec les notes pour l\u2019examen concern\u00e9<\/li>\n<\/ul>\n<\/li>\n<\/ul>\n<p>S\u2019il y a lieu :<br \/>\n\uf0a3 D\u00e9rogation f\u00e9d\u00e9rale si insuffisance de temps entre deux grades<br \/>\n\uf06f Copie de la demande de bonification en temps de pratique sign\u00e9e par la CSDGE<br \/>\n\uf06f Copie de la partie authentifi\u00e9e du passeport sportif concernant les bonifications de points<\/li>\n<\/ul>\n<p><strong><em>ATTENTION, vot<\/em><\/strong><strong><em>re convocation arrivera par mail quelques jours avant le d\u00e9but de l\u2019examen. Si vous ne renseignez pas le champ \u00ab mail \u00bb dans la fiche d&rsquo;inscription, vous ne pourrez pas recevoir de convocation.<\/em><\/strong><\/p>\n<p>&nbsp;<\/p>\n<h4 style=\"padding-left: 40px\"><span style=\"color: #ff00ff\">Le jour de l\u2019examen<\/span><\/h4>\n<p>Vous devez vous pr\u00e9senter 15 minutes avant l\u2019heure de convocation avec :<\/p>\n<ul>\n<li style=\"list-style-type: none\">\n<ul>\n<li>Votre karategi<\/li>\n<li>Votre passeport sportif<\/li>\n<li>Une pi\u00e8ce d\u2019identit\u00e9<\/li>\n<li>Le mail de convocation qui vous aura \u00e9t\u00e9 adress\u00e9<\/li>\n<li>Une enveloppe format A4 (21\u00d729,7 cm) affranchie minimum \u00e0 250 gr, \u00e0 votre adresse et \u00e0 votre nom en vue du retour de votre passeport, carte et dipl\u00f4me. Elle vous sera demand\u00e9 en cas de r\u00e9ussite \u00e0 l\u2019examen. Si vous le souhaitez, vous pourrez pr\u00e9voir cette enveloppe en lettre suivie ou recommand\u00e9.<\/li>\n<\/ul>\n<\/li>\n<\/ul>\n<p>[\/vc_column_text][vc_column_text]<\/p>\n<h2>Explications compl\u00e9mentaires<\/h2>\n<p>Toutes demandes de d\u00e9rogation devront \u00eatre justifi\u00e9es et pr\u00e9sent\u00e9es directement \u00e0 la F\u00e9d\u00e9ration dans les temps impartis par la r\u00e8glementation : concernant les articles 205, 206, 207, 209 et 216.<\/p>\n<ul>\n<li>Article 205 \u2013 Conditions d\u2019\u00e2ge pour les passages de Dans et grades \u00e9quivalents<\/li>\n<li>Article 206 \u2013 Temps de pratique entre chaque passage de Dans et Grades \u00e9quivalents<\/li>\n<li>Article 207 \u2013 Fr\u00e9quence des pages de Dans et Grades \u00e9quivalents<\/li>\n<li>Article 209 \u2013 Bonifications en temps de Pratique<\/li>\n<li>Article 216 \u2013 Reconnaissance des Dans et Grades \u00e9quivalents obtenus \u00e0 l\u2019\u00e9tranger<\/li>\n<\/ul>\n<p>[\/vc_column_text][\/vc_column][\/vc_row][vc_row][vc_column][vc_column_text]<\/p>\n<h2>Examens des grades 2022-2023 :<\/h2>\n<p>La ligue Grand Est met en place les examens de grades 2\u00e8me , 3\u00e8me et 4\u00e8me Dan\/Duan\/Dong uniquement lorsque les comit\u00e9s d\u00e9partementaux du Grand Est sont dans l\u2019incapacit\u00e9 de les organiser. Se renseigner aupr\u00e8s de votre d\u00e9partement avant toute inscription. T\u00e9l\u00e9charger directement la fiche d&rsquo;inscription au niveau de la page <a href=\"https:\/\/sites.ffkarate.fr\/grandest\/calendrier\/\">calendrier<\/a><\/p>\n<ul>\n<li>\u00a018\/12\/2022 \u00e0 Pont \u00e0 Mousson<\/li>\n<\/ul>\n<p>Examen Yoseikan Budo du 18\/12\/2022<\/p>\n<p><img decoding=\"async\" class=\"alignnone size-medium wp-image-6204\" src=\"https:\/\/sites.ffkarate.fr\/grandest\/wp-content\/uploads\/sites\/112\/2022\/12\/gradesYB-18decembre2022-300x237.jpg\" alt=\"\" width=\"300\" height=\"237\" srcset=\"https:\/\/sites.ffkarate.fr\/grandest\/wp-content\/uploads\/sites\/112\/2022\/12\/gradesYB-18decembre2022-300x237.jpg 300w, https:\/\/sites.ffkarate.fr\/grandest\/wp-content\/uploads\/sites\/112\/2022\/12\/gradesYB-18decembre2022-1024x810.jpg 1024w, https:\/\/sites.ffkarate.fr\/grandest\/wp-content\/uploads\/sites\/112\/2022\/12\/gradesYB-18decembre2022-768x608.jpg 768w, https:\/\/sites.ffkarate.fr\/grandest\/wp-content\/uploads\/sites\/112\/2022\/12\/gradesYB-18decembre2022-1536x1215.jpg 1536w, https:\/\/sites.ffkarate.fr\/grandest\/wp-content\/uploads\/sites\/112\/2022\/12\/gradesYB-18decembre2022-2048x1620.jpg 2048w\" sizes=\"(max-width: 300px) 100vw, 300px\" \/><\/p>\n<p>Christophe MALLET et Bertrand THIEBAUT valident leur 3\u00e8me Dan.<\/p>\n<ul>\n<li>21\/05\/2023 \u00e0 Pont \u00e0 Mousson<\/li>\n<\/ul>\n<p>[\/vc_column_text][\/vc_column][\/vc_row][vc_row][vc_column][vc_column_text]<\/p>\n<h2>Les responsables r\u00e9gionaux des grades<\/h2>\n<p><a href=\"https:\/\/sites.ffkarate.fr\/grandest\/wp-content\/uploads\/sites\/112\/2015\/01\/MAZZOLENI-CLaude-270920.jpg\"><img decoding=\"async\" class=\"alignnone wp-image-4672\" src=\"https:\/\/sites.ffkarate.fr\/grandest\/wp-content\/uploads\/sites\/112\/2015\/01\/MAZZOLENI-CLaude-270920.jpg\" alt=\"MAZZOLENI CLaude 270920\" width=\"84\" height=\"84\" \/><\/a>\u00a0 \u00a0 \u00a0<strong>Claude MAZZOLENI<\/strong>, responsable r\u00e9gional des grades karat\u00e9<\/p>\n<p><img decoding=\"async\" class=\"alignnone wp-image-4665\" src=\"https:\/\/sites.ffkarate.fr\/grandest\/wp-content\/uploads\/sites\/112\/2015\/01\/LEBERT-Charles-270920.jpg\" alt=\"\" width=\"71\" height=\"71\" \/>\u00a0 \u00a0 <strong>Charles LEBERT<\/strong>, responsable r\u00e9gional des grades\u00a0Yoseikan Budo<\/p>\n<p><a href=\"https:\/\/sites.ffkarate.fr\/grandest\/wp-content\/uploads\/sites\/112\/2017\/09\/WALISKO-Marc-XN.jpg\"><img decoding=\"async\" class=\"alignnone wp-image-671\" src=\"https:\/\/sites.ffkarate.fr\/grandest\/wp-content\/uploads\/sites\/112\/2017\/09\/WALISKO-Marc-XN-232x300.jpg\" alt=\"WALISKO Marc XN\" width=\"66\" height=\"85\" \/><\/a>\u00a0 \u00a0 \u00a0<strong>Marc WALISKO<\/strong>, responsable grades Arts Martiaux Vietnamiens<\/p>\n<p>&nbsp;<\/p>\n<p><img decoding=\"async\" class=\"alignnone wp-image-4717\" src=\"https:\/\/sites.ffkarate.fr\/grandest\/wp-content\/uploads\/sites\/112\/2015\/01\/ESTEBAN-CHristophe-.jpg\" alt=\"\" width=\"66\" height=\"66\" srcset=\"https:\/\/sites.ffkarate.fr\/grandest\/wp-content\/uploads\/sites\/112\/2015\/01\/ESTEBAN-CHristophe-.jpg 180w, https:\/\/sites.ffkarate.fr\/grandest\/wp-content\/uploads\/sites\/112\/2015\/01\/ESTEBAN-CHristophe--176x176.jpg 176w\" sizes=\"(max-width: 66px) 100vw, 66px\" \/>\u00a0 \u00a0 <strong>Christophe ESTEBAN<\/strong>, responsable grades Karat\u00e9 Mix<\/p>\n<hr \/>\n<h2><\/h2>\n<p>[\/vc_column_text][\/vc_column][\/vc_row][vc_row][vc_column][vc_column_text]<strong>L&rsquo;examen 6\u00e8me Dan des -50 ans<\/strong> s&rsquo;est d\u00e9roul\u00e9 le 3 octobre 2020 \u00e0 Villebon.<\/p>\n<p>F\u00e9licitations aux deux nouveaux 6\u00e8me Dan de la ligue Grand Est :<\/p>\n<ul>\n<li>Marjorie LOCK, Karat\u00e9 Do Sarralbe (57) et Directrice technique r\u00e9gionale<\/li>\n<li>Emmanuel HOEN,\u00a0Association club L\u00e9o Lagrange Karat\u00e9\u00a0(67)<\/li>\n<\/ul>\n<p><img decoding=\"async\" class=\"alignnone wp-image-4570\" src=\"https:\/\/sites.ffkarate.fr\/grandest\/wp-content\/uploads\/sites\/112\/2020\/10\/diplomes-6e-dan-le-03-10-20-e1601986351590.jpeg\" alt=\"\" width=\"345\" height=\"415\" \/><\/p>\n<p>&nbsp;<\/p>\n<hr \/>\n<p><strong>Stage harmonisation des grades, jurys d&rsquo;examen et candidats<\/strong> &#8211; Styles Karat\u00e9, Krav Maga, Yoseikan Budo et Arts Martiaux Vietnamiens. Dimanche 3 novembre 2019 \u00e0 Pont \u00e0 Mousson. <a href=\"https:\/\/sites.ffkarate.fr\/grandest\/wp-content\/uploads\/sites\/112\/2019\/10\/Stage-grades-031119-V2.jpg\" target=\"_blank\" rel=\"noopener\">Programme<\/a>.<\/p>\n<p><a href=\"https:\/\/sites.ffkarate.fr\/grandest\/wp-content\/uploads\/sites\/112\/2019\/10\/Stage-grades-031119-V2.jpg\"><img decoding=\"async\" class=\"alignnone size-medium wp-image-3553\" src=\"https:\/\/sites.ffkarate.fr\/grandest\/wp-content\/uploads\/sites\/112\/2019\/10\/Stage-grades-031119-V2-300x212.jpg\" alt=\"Stage grades 031119-V2\" width=\"300\" height=\"212\" \/><\/a><\/p>\n<p>&nbsp;<\/p>\n<h2><\/h2>\n<p>[\/vc_column_text][\/vc_column][\/vc_row]<\/p>\n<\/div>","protected":false},"excerpt":{"rendered":"<p>Le dossier de candidature devra \u00eatre complet et retourn\u00e9 en courrier simple non recommand\u00e9 au moins 30 jours avant la date de l\u2019examen (cachet poste faisant foi) au Comit\u00e9 D\u00e9partemental de Karat\u00e9 De La Gironde.<\/p>\n","protected":false},"author":1,"featured_media":0,"parent":0,"menu_order":0,"comment_status":"closed","ping_status":"closed","template":"","meta":{"footnotes":""},"class_list":["post-23","page","type-page","status-publish","hentry"],"_links":{"self":[{"href":"https:\/\/sites.ffkarate.fr\/grandest\/wp-json\/wp\/v2\/pages\/23","targetHints":{"allow":["GET"]}}],"collection":[{"href":"https:\/\/sites.ffkarate.fr\/grandest\/wp-json\/wp\/v2\/pages"}],"about":[{"href":"https:\/\/sites.ffkarate.fr\/grandest\/wp-json\/wp\/v2\/types\/page"}],"author":[{"embeddable":true,"href":"https:\/\/sites.ffkarate.fr\/grandest\/wp-json\/wp\/v2\/users\/1"}],"replies":[{"embeddable":true,"href":"https:\/\/sites.ffkarate.fr\/grandest\/wp-json\/wp\/v2\/comments?post=23"}],"version-history":[{"count":13,"href":"https:\/\/sites.ffkarate.fr\/grandest\/wp-json\/wp\/v2\/pages\/23\/revisions"}],"predecessor-version":[{"id":8340,"href":"https:\/\/sites.ffkarate.fr\/grandest\/wp-json\/wp\/v2\/pages\/23\/revisions\/8340"}],"wp:attachment":[{"href":"https:\/\/sites.ffkarate.fr\/grandest\/wp-json\/wp\/v2\/media?parent=23"}],"curies":[{"name":"wp","href":"https:\/\/api.w.org\/{rel}","templated":true}]}}