{"id":31,"date":"2021-05-07T15:58:18","date_gmt":"2021-05-07T13:58:18","guid":{"rendered":"https:\/\/sites.ffkarate.fr\/grandest\/?page_id=31"},"modified":"2023-08-15T19:11:13","modified_gmt":"2023-08-15T17:11:13","slug":"competitions","status":"publish","type":"page","link":"https:\/\/sites.ffkarate.fr\/grandest\/competitions\/","title":{"rendered":"Comp\u00e9titions"},"content":{"rendered":"<div class=\"wpb-content-wrapper\"><p>[vc_row gap=\u00a0\u00bb15&Prime;][vc_column][vc_column_text]La ligue r\u00e9gionale organise :<\/p>\n<ul>\n<li>les championnats r\u00e9gionaux individuels kata et combat des cat\u00e9gories MINIME, CADET, JUNIOR, SENIOR.<\/li>\n<li>les open kata et combat des cat\u00e9gories, PUPILLE et BENJAMIN.<\/li>\n<li>Les championnats r\u00e9gionaux individuels kata et combat des cat\u00e9gories VETERANS<\/li>\n<li>Les championnats r\u00e9gionaux individuels WUSHU<\/li>\n<\/ul>\n<p>Une fiche annexe au calendrier fixe les modalit\u00e9s horaires des convocations et pes\u00e9es pour toutes les comp\u00e9titions de la saison.<\/p>\n<p>Les inscriptions aux diff\u00e9rentes comp\u00e9titions r\u00e9gionales s\u2019effectuent en ligne uniquement via le site <a href=\"http:\/\/www.ffkcompetition.fr\/\" target=\"_blank\" rel=\"noopener\">http:\/\/www.ffkcompetition.fr\/<\/a>.<\/p>\n<p>&nbsp;<\/p>\n<p>[\/vc_column_text][ffk_button size=\u00a0\u00bbbig\u00a0\u00bb link=\u00a0\u00bburl:http%3A%2F%2Fwww.ffkcompetition.fr%2F|title:Inscriptions%20en%20ligne|target:_blank\u00a0\u00bb][vc_column_text][\/vc_column_text][\/vc_column][\/vc_row][vc_row][vc_column][vc_column_text]<\/p>\n<p><a href=\"https:\/\/sites.ffkarate.fr\/grandest\/wp-content\/uploads\/sites\/101\/2020\/09\/calen-20-21-Gd-Est.pdf\" target=\"_blank\" rel=\"noopener\"><span style=\"color: #0000ff\"><img decoding=\"async\" class=\"alignnone wp-image-2166\" src=\"https:\/\/sites.ffkarate.fr\/grandest\/wp-content\/uploads\/sites\/112\/2015\/01\/FFKarate_HORIZONTAL_RVB-300x134.jpg\" alt=\"FFKarate_HORIZONTAL_RVB\" width=\"107\" height=\"48\" \/>\u00a0\u00a0Site f\u00e9d\u00e9ral<\/span><\/a>[\/vc_column_text][ffk_button color=\u00a0\u00bbprimary\u00a0\u00bb size=\u00a0\u00bbbig\u00a0\u00bb link=\u00a0\u00bburl:https%3A%2F%2Fsites.ffkarate.fr%2Fgrandest%2Fcalendrier%2F|title:Calendrier%20sportif\u00a0\u00bb][\/vc_column][\/vc_row]<\/p>\n<\/div>","protected":false},"excerpt":{"rendered":"<p>[vc_row gap=\u00a0\u00bb15&Prime;][vc_column][vc_column_text]La ligue r\u00e9gionale organise : les championnats r\u00e9gionaux individuels kata et combat des cat\u00e9gories MINIME, CADET, JUNIOR, SENIOR. les open kata et combat des cat\u00e9gories, PUPILLE et BENJAMIN. Les championnats r\u00e9gionaux individuels kata et combat des cat\u00e9gories VETERANS Les championnats r\u00e9gionaux individuels WUSHU Une fiche annexe au calendrier fixe les modalit\u00e9s horaires des convocations [&hellip;]<\/p>\n","protected":false},"author":1,"featured_media":0,"parent":0,"menu_order":0,"comment_status":"closed","ping_status":"closed","template":"","meta":{"footnotes":""},"class_list":["post-31","page","type-page","status-publish","hentry"],"_links":{"self":[{"href":"https:\/\/sites.ffkarate.fr\/grandest\/wp-json\/wp\/v2\/pages\/31","targetHints":{"allow":["GET"]}}],"collection":[{"href":"https:\/\/sites.ffkarate.fr\/grandest\/wp-json\/wp\/v2\/pages"}],"about":[{"href":"https:\/\/sites.ffkarate.fr\/grandest\/wp-json\/wp\/v2\/types\/page"}],"author":[{"embeddable":true,"href":"https:\/\/sites.ffkarate.fr\/grandest\/wp-json\/wp\/v2\/users\/1"}],"replies":[{"embeddable":true,"href":"https:\/\/sites.ffkarate.fr\/grandest\/wp-json\/wp\/v2\/comments?post=31"}],"version-history":[{"count":10,"href":"https:\/\/sites.ffkarate.fr\/grandest\/wp-json\/wp\/v2\/pages\/31\/revisions"}],"predecessor-version":[{"id":6914,"href":"https:\/\/sites.ffkarate.fr\/grandest\/wp-json\/wp\/v2\/pages\/31\/revisions\/6914"}],"wp:attachment":[{"href":"https:\/\/sites.ffkarate.fr\/grandest\/wp-json\/wp\/v2\/media?parent=31"}],"curies":[{"name":"wp","href":"https:\/\/api.w.org\/{rel}","templated":true}]}}