{"id":40,"date":"2021-05-10T09:45:12","date_gmt":"2021-05-10T07:45:12","guid":{"rendered":"https:\/\/sites.ffkarate.fr\/grandest\/?page_id=40"},"modified":"2021-05-26T21:35:07","modified_gmt":"2021-05-26T19:35:07","slug":"commission-sportive","status":"publish","type":"page","link":"https:\/\/sites.ffkarate.fr\/grandest\/commission-sportive\/","title":{"rendered":"Commission sportive"},"content":{"rendered":"<div class=\"wpb-content-wrapper\"><p>[vc_row][vc_column][vc_empty_space][vc_column_text]<\/p>\n<h2>Organisation des comp\u00e9titions<\/h2>\n<p>La ligue r\u00e9gionale organise :<\/p>\n<ul>\n<li>les championnats r\u00e9gionaux individuels kata et combat des cat\u00e9gories MINIME, CADET, JUNIOR, SENIOR.<\/li>\n<\/ul>\n<p>Il faut avoir \u00e9t\u00e9 qualifi\u00e9 dans les championnats des zones interd\u00e9partementales pour participer \u00e0 ces championnats qualificatifs pour les championnats de France.<\/p>\n<ul>\n<li>les open kata et combat des cat\u00e9gories, PUPILLE et BENJAMIN.<\/li>\n<li>Les championnats r\u00e9gionaux individuels kata et combat des cat\u00e9gories VETERANS<\/li>\n<li>Les championnats r\u00e9gionaux individuels WUSHU<\/li>\n<\/ul>\n<p>[\/vc_column_text][\/vc_column][\/vc_row][vc_row][vc_column][vc_column_text]<\/p>\n<h2>Administration des comp\u00e9titions<\/h2>\n<p>Au cours de chaque comp\u00e9tition, un responsable d\u00e9sign\u00e9 par l\u2019organisateur :<\/p>\n<ul>\n<li>Assure le bon d\u00e9roulement de la comp\u00e9tition, depuis le d\u00e9but de la pes\u00e9e jusqu\u2019\u00e0 la fin du protocole ;<\/li>\n<li>Assure le suivi du\/des services d\u2019accueil et de s\u00e9curit\u00e9 ;<\/li>\n<li>Assure le contr\u00f4le des passeports, la r\u00e9gularit\u00e9 de la pes\u00e9e et de l\u2019inscription aux tableaux de comp\u00e9titions ;<\/li>\n<li>Proc\u00e8de \u00e0 l\u2019affichage des tableaux de comp\u00e9tition pour chaque cat\u00e9gorie, avant la comp\u00e9tition et au cours du d\u00e9roulement de celle-ci ;<\/li>\n<li>G\u00e8re l\u2019administration de la comp\u00e9tition;<\/li>\n<li>Assure au nom de la f\u00e9d\u00e9ration le respect de la r\u00e9glementation ;<\/li>\n<li>Intervient pour pr\u00e9venir et r\u00e9gler les \u00e9ventuels conflits ;<\/li>\n<li>Organise le protocole des remises des m\u00e9dailles et des dipl\u00f4mes.<\/li>\n<\/ul>\n<p>[\/vc_column_text][\/vc_column][\/vc_row]<\/p>\n<\/div>","protected":false},"excerpt":{"rendered":"<p>[vc_row][vc_column][vc_empty_space][vc_column_text] Organisation des comp\u00e9titions La ligue r\u00e9gionale organise : les championnats r\u00e9gionaux individuels kata et combat des cat\u00e9gories MINIME, CADET, JUNIOR, SENIOR. Il faut avoir \u00e9t\u00e9 qualifi\u00e9 dans les championnats des zones interd\u00e9partementales pour participer \u00e0 ces championnats qualificatifs pour les championnats de France. les open kata et combat des cat\u00e9gories, PUPILLE et BENJAMIN. Les [&hellip;]<\/p>\n","protected":false},"author":1,"featured_media":0,"parent":0,"menu_order":0,"comment_status":"closed","ping_status":"closed","template":"","meta":{"footnotes":""},"class_list":["post-40","page","type-page","status-publish","hentry"],"_links":{"self":[{"href":"https:\/\/sites.ffkarate.fr\/grandest\/wp-json\/wp\/v2\/pages\/40","targetHints":{"allow":["GET"]}}],"collection":[{"href":"https:\/\/sites.ffkarate.fr\/grandest\/wp-json\/wp\/v2\/pages"}],"about":[{"href":"https:\/\/sites.ffkarate.fr\/grandest\/wp-json\/wp\/v2\/types\/page"}],"author":[{"embeddable":true,"href":"https:\/\/sites.ffkarate.fr\/grandest\/wp-json\/wp\/v2\/users\/1"}],"replies":[{"embeddable":true,"href":"https:\/\/sites.ffkarate.fr\/grandest\/wp-json\/wp\/v2\/comments?post=40"}],"version-history":[{"count":4,"href":"https:\/\/sites.ffkarate.fr\/grandest\/wp-json\/wp\/v2\/pages\/40\/revisions"}],"predecessor-version":[{"id":4975,"href":"https:\/\/sites.ffkarate.fr\/grandest\/wp-json\/wp\/v2\/pages\/40\/revisions\/4975"}],"wp:attachment":[{"href":"https:\/\/sites.ffkarate.fr\/grandest\/wp-json\/wp\/v2\/media?parent=40"}],"curies":[{"name":"wp","href":"https:\/\/api.w.org\/{rel}","templated":true}]}}