{"id":448,"date":"2017-06-22T10:20:35","date_gmt":"2017-06-22T08:20:35","guid":{"rendered":"https:\/\/sites.ffkarate.fr\/grandest\/?page_id=448"},"modified":"2026-01-25T15:13:11","modified_gmt":"2026-01-25T14:13:11","slug":"haut-niveau","status":"publish","type":"page","link":"https:\/\/sites.ffkarate.fr\/grandest\/haut-niveau\/","title":{"rendered":"Haut-Niveau"},"content":{"rendered":"<div class=\"wpb-content-wrapper\"><p>[vc_row][vc_column][vc_column_text]<\/p>\n<h2><strong>LISTE DES ATHL\u00c8TES SUR LISTE en 2026:<\/strong><\/h2>\n<p>ALVES Nathan, Espoirs &#8211; KARATE CLUB SELESTAT (67)<br \/>\nBOUSCHBACHER Lilou, Espoirs &#8211; Karat\u00e9 Veckring (57)<br \/>\nBUCHER Yanis, Espoirs &#8211; KARATE CLUB SELESTAT (67)<br \/>\nCICEK Sidelya, Espoirs &#8211; COS VILLERS KARATE (54)<br \/>\nCOLLIN Mae, Espoirs &#8211; KARATE CLUB SELESTAT (67)<br \/>\nGOUY Louison, Espoirs &#8211; Karat\u00e9 Veckring (57)<br \/>\nRENAUX Samuel, Espoirs &#8211; TANSEI KARATE (68)<br \/>\nSCHMITT Elsa, Collectifs nationaux &#8211; Karat\u00e9 Veckring (57)<\/p>\n<p>SUTERA SARDO J\u00e9r\u00e9my, AJSHN (Arbitre et juge sportif de haut niveau) \u2013 Karat\u00e9 Club Joeuf (54)<br \/>\nUHRING S\u00e9bastien, AJSHN (Arbitre et juge sportif haut niveau) \u2013 Karat\u00e9 Club St Nicolas de Port (54)<\/p>\n<h2><\/h2>\n<hr \/>\n<h2><strong>LISTE DES ATHL\u00c8TES SUR LISTE en 2025:<\/strong><\/h2>\n<p>DA COSTA Steven, Elite \u2013 USLM Mont St Martin (54)<br \/>\nFLEITH L\u00e9o, Espoir &#8211; IMKS KARATE COLMAR (68)<br \/>\nL\u00e9o LAMBERT, Espoir \u2013 USLM Mont St Martin (54)<br \/>\nMARINUCCI Ileana, Espoir \u2013 USLM Mont St Martin (54)<br \/>\nNURDIN Ambre, Collectifs nationaux &#8211; SHOTOKAN KARATE MATTAINCOURT (88)<br \/>\nRENAUX Samuel, Espoir \u2013 TANSEI KARATE (68)<\/p>\n<p>SUTERA SARDO J\u00e9r\u00e9my, AJSHN (Arbitre et juge sportif de haut niveau) \u2013 Karat\u00e9 Club Joeuf (54)<br \/>\nUHRING S\u00e9bastien, AJSHN (Arbitre et juge sportif haut niveau) \u2013 Karat\u00e9 Club St Nicolas de Port (54)<\/p>\n<p>&nbsp;<\/p>\n<p>&nbsp;<\/p>\n<hr \/>\n<h2><strong>LISTE DES ATHL\u00c8TES SUR LISTE en 2024:<\/strong><\/h2>\n<ul>\n<li>DA COSTA Jessie, Elite \u2013 USLM Mont St Martin (54)<br \/>\nDA COSTA Steven, Elite \u2013 USLM Mont St Martin (54)<br \/>\nSOUIDI Amel, Rel\u00e8ve &#8211; USLM Mont St Martin (54)<br \/>\nDA COSTA Logan, Reconversion \u2013 USLM Mont St Martin (54)<br \/>\nALVES Nathan, Espoir \u2013 Stadium Olympique Strasbourg (67)<br \/>\nDENNI-HAMZA Lisa, Espoir \u2013 Stadium Olympique Strasbourg (67)<br \/>\nL\u00e9o LAMBERT, Espoir \u2013 USLM Mont St Martin (54)<br \/>\nTROCKLE Julian, Espoir \u2013 Karat\u00e9 Do Sarralbe (57)<br \/>\nFRIEH Louise, Collectifs nationaux \u2013 Karat\u00e9 Club Horbourg Wihr (68)<br \/>\nHEIM Ugo, Collectifs nationaux \u2013 \u2013COS Villers les Nancy (54)<br \/>\nTAS Sami, Collectifs nationaux \u2013 Stadium Olympique Strasbourg (67)<br \/>\nSUTERA SARDO J\u00e9r\u00e9my, AJSHN (Arbitre et juge sportif de haut niveau) \u2013 Karat\u00e9 Club Joeuf (54)<br \/>\nUHRING S\u00e9bastien, AJSHN (Arbitre et juge sportif haut niveau) \u2013 Karat\u00e9 Club St Nicolas de Port (54)<\/li>\n<\/ul>\n<p>&nbsp;<\/p>\n<hr \/>\n<h2><\/h2>\n<h2>Arbitres et juges sportifs de haut niveau<\/h2>\n<p>SUTERA SARDO J\u00e9r\u00e9my, AJSHN (Arbitre et juge sportif de haut niveau) \u2013 Karat\u00e9 Club Joeuf (54)<\/p>\n<p>UHRING S\u00e9bastien, AJSHN (Arbitre et juge sportif de haut niveau) \u2013 Karat\u00e9 Club St Nicolas De Port (54)<\/p>\n<p>&nbsp;<\/p>\n<hr \/>\n<p>&nbsp;<\/p>\n<h2>Section Sportive Scolaire \u00e0 Colmar<\/h2>\n<p>Depuis septembre 2017, la section scolaire sportive de karat\u00e9 \u00e9volue au lyc\u00e9e Blaise Pascal de Colmar sous la tutelle de la Zone Interd\u00e9partementale Alsace.<\/p>\n<p>Cette section donne la possibilit\u00e9 aux \u00e9l\u00e8ves qui sont au lyc\u00e9e g\u00e9n\u00e9rale et technologique de mener de front des \u00e9tudes et des entra\u00eenements de haut-niveau. En plus de l&#8217;emploi du temps normal, les lyc\u00e9ens ont 6 heures de cours sp\u00e9cifiques pour le karat\u00e9 : 4h avec Mme Carbonnel Fanny, 6\u00e8me dan et brevet d&rsquo;\u00e9tat 2\u00e8me niveau, et 2h de pr\u00e9paration physique avec Mme G\u00e9rard, professeur d&rsquo;EPS au lyc\u00e9e Blaise Pascal, qui suit les \u00e9l\u00e8ves de la section sportive depuis sa cr\u00e9ation.<\/p>\n<p>Avant la crise du COVID, les jeunes karat\u00e9kas de la section ont pu monter sur des podiums nationaux en kata comme en combat au niveau f\u00e9d\u00e9ral et ont \u00e9t\u00e9 Champion de France UNSS en 2019.<\/p>\n<p>Si vous voulez progresser en augmentant les entra\u00eenements en plus de ceux de votre club et poursuivre vos \u00e9tudes dans de bonnes conditions contactez nous.<\/p>\n<p><a href=\"https:\/\/sites.ffkarate.fr\/grandest\/wp-content\/uploads\/sites\/112\/2024\/02\/3S-flyer_2024.pdf\">Flyer section sportive Lyc\u00e9e de Colmar<\/a><\/p>\n<p><img decoding=\"async\" class=\"alignnone size-medium wp-image-7191\" src=\"https:\/\/sites.ffkarate.fr\/grandest\/wp-content\/uploads\/sites\/112\/2024\/02\/3S-flyer_2024_Page_1-212x300.jpg\" alt=\"\" width=\"212\" height=\"300\" srcset=\"https:\/\/sites.ffkarate.fr\/grandest\/wp-content\/uploads\/sites\/112\/2024\/02\/3S-flyer_2024_Page_1-212x300.jpg 212w, https:\/\/sites.ffkarate.fr\/grandest\/wp-content\/uploads\/sites\/112\/2024\/02\/3S-flyer_2024_Page_1-724x1024.jpg 724w, https:\/\/sites.ffkarate.fr\/grandest\/wp-content\/uploads\/sites\/112\/2024\/02\/3S-flyer_2024_Page_1-768x1086.jpg 768w, https:\/\/sites.ffkarate.fr\/grandest\/wp-content\/uploads\/sites\/112\/2024\/02\/3S-flyer_2024_Page_1-1086x1536.jpg 1086w, https:\/\/sites.ffkarate.fr\/grandest\/wp-content\/uploads\/sites\/112\/2024\/02\/3S-flyer_2024_Page_1-1448x2048.jpg 1448w, https:\/\/sites.ffkarate.fr\/grandest\/wp-content\/uploads\/sites\/112\/2024\/02\/3S-flyer_2024_Page_1.jpg 1654w\" sizes=\"(max-width: 212px) 100vw, 212px\" \/> <img decoding=\"async\" class=\"alignnone size-medium wp-image-7192\" src=\"https:\/\/sites.ffkarate.fr\/grandest\/wp-content\/uploads\/sites\/112\/2024\/02\/3S-flyer_2024_Page_2-212x300.jpg\" alt=\"\" width=\"212\" height=\"300\" srcset=\"https:\/\/sites.ffkarate.fr\/grandest\/wp-content\/uploads\/sites\/112\/2024\/02\/3S-flyer_2024_Page_2-212x300.jpg 212w, https:\/\/sites.ffkarate.fr\/grandest\/wp-content\/uploads\/sites\/112\/2024\/02\/3S-flyer_2024_Page_2-724x1024.jpg 724w, https:\/\/sites.ffkarate.fr\/grandest\/wp-content\/uploads\/sites\/112\/2024\/02\/3S-flyer_2024_Page_2-768x1086.jpg 768w, https:\/\/sites.ffkarate.fr\/grandest\/wp-content\/uploads\/sites\/112\/2024\/02\/3S-flyer_2024_Page_2.jpg 976w\" sizes=\"(max-width: 212px) 100vw, 212px\" \/><\/p>\n<hr \/>\n<h2><\/h2>\n<h2>Accompagnement socio-professionnel des sportifs de haut niveau<\/h2>\n<h2><a href=\"https:\/\/sites.ffkarate.fr\/grandest\/wp-content\/uploads\/sites\/112\/2017\/06\/plaquette-alternance-2021.png\"><img decoding=\"async\" class=\"alignnone size-full wp-image-4798\" src=\"https:\/\/sites.ffkarate.fr\/grandest\/wp-content\/uploads\/sites\/112\/2017\/06\/plaquette-alternance-2021.png\" alt=\"plaquette alternance 2021\" width=\"404\" height=\"567\" \/><\/a><a href=\"https:\/\/sites.ffkarate.fr\/grandest\/wp-content\/uploads\/sites\/112\/2017\/06\/Plaquette-Alternance-pour-les-SHN-2020-2021.pdf\">Plaquette Alternance pour les SHN 2020-2021<\/a><\/h2>\n<hr \/>\n<p>&nbsp;<\/p>\n<h2><span style=\"color: #000000\"><a style=\"color: #000000\" href=\"http:\/\/grandest.fr\/soutien-aux-sportifs-de-haut-niveau\/\" target=\"_blank\" rel=\"noopener\">Soutien aux sportifs de haut-niveau<\/a><\/span><\/h2>\n<p>La R\u00e9gion Grand Est accompagne les athl\u00e8tes de haut-niveau dans leur progression sportive et leur projet personnel.<\/p>\n<p>Consulter la page\u00a0<span style=\"color: #0000ff\"><a style=\"color: #0000ff\" href=\"https:\/\/www.grandest.fr\/vos-aides-regionales\/soutien-aux-sportifs-de-haut-niveau\/\" target=\"_blank\" rel=\"noopener\">Soutien aux sportifs de haut-niveau &#8211; R\u00e9gion Grand Est<\/a><\/span>\u00a0pour connaitre les conditions des aides financi\u00e8res.<!-- This site is optimized with the Yoast SEO plugin v4.4 - https:\/\/yoast.com\/wordpress\/plugins\/seo\/ --><!-- \/ Yoast SEO plugin. --><\/p>\n<p>&nbsp;<\/p>\n<hr \/>\n<h2>Soutien aux clubs sportifs de haut niveau<\/h2>\n<div id=\"main-content\">\n<div class=\"wrapper clearfix\">\n<div class=\"col-a pull-left\">\n<div id=\"post-8892\" class=\"post-8892 post type-post status-publish format-standard hentry category-aides category-sport entry-box\">\n<p>La R\u00e9gion Grand Est accompagne les clubs de haut niveau sur la saison, dans leur \u00e9volution sportive, leur structuration, l\u2019animation locale et territoriale et le suivi individualis\u00e9 des sportifs.<\/p>\n<p>Consulter la page <span style=\"color: #0000ff\"><a style=\"color: #0000ff\" href=\"http:\/\/grandest.fr\/soutien-aux-clubs-de-haut-niveau\/\" target=\"_blank\" rel=\"noopener\">Soutien aux clubs sportifs de haut niveau\u00a0&#8211; R\u00e9gion Grand Est<\/a><\/span>\u00a0pour connaitre les modalit\u00e9s des aides financi\u00e8res.<\/p>\n<p>&nbsp;<\/p>\n<\/div>\n<hr \/>\n<p>Information aide athl\u00e8tes de haut niveau Ligue Grand Est<\/p>\n<p>Le <a href=\"https:\/\/sites.ffkarate.fr\/grandest\/wp-content\/uploads\/sites\/112\/2023\/08\/AIDE-FINANCIERE-AUX-ATHLETES-dossier-type-Ligue-GE-2023.pdf\">dossier t\u00e9l\u00e9chargeable <\/a>doit \u00eatre envoy\u00e9 par mail \u00e0 <a href=\"mailto:grandestkarate@gmail.com\">grandestkarate@gmail.com<\/a> entre le 01\/09 et le 23\/09 de la saison :<\/p>\n<\/div>\n<\/div>\n<\/div>\n<p>[\/vc_column_text][\/vc_column][\/vc_row][vc_row][vc_column][\/vc_column][\/vc_row]<\/p>\n<\/div>","protected":false},"excerpt":{"rendered":"<p>[vc_row][vc_column][vc_column_text] LISTE DES ATHL\u00c8TES SUR LISTE en 2026: ALVES Nathan, Espoirs &#8211; KARATE CLUB SELESTAT (67) BOUSCHBACHER Lilou, Espoirs &#8211; Karat\u00e9 Veckring (57) BUCHER Yanis, Espoirs &#8211; KARATE CLUB SELESTAT (67) CICEK Sidelya, Espoirs &#8211; COS VILLERS KARATE (54) COLLIN Mae, Espoirs &#8211; KARATE CLUB SELESTAT (67) GOUY Louison, Espoirs &#8211; Karat\u00e9 Veckring (57) RENAUX [&hellip;]<\/p>\n","protected":false},"author":107,"featured_media":0,"parent":0,"menu_order":0,"comment_status":"closed","ping_status":"closed","template":"","meta":{"footnotes":""},"class_list":["post-448","page","type-page","status-publish","hentry"],"_links":{"self":[{"href":"https:\/\/sites.ffkarate.fr\/grandest\/wp-json\/wp\/v2\/pages\/448","targetHints":{"allow":["GET"]}}],"collection":[{"href":"https:\/\/sites.ffkarate.fr\/grandest\/wp-json\/wp\/v2\/pages"}],"about":[{"href":"https:\/\/sites.ffkarate.fr\/grandest\/wp-json\/wp\/v2\/types\/page"}],"author":[{"embeddable":true,"href":"https:\/\/sites.ffkarate.fr\/grandest\/wp-json\/wp\/v2\/users\/107"}],"replies":[{"embeddable":true,"href":"https:\/\/sites.ffkarate.fr\/grandest\/wp-json\/wp\/v2\/comments?post=448"}],"version-history":[{"count":13,"href":"https:\/\/sites.ffkarate.fr\/grandest\/wp-json\/wp\/v2\/pages\/448\/revisions"}],"predecessor-version":[{"id":8334,"href":"https:\/\/sites.ffkarate.fr\/grandest\/wp-json\/wp\/v2\/pages\/448\/revisions\/8334"}],"wp:attachment":[{"href":"https:\/\/sites.ffkarate.fr\/grandest\/wp-json\/wp\/v2\/media?parent=448"}],"curies":[{"name":"wp","href":"https:\/\/api.w.org\/{rel}","templated":true}]}}