{"id":4902,"date":"2015-01-08T11:32:45","date_gmt":"2015-01-08T11:32:45","guid":{"rendered":"https:\/\/sites.ffkarate.fr\/testclone\/?page_id=55"},"modified":"2026-01-22T19:25:30","modified_gmt":"2026-01-22T18:25:30","slug":"commissions-techniques","status":"publish","type":"page","link":"https:\/\/sites.ffkarate.fr\/grandest\/commissions-techniques\/","title":{"rendered":"Commissions techniques"},"content":{"rendered":"<div class=\"wpb-content-wrapper\"><p>[vc_row][vc_column][vc_column_text]<strong>L\u2019Equipe Technique R\u00e9gionale (ETR) est compos\u00e9e :<\/strong><br \/>\n&#8211; du Directeur Technique R\u00e9gional (DTR) ;<br \/>\n&#8211; du Responsable R\u00e9gional de l\u2019Arbitrage ;<\/p>\n<p>&#8211; des Entraineurs r\u00e9gionaux kata et combat<\/p>\n<p>&#8211; du Responsable R\u00e9gional des Grades qui re\u00e7oit ses directives de la CSDGE.<\/p>\n<p><span style=\"text-decoration: underline\">Le cas \u00e9ch\u00e9ant<\/span> :<br \/>\n&#8211; du Responsable technique Body Karat\u00e9 ;<br \/>\n&#8211; du Responsable technique Para Karat\u00e9 ;<br \/>\n&#8211; du Responsable technique r\u00e9gional et du responsable r\u00e9gional d&rsquo;arbitrage Wushu ;<br \/>\n&#8211; du Responsable technique r\u00e9gional et du responsable r\u00e9gional d&rsquo;arbitrage Arts martiaux vietnamiens ;<br \/>\n&#8211; du Responsable technique r\u00e9gional et du responsable r\u00e9gional d&rsquo;arbitrage Krav Maga ;<br \/>\n&#8211; du Responsable technique r\u00e9gional et du responsable r\u00e9gional d&rsquo;arbitrage Yoseikan Budo ;<\/p>\n<p><a href=\"https:\/\/sites.ffkarate.fr\/grandest\/wp-content\/uploads\/sites\/112\/2026\/01\/Organigramme-Ligue-25-26.jpg\"><span style=\"color: #0000ff\"><strong>\u00a0 Organigramme Ligue 25-26<\/strong><\/span><\/a><\/p>\n<p><span style=\"color: #0000ff\"><strong><img decoding=\"async\" class=\"alignnone size-medium wp-image-8328\" src=\"https:\/\/sites.ffkarate.fr\/grandest\/wp-content\/uploads\/sites\/112\/2026\/01\/Organigramme-Ligue-25-26-300x208.jpg\" alt=\"\" width=\"300\" height=\"208\" srcset=\"https:\/\/sites.ffkarate.fr\/grandest\/wp-content\/uploads\/sites\/112\/2026\/01\/Organigramme-Ligue-25-26-300x208.jpg 300w, https:\/\/sites.ffkarate.fr\/grandest\/wp-content\/uploads\/sites\/112\/2026\/01\/Organigramme-Ligue-25-26-1024x709.jpg 1024w, https:\/\/sites.ffkarate.fr\/grandest\/wp-content\/uploads\/sites\/112\/2026\/01\/Organigramme-Ligue-25-26-768x532.jpg 768w, https:\/\/sites.ffkarate.fr\/grandest\/wp-content\/uploads\/sites\/112\/2026\/01\/Organigramme-Ligue-25-26.jpg 1040w\" sizes=\"(max-width: 300px) 100vw, 300px\" \/><\/strong><\/span><\/p>\n<p>&nbsp;<\/p>\n<p><span style=\"color: #0000ff\"><strong>La Directrice Technique R\u00e9gionale<\/strong><\/span><\/p>\n<p><span style=\"text-decoration: underline\"><img decoding=\"async\" class=\"alignnone wp-image-4666\" src=\"https:\/\/sites.ffkarate.fr\/grandest\/wp-content\/uploads\/sites\/112\/2015\/01\/LOCK-CARBINER-Marjorie-270920.jpg\" alt=\"\" width=\"94\" height=\"94\" \/>Son r\u00f4le\u00a0<\/span>:\u00a0En concertation avec le pr\u00e9sident de la ligue r\u00e9gionale, elle dirige, anime et coordonne les activit\u00e9s de l\u2019ETR.<\/p>\n<hr \/>\n<p>&nbsp;<\/p>\n<p><span style=\"color: #0000ff\"><strong>Le Responsable R\u00e9gional de l\u2019Arbitrage<\/strong><\/span><\/p>\n<p><strong><img decoding=\"async\" class=\"alignnone wp-image-8092\" src=\"https:\/\/sites.ffkarate.fr\/grandest\/wp-content\/uploads\/sites\/112\/2025\/09\/SEBASTIEN-300x300-1.jpg\" alt=\"\" width=\"84\" height=\"84\" srcset=\"https:\/\/sites.ffkarate.fr\/grandest\/wp-content\/uploads\/sites\/112\/2025\/09\/SEBASTIEN-300x300-1.jpg 300w, https:\/\/sites.ffkarate.fr\/grandest\/wp-content\/uploads\/sites\/112\/2025\/09\/SEBASTIEN-300x300-1-176x176.jpg 176w, https:\/\/sites.ffkarate.fr\/grandest\/wp-content\/uploads\/sites\/112\/2025\/09\/SEBASTIEN-300x300-1-150x150.jpg 150w\" sizes=\"(max-width: 84px) 100vw, 84px\" \/>\u00a0 S\u00e9bastien URHING<\/strong><\/p>\n<p><span style=\"text-decoration: underline\">Son r\u00f4le\u00a0<\/span>: Il assure la formation des arbitres et organise l&rsquo;arbitrage lors des manifestations de ligue.<\/p>\n<hr \/>\n<p>&nbsp;<\/p>\n<p><span style=\"color: #0000ff\"><strong>Les entraineurs r\u00e9gionaux<\/strong><\/span><\/p>\n<p>&nbsp;<\/p>\n<p><img decoding=\"async\" class=\"alignnone wp-image-5442\" src=\"https:\/\/sites.ffkarate.fr\/grandest\/wp-content\/uploads\/sites\/112\/2021\/10\/DA-COSTA-Logan.jpg\" alt=\"\" width=\"78\" height=\"80\" \/>\u00a0 \u00a0 \u00a0Logan DA COSTA, entraineur r\u00e9gional combat<\/p>\n<p><img decoding=\"async\" class=\"alignnone wp-image-5441\" src=\"https:\/\/sites.ffkarate.fr\/grandest\/wp-content\/uploads\/sites\/112\/2021\/10\/ASSEMAT-Patrice-detoure-jpeg-202x300.jpg\" alt=\"\" width=\"66\" height=\"98\" srcset=\"https:\/\/sites.ffkarate.fr\/grandest\/wp-content\/uploads\/sites\/112\/2021\/10\/ASSEMAT-Patrice-detoure-jpeg-202x300.jpg 202w, https:\/\/sites.ffkarate.fr\/grandest\/wp-content\/uploads\/sites\/112\/2021\/10\/ASSEMAT-Patrice-detoure-jpeg.jpg 369w\" sizes=\"(max-width: 66px) 100vw, 66px\" \/>\u00a0 \u00a0 \u00a0Patrice ASSEMAT, entraineur r\u00e9gional kata<\/p>\n<hr \/>\n<p>&nbsp;<\/p>\n<p><strong><span style=\"color: #0000ff\">Les responsables r\u00e9gionaux des grades<\/span><\/strong><\/p>\n<p>Ils encadrent l&rsquo;organisation de l&rsquo;ensemble des examens des grades auxquels ils doivent assister. Ils assurent la formation des juges et composent les jurys d&rsquo;examen.<\/p>\n<p><a href=\"https:\/\/sites.ffkarate.fr\/grandest\/wp-content\/uploads\/sites\/112\/2015\/01\/MAZZOLENI-CLaude-270920.jpg\"><img decoding=\"async\" class=\"alignnone wp-image-4672\" src=\"https:\/\/sites.ffkarate.fr\/grandest\/wp-content\/uploads\/sites\/112\/2015\/01\/MAZZOLENI-CLaude-270920.jpg\" alt=\"MAZZOLENI CLaude 270920\" width=\"82\" height=\"82\" \/><\/a>\u00a0\u00a0<strong>Claude MAZZOLENI, <\/strong>karat\u00e9<\/p>\n<p><img decoding=\"async\" class=\"alignnone wp-image-4665\" src=\"https:\/\/sites.ffkarate.fr\/grandest\/wp-content\/uploads\/sites\/112\/2015\/01\/LEBERT-Charles-270920.jpg\" alt=\"\" width=\"65\" height=\"65\" \/>\u00a0 \u00a0 \u00a0<strong>Charles LEBERT<\/strong>, responsable grades Yoseikan Budo<\/p>\n<p><a href=\"https:\/\/sites.ffkarate.fr\/grandest\/wp-content\/uploads\/sites\/112\/2017\/09\/WALISKO-Marc-XN.jpg\"><img decoding=\"async\" class=\"alignnone wp-image-671\" src=\"https:\/\/sites.ffkarate.fr\/grandest\/wp-content\/uploads\/sites\/112\/2017\/09\/WALISKO-Marc-XN-232x300.jpg\" alt=\"WALISKO Marc XN\" width=\"66\" height=\"85\" \/><\/a>\u00a0 \u00a0 \u00a0<strong>Marc WALISKO<\/strong>, responsable grades Arts Martiaux Vietnamiens<\/p>\n<p><strong><img decoding=\"async\" class=\"alignnone wp-image-6926\" src=\"https:\/\/sites.ffkarate.fr\/grandest\/wp-content\/uploads\/sites\/112\/2023\/08\/BEGARD-Jerome-e1692214038968-266x300.jpg\" alt=\"\" width=\"63\" height=\"71\" srcset=\"https:\/\/sites.ffkarate.fr\/grandest\/wp-content\/uploads\/sites\/112\/2023\/08\/BEGARD-Jerome-e1692214038968-266x300.jpg 266w, https:\/\/sites.ffkarate.fr\/grandest\/wp-content\/uploads\/sites\/112\/2023\/08\/BEGARD-Jerome-e1692214038968-768x868.jpg 768w, https:\/\/sites.ffkarate.fr\/grandest\/wp-content\/uploads\/sites\/112\/2023\/08\/BEGARD-Jerome-e1692214038968.jpg 786w\" sizes=\"(max-width: 63px) 100vw, 63px\" \/>\u00a0 \u00a0 J\u00e9r\u00f4me BEGARD<\/strong>, responsable grades Krav Maga<\/p>\n<p><strong><a href=\"https:\/\/sites.ffkarate.fr\/grandest\/wp-content\/uploads\/sites\/112\/2015\/01\/ESTEBAN-CHristophe-.jpg\"><img decoding=\"async\" class=\"alignnone wp-image-4717\" src=\"https:\/\/sites.ffkarate.fr\/grandest\/wp-content\/uploads\/sites\/112\/2015\/01\/ESTEBAN-CHristophe-.jpg\" alt=\"ESTEBAN CHristophe-\" width=\"71\" height=\"71\" srcset=\"https:\/\/sites.ffkarate.fr\/grandest\/wp-content\/uploads\/sites\/112\/2015\/01\/ESTEBAN-CHristophe-.jpg 180w, https:\/\/sites.ffkarate.fr\/grandest\/wp-content\/uploads\/sites\/112\/2015\/01\/ESTEBAN-CHristophe--176x176.jpg 176w\" sizes=\"(max-width: 71px) 100vw, 71px\" \/><\/a>\u00a0 \u00a0 \u00a0Christophe ESTEBAN<\/strong>, responsable grades karat\u00e9 mix<\/p>\n<p>&nbsp;<\/p>\n<hr \/>\n<p><strong><span style=\"color: #0000ff\">Commission sportive<\/span><\/strong><\/p>\n<p><strong><a href=\"https:\/\/sites.ffkarate.fr\/grandest\/wp-content\/uploads\/sites\/112\/2020\/09\/Assemblee-generale-27-09-2020-21.jpg\"><img decoding=\"async\" class=\"alignnone wp-image-4506\" src=\"https:\/\/sites.ffkarate.fr\/grandest\/wp-content\/uploads\/sites\/112\/2020\/09\/Assemblee-generale-27-09-2020-21-280x300.jpg\" alt=\"Assembl\u00e9e g\u00e9n\u00e9rale 27 09 2020 (21)\" width=\"79\" height=\"85\" \/><\/a>\u00a0 \u00a0 \u00a0Emmanuel MEXIQUE,<\/strong> Directeur sportif<\/p>\n<p><span style=\"text-decoration: underline\">Son r\u00f4le <\/span>: Gestion mat\u00e9rielle et informatique des \u00e9v\u00e9nements sportifs<\/p>\n<p>&nbsp;<\/p>\n<hr \/>\n<p><span style=\"color: #0000ff\"><b>Les Responsables Techniques R\u00e9gionaux:<\/b><\/span><\/p>\n<p><img decoding=\"async\" class=\"alignnone wp-image-7583\" src=\"https:\/\/sites.ffkarate.fr\/grandest\/wp-content\/uploads\/sites\/112\/2024\/07\/BELRHITI-Laurence-226x300.jpg\" alt=\"\" width=\"80\" height=\"106\" srcset=\"https:\/\/sites.ffkarate.fr\/grandest\/wp-content\/uploads\/sites\/112\/2024\/07\/BELRHITI-Laurence-226x300.jpg 226w, https:\/\/sites.ffkarate.fr\/grandest\/wp-content\/uploads\/sites\/112\/2024\/07\/BELRHITI-Laurence.jpg 483w\" sizes=\"(max-width: 80px) 100vw, 80px\" \/>\u00a0 \u00a0 \u00a0<strong>Laurence BELRHITI<\/strong>, Responsable technique r\u00e9gionale Body Karat\u00e9<\/p>\n<p><strong><img decoding=\"async\" class=\"alignnone wp-image-7586\" src=\"https:\/\/sites.ffkarate.fr\/grandest\/wp-content\/uploads\/sites\/112\/2024\/07\/GAUCHARD-Gerome-227x300.jpg\" alt=\"\" width=\"81\" height=\"107\" srcset=\"https:\/\/sites.ffkarate.fr\/grandest\/wp-content\/uploads\/sites\/112\/2024\/07\/GAUCHARD-Gerome-227x300.jpg 227w, https:\/\/sites.ffkarate.fr\/grandest\/wp-content\/uploads\/sites\/112\/2024\/07\/GAUCHARD-Gerome.jpg 485w\" sizes=\"(max-width: 81px) 100vw, 81px\" \/>\u00a0 \u00a0G\u00e9rome GAUCHARD<\/strong>, Responsable\u00a0technique r\u00e9gional Para karat\u00e9<\/p>\n<p><strong><img decoding=\"async\" class=\"alignnone wp-image-6926\" src=\"https:\/\/sites.ffkarate.fr\/grandest\/wp-content\/uploads\/sites\/112\/2023\/08\/BEGARD-Jerome-e1692214038968-266x300.jpg\" alt=\"\" width=\"63\" height=\"71\" srcset=\"https:\/\/sites.ffkarate.fr\/grandest\/wp-content\/uploads\/sites\/112\/2023\/08\/BEGARD-Jerome-e1692214038968-266x300.jpg 266w, https:\/\/sites.ffkarate.fr\/grandest\/wp-content\/uploads\/sites\/112\/2023\/08\/BEGARD-Jerome-e1692214038968-768x868.jpg 768w, https:\/\/sites.ffkarate.fr\/grandest\/wp-content\/uploads\/sites\/112\/2023\/08\/BEGARD-Jerome-e1692214038968.jpg 786w\" sizes=\"(max-width: 63px) 100vw, 63px\" \/>\u00a0 \u00a0 J\u00e9r\u00f4me BEGARD<\/strong>, responsable technique r\u00e9gional Krav Maga<\/p>\n<p><a href=\"https:\/\/sites.ffkarate.fr\/grandest\/wp-content\/uploads\/sites\/112\/2017\/09\/WALISKO-Marc-XN.jpg\"><img decoding=\"async\" class=\"alignnone wp-image-671\" src=\"https:\/\/sites.ffkarate.fr\/grandest\/wp-content\/uploads\/sites\/112\/2017\/09\/WALISKO-Marc-XN-232x300.jpg\" alt=\"WALISKO Marc XN\" width=\"66\" height=\"85\" \/><\/a>\u00a0 \u00a0 \u00a0<strong>Marc WALISKO<\/strong>, responsable technique r\u00e9gional Arts Martiaux Vietnamiens<\/p>\n<p><b>Christophe MALLET, <\/b>responsable technique r\u00e9gional Yoseikan Budo<\/p>\n<p><img decoding=\"async\" class=\"alignnone wp-image-7421\" src=\"https:\/\/sites.ffkarate.fr\/grandest\/wp-content\/uploads\/sites\/112\/2024\/03\/AYSEL-Mesut.jpg\" alt=\"\" width=\"82\" height=\"82\" srcset=\"https:\/\/sites.ffkarate.fr\/grandest\/wp-content\/uploads\/sites\/112\/2024\/03\/AYSEL-Mesut.jpg 300w, https:\/\/sites.ffkarate.fr\/grandest\/wp-content\/uploads\/sites\/112\/2024\/03\/AYSEL-Mesut-176x176.jpg 176w, https:\/\/sites.ffkarate.fr\/grandest\/wp-content\/uploads\/sites\/112\/2024\/03\/AYSEL-Mesut-150x150.jpg 150w\" sizes=\"(max-width: 82px) 100vw, 82px\" \/>\u00a0 \u00a0 <strong>Mesut AYSEL, <\/strong>responsable technique r\u00e9gional Nippon Kempo<\/p>\n<p><strong><a href=\"https:\/\/sites.ffkarate.fr\/grandest\/wp-content\/uploads\/sites\/112\/2015\/01\/ESTEBAN-CHristophe-.jpg\"><img decoding=\"async\" class=\"alignnone wp-image-4717\" src=\"https:\/\/sites.ffkarate.fr\/grandest\/wp-content\/uploads\/sites\/112\/2015\/01\/ESTEBAN-CHristophe-.jpg\" alt=\"ESTEBAN CHristophe-\" width=\"71\" height=\"71\" srcset=\"https:\/\/sites.ffkarate.fr\/grandest\/wp-content\/uploads\/sites\/112\/2015\/01\/ESTEBAN-CHristophe-.jpg 180w, https:\/\/sites.ffkarate.fr\/grandest\/wp-content\/uploads\/sites\/112\/2015\/01\/ESTEBAN-CHristophe--176x176.jpg 176w\" sizes=\"(max-width: 71px) 100vw, 71px\" \/><\/a>\u00a0 \u00a0 \u00a0Christophe ESTEBAN<\/strong>, responsable technique r\u00e9gional karat\u00e9 contact, karat\u00e9 full contact, karat\u00e9 mix<\/p>\n<p>&nbsp;<\/p>\n<p><span style=\"color: #0000ff\"><b>Les Responsables R\u00e9gionaux d&rsquo;arbitrage:<\/b><\/span><\/p>\n<p><img decoding=\"async\" class=\"alignnone wp-image-3483\" src=\"https:\/\/sites.ffkarate.fr\/grandest\/wp-content\/uploads\/sites\/112\/2019\/09\/Rein-JJ-e1681405695305-255x300.jpg\" alt=\"\" width=\"79\" height=\"93\" srcset=\"https:\/\/sites.ffkarate.fr\/grandest\/wp-content\/uploads\/sites\/112\/2019\/09\/Rein-JJ-e1681405695305-255x300.jpg 255w, https:\/\/sites.ffkarate.fr\/grandest\/wp-content\/uploads\/sites\/112\/2019\/09\/Rein-JJ-e1681405695305.jpg 699w\" sizes=\"(max-width: 79px) 100vw, 79px\" \/>\u00a0 \u00a0 <strong>Jean-Jacques REIN<\/strong>, Responsable R\u00e9gional Arbitrage AMV<\/p>\n<p><strong> <img decoding=\"async\" class=\"alignnone wp-image-7802\" src=\"https:\/\/sites.ffkarate.fr\/grandest\/wp-content\/uploads\/sites\/112\/2025\/01\/GNDT-Christian-223x300.jpg\" alt=\"\" width=\"69\" height=\"93\" srcset=\"https:\/\/sites.ffkarate.fr\/grandest\/wp-content\/uploads\/sites\/112\/2025\/01\/GNDT-Christian-223x300.jpg 223w, https:\/\/sites.ffkarate.fr\/grandest\/wp-content\/uploads\/sites\/112\/2025\/01\/GNDT-Christian.jpg 242w\" sizes=\"(max-width: 69px) 100vw, 69px\" \/>\u00a0 \u00a0 \u00a0Christian GINDT<\/strong>,\u00a0Responsable r\u00e9gional arbitrage Krav Maga<\/p>\n<p><strong>\u00a0 \u00a0 \u00a0 \u00a0 \u00a0 \u00a0 \u00a0 \u00a0 \u00a0 \u00a0 \u00a0 \u00a0 Christophe MALLET<\/strong>, Responsable r\u00e9gional arbitrage Yoseikan Budo<\/p>\n<p><strong>\u00a0 \u00a0 \u00a0 \u00a0 \u00a0 \u00a0 \u00a0 \u00a0 \u00a0 \u00a0 \u00a0 \u00a0 Rachid BENSALAH<\/strong>,\u00a0Responsable r\u00e9gional arbitrage Nippon Kempo<\/p>\n<hr \/>\n<p>[\/vc_column_text][\/vc_column][\/vc_row][vc_row][vc_column][vc_column_text]<\/p>\n<hr \/>\n<p>[\/vc_column_text][\/vc_column][\/vc_row]<\/p>\n<\/div>","protected":false},"excerpt":{"rendered":"<p>[vc_row][vc_column][vc_column_text]L\u2019Equipe Technique R\u00e9gionale (ETR) est compos\u00e9e : &#8211; du Directeur Technique R\u00e9gional (DTR) ; &#8211; du Responsable R\u00e9gional de l\u2019Arbitrage ; &#8211; des Entraineurs r\u00e9gionaux kata et combat &#8211; du Responsable R\u00e9gional des Grades qui re\u00e7oit ses directives de la CSDGE. Le cas \u00e9ch\u00e9ant : &#8211; du Responsable technique Body Karat\u00e9 ; &#8211; du Responsable [&hellip;]<\/p>\n","protected":false},"author":20,"featured_media":0,"parent":0,"menu_order":0,"comment_status":"closed","ping_status":"closed","template":"","meta":{"footnotes":""},"class_list":["post-4902","page","type-page","status-publish","hentry"],"_links":{"self":[{"href":"https:\/\/sites.ffkarate.fr\/grandest\/wp-json\/wp\/v2\/pages\/4902","targetHints":{"allow":["GET"]}}],"collection":[{"href":"https:\/\/sites.ffkarate.fr\/grandest\/wp-json\/wp\/v2\/pages"}],"about":[{"href":"https:\/\/sites.ffkarate.fr\/grandest\/wp-json\/wp\/v2\/types\/page"}],"author":[{"embeddable":true,"href":"https:\/\/sites.ffkarate.fr\/grandest\/wp-json\/wp\/v2\/users\/20"}],"replies":[{"embeddable":true,"href":"https:\/\/sites.ffkarate.fr\/grandest\/wp-json\/wp\/v2\/comments?post=4902"}],"version-history":[{"count":12,"href":"https:\/\/sites.ffkarate.fr\/grandest\/wp-json\/wp\/v2\/pages\/4902\/revisions"}],"predecessor-version":[{"id":8329,"href":"https:\/\/sites.ffkarate.fr\/grandest\/wp-json\/wp\/v2\/pages\/4902\/revisions\/8329"}],"wp:attachment":[{"href":"https:\/\/sites.ffkarate.fr\/grandest\/wp-json\/wp\/v2\/media?parent=4902"}],"curies":[{"name":"wp","href":"https:\/\/api.w.org\/{rel}","templated":true}]}}