{"id":684,"date":"2017-09-11T17:12:38","date_gmt":"2017-09-11T15:12:38","guid":{"rendered":"https:\/\/sites.ffkarate.fr\/grandest\/?page_id=684"},"modified":"2026-01-30T19:46:45","modified_gmt":"2026-01-30T18:46:45","slug":"stages-et-evenements","status":"publish","type":"page","link":"https:\/\/sites.ffkarate.fr\/grandest\/stages-et-evenements\/","title":{"rendered":"Stages et \u00e9v\u00e9nements"},"content":{"rendered":"<div class=\"wpb-content-wrapper\"><p>[vc_row][vc_column][vc_column_text]<\/p>\n<h2>STAGES ET \u00c9V\u00c9NEMENTS DES COMIT\u00c9S et CLUBS<\/h2>\n<p>Pour la diffusion de vos \u00e9v\u00e9nements priv\u00e9s de club, si vous souhaitez utiliser le logo de la F\u00e9d\u00e9ration et\/ou des disciplines associ\u00e9es sur vos affiches \u00e9v\u00e9nementielles, vous devez obligatoirement avoir l\u2019accord de la F\u00e9d\u00e9ration. Les clubs affili\u00e9s sont ainsi invit\u00e9s \u00e0 demander l&rsquo;autorisation f\u00e9d\u00e9rale au service communication de la F\u00e9d\u00e9ration (<a href=\"mailto:communication@ffkarate.fr\">communication@ffkarate.fr<\/a>).<\/p>\n<p>Ces r\u00e8gles ne diff\u00e8rent pas dans le cas o\u00f9 le club diffuse l\u2019information via sa propre communication.[\/vc_column_text][vc_column_text]<\/p>\n<p>[\/vc_column_text][\/vc_column][\/vc_row][vc_row][vc_column][\/vc_column][\/vc_row][vc_row][vc_column][vc_column_text]<\/p>\n<hr \/>\n<ul>\n<li><strong><strong><u>Portes ouvertes et assurance :<\/u><\/strong><\/strong>La F\u00e9d\u00e9ration offre la possibilit\u00e9 \u00e0 ses clubs affili\u00e9s d\u2019organiser des \u00ab\u00a0Journ\u00e9es portes ouvertes\u00a0\u00bb dans les structures affili\u00e9es, durant lesquelles des pratiquants licenci\u00e9s et non licenci\u00e9s sont couverts, \u00e0 garanties \u00e9gales.Les clubs affili\u00e9s peuvent organiser tout \u00e9v\u00e9nement regroupant des pratiquants licenci\u00e9s et non licenci\u00e9s :\n<ul>\n<li>En nombre illimit\u00e9 du 1er septembre 2025 au 31 octobre 2025.<\/li>\n<li>Dans la limite de 2 jours par club du 1er novembre 2025 au 31 aout 2026 ;<\/li>\n<\/ul>\n<p>Afin que cette assurance soit effective, il convient de respecter une seule condition sine qua none,\u00a0<strong>\u00e0 savoir que ces journ\u00e9es doivent faire l\u2019objet d\u2019une d\u00e9claration pr\u00e9alable 48h avant leur d\u00e9roulement aupr\u00e8s du service juridique de la FFK \u00e0 l\u2019adresse\u00a0<\/strong><a href=\"mailto:juridique@ffkarate.fr\">juridique@ffkarate.fr<\/a><\/p>\n<p>Pour toute question li\u00e9e \u00e0 l\u2019organisation de journ\u00e9es portes ouvertes, n\u2019h\u00e9sitez pas \u00e0 prendre attache directement avec le service juridique de la f\u00e9d\u00e9ration :<\/p>\n<p>01 41 17 44 41 ou 01 41 17 44 40<br \/>\n<a href=\"mailto:juridique@ffkarate.fr\">juridique@ffkarate.fr<\/a><\/li>\n<\/ul>\n<p>[\/vc_column_text][\/vc_column][\/vc_row][vc_row][vc_column][\/vc_column][\/vc_row][vc_row][vc_column][\/vc_column][\/vc_row]<\/p>\n<\/div>","protected":false},"excerpt":{"rendered":"<p>[vc_row][vc_column][vc_column_text] STAGES ET \u00c9V\u00c9NEMENTS DES COMIT\u00c9S et CLUBS Pour la diffusion de vos \u00e9v\u00e9nements priv\u00e9s de club, si vous souhaitez utiliser le logo de la F\u00e9d\u00e9ration et\/ou des disciplines associ\u00e9es sur vos affiches \u00e9v\u00e9nementielles, vous devez obligatoirement avoir l\u2019accord de la F\u00e9d\u00e9ration. Les clubs affili\u00e9s sont ainsi invit\u00e9s \u00e0 demander l&rsquo;autorisation f\u00e9d\u00e9rale au service communication [&hellip;]<\/p>\n","protected":false},"author":107,"featured_media":0,"parent":0,"menu_order":0,"comment_status":"closed","ping_status":"closed","template":"","meta":{"footnotes":""},"class_list":["post-684","page","type-page","status-publish","hentry"],"_links":{"self":[{"href":"https:\/\/sites.ffkarate.fr\/grandest\/wp-json\/wp\/v2\/pages\/684","targetHints":{"allow":["GET"]}}],"collection":[{"href":"https:\/\/sites.ffkarate.fr\/grandest\/wp-json\/wp\/v2\/pages"}],"about":[{"href":"https:\/\/sites.ffkarate.fr\/grandest\/wp-json\/wp\/v2\/types\/page"}],"author":[{"embeddable":true,"href":"https:\/\/sites.ffkarate.fr\/grandest\/wp-json\/wp\/v2\/users\/107"}],"replies":[{"embeddable":true,"href":"https:\/\/sites.ffkarate.fr\/grandest\/wp-json\/wp\/v2\/comments?post=684"}],"version-history":[{"count":12,"href":"https:\/\/sites.ffkarate.fr\/grandest\/wp-json\/wp\/v2\/pages\/684\/revisions"}],"predecessor-version":[{"id":8350,"href":"https:\/\/sites.ffkarate.fr\/grandest\/wp-json\/wp\/v2\/pages\/684\/revisions\/8350"}],"wp:attachment":[{"href":"https:\/\/sites.ffkarate.fr\/grandest\/wp-json\/wp\/v2\/media?parent=684"}],"curies":[{"name":"wp","href":"https:\/\/api.w.org\/{rel}","templated":true}]}}