{"id":23,"date":"2021-05-07T15:54:07","date_gmt":"2021-05-07T13:54:07","guid":{"rendered":"https:\/\/sites.ffkarate.fr\/hautegaronne\/?page_id=23"},"modified":"2025-11-17T12:48:26","modified_gmt":"2025-11-17T11:48:26","slug":"grades","status":"publish","type":"page","link":"https:\/\/sites.ffkarate.fr\/hautegaronne\/grades\/","title":{"rendered":"Grades"},"content":{"rendered":"<div class=\"wpb-content-wrapper\"><p>[vc_row][vc_column][ffk_peoplecard image=\u00a0\u00bb1375&Prime; title=\u00a0\u00bbBenoit PONT\u00a0\u00bb subtitle=\u00a0\u00bbResponsable des Grades\u00a0\u00bb description=\u00a0\u00bbR\u00e9f\u00e9rent Karat\u00e9<br \/>\nemail : pont.benoit@orange.fr\u00a0\u00bb][\/vc_column][\/vc_row][vc_row gap=\u00a0\u00bb15&Prime;][vc_column][vc_column_text]<\/p>\n<h1>Actualit\u00e9s<\/h1>\n<p style=\"text-align: center\" align=\"center\"><a href=\"https:\/\/www.ffkarate.fr\/wp-content\/uploads\/2024\/09\/Resume-de-la-reglementation-concernant-le-1er-DAN-en-club-2024-2025.pdf\" target=\"_blank\" rel=\"noopener\"><img decoding=\"async\" class=\"alignnone wp-image-1308\" src=\"https:\/\/sites.ffkarate.fr\/hautegaronne\/wp-content\/uploads\/sites\/52\/2015\/01\/warning.png\" alt=\"\" width=\"27\" height=\"27\" srcset=\"https:\/\/sites.ffkarate.fr\/hautegaronne\/wp-content\/uploads\/sites\/52\/2015\/01\/warning.png 512w, https:\/\/sites.ffkarate.fr\/hautegaronne\/wp-content\/uploads\/sites\/52\/2015\/01\/warning-176x176.png 176w\" sizes=\"(max-width: 27px) 100vw, 27px\" \/> \u00a0 \u00a0\u00ab\u00a0Nouveau : informations sur le 1er Dan club\u00a0\u00bb : Resume_reglementation_1e_DAN-DUAN-DANG<\/a><\/p>\n<p>[\/vc_column_text][vc_column_text]<\/p>\n<h1>Calendrier de passage des grades<\/h1>\n<ul>\n<li><strong>Dimanche 14 d\u00e9cembre 2025<\/strong> : Passage de grade pour les 1er, 2\u00e8me, 3\u00e8me et 4\u00e8me dan<\/li>\n<li><strong>Dimanche 13 &amp; 14 juin 2026<\/strong> : Passage de grade pour les 1er, 2\u00e8me, 3\u00e8me et 4\u00e8me dan<\/li>\n<\/ul>\n<p>[\/vc_column_text][\/vc_column][\/vc_row][vc_row gap=\u00a0\u00bb15&Prime;][vc_column][vc_column_text]<\/p>\n<h1>Informations G\u00e9n\u00e9rales<\/h1>\n<p>Le Comit\u00e9 D\u00e9partemental de Karat\u00e9 et Disciplines Associ\u00e9es Haute-Garonne organise les passages de grades du 1er au 4\u00e8me Dan\/Duan\/Dang pour les disciplines suivantes :<\/p>\n<ul>\n<li style=\"list-style-type: none\">\n<ul>\n<li>KARATE \/ KARATE CONTACT \/ KARATE FULL CONTACT<\/li>\n<li>ARTS MARTIAUX VIETNAMIENS TRADITIONNELS \/ VOVINAM VIET VO DAO<\/li>\n<li>WUSHU<\/li>\n<li>KRAV-MAGA<\/li>\n<li>YOSEIKAN BUDO<\/li>\n<\/ul>\n<\/li>\n<\/ul>\n<p>Pour les autres disciplines ci-dessous (1er au 4e Dan) et grades sup\u00e9rieurs (\u00e0 partir de 5\u00e8me Dan), se r\u00e9f\u00e9rer \u00e0 la ligue Occitanie ou \u00e0 la FFKARATE.<\/p>\n<p>Le r\u00e8glement des grades valid\u00e9 par la CSDGE est disponible sur le site f\u00e9d\u00e9ral: <em><strong><a href=\"https:\/\/www.ffkarate.fr\/espace-licencies\/passer-un-grade\/\" target=\"_blank\" rel=\"noopener\">cliquez ici<\/a><\/strong><\/em><\/p>\n<p><strong>Un candidat \u00e0 l&rsquo;examen du 1er Dan ne peut se pr\u00e9senter que 2 fois par saison sportive<\/strong>.<\/p>\n<p><img decoding=\"async\" class=\" wp-image-3249 aligncenter\" src=\"https:\/\/sites.ffkarate.fr\/hautegaronne\/wp-content\/uploads\/sites\/52\/2021\/10\/Tableau-ages6079-300x222.png\" alt=\"\" width=\"423\" height=\"313\" srcset=\"https:\/\/sites.ffkarate.fr\/hautegaronne\/wp-content\/uploads\/sites\/52\/2021\/10\/Tableau-ages6079-300x222.png 300w, https:\/\/sites.ffkarate.fr\/hautegaronne\/wp-content\/uploads\/sites\/52\/2021\/10\/Tableau-ages6079-1024x758.png 1024w, https:\/\/sites.ffkarate.fr\/hautegaronne\/wp-content\/uploads\/sites\/52\/2021\/10\/Tableau-ages6079-768x569.png 768w, https:\/\/sites.ffkarate.fr\/hautegaronne\/wp-content\/uploads\/sites\/52\/2021\/10\/Tableau-ages6079-1536x1137.png 1536w, https:\/\/sites.ffkarate.fr\/hautegaronne\/wp-content\/uploads\/sites\/52\/2021\/10\/Tableau-ages6079.png 1903w\" sizes=\"(max-width: 423px) 100vw, 423px\" \/>[\/vc_column_text][vc_column_text]<\/p>\n<h1>Conditions d&rsquo;inscriptions aux examens d\u00e9partementaux<\/h1>\n<h2><strong>Le candidat doit :<\/strong><\/h2>\n<ul>\n<li style=\"list-style-type: none\">\n<ul>\n<li>\u00eatre en possession d&rsquo;un passeport sportif en cours de validit\u00e9 (passeport bleu, validit\u00e9 <span style=\"color: #ff0000\"><strong>6 ans,<\/strong><\/span> date de d\u00e9livrance en premi\u00e8re page faisant foi);<\/li>\n<li>r\u00e9pondre aux conditions d&rsquo;\u00e2ge fix\u00e9es au sein du r\u00e8glement de la CSDGE;<\/li>\n<li>attester du temps de pratique pr\u00e9vu au sein du r\u00e8glement de la CSDGE;<\/li>\n<li>\u00eatre titulaire du 1\u00b0 Kyu (candidat 1er Dan);<\/li>\n<li>Justifier du temps de pratique minimum apr\u00e8s le dan pr\u00e9c\u00e9dent (\u00e0 partir de 2\u00e8me Dan) pr\u00e9vu au sein du r\u00e8glement de la CSDGE;<\/li>\n<li>pour les mineurs : \u00eatre en possession d&rsquo;une autorisation parentale.<\/li>\n<\/ul>\n<\/li>\n<\/ul>\n<h2>Inscription<\/h2>\n<div class=\"wpb_text_column wpb_content_element\">\n<div class=\"wpb_wrapper\">\n<p>Les inscriptions doivent \u00eatre enregistr\u00e9es en ligne au plus tard\u00a0<strong>30 jours<\/strong>\u00a0avant la date de l\u2019examen (<em>voir calendrier sur notre site<\/em>) soit le <strong>Dimanche 14 novembre 2025<\/strong>.<\/p>\n<p>Apr\u00e8s avoir rempli votre inscription sur\u00a0<strong>Sikada<\/strong>, nous vous invitons \u00e0 uploader directement les documents suivants en ligne :<\/p>\n<ul>\n<li>Un formulaire d&rsquo;inscription rempli ;<\/li>\n<li>Une photo d&rsquo;identit\u00e9 ;<\/li>\n<li>La page d&rsquo;identit\u00e9 du passeport<\/li>\n<li>L&rsquo;attestation historique des licences et grades;<\/li>\n<li>Photocopie des pages du passeport qui justifient les participations aux comp\u00e9titions pour les examens en voie comp\u00e9tition. Ne seront prises en compte que les participations aux comp\u00e9titions indiqu\u00e9es sur le passeport.<\/li>\n<li>S&rsquo;il y a lieu, une copie de la demande de bonification en temps de pratique sign\u00e9e par le pr\u00e9sident de la CSDGE ;<\/li>\n<li>S&rsquo;il y a lieu, une copie de la page du passeport qui justifie les UV d\u00e9j\u00e0 obtenues ;<\/li>\n<li>S&rsquo;il y a lieu, une copie de la partie authentifi\u00e9e du passeport sportif f\u00e9d\u00e9ral concernant les bonifications de points.<\/li>\n<li>S&rsquo;il y a lieu, une autorisation parentale pour les candidats mineurs.<\/li>\n<\/ul>\n<\/div>\n<\/div>\n<div class=\"wpb_text_column wpb_content_element\">\n<div class=\"wpb_wrapper\">\n<h2><strong>Inscription et paiement :<\/strong><\/h2>\n<p>Le prix pour le passage de grade est de <strong>50 \u20ac<\/strong>\u00a0par session et par candidat.<\/p>\n<p>Les\u00a0<strong>inscriptions<\/strong>\u00a0et le\u00a0<strong>paiement<\/strong>\u00a0(<em>apr\u00e8s validation de votre dossier par le CDK31<\/em>) ne se font que par le portail\u00a0<strong>Sikada<\/strong>\u00a0de la\u00a0<strong>FFK<\/strong> \u00a0:<\/p>\n<p>&nbsp;<\/p>\n<h1 style=\"text-align: center\"><a href=\"https:\/\/www.sikada.fr\/SiKadaIns\/\" target=\"_blank\" rel=\"noopener\">Je m&rsquo;inscris en ligne\u00a0<\/a><\/h1>\n<p>&nbsp;<\/p>\n<p>Cherchez l\u2019\u00e9v\u00e9nement portant les r\u00e9f\u00e9rences <strong>G2026.031.001 <\/strong>pour la session de d\u00e9cembre et <strong>G2026.031.002 <\/strong>pour la session de juin dans la liste et suivez les instructions pour vous inscrire.<\/p>\n<\/div>\n<\/div>\n<div class=\"wpb_text_column wpb_content_element\">\n<div class=\"wpb_wrapper\">\n<p>Apr\u00e8s avoir termin\u00e9 votre inscription, veuillez attendre la validation de votre dossier par le\u00a0<strong>CDK31<\/strong>. Vous recevrez un e-mail confirmant la validation puis retourner sur le m\u00eame lien pour effectuer <strong>le paiement<\/strong>\u00a0par\u00a0<strong>carte bleue<\/strong>.<\/p>\n<p>Merci de bien vouloir v\u00e9rifier que les informations de contact sur votre profil SIKADA (<em>adresse e-mail et num\u00e9ro de t\u00e9l\u00e9phone<\/em>) sont \u00e0 jour afin que nous puissions vous envoyer votre convocation d\u00e9mat\u00e9rialis\u00e9e.<\/p>\n<p>Le jour de l\u2019examen, merci de vous munir de :<\/p>\n<\/div>\n<\/div>\n<div class=\"wpb_text_column wpb_content_element\">\n<div class=\"wpb_wrapper\">\n<ul>\n<li>Votre\u00a0<strong>passeport sportif<\/strong><\/li>\n<li>Une\u00a0<strong>enveloppe format A4<\/strong>\u00a0minimum (<em>229 x 324 mm<\/em>) affranchie pour 100 g, \u00e0 votre adresse en vue du retour de votre dipl\u00f4me<\/li>\n<li>Photocopie de la (<em>ou des pages<\/em>) des\u00a0<strong>points de bonification<\/strong>\u00a0(<em>le cas \u00e9ch\u00e9ant<\/em>) avec votre pr\u00e9nom, votre nom et num\u00e9ro de licence inscrit sur la feuille<\/li>\n<li><strong>L\u2019autorisation parentale pour les candidats mineurs<\/strong><\/li>\n<\/ul>\n<\/div>\n<\/div>\n<div class=\"wpb_text_column wpb_content_element\">\n<div class=\"wpb_wrapper\">\n<p><strong>Important :<\/strong><\/p>\n<\/div>\n<\/div>\n<div class=\"wpb_text_column wpb_content_element\">\n<div class=\"wpb_wrapper\">\n<ul>\n<li>Merci d\u2019\u00e9crire votre adresse de mani\u00e8re lisible sur les enveloppes.<\/li>\n<li>Pensez \u00e0 amener votre mat\u00e9riel.<\/li>\n<\/ul>\n<\/div>\n<\/div>\n<p>[\/vc_column_text][vc_column_text]<\/p>\n<h3>Proc\u00e9dure d&rsquo;inscription en ligne<\/h3>\n<p>Inscription et paiement en ligne sur le logiciel SIKADA via votre compte licenci\u00e9 ou club 30 jours francs avant la date de l&rsquo;examen[\/vc_column_text][vc_video link=\u00a0\u00bbhttps:\/\/youtu.be\/sJjtxRM6OHs\u00a0\u00bb align=\u00a0\u00bbcenter\u00a0\u00bb][\/vc_column][\/vc_row][vc_row][vc_column][ffk_button color=\u00a0\u00bbprimary\u00a0\u00bb size=\u00a0\u00bbbig\u00a0\u00bb link=\u00a0\u00bburl:https%3A%2F%2Fwww.sikada.fr%2FSiKadaIns%2FAppLib_Login.aspx%3FReturnUrl%3D%252fsikadaIns%252f|title:Inscription%20SIKADA|target:_blank\u00a0\u00bb][ffk_button color=\u00a0\u00bbprimary\u00a0\u00bb size=\u00a0\u00bbbig\u00a0\u00bb link=\u00a0\u00bburl:https%3A%2F%2Fwww.ffkarate.fr%2Fgrades%2Frecherche-grades%2F|title:Trouver%20un%20grade|target:_blank\u00a0\u00bb][\/vc_column][\/vc_row]<\/p>\n<\/div>","protected":false},"excerpt":{"rendered":"<p>Le dossier de candidature devra \u00eatre complet et retourn\u00e9 en courrier simple non recommand\u00e9 au moins 30 jours avant la date de l\u2019examen (cachet poste faisant foi) au Comit\u00e9 D\u00e9partemental de Karat\u00e9 De La Gironde.<\/p>\n","protected":false},"author":1,"featured_media":3004,"parent":0,"menu_order":0,"comment_status":"closed","ping_status":"closed","template":"","meta":{"footnotes":""},"class_list":["post-23","page","type-page","status-publish","hentry"],"_links":{"self":[{"href":"https:\/\/sites.ffkarate.fr\/hautegaronne\/wp-json\/wp\/v2\/pages\/23","targetHints":{"allow":["GET"]}}],"collection":[{"href":"https:\/\/sites.ffkarate.fr\/hautegaronne\/wp-json\/wp\/v2\/pages"}],"about":[{"href":"https:\/\/sites.ffkarate.fr\/hautegaronne\/wp-json\/wp\/v2\/types\/page"}],"author":[{"embeddable":true,"href":"https:\/\/sites.ffkarate.fr\/hautegaronne\/wp-json\/wp\/v2\/users\/1"}],"replies":[{"embeddable":true,"href":"https:\/\/sites.ffkarate.fr\/hautegaronne\/wp-json\/wp\/v2\/comments?post=23"}],"version-history":[{"count":11,"href":"https:\/\/sites.ffkarate.fr\/hautegaronne\/wp-json\/wp\/v2\/pages\/23\/revisions"}],"predecessor-version":[{"id":5119,"href":"https:\/\/sites.ffkarate.fr\/hautegaronne\/wp-json\/wp\/v2\/pages\/23\/revisions\/5119"}],"wp:featuredmedia":[{"embeddable":true,"href":"https:\/\/sites.ffkarate.fr\/hautegaronne\/wp-json\/wp\/v2\/media\/3004"}],"wp:attachment":[{"href":"https:\/\/sites.ffkarate.fr\/hautegaronne\/wp-json\/wp\/v2\/media?parent=23"}],"curies":[{"name":"wp","href":"https:\/\/api.w.org\/{rel}","templated":true}]}}