{"id":2668,"date":"2015-01-12T16:05:20","date_gmt":"2015-01-12T16:05:20","guid":{"rendered":"https:\/\/sites.ffkarate.fr\/testclone\/?page_id=101"},"modified":"2025-01-02T22:45:55","modified_gmt":"2025-01-02T21:45:55","slug":"galeries-photos","status":"publish","type":"page","link":"https:\/\/sites.ffkarate.fr\/hautegaronne\/galeries-photos\/","title":{"rendered":"Galeries photos"},"content":{"rendered":"<div class=\"wpb-content-wrapper\"><p>[vc_row][vc_column width=\u00a0\u00bb1\/2&Prime;][vc_column_text]<a href=\"https:\/\/photos.app.goo.gl\/3r6gqxFSXqWU7JmUA\" target=\"_blank\" rel=\"noopener\">15.12.2024 &#8211; Stage d\u00e9partemental Nihon Ta\u00ef-Jitsu<\/a>[\/vc_column_text][vc_gallery images=\u00a0\u00bb4772,4769,4770,4771,4773,4774,4775,4776,4777,4778&Prime;][ffk_button link=\u00a0\u00bburl:https%3A%2F%2Fphotos.app.goo.gl%2F3r6gqxFSXqWU7JmUA|title:Pour%20plus%20d&rsquo;images|target:_blank\u00a0\u00bb][\/vc_column][vc_column width=\u00a0\u00bb1\/2&Prime;][vc_column_text]<\/p>\n<h5 class=\"cL5NYb\"><a href=\"https:\/\/photos.app.goo.gl\/LFc4AiVcruSuqHEE6\" target=\"_blank\" rel=\"noopener\">08.05.2022 &#8211; Coupe Val\u00e9ra<\/a><\/h5>\n<p>[\/vc_column_text][vc_gallery images=\u00a0\u00bb3832,3834,3835,3836,3837,3839,3840&Prime;][vc_empty_space][ffk_button link=\u00a0\u00bburl:https%3A%2F%2Fphotos.app.goo.gl%2FLFc4AiVcruSuqHEE6|title:Pour%20plus%20d&rsquo;images|target:_blank\u00a0\u00bb][\/vc_column][\/vc_row][vc_row][vc_column width=\u00a0\u00bb1\/2&Prime;][vc_column_text]<\/p>\n<h5 class=\"cL5NYb\"><a href=\"https:\/\/photos.app.goo.gl\/szMMYUWMkKBWeHs2A\" target=\"_blank\" rel=\"noopener\">26.03.2022 &#8211; Coupe de France Body Karat\u00e9<\/a><\/h5>\n<p>[\/vc_column_text][vc_gallery images=\u00a0\u00bb3773,3768,3769,3770,3771,3772,3774,3777,3779,3775&Prime; title=\u00a0\u00bbCoupe de France Body Karat\u00e9\u00a0\u00bb][vc_empty_space][ffk_button link=\u00a0\u00bburl:https%3A%2F%2Fphotos.app.goo.gl%2FszMMYUWMkKBWeHs2A|title:Pour%20plus%20d&rsquo;images|target:_blank\u00a0\u00bb][\/vc_column][vc_column width=\u00a0\u00bb1\/2&Prime;][vc_column_text]<\/p>\n<h5 class=\"cL5NYb\"><a href=\"https:\/\/photos.app.goo.gl\/fBHPFXwjXVXvETGW9\" target=\"_blank\" rel=\"noopener\">30.04.2022 &#8211;<\/a> <a href=\"https:\/\/photos.app.goo.gl\/fBHPFXwjXVXvETGW9\" target=\"_blank\" rel=\"noopener\">Stage d\u00e9partemental para-karat\u00e9 et karat\u00e9 sant\u00e9<\/a><\/h5>\n<h5 class=\"cL5NYb\"><\/h5>\n<p>[\/vc_column_text][vc_gallery images=\u00a0\u00bb3822,3821,3823,3824,3825,3826,3828,3829&Prime;][vc_empty_space][ffk_button link=\u00a0\u00bburl:https%3A%2F%2Fphotos.app.goo.gl%2FfBHPFXwjXVXvETGW9|title:Pour%20plus%20d&rsquo;images|target:_blank\u00a0\u00bb][\/vc_column][\/vc_row][vc_row][vc_column width=\u00a0\u00bb1\/2&Prime;][vc_column_text]<\/p>\n<h5 class=\"cL5NYb\"><a href=\"https:\/\/photos.app.goo.gl\/Cn4dD6zyb4NgM3Be9\" target=\"_blank\" rel=\"noopener\">13.03.2022 &#8211; Journ\u00e9e de la femme<\/a><\/h5>\n<p>[\/vc_column_text][vc_gallery images=\u00a0\u00bb3722&Prime;][vc_empty_space][ffk_button link=\u00a0\u00bburl:https%3A%2F%2Fphotos.app.goo.gl%2FCn4dD6zyb4NgM3Be9|title:Pour%20plus%20d&rsquo;images|target:_blank\u00a0\u00bb][\/vc_column][vc_column width=\u00a0\u00bb1\/2&Prime;][vc_column_text]<\/p>\n<h5 class=\"h2 post_title\"><a href=\"https:\/\/photos.app.goo.gl\/PKMJF55jPnqa6xRU7\" target=\"_blank\" rel=\"noopener\">Formation DIF 2022<\/a><\/h5>\n<div class=\"post_infos\"><\/div>\n<p>[\/vc_column_text][vc_gallery images=\u00a0\u00bb3720&Prime;][vc_empty_space][ffk_button link=\u00a0\u00bburl:https%3A%2F%2Fphotos.app.goo.gl%2FPKMJF55jPnqa6xRU7|title:Pour%20plus%20d&rsquo;images|target:_blank\u00a0\u00bb][\/vc_column][\/vc_row][vc_row][vc_column width=\u00a0\u00bb1\/2&Prime;][vc_column_text]<\/p>\n<h5 class=\"h2 post_title\"><a href=\"https:\/\/photos.app.goo.gl\/mBrKBgRtLCup55Up6\" target=\"_blank\" rel=\"noopener\">COUPE DE FRANCE ZONE SUD KARAT\u00c9 CONTACT<\/a><\/h5>\n<div class=\"post_infos\"><\/div>\n<p>[\/vc_column_text][vc_gallery images=\u00a0\u00bb3632,3633,3634,3635,3636,3637,3638,3639,3640,3641,3642,3643,3644,3645,3646,3647,3648,3649,3650,3651,3652,3653,3654,3657,3658,3659,3660,3661,3662,3663,3664,3665,3666,3667,3668,3672,3673,3674,3675,3676,3677,3678,3680,3681,3682,3683,3684&Prime; title=\u00a0\u00bbCOUPE DE FRANCE ZONE SUD KARAT\u00c9 CONTACT\u00a0\u00bb][vc_empty_space][ffk_button link=\u00a0\u00bburl:https%3A%2F%2Fphotos.app.goo.gl%2FmBrKBgRtLCup55Up6|title:Pour%20plus%20d&rsquo;images|target:_blank\u00a0\u00bb][\/vc_column][vc_column width=\u00a0\u00bb1\/2&Prime;][vc_column_text]<\/p>\n<h5 class=\"cL5NYb\"><a href=\"https:\/\/photos.app.goo.gl\/WTc5DssZXMf4Suuh6\" target=\"_blank\" rel=\"noopener\">15 &#8211; 16 Janvier 2022 &#8211; Coupe PPB + Championnat MCJS<\/a><\/h5>\n<p>[\/vc_column_text][vc_gallery images=\u00a0\u00bb3538,3539,3540,3541,3542,3543,3544,3545,3546,3547,3549,3550,3551,3552,3553,3554,3555,3556,3557&Prime; title=\u00a0\u00bb15 &#8211; 16 Janvier 2022 &#8211; Coupe PPB + Championnat MCJS\u00a0\u00bb][vc_empty_space][ffk_button link=\u00a0\u00bburl:https%3A%2F%2Fphotos.app.goo.gl%2FWTc5DssZXMf4Suuh6|title:Pour%20plus%20d&rsquo;images|target:_blank\u00a0\u00bb][\/vc_column][\/vc_row][vc_row][vc_column width=\u00a0\u00bb1\/2&Prime;][vc_column_text]<\/p>\n<h5 class=\"cL5NYb\"><a href=\"https:\/\/photos.app.goo.gl\/NAAxUutbBpdW8aUm9\" target=\"_blank\" rel=\"noopener\">28\/11\/2021 Stage technique d\u00e9partemental des grades<\/a><\/h5>\n<p>[\/vc_column_text][vc_gallery images=\u00a0\u00bb3475&Prime;][vc_empty_space][ffk_button link=\u00a0\u00bburl:https%3A%2F%2Fphotos.app.goo.gl%2FNAAxUutbBpdW8aUm9|title:Pour%20plus%20d&rsquo;images|target:_blank\u00a0\u00bb][\/vc_column][vc_column width=\u00a0\u00bb1\/2&Prime;][vc_column_text]<\/p>\n<h5 class=\"cL5NYb\"><a href=\"https:\/\/photos.app.goo.gl\/taJRuKenuVR11VGv7\" target=\"_blank\" rel=\"noopener\">18\/12\/2021 Formation jeunes arbitres et interclubs<\/a><\/h5>\n<p>[\/vc_column_text][vc_gallery images=\u00a0\u00bb3502&Prime;][ffk_button link=\u00a0\u00bburl:https%3A%2F%2Fphotos.app.goo.gl%2FtaJRuKenuVR11VGv7|title:Pour%20plus%20d&rsquo;images|target:_blank\u00a0\u00bb][vc_empty_space][\/vc_column][\/vc_row][vc_row][vc_column width=\u00a0\u00bb1\/2&Prime;][\/vc_column][vc_column width=\u00a0\u00bb1\/2&Prime;][vc_column_text]<\/p>\n<h5 class=\"cL5NYb\"><a href=\"https:\/\/photos.app.goo.gl\/nPtmbEdhyX6gYLi97\" target=\"_blank\" rel=\"noopener\">21.11.2021\u00a0 Stage d\u00e9partemental d&rsquo;arbitrage karat\u00e9 et DA<\/a><\/h5>\n<p>[\/vc_column_text][vc_gallery images=\u00a0\u00bb3462&Prime;][ffk_button link=\u00a0\u00bburl:https%3A%2F%2Fphotos.app.goo.gl%2FnPtmbEdhyX6gYLi97|title:Pour%20plus%20d&rsquo;images|target:_blank\u00a0\u00bb][vc_empty_space][\/vc_column][\/vc_row][vc_row][vc_column width=\u00a0\u00bb1\/2&Prime;][vc_column_text]<\/p>\n<h5 class=\"cL5NYb\"><a href=\"https:\/\/photos.app.goo.gl\/z9jAWEk388ykmFH19\" target=\"_blank\" rel=\"noopener\">03.10.2021 Stage Body-Karat\u00e9 d\u00e9partemental de la Haute-Garonne<\/a><\/h5>\n<p>[\/vc_column_text][vc_gallery images=\u00a0\u00bb3209,3210&Prime;][ffk_button link=\u00a0\u00bburl:https%3A%2F%2Fphotos.app.goo.gl%2Fz9jAWEk388ykmFH19|title:Pour%20plus%20d&rsquo;images|target:_blank\u00a0\u00bb][\/vc_column][vc_column width=\u00a0\u00bb1\/2&Prime;][vc_column_text]<\/p>\n<h5 class=\"cL5NYb\"><a href=\"https:\/\/photos.app.goo.gl\/LkB2NiaFohSM5TiG9\" target=\"_blank\" rel=\"noopener\">17.10.2021 R\u00e9union d&rsquo;informations arbitrage et grades<\/a><\/h5>\n<p>[\/vc_column_text][vc_gallery images=\u00a0\u00bb3332,3337,3338,3339,3341,3342,3343&Prime;][ffk_button link=\u00a0\u00bburl:https%3A%2F%2Fphotos.app.goo.gl%2FLkB2NiaFohSM5TiG9|title:Pour%20plus%20d&rsquo;images|target:_blank\u00a0\u00bb][\/vc_column][\/vc_row][vc_row][vc_column width=\u00a0\u00bb1\/2&Prime;][vc_column_text]<\/p>\n<h5 class=\"cL5NYb\"><a href=\"https:\/\/photos.app.goo.gl\/kpK7UC699Fh1HN7m8\" target=\"_blank\" rel=\"noopener\">03.10.2021 Stage multi-discipline d\u00e9partemental de la Haute-Garonne<\/a><\/h5>\n<p>[\/vc_column_text][vc_gallery images=\u00a0\u00bb3206,3207,3208&Prime;][ffk_button link=\u00a0\u00bburl:https%3A%2F%2Fphotos.app.goo.gl%2FkpK7UC699Fh1HN7m8|title:Pour%20plus%20d&rsquo;images|target:_blank\u00a0\u00bb][\/vc_column][vc_column width=\u00a0\u00bb1\/2&Prime;][vc_column_text]<\/p>\n<h5 class=\"cL5NYb\">26.09.2021 L&rsquo;Assembl\u00e9e g\u00e9n\u00e9rale ordinaire du comit\u00e9 d\u00e9partemental de la Haute -Garonne<\/h5>\n<p>[\/vc_column_text][vc_gallery images=\u00a0\u00bb3166,3167,3168,3169,3170&Prime;][\/vc_column][\/vc_row][vc_row][vc_column width=\u00a0\u00bb1\/2&Prime;][vc_column_text]<\/p>\n<h5 class=\"cL5NYb\">\u00c9lection Ligue R\u00e9gionale Occitanie : Amar Bensallah et Anicet Kounougous<\/h5>\n<p>[\/vc_column_text][vc_gallery images=\u00a0\u00bb2442,2444,2405&Prime;][\/vc_column][vc_column width=\u00a0\u00bb1\/2&Prime;][vc_column_text]<\/p>\n<h5 class=\"cL5NYb\"><a href=\"https:\/\/photos.app.goo.gl\/9SKAtKwW4ozY9PtA9\" target=\"_blank\" rel=\"noopener\"><strong>03.07.2021 &#8211; Open Enfant Karat\u00e9 et Karat\u00e9 Light Contact<\/strong><\/a><\/h5>\n<p>[\/vc_column_text][ffk_button link=\u00a0\u00bburl:https%3A%2F%2Fphotos.app.goo.gl%2F9SKAtKwW4ozY9PtA9|target:_blank\u00a0\u00bb][\/vc_column][\/vc_row][vc_row][vc_column width=\u00a0\u00bb1\/2&Prime;][vc_column_text]<\/p>\n<h5 class=\"cL5NYb\"><a href=\"https:\/\/photos.app.goo.gl\/ZyA4LyPoAYgVAk867\" target=\"_blank\" rel=\"noopener\">23.06.2019 Challenge du conseil d\u00e9partemental de la Haute-Garonne.<\/a><\/h5>\n<p>[\/vc_column_text][ffk_button link=\u00a0\u00bburl:https%3A%2F%2Fphotos.google.com%2Fshare%2FAF1QipMlg1KxYrcnZq4D1b51PU2dB7KfTeUJfXsOnuNA_YRlPg_3m7BQlpqC1EVKkJ9XIQ%3Fkey%3DRFRTSkFRd042eFRzUVBoT2hTNGtpUWljc2U0NWxB|target:_blank\u00a0\u00bb][\/vc_column][vc_column width=\u00a0\u00bb1\/2&Prime;][vc_column_text]<\/p>\n<h5 class=\"cL5NYb\"><a href=\"https:\/\/photos.app.goo.gl\/wknTaZJEesDpLkmy5\" target=\"_blank\" rel=\"noopener\"><strong>25.05.2019 Stage Handi-Karat\u00e9 \u00e0 Muret<\/strong><\/a><\/h5>\n<p>[\/vc_column_text][ffk_button link=\u00a0\u00bburl:https%3A%2F%2Fphotos.google.com%2Fshare%2FAF1QipPINUuD8nfs7v9olxZxbCMb9oTLJZdsQDPQ4Tu8i86hO2lyYKehRB3UFj6v-nNHnQ%3Fkey%3DRDVkMEo2ZllGaF9laW1RWUFNY1FOcG52Y1JET3l3|target:_blank\u00a0\u00bb][\/vc_column][\/vc_row][vc_row][vc_column width=\u00a0\u00bb1\/2&Prime;][vc_column_text]<\/p>\n<h5 class=\"cL5NYb\"><a href=\"https:\/\/photos.app.goo.gl\/BLv2LzkteJGZWrBq9\" target=\"_blank\" rel=\"noopener\">12.05.2019 Coupe Valera<\/a><\/h5>\n<p>[\/vc_column_text][ffk_button link=\u00a0\u00bburl:https%3A%2F%2Fphotos.google.com%2Fu%2F2%2Fshare%2FAF1QipPZrFjK7mwRVRbXQN3FYxYrdNunaghMd4YwN0E_83VJdCNMSixFLHmCv4pSEooQLw%3Fkey%3DQnF1bVh2Zk9Ka2M1Sk1vaVdKd090VFFCVTljd3ZB\u00a0\u00bb][\/vc_column][vc_column width=\u00a0\u00bb1\/2&Prime;][vc_column_text]<\/p>\n<h5><a href=\"https:\/\/photos.app.goo.gl\/wQH93GxqrT14u5Zu9\" target=\"_blank\" rel=\"noopener\">28.04.2019 ENTRAINEMENT D\u00c9PARTEMENTAL KUMITE \/ KATA<\/a><\/h5>\n<p>[\/vc_column_text][ffk_button link=\u00a0\u00bburl:https%3A%2F%2Fphotos.app.goo.gl%2FwQH93GxqrT14u5Zu9|target:_blank\u00a0\u00bb][\/vc_column][\/vc_row][vc_row][vc_column width=\u00a0\u00bb1\/2&Prime;][vc_column_text]<\/p>\n<h5 class=\"cL5NYb\"><a href=\"https:\/\/photos.app.goo.gl\/k5mmLGyNVeLtWSqB6\" target=\"_blank\" rel=\"noopener\">Stage pr\u00e9paration de grades avec J.F. Teyssiere<\/a><\/h5>\n<p>[\/vc_column_text][ffk_button link=\u00a0\u00bburl:https%3A%2F%2Fphotos.app.goo.gl%2Fk5mmLGyNVeLtWSqB6|target:_blank\u00a0\u00bb][\/vc_column][vc_column width=\u00a0\u00bb1\/2&Prime;][vc_column_text]<\/p>\n<h5><a href=\"https:\/\/photos.app.goo.gl\/W6U8nTSMZVnrUzUc9\" target=\"_blank\" rel=\"noopener\">Journ\u00e9e de la femme 2019<\/a><\/h5>\n<p>[\/vc_column_text][ffk_button link=\u00a0\u00bburl:https%3A%2F%2Fphotos.app.goo.gl%2FW6U8nTSMZVnrUzUc9|target:_blank\u00a0\u00bb][\/vc_column][\/vc_row][vc_row][vc_column width=\u00a0\u00bb1\/2&Prime;][vc_column_text]<\/p>\n<h5 class=\"cL5NYb\"><a href=\"https:\/\/photos.app.goo.gl\/e2vdHDtWZgkegnfr5\" target=\"_blank\" rel=\"noopener\">COUPE AMV ENFANTS \/ ADULTES 2018\/2019<\/a><\/h5>\n<p>[\/vc_column_text][ffk_button link=\u00a0\u00bburl:https%3A%2F%2Fphotos.app.goo.gl%2Fe2vdHDtWZgkegnfr5|target:_blank\u00a0\u00bb][\/vc_column][vc_column width=\u00a0\u00bb1\/2&Prime;][vc_column_text]<\/p>\n<h5><a href=\"https:\/\/photos.app.goo.gl\/YvWUHyGfHGDvDhnu8\" target=\"_blank\" rel=\"noopener\">16.12.2018 Championnat d\u00e9partemental MCJS de la Haute Garonne COMBAT<\/a><\/h5>\n<p>[\/vc_column_text][ffk_button link=\u00a0\u00bburl:https%3A%2F%2Fphotos.app.goo.gl%2FYvWUHyGfHGDvDhnu8|target:_blank\u00a0\u00bb][\/vc_column][\/vc_row][vc_row][vc_column width=\u00a0\u00bb1\/2&Prime;][vc_column_text]<\/p>\n<h5 class=\"cL5NYb\"><a href=\"https:\/\/photos.app.goo.gl\/DaBgZxduoeoHqzLD6\" target=\"_blank\" rel=\"noopener\">16.12.2018 Championnat d\u00e9partemental MCJS de la Haute Garonne KATA<\/a><\/h5>\n<p>[\/vc_column_text][ffk_button link=\u00a0\u00bburl:https%3A%2F%2Fphotos.app.goo.gl%2FDaBgZxduoeoHqzLD6|target:_blank\u00a0\u00bb][\/vc_column][vc_column width=\u00a0\u00bb1\/2&Prime;][vc_column_text]<\/p>\n<h5><a href=\"https:\/\/photos.app.goo.gl\/iH8Cns6FHQccKC7h9\" target=\"_blank\" rel=\"noopener\">17.11.2018 Coupe d\u00e9partementale PPB COMBAT<\/a><\/h5>\n<p>[\/vc_column_text][ffk_button link=\u00a0\u00bburl:https%3A%2F%2Fphotos.app.goo.gl%2FiH8Cns6FHQccKC7h9|target:_blank\u00a0\u00bb][\/vc_column][\/vc_row][vc_row][vc_column width=\u00a0\u00bb1\/2&Prime;][vc_column_text]<\/p>\n<h5 class=\"cL5NYb\"><a href=\"https:\/\/photos.app.goo.gl\/Zm8oCuYQ7aWFnwVFA\" target=\"_blank\" rel=\"noopener\">3.11.18 Coupe D\u00e9partementale KATA PPB Haute-Garonne<\/a><\/h5>\n<p>[\/vc_column_text][ffk_button link=\u00a0\u00bburl:https%3A%2F%2Fphotos.app.goo.gl%2FZm8oCuYQ7aWFnwVFA|target:_blank\u00a0\u00bb][\/vc_column][vc_column width=\u00a0\u00bb1\/2&Prime;][vc_column_text]<\/p>\n<h5><a href=\"https:\/\/photos.app.goo.gl\/ET7zoBHXgF2GGjmR6\" target=\"_blank\" rel=\"noopener\">28.10.2018 : STAGE D\u00c9PARTEMENTAL INTER-DISCIPLINES ADULTES<\/a><\/h5>\n<p>[\/vc_column_text][ffk_button link=\u00a0\u00bburl:https%3A%2F%2Fphotos.app.goo.gl%2FiH8Cns6FHQccKC7h9|target:_blank\u00a0\u00bb][\/vc_column][\/vc_row][vc_row][vc_column width=\u00a0\u00bb1\/2&Prime;][vc_column_text]<\/p>\n<h5 class=\"cL5NYb\"><a href=\"https:\/\/photos.app.goo.gl\/oRKoaEDdR9RWeizUA\" target=\"_blank\" rel=\"noopener\">27.10.2018 : R\u00e9union d\u2019information coachs et stage arbitrage<\/a><\/h5>\n<p>[\/vc_column_text][ffk_button link=\u00a0\u00bburl:https%3A%2F%2Fphotos.app.goo.gl%2FZm8oCuYQ7aWFnwVFA|target:_blank\u00a0\u00bb][\/vc_column][vc_column width=\u00a0\u00bb1\/2&Prime;][vc_column_text]<\/p>\n<h5><a href=\"https:\/\/photos.app.goo.gl\/Drcvv7mcJuhLGCSy9\" target=\"_blank\" rel=\"noopener\">15.09.2018 : STAGE D\u00e9partemental MULTI-STYLES ENFANTS<\/a><\/h5>\n<p>[\/vc_column_text][ffk_button link=\u00a0\u00bburl:https%3A%2F%2Fphotos.app.goo.gl%2FDrcvv7mcJuhLGCSy9|target:_blank\u00a0\u00bb][\/vc_column][\/vc_row]<\/p>\n<\/div>","protected":false},"excerpt":{"rendered":"<p>[vc_row][vc_column width=\u00a0\u00bb1\/2&Prime;][vc_column_text]15.12.2024 &#8211; Stage d\u00e9partemental Nihon Ta\u00ef-Jitsu[\/vc_column_text][vc_gallery images=\u00a0\u00bb4772,4769,4770,4771,4773,4774,4775,4776,4777,4778&Prime;][ffk_button link=\u00a0\u00bburl:https%3A%2F%2Fphotos.app.goo.gl%2F3r6gqxFSXqWU7JmUA|title:Pour%20plus%20d&rsquo;images|target:_blank\u00a0\u00bb][\/vc_column][vc_column width=\u00a0\u00bb1\/2&Prime;][vc_column_text] 08.05.2022 &#8211; Coupe Val\u00e9ra [\/vc_column_text][vc_gallery images=\u00a0\u00bb3832,3834,3835,3836,3837,3839,3840&Prime;][vc_empty_space][ffk_button link=\u00a0\u00bburl:https%3A%2F%2Fphotos.app.goo.gl%2FLFc4AiVcruSuqHEE6|title:Pour%20plus%20d&rsquo;images|target:_blank\u00a0\u00bb][\/vc_column][\/vc_row][vc_row][vc_column width=\u00a0\u00bb1\/2&Prime;][vc_column_text] 26.03.2022 &#8211; Coupe de France Body Karat\u00e9 [\/vc_column_text][vc_gallery images=\u00a0\u00bb3773,3768,3769,3770,3771,3772,3774,3777,3779,3775&Prime; title=\u00a0\u00bbCoupe de France Body Karat\u00e9\u00a0\u00bb][vc_empty_space][ffk_button link=\u00a0\u00bburl:https%3A%2F%2Fphotos.app.goo.gl%2FszMMYUWMkKBWeHs2A|title:Pour%20plus%20d&rsquo;images|target:_blank\u00a0\u00bb][\/vc_column][vc_column width=\u00a0\u00bb1\/2&Prime;][vc_column_text] 30.04.2022 &#8211; Stage d\u00e9partemental para-karat\u00e9 et karat\u00e9 sant\u00e9 [\/vc_column_text][vc_gallery images=\u00a0\u00bb3822,3821,3823,3824,3825,3826,3828,3829&Prime;][vc_empty_space][ffk_button link=\u00a0\u00bburl:https%3A%2F%2Fphotos.app.goo.gl%2FfBHPFXwjXVXvETGW9|title:Pour%20plus%20d&rsquo;images|target:_blank\u00a0\u00bb][\/vc_column][\/vc_row][vc_row][vc_column width=\u00a0\u00bb1\/2&Prime;][vc_column_text] 13.03.2022 &#8211; Journ\u00e9e de la femme [\/vc_column_text][vc_gallery images=\u00a0\u00bb3722&Prime;][vc_empty_space][ffk_button link=\u00a0\u00bburl:https%3A%2F%2Fphotos.app.goo.gl%2FCn4dD6zyb4NgM3Be9|title:Pour%20plus%20d&rsquo;images|target:_blank\u00a0\u00bb][\/vc_column][vc_column [&hellip;]<\/p>\n","protected":false},"author":20,"featured_media":0,"parent":0,"menu_order":0,"comment_status":"closed","ping_status":"closed","template":"page-fullwidth.php","meta":{"footnotes":""},"class_list":["post-2668","page","type-page","status-publish","hentry"],"_links":{"self":[{"href":"https:\/\/sites.ffkarate.fr\/hautegaronne\/wp-json\/wp\/v2\/pages\/2668","targetHints":{"allow":["GET"]}}],"collection":[{"href":"https:\/\/sites.ffkarate.fr\/hautegaronne\/wp-json\/wp\/v2\/pages"}],"about":[{"href":"https:\/\/sites.ffkarate.fr\/hautegaronne\/wp-json\/wp\/v2\/types\/page"}],"author":[{"embeddable":true,"href":"https:\/\/sites.ffkarate.fr\/hautegaronne\/wp-json\/wp\/v2\/users\/20"}],"replies":[{"embeddable":true,"href":"https:\/\/sites.ffkarate.fr\/hautegaronne\/wp-json\/wp\/v2\/comments?post=2668"}],"version-history":[{"count":10,"href":"https:\/\/sites.ffkarate.fr\/hautegaronne\/wp-json\/wp\/v2\/pages\/2668\/revisions"}],"predecessor-version":[{"id":4781,"href":"https:\/\/sites.ffkarate.fr\/hautegaronne\/wp-json\/wp\/v2\/pages\/2668\/revisions\/4781"}],"wp:attachment":[{"href":"https:\/\/sites.ffkarate.fr\/hautegaronne\/wp-json\/wp\/v2\/media?parent=2668"}],"curies":[{"name":"wp","href":"https:\/\/api.w.org\/{rel}","templated":true}]}}