{"id":2919,"date":"2021-08-30T16:01:06","date_gmt":"2021-08-30T14:01:06","guid":{"rendered":"https:\/\/sites.ffkarate.fr\/hautegaronne\/?page_id=2919"},"modified":"2025-01-27T12:46:23","modified_gmt":"2025-01-27T11:46:23","slug":"arbitrage","status":"publish","type":"page","link":"https:\/\/sites.ffkarate.fr\/hautegaronne\/arbitrage\/","title":{"rendered":"Arbitrage"},"content":{"rendered":"<div class=\"wpb-content-wrapper\"><p>[vc_row][vc_column][ffk_peoplecard image=\u00a0\u00bb4611&Prime; title=\u00a0\u00bbRomain BOUCHARD\u00a0\u00bb subtitle=\u00a0\u00bbResponsable Arbitrage\u00a0\u00bb][vc_column_text]<\/p>\n<p style=\"text-align: center\">Mesdames, Messieurs les dirigeants de clubs,<\/p>\n<p style=\"text-align: center\">Comme chaque ann\u00e9e en d\u00e9but de saison, le comit\u00e9 d\u00e9partemental de la Haute-Garonne se pr\u00e9pare \u00e0 accueillir de nouveaux arbitres.<br \/>\nL\u2019arbitrage est une fonction essentielle pour le bon d\u00e9roulement des comp\u00e9titions.<br \/>\nActuellement le corps arbitral de la Haute Garonne a besoin de s\u2019\u00e9toffer, c\u2019est pourquoi il est important que de nouveaux arbitres nous rejoignent afin d\u2019assurer le bon d\u00e9roulement des comp\u00e9titions \u00e0 venir.<br \/>\nL\u2019opportunit\u00e9 de devenir arbitre est offerte \u00e0 tous les pratiquants, \u00e0 partir de la cat\u00e9gorie minime.<\/p>\n<p style=\"text-align: center\">N\u2019h\u00e9sitez pas, venez apporter votre contribution lors des diverses comp\u00e9titions.<\/p>\n<p>[\/vc_column_text][vc_column_text]<\/p>\n<h2>Nouveaux Arbitres d\u00e9partementaux promus le 26 Janvier 2025 !<\/h2>\n<p>[\/vc_column_text][vc_column_text]\ud83c\udf89 <strong>F\u00e9licitations aux nouveaux arbitres d\u00e9partementaux !<\/strong><\/p>\n<p>\ud83d\udc4f Promus le <strong>26 janvier 2025<\/strong>, ces arbitres rejoignent nos rangs pour contribuer au bon d\u00e9roulement des comp\u00e9titions et repr\u00e9senter nos valeurs avec fiert\u00e9.<\/p>\n<p>Un grand bravo \u00e0 eux pour leur engagement et leur r\u00e9ussite ! \ud83c\udfc5[\/vc_column_text][vc_gallery images=\u00a0\u00bb4792,4793,4794,4795,4796,4797,4798,4799,4801,4802,4803,4804,4805,4806,4807,4808&Prime;][\/vc_column][\/vc_row][vc_row][vc_column width=\u00a0\u00bb1\/2&Prime;][vc_column_text]<\/p>\n<h2>Stages d\u2019Arbitrage \u00e0 venir :<\/h2>\n<p>[\/vc_column_text][vc_column_text]Ces Stages s\u2019adressent aux Jeunes Arbitres, Arbitres Stagiaires et D\u00e9partementaux, Les candidats au DAF\/DIF pourront assister \u00e0 ces stages afin de valider leurs points de participation.[\/vc_column_text][ffk_button link=\u00a0\u00bburl:https%3A%2F%2Fsites.ffkarate.fr%2Fhautegaronne%2Fcalendrier%2F|title:Calendrier|target:_blank\u00a0\u00bb][\/vc_column][vc_column width=\u00a0\u00bb1\/2&Prime;][vc_column_text]<\/p>\n<h2>Formation jeunes arbitres<\/h2>\n<p>[\/vc_column_text][vc_column_text]Pour cette nouvelle rentr\u00e9e, les clubs d\u00e9sirant initi\u00e9s leurs jeunes \u00e9l\u00e8ves \u00e0 l\u2019arbitrage, peuvent utiliser les fiches p\u00e9dagogiques de la f\u00e9d\u00e9ration en suivant le <a href=\"https:\/\/www.ffkarate.fr\/competitions\/arbitrage\/\" target=\"_blank\" rel=\"noopener\">lien suivant.<\/a><\/p>\n<p>N\u2019h\u00e9sitez pas \u00e0 nous contacter, si vous d\u00e9sirez une intervention de l\u2019\u00e9quipe arbitrale dans vos clubs[\/vc_column_text][\/vc_column][\/vc_row][vc_row][vc_column][vc_column_text]<\/p>\n<h2>Comment devenir Arbitre ?<\/h2>\n<p>[\/vc_column_text][vc_column_text]Pour devenir arbitre, vous pouvez commencer comme :<\/p>\n<ul>\n<li>Jeune arbitre : si vous avez moins de 18 ans.<\/li>\n<li>Stagiaire de l\u2019\u00e9cole des cadres qui doit effectuer un certain nombre d\u2019heure de vie associative dans le cadre de son dipl\u00f4me. Il a la possibilit\u00e9 de poursuivre sur cette voie et de devenir assistant arbitre.<\/li>\n<li>Assistant arbitre (arbitre stagiaire) conna\u00eetra une ou plusieurs saisons d\u2019arbitrage o\u00f9 il se familiarisera avec toutes les fonctions de l\u2019arbitrage : inscriptions, chronom\u00e8tres, habillage des enfants, gestion de la fiche, chaise, central\u2026<\/li>\n<\/ul>\n<p>&nbsp;<\/p>\n<p>Pour pouvoir commencer l\u2019arbitrage il n\u2019y a qu\u2019un chemin \u00e0 faire : <strong>Prendre contact avec votre responsable d\u2019arbitrage d\u00e9partemental et de lui en parler lors d\u2019une comp\u00e9tition, un stage d&rsquo;arbitrage ou par un simple mail.<\/strong><\/p>\n<p>C\u2019est Le responsable d\u2019arbitrage, qui une fois qu\u2019il vous jugera pr\u00eat, vous proposera de passer les dipl\u00f4mes d\u2019arbitre de d\u00e9partement,\u00a0 ligue, r\u00e9gion ou national.[\/vc_column_text][vc_column_text]<\/p>\n<h2>La tenue officielle<\/h2>\n<p>[\/vc_column_text][vc_column_text]<\/p>\n<ul>\n<li style=\"list-style-type: none\">\n<ul>\n<li>Blazer bleu marine, droit, non-crois\u00e9.<\/li>\n<li>Chemise blanche \u00e0 manches courtes ou longues selon les conditions climatiques pr\u00e9dominantes.<\/li>\n<li>Cravate officielle de la FFK sans \u00e9pingle.<\/li>\n<li>Pantalons gris uni, sans revers.<\/li>\n<li>Chaussettes de couleur bleues fonc\u00e9es ou noires sans motif et chaussons d\u2019arbitrage noirs pour utilisation sur l\u2019aire de comp\u00e9tition (sans lacets).<\/li>\n<li>Un sifflet noir avec un cordon blanc.<\/li>\n<li>Le port de bijoux (montres, bracelets, boucles d\u2019oreilles, pin\u2019s&#8230;) n\u2019est pas autoris\u00e9 pour les arbitres.<\/li>\n<\/ul>\n<\/li>\n<\/ul>\n<p>Une tenue minimale est autoris\u00e9e pour les arbitres d\u00e9butants :<\/p>\n<ul>\n<li style=\"list-style-type: none\">\n<ul>\n<li>Chaussons pour le tatami<\/li>\n<li>Pantalon gris<\/li>\n<li>Chemise blanche<\/li>\n<li>Veste si possible<\/li>\n<\/ul>\n<\/li>\n<\/ul>\n<p>[\/vc_column_text][\/vc_column][\/vc_row][vc_row][vc_column][vc_column_text]<\/p>\n<h2>Documents utiles<\/h2>\n<p>[\/vc_column_text][vc_column_text]<\/p>\n<ul>\n<li><a href=\"https:\/\/sites.ffkarate.fr\/hautegaronne\/wp-content\/uploads\/sites\/52\/2024\/12\/Synthese_modifications_reglement_competitions_24_25.pdf\"><strong>SYNTHESE DES MODIFICATIONS DU REGLEMENT DES COMPETITIONS AU 12\/07\/2024<\/strong><\/a><\/li>\n<\/ul>\n<p>[\/vc_column_text][\/vc_column][\/vc_row][vc_row][vc_column][vc_column_text]<\/p>\n<h2>Actualit\u00e9s<\/h2>\n<p>[\/vc_column_text][vc_column_text]<span class=\"d2edcug0 hpfvmrgz qv66sw1b c1et5uql lr9zc1uh a8c37x1j keod5gw0 nxhoafnm aigsh9s9 d3f4x2em fe6kdd0r mau55g9w c8b282yb iv3no6db jq4qci2q a3bd9o3v b1v8xokw oo9gr5id hzawbc8m\" dir=\"auto\">Pour le lancement de la saison, l&rsquo;\u00e9quipe arbitrage de notre d\u00e9partement est pr\u00e9sente pour la journ\u00e9e au Stage r\u00e9gional des arbitres nationaux et responsables d\u00e9partementaux organis\u00e9 par la Ligue R\u00e9gionale Occitanie de Karat\u00e9 et DA<\/span>[\/vc_column_text][\/vc_column][\/vc_row]<\/p>\n<\/div>","protected":false},"excerpt":{"rendered":"<p>[vc_row][vc_column][ffk_peoplecard image=\u00a0\u00bb4611&Prime; title=\u00a0\u00bbRomain BOUCHARD\u00a0\u00bb subtitle=\u00a0\u00bbResponsable Arbitrage\u00a0\u00bb][vc_column_text] Mesdames, Messieurs les dirigeants de clubs, Comme chaque ann\u00e9e en d\u00e9but de saison, le comit\u00e9 d\u00e9partemental de la Haute-Garonne se pr\u00e9pare \u00e0 accueillir de nouveaux arbitres. L\u2019arbitrage est une fonction essentielle pour le bon d\u00e9roulement des comp\u00e9titions. Actuellement le corps arbitral de la Haute Garonne a besoin de s\u2019\u00e9toffer, [&hellip;]<\/p>\n","protected":false},"author":204,"featured_media":3462,"parent":0,"menu_order":0,"comment_status":"closed","ping_status":"closed","template":"page-fullwidth.php","meta":{"footnotes":""},"class_list":["post-2919","page","type-page","status-publish","hentry"],"_links":{"self":[{"href":"https:\/\/sites.ffkarate.fr\/hautegaronne\/wp-json\/wp\/v2\/pages\/2919","targetHints":{"allow":["GET"]}}],"collection":[{"href":"https:\/\/sites.ffkarate.fr\/hautegaronne\/wp-json\/wp\/v2\/pages"}],"about":[{"href":"https:\/\/sites.ffkarate.fr\/hautegaronne\/wp-json\/wp\/v2\/types\/page"}],"author":[{"embeddable":true,"href":"https:\/\/sites.ffkarate.fr\/hautegaronne\/wp-json\/wp\/v2\/users\/204"}],"replies":[{"embeddable":true,"href":"https:\/\/sites.ffkarate.fr\/hautegaronne\/wp-json\/wp\/v2\/comments?post=2919"}],"version-history":[{"count":10,"href":"https:\/\/sites.ffkarate.fr\/hautegaronne\/wp-json\/wp\/v2\/pages\/2919\/revisions"}],"predecessor-version":[{"id":4812,"href":"https:\/\/sites.ffkarate.fr\/hautegaronne\/wp-json\/wp\/v2\/pages\/2919\/revisions\/4812"}],"wp:featuredmedia":[{"embeddable":true,"href":"https:\/\/sites.ffkarate.fr\/hautegaronne\/wp-json\/wp\/v2\/media\/3462"}],"wp:attachment":[{"href":"https:\/\/sites.ffkarate.fr\/hautegaronne\/wp-json\/wp\/v2\/media?parent=2919"}],"curies":[{"name":"wp","href":"https:\/\/api.w.org\/{rel}","templated":true}]}}