{"id":3287,"date":"2021-10-13T14:30:28","date_gmt":"2021-10-13T12:30:28","guid":{"rendered":"https:\/\/sites.ffkarate.fr\/hautegaronne\/?page_id=3287"},"modified":"2021-10-13T14:55:54","modified_gmt":"2021-10-13T12:55:54","slug":"licence-federale-dematerialisee","status":"publish","type":"page","link":"https:\/\/sites.ffkarate.fr\/hautegaronne\/licence-federale-dematerialisee\/","title":{"rendered":"Licence f\u00e9d\u00e9rale d\u00e9mat\u00e9rialis\u00e9e"},"content":{"rendered":"<div class=\"wpb-content-wrapper\"><p>[vc_row][vc_column][vc_column_text]La F\u00e9d\u00e9ration Fran\u00e7aise de Karat\u00e9 et Disciplines Associ\u00e9es est heureuse de vous annoncer la mise en place de l\u2019application <strong>FFKARATE e-licence<\/strong> vous permettant d\u2019acc\u00e9der n\u2019importe o\u00f9 et n\u2019importe quand \u00e0 votre licence.<\/p>\n<p>En tant que licenci\u00e9 vous pourrez retrouver toutes vos donn\u00e9es personnelles et notamment le visuel de votre Licence.<\/p>\n<p>Les contenus font l\u2019objet d\u2019un acc\u00e8s s\u00e9curis\u00e9 sp\u00e9cifiques, g\u00e9r\u00e9 par la FFKDA.[\/vc_column_text][\/vc_column][\/vc_row][vc_row][vc_column][vc_column_text]<\/p>\n<h3>Votre espace licenci\u00e9s<\/h3>\n<p>[\/vc_column_text][vc_column_text]Pour acc\u00e9der \u00e0 votre licence sur l&rsquo;application, il convient de configurer votre <a href=\"https:\/\/ffkda-goal.multimediabs.com\/login\" target=\"_blank\" rel=\"noopener\"><b>Espace Licenci\u00e9s <\/b><\/a>sur le site de la f\u00e9d\u00e9ration <b><br \/>\n<\/b>[\/vc_column_text][\/vc_column][\/vc_row][vc_row][vc_column width=\u00a0\u00bb1\/2&Prime;][vc_column_text]1 &#8211; Vous cliquez sur 1 \u00e8re connexion[\/vc_column_text][vc_single_image image=\u00a0\u00bb3307&Prime; link=\u00a0\u00bbhttps:\/\/ffkda-goal.multimediabs.com\/login\u00a0\u00bb onclick=\u00a0\u00bbcustom_link\u00a0\u00bb][\/vc_column][vc_column width=\u00a0\u00bb1\/2&Prime;][vc_column_text]2 &#8211; Vous renseignez vos informations[\/vc_column_text][vc_single_image image=\u00a0\u00bb3308&Prime;][\/vc_column][vc_column][ffk_button link=\u00a0\u00bburl:https%3A%2F%2Fsites.ffkarate.fr%2Fhautegaronne%2Fwp-content%2Fuploads%2Fsites%2F52%2F2021%2F10%2Faide-connexion.pdf|title:Guide%20de%20connexion%20complet|target:_blank\u00a0\u00bb][\/vc_column][\/vc_row][vc_row][vc_column width=\u00a0\u00bb2\/3&Prime;][vc_column_text]<\/p>\n<h3>L&rsquo;application FFKARATE e-licence<\/h3>\n<p>[\/vc_column_text][vc_column_text]Cette application est <strong>t\u00e9l\u00e9chargeable sur vos smartphones<\/strong>, via <strong><a href=\"https:\/\/apps.apple.com\/za\/app\/ffkarate-e-licence\/id1553758355\" target=\"_blank\" rel=\"noopener\">l\u2019App Store<\/a>\u00a0<\/strong>pour les t\u00e9l\u00e9phones iPhone et <a href=\"https:\/\/play.google.com\/store\/apps\/details?id=fr.ffkarate.app&amp;hl=fr&amp;gl=US\" target=\"_blank\" rel=\"noopener\"><strong>Google Play <\/strong><\/a>pour les t\u00e9l\u00e9phones Android.<\/p>\n<p>Vous vous connectez avec votre num\u00e9ro de licence et le mot de passe configur\u00e9 sur votre espace licenci\u00e9s.[\/vc_column_text][\/vc_column][vc_column width=\u00a0\u00bb1\/3&Prime;][vc_single_image image=\u00a0\u00bb3294&Prime; link=\u00a0\u00bbhttps:\/\/apps.apple.com\/za\/app\/ffkarate-e-licence\/id1553758355&Prime; onclick=\u00a0\u00bbcustom_link\u00a0\u00bb][vc_single_image image=\u00a0\u00bb3295&Prime; link=\u00a0\u00bbhttps:\/\/play.google.com\/store\/apps\/details?id=fr.ffkarate.app&amp;hl=fr&amp;gl=US\u00a0\u00bb onclick=\u00a0\u00bbcustom_link\u00a0\u00bb][\/vc_column][\/vc_row][vc_row][vc_column width=\u00a0\u00bb1\/2&Prime;][vc_single_image image=\u00a0\u00bb3288&Prime; link=\u00a0\u00bbhttps:\/\/www.orange-business.com\/fr\/temoignage-client\/federation-francaise-karate-dematerialise-licences-adherents-application-web\u00a0\u00bb onclick=\u00a0\u00bbcustom_link\u00a0\u00bb][\/vc_column][vc_column width=\u00a0\u00bb1\/2&Prime;][vc_single_image image=\u00a0\u00bb3289&Prime; link=\u00a0\u00bbhttps:\/\/www.orange-business.com\/fr\/temoignage-client\/federation-francaise-karate-dematerialise-licences-adherents-application-web\u00a0\u00bb onclick=\u00a0\u00bbcustom_link\u00a0\u00bb][\/vc_column][\/vc_row][vc_row][vc_column][vc_column_text]<span id=\"page46R_mcid16\" class=\"markedContent\"><span dir=\"ltr\" role=\"presentation\">Pour tout renseignement compl\u00e9mentaire, vous pouvez contacte<\/span><span dir=\"ltr\" role=\"presentation\">r le service des licences<\/span> <span dir=\"ltr\" role=\"presentation\">:<\/span> <\/span><\/p>\n<ul>\n<li><span id=\"page46R_mcid17\" class=\"markedContent\"><span dir=\"ltr\" role=\"presentation\">Par mail<\/span> <span dir=\"ltr\" role=\"presentation\">: <\/span><\/span><span id=\"page46R_mcid18\" class=\"markedContent\"><span dir=\"ltr\" role=\"presentation\">licences@ffkarate.fr<\/span><\/span><span id=\"page46R_mcid19\" class=\"markedContent\"> <\/span><span id=\"page46R_mcid20\" class=\"markedContent\"><\/span><\/li>\n<li><span id=\"page46R_mcid20\" class=\"markedContent\"><span dir=\"ltr\" role=\"presentation\">Par t\u00e9l\u00e9phone<\/span> <span dir=\"ltr\" role=\"presentation\">: du lundi au vendredi de <\/span><span dir=\"ltr\" role=\"presentation\">09h30 \u00e0 12h30<\/span> <span dir=\"ltr\" role=\"presentation\">au 01.41.17.44.46<\/span> <\/span><span id=\"page46R_mcid21\" class=\"markedContent\"><\/span><\/li>\n<li><span id=\"page46R_mcid21\" class=\"markedContent\"><span dir=\"ltr\" role=\"presentation\">L&rsquo;apr\u00e8s<\/span><span dir=\"ltr\" role=\"presentation\">&#8211;<\/span><span dir=\"ltr\" role=\"presentation\">midi sur demande de RDV t\u00e9l\u00e9phonique par mail<\/span><\/span><\/li>\n<\/ul>\n<p>[\/vc_column_text][\/vc_column][\/vc_row]<\/p>\n<\/div>","protected":false},"excerpt":{"rendered":"<p>[vc_row][vc_column][vc_column_text]La F\u00e9d\u00e9ration Fran\u00e7aise de Karat\u00e9 et Disciplines Associ\u00e9es est heureuse de vous annoncer la mise en place de l\u2019application FFKARATE e-licence vous permettant d\u2019acc\u00e9der n\u2019importe o\u00f9 et n\u2019importe quand \u00e0 votre licence. En tant que licenci\u00e9 vous pourrez retrouver toutes vos donn\u00e9es personnelles et notamment le visuel de votre Licence. Les contenus font l\u2019objet d\u2019un [&hellip;]<\/p>\n","protected":false},"author":204,"featured_media":3291,"parent":0,"menu_order":0,"comment_status":"closed","ping_status":"closed","template":"page-fullwidth.php","meta":{"footnotes":""},"class_list":["post-3287","page","type-page","status-publish","hentry"],"_links":{"self":[{"href":"https:\/\/sites.ffkarate.fr\/hautegaronne\/wp-json\/wp\/v2\/pages\/3287","targetHints":{"allow":["GET"]}}],"collection":[{"href":"https:\/\/sites.ffkarate.fr\/hautegaronne\/wp-json\/wp\/v2\/pages"}],"about":[{"href":"https:\/\/sites.ffkarate.fr\/hautegaronne\/wp-json\/wp\/v2\/types\/page"}],"author":[{"embeddable":true,"href":"https:\/\/sites.ffkarate.fr\/hautegaronne\/wp-json\/wp\/v2\/users\/204"}],"replies":[{"embeddable":true,"href":"https:\/\/sites.ffkarate.fr\/hautegaronne\/wp-json\/wp\/v2\/comments?post=3287"}],"version-history":[{"count":15,"href":"https:\/\/sites.ffkarate.fr\/hautegaronne\/wp-json\/wp\/v2\/pages\/3287\/revisions"}],"predecessor-version":[{"id":3314,"href":"https:\/\/sites.ffkarate.fr\/hautegaronne\/wp-json\/wp\/v2\/pages\/3287\/revisions\/3314"}],"wp:featuredmedia":[{"embeddable":true,"href":"https:\/\/sites.ffkarate.fr\/hautegaronne\/wp-json\/wp\/v2\/media\/3291"}],"wp:attachment":[{"href":"https:\/\/sites.ffkarate.fr\/hautegaronne\/wp-json\/wp\/v2\/media?parent=3287"}],"curies":[{"name":"wp","href":"https:\/\/api.w.org\/{rel}","templated":true}]}}