{"id":5018,"date":"2025-08-14T10:09:59","date_gmt":"2025-08-14T08:09:59","guid":{"rendered":"https:\/\/sites.ffkarate.fr\/hautegaronne\/?page_id=5018"},"modified":"2025-09-21T19:13:16","modified_gmt":"2025-09-21T17:13:16","slug":"devenez-partenaire-du-cdkda-31","status":"publish","type":"page","link":"https:\/\/sites.ffkarate.fr\/hautegaronne\/devenez-partenaire-du-cdkda-31\/","title":{"rendered":"Devenez partenaire du CDKDA 31 \u2013 Soutenez le karat\u00e9 et les disciplines associ\u00e9es en Haute-Garonne"},"content":{"rendered":"<div class=\"wpb-content-wrapper\"><p>[vc_row][vc_column][vc_column_text]<\/p>\n<p data-start=\"378\" data-end=\"602\">Vous cherchez \u00e0 associer votre entreprise \u00e0 un sport porteur de valeurs fortes ?<br data-start=\"458\" data-end=\"461\" \/>Devenez partenaire du CDKDA 31 et soyez acteur du d\u00e9veloppement sportif local.<\/p>\n<p data-start=\"604\" data-end=\"931\">Avec <strong data-start=\"609\" data-end=\"636\">plus de 6 000 licenci\u00e9s<\/strong> r\u00e9partis dans <strong data-start=\"651\" data-end=\"664\">100 clubs<\/strong>, le CDKDA 31 organise chaque ann\u00e9e des \u00e9v\u00e9nements majeurs qui rassemblent comp\u00e9titeurs, familles, spectateurs et passionn\u00e9s.<br data-start=\"789\" data-end=\"792\" \/>En devenant partenaire, vous associez votre image \u00e0 des valeurs universelles : <strong data-start=\"871\" data-end=\"928\">respect, performance, inclusion et d\u00e9passement de soi<\/strong>.<\/p>\n<h2 data-start=\"938\" data-end=\"986\"><strong data-start=\"941\" data-end=\"986\">Pourquoi devenir partenaire du CDKDA 31 ?<\/strong><\/h2>\n<ul data-start=\"988\" data-end=\"1335\">\n<li data-start=\"988\" data-end=\"1112\">\n<p data-start=\"990\" data-end=\"1112\"><strong data-start=\"990\" data-end=\"1024\">Visibilit\u00e9 locale et r\u00e9gionale<\/strong> : votre logo pr\u00e9sent sur nos supports (affiches, site, r\u00e9seaux sociaux, \u00e9quipements).<\/p>\n<\/li>\n<li data-start=\"1113\" data-end=\"1224\">\n<p data-start=\"1115\" data-end=\"1224\"><strong data-start=\"1115\" data-end=\"1142\">Cible vari\u00e9e et engag\u00e9e<\/strong> : enfants, adultes, seniors, comp\u00e9titeurs, familles et acteurs institutionnels.<\/p>\n<\/li>\n<li data-start=\"1225\" data-end=\"1335\">\n<p data-start=\"1227\" data-end=\"1335\"><strong data-start=\"1227\" data-end=\"1245\">Impact positif<\/strong> : vous soutenez un sport qui favorise la sant\u00e9, la discipline et l\u2019int\u00e9gration sociale.<\/p>\n<\/li>\n<\/ul>\n<p>[\/vc_column_text][vc_single_image image=\u00a0\u00bb5041&Prime; link=\u00a0\u00bbhttps:\/\/www.canva.com\/design\/DAGzId6m1yg\/ynXFzK5k2t-EIojTFceh6g\/view?utm_content=DAGzId6m1yg&amp;utm_campaign=designshare&amp;utm_medium=link2&amp;utm_source=uniquelinks&amp;utlId=hc2be663213&Prime; onclick=\u00a0\u00bbcustom_link\u00a0\u00bb][vc_column_text]<\/p>\n<h2 data-start=\"3061\" data-end=\"3098\"><strong data-start=\"3064\" data-end=\"3098\">Pr\u00eats \u00e0 rejoindre l\u2019aventure ?<\/strong><\/h2>\n<p data-start=\"3100\" data-end=\"3189\"><a href=\"https:\/\/sites.ffkarate.fr\/hautegaronne\/contact\/\">Contactez-nous<\/a> d\u00e8s aujourd\u2019hui pour construire ensemble un partenariat gagnant-gagnant.<\/p>\n<p data-start=\"3191\" data-end=\"3262\">\ud83d\udce9 <strong data-start=\"3194\" data-end=\"3203\">Email<\/strong> : com.cdkda31@gmail.com<br data-start=\"3230\" data-end=\"3233\" \/>\ud83d\udcde <strong data-start=\"3236\" data-end=\"3249\">T\u00e9l\u00e9phone<\/strong> : 07.61.91.57.92<\/p>\n<p>[\/vc_column_text][vc_column_text]<\/p>\n<h2 data-start=\"2914\" data-end=\"2944\"><strong data-start=\"2917\" data-end=\"2944\">Ils nous font confiance<\/strong><\/h2>\n<blockquote data-start=\"2946\" data-end=\"3054\">\n<p data-start=\"2948\" data-end=\"3054\">\u201cSoutenir le CDKDA 31, c\u2019est soutenir une communaut\u00e9 sportive dynamique et engag\u00e9e.\u201d \u2013 <em data-start=\"3035\" data-end=\"3054\">Partenaire actuel<\/em><\/p>\n<p data-start=\"2948\" data-end=\"3054\">\n<\/blockquote>\n<p>[\/vc_column_text][\/vc_column][\/vc_row][vc_row][vc_column width=\u00a0\u00bb1\/2&Prime;][vc_single_image image=\u00a0\u00bb5024&Prime;][\/vc_column][vc_column width=\u00a0\u00bb1\/2&Prime;][vc_single_image image=\u00a0\u00bb5019&Prime; link=\u00a0\u00bbhttps:\/\/www.haute-garonne.fr\/\u00a0\u00bb onclick=\u00a0\u00bbcustom_link\u00a0\u00bb][\/vc_column][\/vc_row]<\/p>\n<\/div>","protected":false},"excerpt":{"rendered":"<p>[vc_row][vc_column][vc_column_text] Vous cherchez \u00e0 associer votre entreprise \u00e0 un sport porteur de valeurs fortes ?Devenez partenaire du CDKDA 31 et soyez acteur du d\u00e9veloppement sportif local. Avec plus de 6 000 licenci\u00e9s r\u00e9partis dans 100 clubs, le CDKDA 31 organise chaque ann\u00e9e des \u00e9v\u00e9nements majeurs qui rassemblent comp\u00e9titeurs, familles, spectateurs et passionn\u00e9s.En devenant partenaire, vous [&hellip;]<\/p>\n","protected":false},"author":204,"featured_media":5020,"parent":0,"menu_order":0,"comment_status":"closed","ping_status":"closed","template":"","meta":{"footnotes":""},"class_list":["post-5018","page","type-page","status-publish","hentry"],"_links":{"self":[{"href":"https:\/\/sites.ffkarate.fr\/hautegaronne\/wp-json\/wp\/v2\/pages\/5018","targetHints":{"allow":["GET"]}}],"collection":[{"href":"https:\/\/sites.ffkarate.fr\/hautegaronne\/wp-json\/wp\/v2\/pages"}],"about":[{"href":"https:\/\/sites.ffkarate.fr\/hautegaronne\/wp-json\/wp\/v2\/types\/page"}],"author":[{"embeddable":true,"href":"https:\/\/sites.ffkarate.fr\/hautegaronne\/wp-json\/wp\/v2\/users\/204"}],"replies":[{"embeddable":true,"href":"https:\/\/sites.ffkarate.fr\/hautegaronne\/wp-json\/wp\/v2\/comments?post=5018"}],"version-history":[{"count":24,"href":"https:\/\/sites.ffkarate.fr\/hautegaronne\/wp-json\/wp\/v2\/pages\/5018\/revisions"}],"predecessor-version":[{"id":5093,"href":"https:\/\/sites.ffkarate.fr\/hautegaronne\/wp-json\/wp\/v2\/pages\/5018\/revisions\/5093"}],"wp:featuredmedia":[{"embeddable":true,"href":"https:\/\/sites.ffkarate.fr\/hautegaronne\/wp-json\/wp\/v2\/media\/5020"}],"wp:attachment":[{"href":"https:\/\/sites.ffkarate.fr\/hautegaronne\/wp-json\/wp\/v2\/media?parent=5018"}],"curies":[{"name":"wp","href":"https:\/\/api.w.org\/{rel}","templated":true}]}}