{"id":50,"date":"2015-01-08T11:31:53","date_gmt":"2015-01-08T11:31:53","guid":{"rendered":"https:\/\/sites.ffkarate.fr\/testclone\/?page_id=50"},"modified":"2015-01-08T11:31:53","modified_gmt":"2015-01-08T11:31:53","slug":"comite","status":"publish","type":"page","link":"https:\/\/sites.ffkarate.fr\/hautesalpes\/comite\/","title":{"rendered":"Le Comit\u00e9"},"content":{"rendered":"<div class=\"wpb-content-wrapper\"><p>[vc_row][vc_column][vc_column_text]&nbsp;<\/p>\n<p>Bienvenue sur le site officiel du Comit\u00e9 d\u00e9partemental !<\/p>\n<p>Vous trouverez sur ce site toute l&rsquo;actualit\u00e9 du karat\u00e9 et de ses disciplines associ\u00e9es :<br \/>\nle calendrier des diff\u00e9rentes comp\u00e9titions, passage de grades 1er et 2e Dan, stages et autres manifestations, mais aussi toutes les informations<br \/>\net documents n\u00e9cessaires aux dirigeants de club ainsi qu&rsquo;aux licenci\u00e9s.<\/p>\n<p>Bonne visite.<\/p>\n<p><em>Le Pr\u00e9sident du Comit\u00e9 d\u00e9partemental<\/em><\/p>\n<p>&nbsp;<\/p>\n<h2>Nos coordonn\u00e9es<\/h2>\n<p><strong>Comit\u00e9 d\u00e9partemental FFKDA\u00a0des Hautes-Alpes de karat\u00e9<\/strong><\/p>\n<p>La cote<br \/>\n05700 ORPIERRE<\/p>\n<p>Tel : <strong>06.63.36.75.00<\/strong><\/p>\n<p>E-mail :comite05.karateda@gmail.com<\/p>\n<p>&nbsp;[\/vc_column_text][\/vc_column][\/vc_row]<\/p>\n<\/div>","protected":false},"excerpt":{"rendered":"<p>[vc_row][vc_column][vc_column_text]&nbsp; Bienvenue sur le site officiel du Comit\u00e9 d\u00e9partemental ! Vous trouverez sur ce site toute l&rsquo;actualit\u00e9 du karat\u00e9 et de ses disciplines associ\u00e9es : le calendrier des diff\u00e9rentes comp\u00e9titions, passage de grades 1er et 2e Dan, stages et autres manifestations, mais aussi toutes les informations et documents n\u00e9cessaires aux dirigeants de club ainsi qu&rsquo;aux [&hellip;]<\/p>\n","protected":false},"author":20,"featured_media":0,"parent":0,"menu_order":0,"comment_status":"closed","ping_status":"open","template":"","meta":{"footnotes":""},"class_list":["post-50","page","type-page","status-publish","hentry"],"_links":{"self":[{"href":"https:\/\/sites.ffkarate.fr\/hautesalpes\/wp-json\/wp\/v2\/pages\/50","targetHints":{"allow":["GET"]}}],"collection":[{"href":"https:\/\/sites.ffkarate.fr\/hautesalpes\/wp-json\/wp\/v2\/pages"}],"about":[{"href":"https:\/\/sites.ffkarate.fr\/hautesalpes\/wp-json\/wp\/v2\/types\/page"}],"author":[{"embeddable":true,"href":"https:\/\/sites.ffkarate.fr\/hautesalpes\/wp-json\/wp\/v2\/users\/20"}],"replies":[{"embeddable":true,"href":"https:\/\/sites.ffkarate.fr\/hautesalpes\/wp-json\/wp\/v2\/comments?post=50"}],"version-history":[{"count":0,"href":"https:\/\/sites.ffkarate.fr\/hautesalpes\/wp-json\/wp\/v2\/pages\/50\/revisions"}],"wp:attachment":[{"href":"https:\/\/sites.ffkarate.fr\/hautesalpes\/wp-json\/wp\/v2\/media?parent=50"}],"curies":[{"name":"wp","href":"https:\/\/api.w.org\/{rel}","templated":true}]}}