{"id":1367,"date":"2016-02-28T20:48:23","date_gmt":"2016-02-28T19:48:23","guid":{"rendered":"https:\/\/sites.ffkarate.fr\/hautesavoie\/?page_id=1367"},"modified":"2016-02-28T20:48:23","modified_gmt":"2016-02-28T19:48:23","slug":"nunchaku","status":"publish","type":"page","link":"https:\/\/sites.ffkarate.fr\/hautesavoie\/karate\/nunchaku\/","title":{"rendered":"Nunchaku"},"content":{"rendered":"<div class=\"wpb-content-wrapper\"><p>[vc_row][vc_column][vc_column_text]<\/p>\n<h2>Le r\u00e9f\u00e9rent d\u00e9partemental<\/h2>\n<p><a href=\"https:\/\/sites.ffkarate.fr\/hautesavoie\/wp-content\/uploads\/sites\/53\/2016\/02\/Comm_Jonathan_DUMONT.jpg\"><img decoding=\"async\" class=\" size-medium wp-image-1397 alignleft\" src=\"https:\/\/sites.ffkarate.fr\/hautesavoie\/wp-content\/uploads\/sites\/53\/2016\/02\/Comm_Jonathan_DUMONT-236x300.jpg\" alt=\"Jonathan DUMONT\" width=\"236\" height=\"300\" \/><\/a><\/p>\n<p>&nbsp;<\/p>\n<p><span style=\"color: #b80000\"><em><strong>Jonathan DUMONT<\/strong><\/em><\/span><\/p>\n<p><strong><em><span style=\"text-decoration: underline\">Contact :<\/span><\/em><\/strong><\/p>\n<ul>\n<li>T\u00e9l. : +33 (0) 6.58.78.03.91<\/li>\n<li>Mail : <span style=\"color: #00ccff\"><a style=\"color: #0281a1\" href=\"mailto:jonathan.dumont@free.fr\">jonathan.dumont@free.fr<\/a><\/span><\/li>\n<\/ul>\n<p>&nbsp;<\/p>\n<p style=\"text-align: left\">Lien : <a href=\"http:\/\/www.ffkarate.fr\/nunchaku\/\" target=\"_blank\" rel=\"noopener\">Le Nunchaku au sein de la FFKDA<\/a><\/p>\n<p>&nbsp;<\/p>\n<h2><\/h2>\n<h2>Objectifs :<\/h2>\n<ul>\n<li>Faire connaitre et d\u00e9velopper la discipline en Haute-Savoie<\/li>\n<li>Organiser des comp\u00e9titions pour promouvoir la discipline<\/li>\n<li>Proposer des formations aux enseignants de Karat\u00e9 (ou Disciplines Associ\u00e9es) afin qu&rsquo;ils soient autonomes pour donner des cours de nunchaku dans leur propre club<\/li>\n<\/ul>\n<h2>Saison 2018 \u2013 2019<\/h2>\n<p><strong>Poisy \u2013 Dimanche 11 novembre 2018<\/strong><br \/>\n<span style=\"color: #b80000\">Stage Nunchaku formation enseignant &#8211; Jonathan DUMONT<br \/>\n<\/span><\/p>\n<p><a href=\"https:\/\/sites.ffkarate.fr\/hautesavoie\/wp-content\/uploads\/sites\/53\/2016\/02\/20181111-Nunchaku_stage.jpg\"><img decoding=\"async\" class=\"aligncenter size-medium wp-image-3055\" src=\"https:\/\/sites.ffkarate.fr\/hautesavoie\/wp-content\/uploads\/sites\/53\/2016\/02\/20181111-Nunchaku_stage-300x200.jpg\" alt=\"20181111-Nunchaku_stage\" width=\"300\" height=\"200\" \/><\/a><\/p>\n<p><strong>Ham (Picardie) \u2013 Samedi 27 novembre 2018<\/strong><br \/>\n<span style=\"color: #b80000\">Stage Nunchaku-Do &#8211; Rencontre World Nunchaku Association \/ FFK<br \/>\n<\/span><\/p>\n<p><a href=\"https:\/\/sites.ffkarate.fr\/hautesavoie\/wp-content\/uploads\/sites\/53\/2016\/02\/20181027-Ham.jpg\"><img decoding=\"async\" class=\"aligncenter size-medium wp-image-3057\" src=\"https:\/\/sites.ffkarate.fr\/hautesavoie\/wp-content\/uploads\/sites\/53\/2016\/02\/20181027-Ham-300x200.jpg\" alt=\"20181027-Ham\" width=\"300\" height=\"200\" \/><\/a><\/p>\n<p><strong>Seynod \/ Poisy \u2013 Samedi 20 octobre 2018<\/strong><br \/>\n<span style=\"color: #b80000\">Stage Nunchaku formation enseignant &#8211; Jonathan DUMONT<br \/>\n<\/span><\/p>\n<div id=\"attachment_2909\" style=\"width: 310px\" class=\"wp-caption aligncenter\"><a href=\"https:\/\/sites.ffkarate.fr\/hautesavoie\/wp-content\/uploads\/sites\/53\/2016\/02\/20181020-Nunchaku_stage.jpg\"><img decoding=\"async\" aria-describedby=\"caption-attachment-2909\" class=\"wp-image-2909 size-medium\" src=\"https:\/\/sites.ffkarate.fr\/hautesavoie\/wp-content\/uploads\/sites\/53\/2016\/02\/20181020-Nunchaku_stage-300x247.jpg\" alt=\"20181020-Nunchaku_stage\" width=\"300\" height=\"247\" \/><\/a><p id=\"caption-attachment-2909\" class=\"wp-caption-text\">avec les 2 Clermontois : Bruno VINCENT et Alain BECKER<\/p><\/div>\n<h2>Saison 2017 \u2013 2018<\/h2>\n<p><strong>Poisy \u2013 Samedi 21 juillet 2018<\/strong><br \/>\n<span style=\"color: #b80000\">Initiation Nunchaku avec un Centre a\u00e9r\u00e9 &#8211; Jonathan DUMONT<\/span><\/p>\n<p><a href=\"https:\/\/sites.ffkarate.fr\/hautesavoie\/wp-content\/uploads\/sites\/53\/2016\/02\/2018.07.21-Poisy.jpg\"><img decoding=\"async\" class=\"aligncenter size-medium wp-image-3053\" src=\"https:\/\/sites.ffkarate.fr\/hautesavoie\/wp-content\/uploads\/sites\/53\/2016\/02\/2018.07.21-Poisy-300x113.jpg\" alt=\"2018.07.21-Poisy\" width=\"300\" height=\"113\" \/><\/a><\/p>\n<p><strong>Thonon-les-Bains \u2013 Samedi 24 mars 2018<\/strong><br \/>\n<span style=\"color: #b80000\">Stage Nunchaku &amp; Karat\u00e9 Jutsu &#8211; Jonathan DUMONT &amp; Raymond DUMONT<\/span><\/p>\n<p><a href=\"https:\/\/sites.ffkarate.fr\/hautesavoie\/wp-content\/uploads\/sites\/53\/2016\/02\/2018.03.24-Thonon.jpg\"><img decoding=\"async\" class=\"aligncenter size-medium wp-image-2791\" src=\"https:\/\/sites.ffkarate.fr\/hautesavoie\/wp-content\/uploads\/sites\/53\/2016\/02\/2018.03.24-Thonon-300x200.jpg\" alt=\"2018.03.24-Thonon\" width=\"300\" height=\"200\" \/><\/a><\/p>\n<p><strong>Seynod \u2013 Samedi 10 mars 2018<\/strong><br \/>\n<span style=\"color: #b80000\">Stage Nunchaku &#8211; Jonathan DUMONT, Christophe KOZA, Denis COLLIGNON &amp; Julien CAYLA<\/span><\/p>\n<p><a href=\"https:\/\/sites.ffkarate.fr\/hautesavoie\/wp-content\/uploads\/sites\/53\/2016\/02\/2018.03.10-nunchaku.jpg\"><img decoding=\"async\" class=\"aligncenter size-medium wp-image-2794\" src=\"https:\/\/sites.ffkarate.fr\/hautesavoie\/wp-content\/uploads\/sites\/53\/2016\/02\/2018.03.10-nunchaku-300x225.jpg\" alt=\"2018.03.10-nunchaku\" width=\"300\" height=\"225\" \/><\/a><\/p>\n<p><a href=\"https:\/\/sites.ffkarate.fr\/hautesavoie\/wp-content\/uploads\/sites\/53\/2016\/02\/2018.03.11-Commission_nunchaku.jpg\"><img decoding=\"async\" class=\" size-medium wp-image-2792 aligncenter\" src=\"https:\/\/sites.ffkarate.fr\/hautesavoie\/wp-content\/uploads\/sites\/53\/2016\/02\/2018.03.11-Commission_nunchaku-212x300.jpg\" alt=\"2018.03.11-Commission_nunchaku\" width=\"212\" height=\"300\" \/><\/a><\/p>\n<p>&nbsp;<\/p>\n<p><strong>Pont de Claix \u2013 Samedi 14 octobre 2017<\/strong><br \/>\n<span style=\"color: #b80000\">Stage Nunchaku &#8211; Jean-Pierre VERDIER (5e Dan Kobudo) &amp; Jonathan DUMONT (3e Dan Nunchaku)<\/span><\/p>\n<p><a href=\"https:\/\/sites.ffkarate.fr\/hautesavoie\/wp-content\/uploads\/sites\/53\/2016\/02\/20171014-Stage_nunchaku-1.jpg\"><img decoding=\"async\" class=\"aligncenter size-medium wp-image-2438\" src=\"https:\/\/sites.ffkarate.fr\/hautesavoie\/wp-content\/uploads\/sites\/53\/2016\/02\/20171014-Stage_nunchaku-1-300x200.jpg\" alt=\"20171014-Stage_nunchaku\" width=\"300\" height=\"200\" \/><\/a><\/p>\n<p><a href=\"https:\/\/sites.ffkarate.fr\/hautesavoie\/wp-content\/uploads\/sites\/53\/2016\/02\/20171014-Stage_Nunchaku.jpg\"><img decoding=\"async\" class=\"aligncenter size-medium wp-image-2380\" src=\"https:\/\/sites.ffkarate.fr\/hautesavoie\/wp-content\/uploads\/sites\/53\/2016\/02\/20171014-Stage_Nunchaku-253x300.jpg\" alt=\"20171014-Stage_Nunchaku\" width=\"253\" height=\"300\" \/><\/a><\/p>\n<p>&nbsp;<\/p>\n<h2 style=\"text-align: left\">Saison 2016 \u2013 2017<\/h2>\n<p><strong>14 mai 2017 &#8211; Open D\u00e9partemental Kumit\u00e9 \u00e0 Ville La Grand (74)<\/strong><\/p>\n<p><a href=\"https:\/\/sites.ffkarate.fr\/hautesavoie\/wp-content\/uploads\/sites\/43\/2017\/05\/20170514-Nunchaku-Final-banner.jpg\"><img decoding=\"async\" class=\"aligncenter size-medium wp-image-2278\" src=\"https:\/\/sites.ffkarate.fr\/hautesavoie\/wp-content\/uploads\/sites\/43\/2017\/05\/20170514-Nunchaku-Final-banner-300x143.jpg\" alt=\"20170514-Nunchaku-Final-banner\" width=\"300\" height=\"143\" \/><\/a><\/p>\n<p><strong>26 mars 2017 &#8211; Stage D\u00e9partemental \u00e0 Reignier Esery (74)<\/strong><\/p>\n<p><a href=\"https:\/\/sites.ffkarate.fr\/hautesavoie\/wp-content\/uploads\/sites\/53\/2016\/01\/20170326-Stage_nunchaku.jpg\"><img decoding=\"async\" class=\"aligncenter size-medium wp-image-1993\" src=\"https:\/\/sites.ffkarate.fr\/hautesavoie\/wp-content\/uploads\/sites\/53\/2016\/01\/20170326-Stage_nunchaku-212x300.jpg\" alt=\"20170326-Stage_nunchaku\" width=\"212\" height=\"300\" \/><\/a><\/p>\n<p><strong>13 f\u00e9vrier 2017 &#8211; Stage D\u00e9couverte \u00e0 Annecy Karat\u00e9 (74)<\/strong><\/p>\n<p><a href=\"https:\/\/sites.ffkarate.fr\/hautesavoie\/wp-content\/uploads\/sites\/53\/2017\/03\/20170213-Annecy_Karate.jpg\"><img decoding=\"async\" class=\"aligncenter size-medium wp-image-2012\" src=\"https:\/\/sites.ffkarate.fr\/hautesavoie\/wp-content\/uploads\/sites\/53\/2017\/03\/20170213-Annecy_Karate-300x200.jpg\" alt=\"20170213-Annecy_Karate\" width=\"300\" height=\"200\" \/><\/a><\/p>\n<p><strong>20 novembre 2016 &#8211; Stage D\u00e9couverte \u00e0 Seynod (74)<\/strong><\/p>\n<p><a href=\"https:\/\/sites.ffkarate.fr\/hautesavoie\/wp-content\/uploads\/sites\/53\/2016\/02\/20161120-Stage_Seynod.jpg\"><img decoding=\"async\" class=\"aligncenter size-medium wp-image-1731\" src=\"https:\/\/sites.ffkarate.fr\/hautesavoie\/wp-content\/uploads\/sites\/53\/2016\/02\/20161120-Stage_Seynod-300x200.jpg\" alt=\"20161120-stage_seynod\" width=\"300\" height=\"200\" \/><\/a><\/p>\n<h2 style=\"text-align: left\">Saison 2015 \u2013 2016<\/h2>\n<p><strong>Stage initiation combat \u00e0 Reignier-Esery (74)<br \/>\n<\/strong><\/p>\n<div id=\"attachment_1616\" style=\"width: 310px\" class=\"wp-caption aligncenter\"><a href=\"https:\/\/sites.ffkarate.fr\/hautesavoie\/wp-content\/uploads\/sites\/53\/2016\/02\/20160606-Stage_Reignier-Esery.jpg\"><img decoding=\"async\" aria-describedby=\"caption-attachment-1616\" class=\"wp-image-1616 size-medium\" src=\"https:\/\/sites.ffkarate.fr\/hautesavoie\/wp-content\/uploads\/sites\/53\/2016\/02\/20160606-Stage_Reignier-Esery-300x200.jpg\" alt=\"2016.06.06 - Stage Reignier-Esery\" width=\"300\" height=\"200\" \/><\/a><p id=\"caption-attachment-1616\" class=\"wp-caption-text\">Jonathan DUMONT entour\u00e9 des \u00e9l\u00e8ves et enseignants de Reignier-Esery pour du nunch-impact et nunch-boxing<\/p><\/div>\n<p><strong>Stage technique 1e et 2e Dan \u00e0 Ham (80) avec Jonathan DUMONT<\/strong><\/p>\n<p><a href=\"https:\/\/sites.ffkarate.fr\/hautesavoie\/wp-content\/uploads\/sites\/53\/2016\/02\/20160421-Stage_nunchaku.jpg\"><img decoding=\"async\" class=\"aligncenter size-medium wp-image-1480\" src=\"https:\/\/sites.ffkarate.fr\/hautesavoie\/wp-content\/uploads\/sites\/53\/2016\/02\/20160421-Stage_nunchaku-213x300.jpg\" alt=\"2016.04.21 - Stage nunchaku\" width=\"213\" height=\"300\" \/><\/a><\/p>\n<p><strong>Stage et Coupe de la Ligue C\u00f4te d&rsquo;Azur Nunchaku Nenbushi \u00e0 Cuers (83)<\/strong><\/p>\n<div id=\"attachment_1482\" style=\"width: 310px\" class=\"wp-caption aligncenter\"><a href=\"https:\/\/sites.ffkarate.fr\/hautesavoie\/wp-content\/uploads\/sites\/53\/2016\/02\/20160417-Coupe_LCA-01.jpg\"><img decoding=\"async\" aria-describedby=\"caption-attachment-1482\" class=\"wp-image-1482 size-medium\" src=\"https:\/\/sites.ffkarate.fr\/hautesavoie\/wp-content\/uploads\/sites\/53\/2016\/02\/20160417-Coupe_LCA-01-300x200.jpg\" alt=\"\u00a9 Jonathan DUMONT\" width=\"300\" height=\"200\" \/><\/a><p id=\"caption-attachment-1482\" class=\"wp-caption-text\">Stage Nunch impact &#8211; Pr\u00e9paration comp\u00e9tition<\/p><\/div>\n<div id=\"attachment_1483\" style=\"width: 310px\" class=\"wp-caption aligncenter\"><a href=\"https:\/\/sites.ffkarate.fr\/hautesavoie\/wp-content\/uploads\/sites\/53\/2016\/02\/20160417-Coupe_LCA-02.jpg\"><img decoding=\"async\" aria-describedby=\"caption-attachment-1483\" class=\"wp-image-1483 size-medium\" src=\"https:\/\/sites.ffkarate.fr\/hautesavoie\/wp-content\/uploads\/sites\/53\/2016\/02\/20160417-Coupe_LCA-02-300x200.jpg\" alt=\"\u00a9 Jonathan DUMONT\" width=\"300\" height=\"200\" \/><\/a><p id=\"caption-attachment-1483\" class=\"wp-caption-text\">Podium SENIOR de la Coupe de la ligue. Marcel RIFFE \u00e0 gauche (Fondateur du Nunchaku Nenbushi) &#8211; Jonathan DUMONT \u00e0 droite.<\/p><\/div>\n<p><strong>Stage arbitrage et r\u00e9f\u00e9rent niveau 4 et 5 \u00e0 Besan\u00e7on (25) avec Jonathan DUMONT et Yannick HUG<br \/>\n<\/strong><\/p>\n<div id=\"attachment_839\" style=\"width: 834px\" class=\"wp-caption aligncenter\"><img decoding=\"async\" aria-describedby=\"caption-attachment-839\" class=\"wp-image-839 size-full\" src=\"https:\/\/sites.ffkarate.fr\/franchecomte\/wp-content\/uploads\/sites\/8\/2015\/10\/slider_stage_referent_nunchaku.jpg\" alt=\"\u00a9 Laurent Gauchet\" width=\"824\" height=\"392\" \/><p id=\"caption-attachment-839\" class=\"wp-caption-text\">De gauche \u00e0 droite : Laurent GAUCHET, Gilles CHAON, Jonathan DUMONT, Isabelle GAUCHET, Adrien CHAON, Yannick HUG, Philippe FUMEY<\/p><\/div>\n<figure id=\"attachment_833\" class=\"wp-caption aligncenter\" style=\"width: 824px\"><img decoding=\"async\" class=\"aligncenter wp-image-833 size-full\" src=\"https:\/\/sites.ffkarate.fr\/franchecomte\/wp-content\/uploads\/sites\/8\/2015\/10\/Stage_referent_nunchaku_24102015_2.jpg\" alt=\"\u00a9 Laurent Gaucher\" width=\"824\" height=\"464\" \/><\/figure>\n<div class=\"img-copyright\">\u00a9 Laurent Gauchet<\/div>\n<p>[\/vc_column_text][\/vc_column][\/vc_row]<\/p>\n<\/div>","protected":false},"excerpt":{"rendered":"<p>[vc_row][vc_column][vc_column_text] Le r\u00e9f\u00e9rent d\u00e9partemental &nbsp; Jonathan DUMONT Contact : T\u00e9l. : +33 (0) 6.58.78.03.91 Mail : jonathan.dumont@free.fr &nbsp; Lien : Le Nunchaku au sein de la FFKDA &nbsp; Objectifs : Faire connaitre et d\u00e9velopper la discipline en Haute-Savoie Organiser des comp\u00e9titions pour promouvoir la discipline Proposer des formations aux enseignants de Karat\u00e9 (ou Disciplines Associ\u00e9es) [&hellip;]<\/p>\n","protected":false},"author":94,"featured_media":0,"parent":53,"menu_order":0,"comment_status":"closed","ping_status":"closed","template":"","meta":{"footnotes":""},"class_list":["post-1367","page","type-page","status-publish","hentry"],"_links":{"self":[{"href":"https:\/\/sites.ffkarate.fr\/hautesavoie\/wp-json\/wp\/v2\/pages\/1367","targetHints":{"allow":["GET"]}}],"collection":[{"href":"https:\/\/sites.ffkarate.fr\/hautesavoie\/wp-json\/wp\/v2\/pages"}],"about":[{"href":"https:\/\/sites.ffkarate.fr\/hautesavoie\/wp-json\/wp\/v2\/types\/page"}],"author":[{"embeddable":true,"href":"https:\/\/sites.ffkarate.fr\/hautesavoie\/wp-json\/wp\/v2\/users\/94"}],"replies":[{"embeddable":true,"href":"https:\/\/sites.ffkarate.fr\/hautesavoie\/wp-json\/wp\/v2\/comments?post=1367"}],"version-history":[{"count":0,"href":"https:\/\/sites.ffkarate.fr\/hautesavoie\/wp-json\/wp\/v2\/pages\/1367\/revisions"}],"up":[{"embeddable":true,"href":"https:\/\/sites.ffkarate.fr\/hautesavoie\/wp-json\/wp\/v2\/pages\/53"}],"wp:attachment":[{"href":"https:\/\/sites.ffkarate.fr\/hautesavoie\/wp-json\/wp\/v2\/media?parent=1367"}],"curies":[{"name":"wp","href":"https:\/\/api.w.org\/{rel}","templated":true}]}}