{"id":2938,"date":"2018-11-03T23:06:39","date_gmt":"2018-11-03T22:06:39","guid":{"rendered":"https:\/\/sites.ffkarate.fr\/hautesavoie\/?page_id=2938"},"modified":"2024-12-12T11:11:59","modified_gmt":"2024-12-12T10:11:59","slug":"coachs","status":"publish","type":"page","link":"https:\/\/sites.ffkarate.fr\/hautesavoie\/coachs\/","title":{"rendered":"Coachs"},"content":{"rendered":"<div class=\"wpb-content-wrapper\"><p>[vc_row][vc_column][vc_column_text]<\/p>\n<h2>La nouvelle r\u00e9glementation f\u00e9d\u00e9rale<\/h2>\n<p><span style=\"color: #dc195a\">Le coaching est autoris\u00e9 pour les comp\u00e9titions d\u00e9partementales (\u00e9preuve combat &amp; Kata)<\/span><\/p>\n<p><strong>Pr\u00e9requis :<\/strong><\/p>\n<ul>\n<li>Etre majeur et licenci\u00e9 \u00e0 la FFK la saison sportive en cours.<\/li>\n<li>Etre minimum ceinture noire 1\u00e8re dan<\/li>\n<li>Etre minimum DAF<\/li>\n<li>Jeunes coaches de 16 et 17 ans\n<ul>\n<li>Etre licenci\u00e9 \u00e0 la FFK la saison sportive en cours.<\/li>\n<li>Etre minimum ceinture noire 1\u00e8re dan.<\/li>\n<li>Etre en possession de l\u2019AFA.<\/li>\n<\/ul>\n<\/li>\n<\/ul>\n<p>(Les jeunes coaches sont autoris\u00e9s \u00e0 coacher uniquement aux comp\u00e9titions<br \/>\npupilles et benjamins)<\/p>\n<p><strong>Conditions pour coacher :<\/strong><\/p>\n<ul>\n<li>Avoir les pr\u00e9requis.<\/li>\n<li>Assister au meeting des coaches organis\u00e9 et dirig\u00e9 par le responsable technique de l\u2019organisme (DTD, commissaire sportif, DTR).<\/li>\n<li>Pr\u00e9senter le passeport sportif lors du meeting de d\u00e9but de saison afin de percevoir la carte d\u2019accr\u00e9ditation pour coacher. La carte de coach est valable pour les saisons sportives 2021\/2022 et 2022\/2023.<\/li>\n<li>Porter la carte d\u2019accr\u00e9ditation.<\/li>\n<\/ul>\n<p>(Lors du meeting une carte sera remise aux coaches, n\u2019ayant pas l\u2019accr\u00e9ditation<br \/>\nnationale, par l\u2019organisme ayant organis\u00e9 la 1\u00e8re comp\u00e9tition de la saison sportive.<\/p>\n<p>&nbsp;<\/p>\n<h2>S&rsquo;inscrire comme coach au d\u00e9partement<\/h2>\n<p>Afin de pouvoir contr\u00f4ler les informations avant le meeting des coaches cit\u00e9 pr\u00e9c\u00e9demment, le comit\u00e9 d\u00e9partemental de Karat\u00e9 de Haute-Savoie demande \u00e0 toute personne souhaitant devenir coach, pour la saison en cours, de s&rsquo;inscrire en ligne via le lien suivant :<\/p>\n<p><span style=\"color: #b80000\">Inscription en ligne OBLIGATOIRE =&gt; <a href=\"http:\/\/codg.ffkda74.free.fr\/index.php?page=coach\" target=\"_blank\" rel=\"noopener\">S&rsquo;inscrire<\/a><\/span>[\/vc_column_text][\/vc_column][\/vc_row]<\/p>\n<\/div>","protected":false},"excerpt":{"rendered":"<p>[vc_row][vc_column][vc_column_text] La nouvelle r\u00e9glementation f\u00e9d\u00e9rale Le coaching est autoris\u00e9 pour les comp\u00e9titions d\u00e9partementales (\u00e9preuve combat &amp; Kata) Pr\u00e9requis : Etre majeur et licenci\u00e9 \u00e0 la FFK la saison sportive en cours. Etre minimum ceinture noire 1\u00e8re dan Etre minimum DAF Jeunes coaches de 16 et 17 ans Etre licenci\u00e9 \u00e0 la FFK la saison sportive [&hellip;]<\/p>\n","protected":false},"author":94,"featured_media":0,"parent":0,"menu_order":0,"comment_status":"closed","ping_status":"closed","template":"","meta":{"footnotes":""},"class_list":["post-2938","page","type-page","status-publish","hentry"],"_links":{"self":[{"href":"https:\/\/sites.ffkarate.fr\/hautesavoie\/wp-json\/wp\/v2\/pages\/2938","targetHints":{"allow":["GET"]}}],"collection":[{"href":"https:\/\/sites.ffkarate.fr\/hautesavoie\/wp-json\/wp\/v2\/pages"}],"about":[{"href":"https:\/\/sites.ffkarate.fr\/hautesavoie\/wp-json\/wp\/v2\/types\/page"}],"author":[{"embeddable":true,"href":"https:\/\/sites.ffkarate.fr\/hautesavoie\/wp-json\/wp\/v2\/users\/94"}],"replies":[{"embeddable":true,"href":"https:\/\/sites.ffkarate.fr\/hautesavoie\/wp-json\/wp\/v2\/comments?post=2938"}],"version-history":[{"count":6,"href":"https:\/\/sites.ffkarate.fr\/hautesavoie\/wp-json\/wp\/v2\/pages\/2938\/revisions"}],"predecessor-version":[{"id":3804,"href":"https:\/\/sites.ffkarate.fr\/hautesavoie\/wp-json\/wp\/v2\/pages\/2938\/revisions\/3804"}],"wp:attachment":[{"href":"https:\/\/sites.ffkarate.fr\/hautesavoie\/wp-json\/wp\/v2\/media?parent=2938"}],"curies":[{"name":"wp","href":"https:\/\/api.w.org\/{rel}","templated":true}]}}