{"id":3493,"date":"2015-01-08T11:33:29","date_gmt":"2015-01-08T11:33:29","guid":{"rendered":"https:\/\/sites.ffkarate.fr\/testclone\/?page_id=59"},"modified":"2015-01-08T11:33:29","modified_gmt":"2015-01-08T11:33:29","slug":"stages-2","status":"publish","type":"page","link":"https:\/\/sites.ffkarate.fr\/hautesavoie\/stages-2\/","title":{"rendered":"Stages"},"content":{"rendered":"<div class=\"wpb-content-wrapper\"><p>[vc_row][vc_column][vc_column_text]<a href=\"https:\/\/sites.ffkarate.fr\/hautesavoie\/wp-content\/uploads\/sites\/53\/2015\/01\/stages_bandeau.jpg\"><img decoding=\"async\" class=\"alignnone wp-image-667 size-full\" src=\"https:\/\/sites.ffkarate.fr\/hautesavoie\/wp-content\/uploads\/sites\/53\/2015\/01\/stages_bandeau.jpg\" alt=\"Stages\" width=\"620\" height=\"286\" \/><\/a><\/p>\n<div class=\"img-copyright\">\u00a9 FFKDA<\/div>\n<p>Dans cette rubrique\u00a0nous publierons tout au\u00a0long de la saison les diff\u00e9rents stages organis\u00e9s dans votre D\u00e9partement de Haute-Savoie class\u00e9s en 2\u00a0cat\u00e9gories :<\/p>\n<ul>\n<li>Stage organis\u00e9 par le d\u00e9partement<\/li>\n<li>Stage organis\u00e9 par un club \u00e0 titre priv\u00e9<\/li>\n<\/ul>\n<p>Vous y trouverez les stages d\u00e9partementaux ainsi que les stages et manifestations organis\u00e9s par les clubs membre du CDK Haute-Savoie. Aussi, vous serez inform\u00e9 de toute manifestation susceptible de vous int\u00e9resser.<\/p>\n<p><span style=\"color: #993366\"><em><span style=\"text-decoration: underline\"><strong>Info clubs<\/strong><\/span> : les\u00a0demandes de diffusion sur ces pages doivent \u00eatre\u00a0adress\u00e9es au secr\u00e9tariat du d\u00e9partement pour\u00a0validation de la direction (<span style=\"color: #0000ff\"><a style=\"color: #0281a1\" href=\"mailto:secretariat.ffkda74@gmail.com\">secretariat.ffkda74@gmail.com<\/a><\/span>) ainsi qu&rsquo;en copie au webmaster (<span style=\"color: #0000ff\"><a style=\"color: #0281a1\" href=\"mailto:webmaster.ffkda74@gmail.com\">webmaster.ffkda74@gmail.com<\/a><\/span>) avec toutes les informations n\u00e9cessaires (document en WORD\/PDF, affiche en JPG).<\/em><\/span><\/p>\n<p>Une 3e rubrique appel\u00e9e \u00ab\u00a0Stages Partenaires\u00a0\u00bb regroupera les stages d&rsquo;autres comit\u00e9s d\u00e9partementaux ou d&rsquo;autres ligues, pour lesquels nous relaierons leurs informations.<\/p>\n<p>Retrouvez \u00e9galement la liste des stages f\u00e9d\u00e9raux et priv\u00e9s toutes disciplines et styles confondus partout en France <a href=\"http:\/\/www.ffkarate.fr\/stages\/\" target=\"_blank\" rel=\"noopener\">en cliquant ici<\/a>.[\/vc_column_text][\/vc_column][\/vc_row]<\/p>\n<\/div>","protected":false},"excerpt":{"rendered":"<p>[vc_row][vc_column][vc_column_text] \u00a9 FFKDA Dans cette rubrique\u00a0nous publierons tout au\u00a0long de la saison les diff\u00e9rents stages organis\u00e9s dans votre D\u00e9partement de Haute-Savoie class\u00e9s en 2\u00a0cat\u00e9gories : Stage organis\u00e9 par le d\u00e9partement Stage organis\u00e9 par un club \u00e0 titre priv\u00e9 Vous y trouverez les stages d\u00e9partementaux ainsi que les stages et manifestations organis\u00e9s par les clubs membre [&hellip;]<\/p>\n","protected":false},"author":20,"featured_media":0,"parent":0,"menu_order":0,"comment_status":"closed","ping_status":"open","template":"","meta":{"footnotes":""},"class_list":["post-3493","page","type-page","status-publish","hentry"],"_links":{"self":[{"href":"https:\/\/sites.ffkarate.fr\/hautesavoie\/wp-json\/wp\/v2\/pages\/3493","targetHints":{"allow":["GET"]}}],"collection":[{"href":"https:\/\/sites.ffkarate.fr\/hautesavoie\/wp-json\/wp\/v2\/pages"}],"about":[{"href":"https:\/\/sites.ffkarate.fr\/hautesavoie\/wp-json\/wp\/v2\/types\/page"}],"author":[{"embeddable":true,"href":"https:\/\/sites.ffkarate.fr\/hautesavoie\/wp-json\/wp\/v2\/users\/20"}],"replies":[{"embeddable":true,"href":"https:\/\/sites.ffkarate.fr\/hautesavoie\/wp-json\/wp\/v2\/comments?post=3493"}],"version-history":[{"count":0,"href":"https:\/\/sites.ffkarate.fr\/hautesavoie\/wp-json\/wp\/v2\/pages\/3493\/revisions"}],"wp:attachment":[{"href":"https:\/\/sites.ffkarate.fr\/hautesavoie\/wp-json\/wp\/v2\/media?parent=3493"}],"curies":[{"name":"wp","href":"https:\/\/api.w.org\/{rel}","templated":true}]}}