{"id":997,"date":"2016-01-19T01:41:56","date_gmt":"2016-01-19T00:41:56","guid":{"rendered":"https:\/\/sites.ffkarate.fr\/hautesavoie\/?page_id=997"},"modified":"2024-12-09T11:19:34","modified_gmt":"2024-12-09T10:19:34","slug":"sinscrire","status":"publish","type":"page","link":"https:\/\/sites.ffkarate.fr\/hautesavoie\/sinscrire\/","title":{"rendered":"S&rsquo;inscrire"},"content":{"rendered":"<div class=\"wpb-content-wrapper\"><p>[vc_row content_placement=\u00a0\u00bbmiddle\u00a0\u00bb bg_grey=\u00a0\u00bb1&Prime;][vc_column width=\u00a0\u00bb1\/6&Prime;][\/vc_column][vc_column width=\u00a0\u00bb2\/3&Prime;][vc_single_image image=\u00a0\u00bb4128&Prime;][\/vc_column][vc_column width=\u00a0\u00bb1\/6&Prime;][\/vc_column][\/vc_row][vc_row content_placement=\u00a0\u00bbmiddle\u00a0\u00bb bg_grey=\u00a0\u00bb1&Prime;][vc_column][vc_column_text]<\/p>\n<p style=\"font-size: 18pt;text-align: center\"><strong>Attention ! D\u00e9sormais connexion avec<br \/>\n<\/strong><strong>les identifiants Sikada !<\/strong><\/p>\n<h2 style=\"text-align: center\">Comment s\u2019inscrire \u00e0 une comp\u00e9tition ?<\/h2>\n<p style=\"text-align: center\">Le site \u00ab inscriptions en ligne \u00bb permet \u00e0 chaque club d\u2019inscrire ses comp\u00e9titeurs et ses coachs en un clic.<br \/>\nUne seule adresse pour vous connecter :<\/p>\n<p>[\/vc_column_text][\/vc_column][\/vc_row][vc_row content_placement=\u00a0\u00bbmiddle\u00a0\u00bb bg_grey=\u00a0\u00bb1&Prime;][vc_column width=\u00a0\u00bb1\/4&Prime;][\/vc_column][vc_column width=\u00a0\u00bb1\/2&Prime;][ffk_button link=\u00a0\u00bburl:https%3A%2F%2Fwww.ffkcompetition.fr%2F|title:www.ffkcompetition.fr|target:_blank\u00a0\u00bb][\/vc_column][vc_column width=\u00a0\u00bb1\/4&Prime;][\/vc_column][\/vc_row][vc_row][vc_column][vc_empty_space][vc_column_text]<\/p>\n<div class=\"entry-content\">\n<p>Suite aux mises \u00e0 jour du site Internet de la F\u00e9d\u00e9ration concernant les comp\u00e9titions et les retours d&rsquo;utilisation, le d\u00e9partement stoppe le paiement via PayAsso. Les r\u00e8glements des frais de comp\u00e9tition sont \u00e0 effectuer comme pour les grades ou les formations : via <strong>virement bancaire<\/strong> et le RIB du d\u00e9partement <em>(disponible ci-contre)<\/em>.<\/p>\n<p>Aucune inscription ne pourra \u00eatre prise sur place. Le nouveau syst\u00e8me n\u00e9cessitant une extraction quelques jours avant. De m\u00eame, toute erreur sur le profil d&rsquo;un comp\u00e9titeur (date de naissance, sexe, faute dans le nom, &#8230;etc), ne pourra \u00eatre corrig\u00e9 sur place. Vous devez vous assurer de la justesse des informations avant inscription et contacter la F\u00e9d\u00e9ration si besoin.<\/p>\n<\/div>\n<p>[\/vc_column_text][vc_column_text]<\/p>\n<div class=\"entry-content\">\n<h2>Avantages<\/h2>\n<p>Le listing des comp\u00e9titeurs du club autoris\u00e9s \u00e0 la comp\u00e9tition s\u2019affiche directement \u00e0 l\u2019\u00e9cran.<br \/>\nVous n\u2019avez plus besoin de rechercher :<\/p>\n<ul>\n<li>Les num\u00e9ros de licences<\/li>\n<li>Les cat\u00e9gories d\u2019\u00e2ges et de poids<\/li>\n<\/ul>\n<p>&nbsp;<\/p>\n<h2>Code d\u2019acc\u00e8s<\/h2>\n<p><strong>Les codes d\u2019acc\u00e8s au site \u00ab ffkcompetition \u00bb ont chang\u00e9 !<\/strong><\/p>\n<p>Il faudra d\u00e9sormais utiliser vos\u00a0<strong>identifiants<\/strong>\u00a0de connexion\u00a0<strong>Sikada<\/strong> pour acc\u00e9der aux inscriptions comp\u00e9titions. Comme auparavant, seuls les identifiants de Pr\u00e9sident(e)s donneront acc\u00e8s \u00e0 \u00ab ffkcompetition \u00bb<\/p>\n<p>Pour toute question, contactez le service comp\u00e9titions par mail \u00e0 l\u2019adresse suivante :<\/p>\n<p>Service des comp\u00e9titions<br \/>\nT\u00e9l: 01.41.17.44.57 ou 01.41.17.44.94<br \/>\n<a style=\"color: #0281a1\" href=\"mailto:competition@ffkarate.fr\">competition@ffkarate.fr<\/a><\/p>\n<\/div>\n<div class=\"img-copyright\"><\/div>\n<p><strong>Les comp\u00e9titeurs doivent s\u2019inscrire aux comp\u00e9titions par l\u2019interm\u00e9diaire du club dans lequel ils sont licenci\u00e9s.<\/strong><\/p>\n<p>Les comp\u00e9titeurs doivent pr\u00e9senter \u00e0 chaque comp\u00e9tition, que ce soit pour les coupes ou les championnats d\u00e9partementaux, r\u00e9gionaux, inter-r\u00e9gionaux ou nationaux les <strong>pi\u00e8ces administratives obligatoires<\/strong> suivantes :<\/p>\n<ul>\n<li>Le passeport sportif en cours de validit\u00e9<\/li>\n<li>L\u2019autorisation parentale pour les mineurs<\/li>\n<li>Une pi\u00e8ce d\u2019identit\u00e9 fran\u00e7aise (sauf pour les coupes)<br \/>\n(Sauf pour les cat\u00e9gories Poussin, Pupille et Benjamin pour lesquelles aucun contr\u00f4le de nationalit\u00e9 n\u2019est effectu\u00e9).<\/li>\n<\/ul>\n<p>Les comp\u00e9titeurs mineurs n\u2019ayant pas la nationalit\u00e9 fran\u00e7aise, des cat\u00e9gories minime, cadet et junior n\u00e9s sur le territoire fran\u00e7ais devront pr\u00e9senter un justificatif de naissance (ex : acte de naissance ou photocopie du livret de famille) ainsi qu\u2019un justificatif de domiciliation en France, pour les championnats individuels d\u00e9partementaux, r\u00e9gionaux, inter-r\u00e9gionaux, et nationaux.<\/p>\n<p>Les juniors mineurs, atteignant la majorit\u00e9 en cours de saison, pr\u00e9serveront le m\u00eame statut que les mineurs jusqu\u2019\u00e0 la fin de la saison sportive.<br \/>\nCes dispositions s\u2019appliquent sous r\u00e9serve de ne pas avoir \u00e9t\u00e9 s\u00e9lectionn\u00e9 dans l\u2019\u00e9quipe nationale d\u2019un autre pays.[\/vc_column_text][\/vc_column][\/vc_row]<\/p>\n<\/div>","protected":false},"excerpt":{"rendered":"<p>[vc_row content_placement=\u00a0\u00bbmiddle\u00a0\u00bb bg_grey=\u00a0\u00bb1&Prime;][vc_column width=\u00a0\u00bb1\/6&Prime;][\/vc_column][vc_column width=\u00a0\u00bb2\/3&Prime;][vc_single_image image=\u00a0\u00bb4128&Prime;][\/vc_column][vc_column width=\u00a0\u00bb1\/6&Prime;][\/vc_column][\/vc_row][vc_row content_placement=\u00a0\u00bbmiddle\u00a0\u00bb bg_grey=\u00a0\u00bb1&Prime;][vc_column][vc_column_text] Attention ! D\u00e9sormais connexion avec les identifiants Sikada ! Comment s\u2019inscrire \u00e0 une comp\u00e9tition ? Le site \u00ab inscriptions en ligne \u00bb permet \u00e0 chaque club d\u2019inscrire ses comp\u00e9titeurs et ses coachs en un clic. Une seule adresse pour vous connecter : [\/vc_column_text][\/vc_column][\/vc_row][vc_row content_placement=\u00a0\u00bbmiddle\u00a0\u00bb bg_grey=\u00a0\u00bb1&Prime;][vc_column width=\u00a0\u00bb1\/4&Prime;][\/vc_column][vc_column [&hellip;]<\/p>\n","protected":false},"author":94,"featured_media":0,"parent":0,"menu_order":0,"comment_status":"closed","ping_status":"closed","template":"","meta":{"footnotes":""},"class_list":["post-997","page","type-page","status-publish","hentry"],"_links":{"self":[{"href":"https:\/\/sites.ffkarate.fr\/hautesavoie\/wp-json\/wp\/v2\/pages\/997","targetHints":{"allow":["GET"]}}],"collection":[{"href":"https:\/\/sites.ffkarate.fr\/hautesavoie\/wp-json\/wp\/v2\/pages"}],"about":[{"href":"https:\/\/sites.ffkarate.fr\/hautesavoie\/wp-json\/wp\/v2\/types\/page"}],"author":[{"embeddable":true,"href":"https:\/\/sites.ffkarate.fr\/hautesavoie\/wp-json\/wp\/v2\/users\/94"}],"replies":[{"embeddable":true,"href":"https:\/\/sites.ffkarate.fr\/hautesavoie\/wp-json\/wp\/v2\/comments?post=997"}],"version-history":[{"count":10,"href":"https:\/\/sites.ffkarate.fr\/hautesavoie\/wp-json\/wp\/v2\/pages\/997\/revisions"}],"predecessor-version":[{"id":4495,"href":"https:\/\/sites.ffkarate.fr\/hautesavoie\/wp-json\/wp\/v2\/pages\/997\/revisions\/4495"}],"wp:attachment":[{"href":"https:\/\/sites.ffkarate.fr\/hautesavoie\/wp-json\/wp\/v2\/media?parent=997"}],"curies":[{"name":"wp","href":"https:\/\/api.w.org\/{rel}","templated":true}]}}