{"id":41,"date":"2015-01-05T14:37:30","date_gmt":"2015-01-05T14:37:30","guid":{"rendered":"https:\/\/sites.ffkarate.fr\/testclone\/?page_id=41"},"modified":"2015-01-05T14:37:30","modified_gmt":"2015-01-05T14:37:30","slug":"krav-maga","status":"publish","type":"page","link":"https:\/\/sites.ffkarate.fr\/hautespyrenees\/disciplines-associes\/krav-maga\/","title":{"rendered":"Krav Maga"},"content":{"rendered":"<div class=\"wpb-content-wrapper\"><p>[vc_row][vc_column][vc_column_text]<a href=\"https:\/\/sites.ffkarate.fr\/hautespyrenees\/wp-content\/uploads\/sites\/56\/2015\/01\/krav-maga-champions-du-monde.jpg\"><img decoding=\"async\" class=\"size-medium wp-image-891 alignleft\" src=\"https:\/\/sites.ffkarate.fr\/hautespyrenees\/wp-content\/uploads\/sites\/56\/2015\/01\/krav-maga-champions-du-monde-300x126.jpg\" alt=\"krav maga champions du monde\" width=\"300\" height=\"126\" \/><\/a><\/p>\n<p>&nbsp;<\/p>\n<p><a href=\"https:\/\/www.facebook.com\/ods65\/videos\/1239073869559683\/\" target=\"_blank\" rel=\"noopener\">St\u00e9phane BIND\u00c9 et Mohamed MOUSSAOUI du\u00a0SOM Budokan\u00a0sont Champions du Monde !\u00a0<\/a><\/p>\n<p><a href=\"https:\/\/www.facebook.com\/ods65\/videos\/1239073869559683\/\" target=\"_blank\" rel=\"noopener\"><span class=\"_5mfr _47e3\">Cliquez sur le lien pour voir la vid\u00e9o de leur exploit !!!<img decoding=\"async\" class=\"img\" src=\"https:\/\/www.facebook.com\/images\/emoji.php\/v9\/fbe\/1\/16\/1f3c6.png\" alt=\"\" width=\"16\" height=\"16\" \/><span class=\"_7oe\">\ud83c\udfc6<\/span><\/span><\/a><\/p>\n<p><a href=\"https:\/\/sites.ffkarate.fr\/hautespyrenees\/wp-content\/uploads\/sites\/56\/2015\/01\/krav-champions-2.jpg\"><img decoding=\"async\" class=\"size-medium wp-image-892 alignleft\" src=\"https:\/\/sites.ffkarate.fr\/hautespyrenees\/wp-content\/uploads\/sites\/56\/2015\/01\/krav-champions-2-300x123.jpg\" alt=\"krav champions 2\" width=\"300\" height=\"123\" \/><\/a><\/p>\n<p>&nbsp;<\/p>\n<p>&nbsp;<\/p>\n<p>&nbsp;<\/p>\n<p>&nbsp;<\/p>\n<p>&nbsp;<\/p>\n<p>Le Krav maga (H\u00e9breu \u05e7\u05b0\u05e8\u05b7\u05d1 \u05de\u05b7\u05d2\u05b8\u05bc\u05e2 [\u02c8k\u0281av ma\u02c8\u0261a], litt\u00e9ralement Combat rapproch\u00e9) est une m\u00e9thode d&rsquo;autod\u00e9fense d&rsquo;origine juive tch\u00e9coslovaque combinant des techniques provenant de la boxe, du muay-tha\u00ef, du judo, du ju-jitsu et de la lutte. Cette m\u00e9thode, qui servait dans le ghetto de Varsovie, est maintenant une base de l&rsquo;arm\u00e9e isra\u00e9lienne et des services sp\u00e9ciaux isra\u00e9liens pour se d\u00e9fendre au corps \u00e0 corps face aux assaillants.<\/p>\n<div id=\"attachment_457\" style=\"width: 310px\" class=\"wp-caption aligncenter\"><img decoding=\"async\" aria-describedby=\"caption-attachment-457\" class=\"size-medium wp-image-457\" src=\"https:\/\/sites.ffkarate.fr\/hautespyrenees\/wp-content\/uploads\/sites\/56\/2015\/01\/Krav-Maga-300x292.jpg\" alt=\"\u00a9 CDKDA 65\" width=\"300\" height=\"292\" \/><p id=\"caption-attachment-457\" class=\"wp-caption-text\">\u00a9 CDKDA 65<\/p><\/div>\n<p><a href=\"http:\/\/www.lmpk.fr\/les-clubs\/clubs-de-krav-maga-hautes-pyrenees\/\" target=\"_blank\" rel=\"noopener\">Liste des Clubs de Krav Maga du D\u00e9partement.<\/a>[\/vc_column_text][\/vc_column][\/vc_row]<\/p>\n<\/div>","protected":false},"excerpt":{"rendered":"<p>[vc_row][vc_column][vc_column_text] &nbsp; St\u00e9phane BIND\u00c9 et Mohamed MOUSSAOUI du\u00a0SOM Budokan\u00a0sont Champions du Monde !\u00a0 Cliquez sur le lien pour voir la vid\u00e9o de leur exploit !!!\ud83c\udfc6 &nbsp; &nbsp; &nbsp; &nbsp; &nbsp; Le Krav maga (H\u00e9breu \u05e7\u05b0\u05e8\u05b7\u05d1 \u05de\u05b7\u05d2\u05b8\u05bc\u05e2 [\u02c8k\u0281av ma\u02c8\u0261a], litt\u00e9ralement Combat rapproch\u00e9) est une m\u00e9thode d&rsquo;autod\u00e9fense d&rsquo;origine juive tch\u00e9coslovaque combinant des techniques provenant de la boxe, [&hellip;]<\/p>\n","protected":false},"author":20,"featured_media":0,"parent":54,"menu_order":4,"comment_status":"closed","ping_status":"open","template":"","meta":{"footnotes":""},"class_list":["post-41","page","type-page","status-publish","hentry"],"_links":{"self":[{"href":"https:\/\/sites.ffkarate.fr\/hautespyrenees\/wp-json\/wp\/v2\/pages\/41","targetHints":{"allow":["GET"]}}],"collection":[{"href":"https:\/\/sites.ffkarate.fr\/hautespyrenees\/wp-json\/wp\/v2\/pages"}],"about":[{"href":"https:\/\/sites.ffkarate.fr\/hautespyrenees\/wp-json\/wp\/v2\/types\/page"}],"author":[{"embeddable":true,"href":"https:\/\/sites.ffkarate.fr\/hautespyrenees\/wp-json\/wp\/v2\/users\/20"}],"replies":[{"embeddable":true,"href":"https:\/\/sites.ffkarate.fr\/hautespyrenees\/wp-json\/wp\/v2\/comments?post=41"}],"version-history":[{"count":0,"href":"https:\/\/sites.ffkarate.fr\/hautespyrenees\/wp-json\/wp\/v2\/pages\/41\/revisions"}],"up":[{"embeddable":true,"href":"https:\/\/sites.ffkarate.fr\/hautespyrenees\/wp-json\/wp\/v2\/pages\/54"}],"wp:attachment":[{"href":"https:\/\/sites.ffkarate.fr\/hautespyrenees\/wp-json\/wp\/v2\/media?parent=41"}],"curies":[{"name":"wp","href":"https:\/\/api.w.org\/{rel}","templated":true}]}}