{"id":23,"date":"2021-05-07T15:54:07","date_gmt":"2021-05-07T13:54:07","guid":{"rendered":"https:\/\/sites.ffkarate.fr\/hautevienne\/?page_id=23"},"modified":"2025-11-10T15:11:51","modified_gmt":"2025-11-10T14:11:51","slug":"grades","status":"publish","type":"page","link":"https:\/\/sites.ffkarate.fr\/hautevienne\/grades\/","title":{"rendered":"Grades"},"content":{"rendered":"<div class=\"wpb-content-wrapper\"><p>[vc_row gap=\u00a0\u00bb15&Prime;][vc_column][vc_column_text]<strong>C<\/strong>ommission d&rsquo;<strong>O<\/strong>rganisation <strong>D<\/strong>\u00e9partementale des <strong>G<\/strong>rades :<\/p>\n<p>&#8211; <strong>Pr\u00e9sident\u00a0 <\/strong>Michel<strong> FAUGERAS<\/strong><\/p>\n<p>&#8211; <strong>Responsable des Grades KARATE <\/strong>G\u00e9rard<strong> MOREAU<\/strong><\/p>\n<p>&#8211; <strong>Directeur Technique D\u00e9partemental<\/strong> Daniel <strong>THOMAS<\/strong><\/p>\n<p>&nbsp;<\/p>\n<p><strong>Responsable des Grades KARATE : G\u00e9rard MOREAU<\/strong><\/p>\n<p><strong>Adjoint au Responsable\u00a0 des Grades : Fr\u00e9deric SUDRAUD<\/strong><\/p>\n<p><em><strong>Evolution r\u00e9cente de la r\u00e9glementation =&gt; l&rsquo;examen de grade 1er Dan\/Dang\/Duan peut se d\u00e9rouler dans les clubs. Les conditions d&rsquo;organisation de l&rsquo;examen sont inscrites sur le site f\u00e9d\u00e9ral.<\/strong><\/em><\/p>\n<p>&nbsp;<\/p>\n<h2><strong>Inscriptions aux examens de grades<\/strong><\/h2>\n<p>Pour ceux qui se pr\u00e9sentent au niveau d\u00e9partemental, Le dossier de candidature devra \u00eatre complet et envoy\u00e9 <strong>en courrier simple non recommand\u00e9\u00a0 30 jours francs avant la date de l\u2019examen<\/strong> (cachet de La Poste faisant foi) selon les d\u00e9lais fix\u00e9s par l&rsquo;article 204 du r\u00e8glement de la CSDGE.<\/p>\n<p><strong>Adresse<\/strong> :<\/p>\n<p><strong>Comit\u00e9 D\u00e9partemental de la Haute-Vienne de Karat\u00e9 et Disciplines Associ\u00e9es<\/strong><\/p>\n<p><strong>CHEOPS 87<\/strong><\/p>\n<p><strong>55, rue de l&rsquo;Ancienne \u00c9cole Normale d&rsquo;Instituteurs<\/strong><\/p>\n<p><strong>87000 LIMOGES<\/strong><\/p>\n<p>&nbsp;<\/p>\n<h2><strong>Inscription \u00e0 l&rsquo;examen:<\/strong><\/h2>\n<ul>\n<li><strong>La fiche d&rsquo;inscription<\/strong> remplie <strong>lisiblement<\/strong> et <strong>sign\u00e9e<\/strong> avec la <strong>photo d&rsquo;identit\u00e9<\/strong> du candidat;<\/li>\n<li><strong>L&rsquo;attestation historique des licences et grades<\/strong> (document f\u00e9d\u00e9ral \u00e9dit\u00e9 lors de la prise de licence);<\/li>\n<li><strong>Votre adresse E-mail valide et lisible sur la fiche\u00a0 d&rsquo;inscription pour l&rsquo;envoi de votre convocation.\u00a0<\/strong><\/li>\n<li><strong>Le courrier de la CSDGE <\/strong>en cas de d\u00e9rogation sp\u00e9ciale<strong>.\u00a0 \u00a0<\/strong><\/li>\n<li>S&rsquo;il y a lieu, <strong>une copie des pages du passepor<\/strong>t sportif concernant les pages ci-dessous:\n<ul>\n<li>Page des bonifications,<\/li>\n<li>Page des UV obtenues avec les notes pour l&rsquo;examen concern\u00e9;<\/li>\n<\/ul>\n<\/li>\n<li><strong>Autorisation parentale<\/strong> pour les mineurs =&gt; cliquez <a href=\"https:\/\/sites.ffkarate.fr\/hautevienne\/wp-content\/uploads\/sites\/142\/2025\/10\/AUTORISATION-PARENTALE-2025-2026.pdf\"><strong><em>ICI<\/em><\/strong><\/a><\/li>\n<li><strong>Un ch\u00e8que de 50 \u20ac \u00e0 l&rsquo;ordre du CDK87<\/strong> (non remboursable en cas de non pr\u00e9sentation \u00e0 l&rsquo;examen);<\/li>\n<li><strong>Les dossiers<\/strong> sont \u00e0 envoyer <strong>au Si\u00e8ge Social du CDK87<\/strong>, <strong>30 jours francs<\/strong> avant la date du passage de grade (cachet de La Poste faisant foi), \u00e0 l&rsquo;adresse suivante:<\/li>\n<\/ul>\n<p><strong>\u00a0 \u00a0 \u00a0 \u00a0 \u00a0 \u00a0 \u00a0 \u00a0 Comit\u00e9 D\u00e9partemental de la Haute-Vienne de Karat\u00e9<\/strong><\/p>\n<p><strong>\u00a0 \u00a0 \u00a0 \u00a0 \u00a0 \u00a0 \u00a0 \u00a0 CHEOPS 87<\/strong><\/p>\n<p><strong>\u00a0 \u00a0 \u00a0 \u00a0 \u00a0 \u00a0 \u00a0 \u00a0 55 rue de l&rsquo;Ancienne Ecole Normale d&rsquo;Instituteurs<\/strong><\/p>\n<p><strong>\u00a0 \u00a0 \u00a0 \u00a0 \u00a0 \u00a0 \u00a0 \u00a0 87000 LIMOGES<\/strong><\/p>\n<p>&nbsp;<\/p>\n<ul>\n<li><strong>T\u00e9l\u00e9chargez la fiche d&rsquo;inscription 1er, 2\u00e8me, 3\u00e8me ou 4\u00e8me DAN<\/strong> <strong>en cliquant<\/strong> =&gt;\u00a0 <a href=\"https:\/\/sites.ffkarate.fr\/hautevienne\/wp-content\/uploads\/sites\/142\/2025\/03\/FICHE-INSCRIPTION-EXAMEN-DE-GRADE-DE-1-A-4-EME-DAN.pdf\"><em><strong>ICI<\/strong><\/em><\/a><\/li>\n<\/ul>\n<h2><\/h2>\n<h2><strong>Le jour de l\u2019examen:<\/strong><\/h2>\n<p>Vous devez vous pr\u00e9senter au moins 15 minutes avant l\u2019heure de convocation avec :<\/p>\n<p><strong>1\/<\/strong> <strong>La convocation re\u00e7ue sur votre adresse E-mail accompagn\u00e9e d&rsquo;une pi\u00e8ce d&rsquo;identit\u00e9.<\/strong><\/p>\n<p><strong>2\/<\/strong> <strong>Le passeport sportif d\u00fbment compl\u00e9t\u00e9<\/strong> (adresse du candidat \u00e0 jour) <strong>et<\/strong> en cours de validit\u00e9. Pour information, cette validit\u00e9 commence \u00e0 partir de la date de d\u00e9livrance du passeport et suivant le nombre de saisons sportives (l&rsquo;attestation f\u00e9d\u00e9rale des licences faisant foi). A savoir :<\/p>\n<p>&#8211;\u00a0 8 saisons maximum pour les anciens passeports,<\/p>\n<p>&#8211;\u00a0 6 saisons maximum pour les nouveaux passeports;<\/p>\n<p><strong>3\/<\/strong> Le candidat devra \u00eatre en possession de <strong>ses protections individuelles<\/strong> et des<strong> \u00e9quipements n\u00e9cessaires<\/strong> \u00e0 la pr\u00e9sentation des \u00e9preuves en bin\u00f4me (cibles,&#8230;);<\/p>\n<p><strong>4\/<\/strong> <strong>Une enveloppe format A4<\/strong> \u00e0 l&rsquo;adresse du candidat pour l&rsquo;envoi du dipl\u00f4me et de la carte du grade en cas de r\u00e9ussite \u00e0 l&rsquo;examen (enveloppe non affranchie, \u00e0 la charge du CDK 87).[\/vc_column_text][\/vc_column][\/vc_row]<\/p>\n<\/div>","protected":false},"excerpt":{"rendered":"<p>Le dossier de candidature devra \u00eatre complet et retourn\u00e9 en courrier simple non recommand\u00e9 au moins 30 jours avant la date de l\u2019examen (cachet poste faisant foi) au Comit\u00e9 D\u00e9partemental de Karat\u00e9 De La Gironde.<\/p>\n","protected":false},"author":1,"featured_media":0,"parent":0,"menu_order":0,"comment_status":"closed","ping_status":"closed","template":"","meta":{"footnotes":""},"class_list":["post-23","page","type-page","status-publish","hentry"],"_links":{"self":[{"href":"https:\/\/sites.ffkarate.fr\/hautevienne\/wp-json\/wp\/v2\/pages\/23","targetHints":{"allow":["GET"]}}],"collection":[{"href":"https:\/\/sites.ffkarate.fr\/hautevienne\/wp-json\/wp\/v2\/pages"}],"about":[{"href":"https:\/\/sites.ffkarate.fr\/hautevienne\/wp-json\/wp\/v2\/types\/page"}],"author":[{"embeddable":true,"href":"https:\/\/sites.ffkarate.fr\/hautevienne\/wp-json\/wp\/v2\/users\/1"}],"replies":[{"embeddable":true,"href":"https:\/\/sites.ffkarate.fr\/hautevienne\/wp-json\/wp\/v2\/comments?post=23"}],"version-history":[{"count":22,"href":"https:\/\/sites.ffkarate.fr\/hautevienne\/wp-json\/wp\/v2\/pages\/23\/revisions"}],"predecessor-version":[{"id":2774,"href":"https:\/\/sites.ffkarate.fr\/hautevienne\/wp-json\/wp\/v2\/pages\/23\/revisions\/2774"}],"wp:attachment":[{"href":"https:\/\/sites.ffkarate.fr\/hautevienne\/wp-json\/wp\/v2\/media?parent=23"}],"curies":[{"name":"wp","href":"https:\/\/api.w.org\/{rel}","templated":true}]}}