{"id":27,"date":"2021-05-07T15:56:14","date_gmt":"2021-05-07T13:56:14","guid":{"rendered":"https:\/\/sites.ffkarate.fr\/hautevienne\/?page_id=27"},"modified":"2025-11-03T12:51:51","modified_gmt":"2025-11-03T11:51:51","slug":"formations","status":"publish","type":"page","link":"https:\/\/sites.ffkarate.fr\/hautevienne\/formations\/","title":{"rendered":"Formations"},"content":{"rendered":"<div class=\"wpb-content-wrapper\"><p>[vc_row gap=\u00a0\u00bb15&Prime;][vc_column css_animation=\u00a0\u00bbnone\u00a0\u00bb][vc_column_text]<\/p>\n<h4>Responsable Commission FORMATION<\/h4>\n<p><strong>Elisabeth LEONARD<\/strong>[\/vc_column_text][vc_column_text]<\/p>\n<h2 style=\"text-align: center\"><strong>INFORMATIONS D&rsquo;ORGANISATION CI-DESSOUS<\/strong><\/h2>\n<h4>1\/ Dates des formations 2025 \/ 2026 :<\/h4>\n<ul>\n<li><em><strong>AFA =&gt; <\/strong>suivant les manifestations inscrites au calendrier CDK87<\/em><\/li>\n<li><em><strong>DAF<\/strong> <\/em><strong>=&gt; <\/strong><em>rattach\u00e9 au DIF des 24 et 25 janvier 2026<\/em><\/li>\n<li><em><strong>DIF et DAF\u00a0 =&gt; <\/strong>\u00a024-25 janvier 2026<\/em><\/li>\n<li><em><strong>DIF<\/strong> <\/em>=&gt; <em>14 &#8211; 15 f\u00e9vrier 2026<\/em><\/li>\n<\/ul>\n<p>&nbsp;<\/p>\n<p><strong>2\/ Tarifs des formations :<\/strong><\/p>\n<ul>\n<li><em><strong>AFA =&gt;\u00a0 \u00a0 30 \u20ac\u00a0 \/ <\/strong>ce dipl\u00f4me est sous comp\u00e9tence du Comit\u00e9 D\u00e9partemental.<\/em><\/li>\n<li><em><strong>DAF =&gt;\u00a0 100 \u20ac \/ <\/strong>ce dipl\u00f4me est sous comp\u00e9tence du Comit\u00e9 D\u00e9partemental.<\/em><\/li>\n<li><em><strong>DIF\u00a0 =&gt;\u00a0 \u00a0250 \u20ac ou 150 \u20ac si titulaire du DAF \/ <\/strong>ce dipl\u00f4me est sous comp\u00e9tence du Comit\u00e9 D\u00e9partemental.<\/em><\/li>\n<li><em><strong>CBK <\/strong>(Certificat Body Karat\u00e9) <strong>=&gt; 200 \u20ac \/ <\/strong>pour ce Certificat la formation est assur\u00e9e par la Ligue.<\/em><\/li>\n<li><em><strong>TFP<\/strong><\/em> (Titre \u00e0 finalit\u00e9 professionnelle) <em><strong>=&gt; 1500 \u20ac ou 850 \u20ac si titulaire du DIF \/ <\/strong>ce premier dipl\u00f4me professionnel est assur\u00e9 \u00e0 l&rsquo;\u00e9chelon national.<\/em><\/li>\n<li><strong>VAE (Validation par Acquis d&rsquo;Exp\u00e9rience)<\/strong> \/ =&gt; <strong>650 \u20ac<\/strong>.<\/li>\n<\/ul>\n<p>&nbsp;<\/p>\n<p><strong>3\/ Les fiches d&rsquo;inscriptions ci-dessous sont \u00e0 envoyer \u00e0 l&rsquo;adresse du CDK 87 mentionn\u00e9e sur celles-ci =&gt; cliquer sur les liens indiqu\u00e9s pour les t\u00e9l\u00e9charger.<\/strong><\/p>\n<p>&nbsp;<\/p>\n<ul>\n<li><strong>Fiche inscription DAF<\/strong> =&gt; cliquez <a href=\"https:\/\/sites.ffkarate.fr\/hautevienne\/wp-content\/uploads\/sites\/142\/2024\/09\/FORMATION-FICHE-INSCRIPTION-DAF-oct-2024.pdf\"><strong>ICI<\/strong><\/a><\/li>\n<\/ul>\n<p>&nbsp;<\/p>\n<ul>\n<li><strong>Fiche inscription AFA<\/strong> =&gt; cliquez <a href=\"https:\/\/sites.ffkarate.fr\/hautevienne\/wp-content\/uploads\/sites\/142\/2024\/09\/FORMATION-FICHE-INSCRIPTION-AFA-oct-2024.pdf\"><strong>ICI<\/strong><\/a><\/li>\n<\/ul>\n<p>&nbsp;<\/p>\n<ul>\n<li><strong>Fiche inscription DIF<\/strong> =&gt; cliquer <a href=\"https:\/\/sites.ffkarate.fr\/hautevienne\/wp-content\/uploads\/sites\/142\/2024\/09\/FORMATION-FICHE-INSCRIPTION-DIF-2025.pdf\"><strong>ICI<\/strong><\/a><\/li>\n<\/ul>\n<p>&nbsp;<\/p>\n<p><strong>4\/ Lieu de Formation<\/strong><\/p>\n<p><strong>CHEOPS 87 \u00e0 Limoges\u00a0 (coworking) &#8211; 55 rue de l&rsquo;ancienne Ecole Normale d&rsquo;Instituteurs 87000 LIMOGES<\/strong><\/p>\n<p>&nbsp;<\/p>\n<p><strong>5\/ Pour les inscriptions\u00a0<\/strong><\/p>\n<p>Le dossier devra parvenir complet au plus tard <strong>30 jours<\/strong> avant le d\u00e9but de la formation retenue afin d&rsquo;ordonnancer sa mise en \u0153uvre dans les meilleurs conditions<strong>.<\/strong>[\/vc_column_text][\/vc_column][\/vc_row][vc_row gap=\u00a0\u00bb15&Prime;][vc_column css_animation=\u00a0\u00bbnone\u00a0\u00bb][vc_column_text]<\/p>\n<h3>L&rsquo;attestation f\u00e9d\u00e9rale d&rsquo;assistant (AFA)<\/h3>\n<p>L\u2019AFA permet de donner une reconnaissance \u00e0 un intervenant b\u00e9n\u00e9vole qui aide occasionnellement un enseignant dipl\u00f4m\u00e9 minimum du DAF, \u00e0 encadrer des s\u00e9ances de karat\u00e9 ou d\u2019une discipline associ\u00e9e dans un club affili\u00e9 FFKDA. Il ne s\u2019agit pas d\u2019un dipl\u00f4me d\u2019enseignant autonome. Le responsable de la s\u00e9ance doit \u00eatre titulaire au minimum du DAF et \u00eatre pr\u00e9sent dans la salle pendant l\u2019intervention d\u2019un assistant titulaire de l\u2019AFA. En incitant des jeunes pratiquants \u00e0 s\u2019impliquer dans la vie associative, cette attestation accessible \u00e0 partir de la ceinture marron et de 14 \u00e0 18 ans, s\u2019int\u00e8gre donc dans la formation sportive citoyenne.<\/p>\n<p><a href=\"https:\/\/www.ffkarate.fr\/espace-licencies\/formations\/attestation-federale-assistant-afa\/\" target=\"_blank\" rel=\"noopener\">L\u2019AFA sur le site f\u00e9d\u00e9ral<\/a>[\/vc_column_text][\/vc_column][\/vc_row][vc_row][vc_column][vc_column_text]<\/p>\n<h3>Le dipl\u00f4me d&rsquo;animateur f\u00e9d\u00e9ral (DAF)<\/h3>\n<p>Le DAF permet l\u2019animation b\u00e9n\u00e9vole en pleine autonomie. Le DAF est la porte d\u2019acc\u00e8s \u00e0 l\u2019enseignement b\u00e9n\u00e9vole autonome du karat\u00e9 et de ses disciplines associ\u00e9es, dans tout club affili\u00e9 \u00e0 la FFKDA. Il est adapt\u00e9 \u00e0 l\u2019enseignement dans des petites structures associatives limit\u00e9es en nombre d\u2019adh\u00e9rents avec des niveaux de pratique allant de l\u2019initiation jusqu\u2019\u00e0 la ceinture noire 1er dan et favorisant la pr\u00e9paration sportive de comp\u00e9titeurs d\u00e9butants.<\/p>\n<p><a href=\"https:\/\/www.ffkarate.fr\/espace-licencies\/formations\/diplome-animateur-federal-daf\/\" target=\"_blank\" rel=\"noopener\">Le DAF sur le site f\u00e9d\u00e9ral<\/a>[\/vc_column_text][\/vc_column][\/vc_row][vc_row][vc_column][vc_column_text]<\/p>\n<h3>Le dipl\u00f4me d&rsquo;instructeur f\u00e9d\u00e9ral (DIF)<\/h3>\n<p>Le DIF est le niveau avanc\u00e9 de qualification pour l\u2019enseignement b\u00e9n\u00e9vole du karat\u00e9 et des disciplines associ\u00e9es, dans tout club affili\u00e9 \u00e0 la FFK. Il permet de diversifier les activit\u00e9s par rapport aux diff\u00e9rents publics d\u2019un club (Enfants, adolescents, adultes et seniors) et de mieux leur assurer le d\u00e9veloppement \u00e0 long terme.<br \/>\nLe DIF est directement accessible, sans pour autant passer par le DAF.<br \/>\nLe DIF permet l\u2019acquisition de points de bonification de grades et au coach A n\u2019ayant pas les pr\u00e9requis mais n\u00e9anmoins engag\u00e9 dans le processus de formation du DIF et participant au meeting et formation nationale des coaches peut \u00eatre dispens\u00e9 d\u2019un stage au choix de la partie sp\u00e9cifique du DIF.<\/p>\n<p>Cliquez sur le lien ci-dessous pour acc\u00e9der au site f\u00e9d\u00e9ral.<\/p>\n<p><a href=\"https:\/\/www.ffkarate.fr\/espace-licencies\/formations\/diplome-instructeur-federal-dif\/\" target=\"_blank\" rel=\"noopener\">Le DIF sur le site f\u00e9d\u00e9ral<\/a>[\/vc_column_text][\/vc_column][\/vc_row]<\/p>\n<\/div>","protected":false},"excerpt":{"rendered":"<p>La formation AFA\/DAF pour le d\u00e9partement de la Gironde se d\u00e9roulera les 09 et 10\/01\/2021 au Gymnase \u00e0 VERAC (33).<\/p>\n","protected":false},"author":1,"featured_media":0,"parent":0,"menu_order":0,"comment_status":"closed","ping_status":"closed","template":"","meta":{"footnotes":""},"class_list":["post-27","page","type-page","status-publish","hentry"],"_links":{"self":[{"href":"https:\/\/sites.ffkarate.fr\/hautevienne\/wp-json\/wp\/v2\/pages\/27","targetHints":{"allow":["GET"]}}],"collection":[{"href":"https:\/\/sites.ffkarate.fr\/hautevienne\/wp-json\/wp\/v2\/pages"}],"about":[{"href":"https:\/\/sites.ffkarate.fr\/hautevienne\/wp-json\/wp\/v2\/types\/page"}],"author":[{"embeddable":true,"href":"https:\/\/sites.ffkarate.fr\/hautevienne\/wp-json\/wp\/v2\/users\/1"}],"replies":[{"embeddable":true,"href":"https:\/\/sites.ffkarate.fr\/hautevienne\/wp-json\/wp\/v2\/comments?post=27"}],"version-history":[{"count":12,"href":"https:\/\/sites.ffkarate.fr\/hautevienne\/wp-json\/wp\/v2\/pages\/27\/revisions"}],"predecessor-version":[{"id":2739,"href":"https:\/\/sites.ffkarate.fr\/hautevienne\/wp-json\/wp\/v2\/pages\/27\/revisions\/2739"}],"wp:attachment":[{"href":"https:\/\/sites.ffkarate.fr\/hautevienne\/wp-json\/wp\/v2\/media?parent=27"}],"curies":[{"name":"wp","href":"https:\/\/api.w.org\/{rel}","templated":true}]}}