{"id":31,"date":"2021-05-07T15:58:18","date_gmt":"2021-05-07T13:58:18","guid":{"rendered":"https:\/\/sites.ffkarate.fr\/hautevienne\/?page_id=31"},"modified":"2025-11-09T19:15:38","modified_gmt":"2025-11-09T18:15:38","slug":"competitions","status":"publish","type":"page","link":"https:\/\/sites.ffkarate.fr\/hautevienne\/competitions\/","title":{"rendered":"Comp\u00e9titions"},"content":{"rendered":"<div class=\"wpb-content-wrapper\"><p>[vc_row gap=\u00a0\u00bb15&Prime;][vc_column][vc_column_text]Toutes les inscriptions se font en ligne :[\/vc_column_text][ffk_button color=\u00a0\u00bbprimary\u00a0\u00bb size=\u00a0\u00bbbig\u00a0\u00bb link=\u00a0\u00bburl:http%3A%2F%2Fwww.ffkcompetition.fr%2F|title:Inscriptions%20en%20ligne|target:_blank\u00a0\u00bb][vc_column_text]<strong>L\u2019inscription de vos licenci\u00e9s aux Comp\u00e9titions F\u00e9d\u00e9rales pour la saison en cours est soumise \u00e0 un droit d\u2019inscription de :<\/strong><\/p>\n<ul>\n<li><strong>\u00a08 \u20acuros en individuel<\/strong><\/li>\n<li><strong>20 \u20acuros par \u00e9quipe.<\/strong><\/li>\n<\/ul>\n<p>Tous les comp\u00e9titeurs <strong>Minimes, Cadets, Juniors, S\u00e9niors<\/strong>, quelque soit leur r\u00e9sultat, ayant particip\u00e9 au Championnat du D\u00e9partement pourront participer au Championnat de Ligue.<\/p>\n<p><strong>La liste des participants sera transmise \u00e0 la\u00a0 Ligue par le d\u00e9partement.\u00a0<\/strong><\/p>\n<p>&nbsp;<\/p>\n<h3>R\u00e8glement Comp\u00e9titions Karat\u00e9 2025-2026<\/h3>\n<p><strong>T\u00e9l\u00e9charger<\/strong>\u00a0et\/ou\u00a0<strong>Consulter le R\u00e8glement Comp\u00e9titions Karat\u00e9 2025-2026 en cliquant<\/strong>\u00a0=&gt;\u00a0<a href=\"https:\/\/www.ffkarate.fr\/wp-content\/uploads\/2025\/10\/REGLEMENT-COMPETITION-KARATE-FINALE-V5.pdf\" target=\"_blank\" rel=\"noopener\"><strong>ICI<\/strong><\/a><\/p>\n<h3><\/h3>\n<h3>Le calendrier<\/h3>\n<p>Le calendrier est mis \u00e0 jour r\u00e9guli\u00e8rement. <strong>La version publi\u00e9e sur Internet prime sur le calendrier papier.<\/strong>[\/vc_column_text][ffk_button color=\u00a0\u00bbprimary\u00a0\u00bb size=\u00a0\u00bbsmall\u00a0\u00bb link=\u00a0\u00bburl:https%3A%2F%2Fsites.ffkarate.fr%2Fhautevienne%2Fwp-content%2Fuploads%2Fsites%2F142%2F2025%2F08%2FCalendrier-CDK87-2025-2026.pdf|title:Pour%20le%20consulter%2C%20cliquez%20ici\u00a0\u00bb][\/vc_column][\/vc_row]<\/p>\n<\/div>","protected":false},"excerpt":{"rendered":"<p>L\u2019inscription de vos licenci\u00e9s aux Comp\u00e9titions D\u00e9partementales est soumise \u00e0 un droit d\u2019inscription.<\/p>\n","protected":false},"author":1,"featured_media":0,"parent":0,"menu_order":0,"comment_status":"closed","ping_status":"closed","template":"","meta":{"footnotes":""},"class_list":["post-31","page","type-page","status-publish","hentry"],"_links":{"self":[{"href":"https:\/\/sites.ffkarate.fr\/hautevienne\/wp-json\/wp\/v2\/pages\/31","targetHints":{"allow":["GET"]}}],"collection":[{"href":"https:\/\/sites.ffkarate.fr\/hautevienne\/wp-json\/wp\/v2\/pages"}],"about":[{"href":"https:\/\/sites.ffkarate.fr\/hautevienne\/wp-json\/wp\/v2\/types\/page"}],"author":[{"embeddable":true,"href":"https:\/\/sites.ffkarate.fr\/hautevienne\/wp-json\/wp\/v2\/users\/1"}],"replies":[{"embeddable":true,"href":"https:\/\/sites.ffkarate.fr\/hautevienne\/wp-json\/wp\/v2\/comments?post=31"}],"version-history":[{"count":12,"href":"https:\/\/sites.ffkarate.fr\/hautevienne\/wp-json\/wp\/v2\/pages\/31\/revisions"}],"predecessor-version":[{"id":2756,"href":"https:\/\/sites.ffkarate.fr\/hautevienne\/wp-json\/wp\/v2\/pages\/31\/revisions\/2756"}],"wp:attachment":[{"href":"https:\/\/sites.ffkarate.fr\/hautevienne\/wp-json\/wp\/v2\/media?parent=31"}],"curies":[{"name":"wp","href":"https:\/\/api.w.org\/{rel}","templated":true}]}}